{"id":11134,"date":"2023-01-10T04:38:32","date_gmt":"2023-01-10T07:38:32","guid":{"rendered":"https:\/\/cursos.talentup.cl\/?post_type=product&#038;p=11134"},"modified":"2024-02-07T23:36:21","modified_gmt":"2024-02-08T02:36:21","slug":"el-negocio-de-la-crianza-tecnificada-de-cuyes","status":"publish","type":"product","link":"https:\/\/cursos.talentup.cl\/?product=el-negocio-de-la-crianza-tecnificada-de-cuyes","title":{"rendered":"EL NEGOCIO DE LA CRIANZA TECNIFICADA DE CUYES"},"content":{"rendered":"<p>\u00bfQuieres iniciar, montar y crecer tu granja tecnificada de cuyes y convertirlo en un negocio exitoso y rentable?  <\/p>\n<p>Con el MasterClass EL NEGOCIO DE LA CRIANZA TECNIFICADA DE CUYES, implementar\u00e1s tu propia granja de cuyes de forma r\u00e1pida y paso a paso.<\/p>\n<p>\u00bfQU\u00c9 VAS A LOGRAR?<\/p>\n<p>Calcular\u00e1s los costos involucrados en la instalaci\u00f3n y producci\u00f3n de una granja de cuyes utilizando precios estimados del mercado con la finalidad de preparar el plan de negocio.<\/p>\n<p>Podr\u00e1s analizar el contexto actual, beneficios y perspectivas de la crianza de cuyes en la regi\u00f3n, utilizando estad\u00edsticas actuales con la finalidad de identificar tendencias del mercado.<\/p>\n<p>Lograr\u00e1s evaluaras par\u00e1metros productivos y reproductivos a trav\u00e9s de la comparaci\u00f3n de datos de variedades de cuyes para la selecci\u00f3n adecuada de reproductores.<\/p>\n<p>Dise\u00f1ar\u00e1s un plan de manejo reproductivo utilizando la gr\u00e1fica del ciclo reproductivo del cuy y tipos de empadres, para lograr los objetivos reproductivos de la granja.<\/p>\n<p>Aprender\u00e1s a dise\u00f1ar un programa de alimentaci\u00f3n utilizando el an\u00e1lisis de casos tipo para lograr los objetivos productivos establecidos por la granja.<\/p>\n<p>Evaluar\u00e1s diferentes modelos de equipos e instalaciones para la crianza de cuyes mediante la comparaci\u00f3n de datos t\u00e9cnicos y cient\u00edficos con la finalidad de conseguir un mejor desarrollo productivo.<\/p>\n<p>Identificar\u00e1s los principales problemas sanitarios, parasitarios e infecciosos a trav\u00e9s de casos reales, con la finalidad de corregirlos y mitigarlos.<\/p>\n<p>Crear\u00e1s un modelo de negocio pecuario innovador utilizando como herramienta el modelo canvas, con la finalidad de tener una ventaja competitiva en el mercado.<\/p>\n<p>Acceder\u00e1s al certificado avalado por Hotmart y Seminarios Online.<\/p>\n<p>\u00bfC\u00d3MO LO VAS A LOGRAR?<\/p>\n<p>A trav\u00e9s del siguiente contenido, estructurado paso a paso:<\/p>\n<p>M\u00d3DULO 1 &#8211; ASPECTOS GENERALES DE LA CRIANZA DE CUYES<\/p>\n<p>Introducci\u00f3n.<br \/>\nDescripci\u00f3n zool\u00f3gica, origen y distribuci\u00f3n.<br \/>\nSistemas de producci\u00f3n.<br \/>\nVentajas de la crianza de cuyes.<br \/>\nSituaci\u00f3n actual del mercado.<\/p>\n<p>M\u00d3DULO 2 &#8211; CLASIFICACI\u00d3N DE CUYES<\/p>\n<p>Definiciones.<br \/>\nTipos de cuyes.<br \/>\nModelo gen\u00e9tico.<br \/>\nSelecci\u00f3n de reproductores.<br \/>\nRecomendaciones para la selecci\u00f3n.<br \/>\nCaso Pr\u00e1ctico &#8211; Comparaci\u00f3n de par\u00e1metros productivos y reproductivos.<\/p>\n<p>M\u00d3DULO 3 &#8211; REPRODUCCI\u00d3N Y MANEJO<\/p>\n<p>Ciclo productivo (parte 1).<br \/>\nCiclo productivo (parte 2).<br \/>\nEtapas y ciclo reproductivo.<br \/>\nTipos de empadre.<br \/>\nDestete.<br \/>\nLa importancia de los registros.<\/p>\n<p>M\u00d3DULO 4 &#8211; NUTRICI\u00d3N Y ALIMENTACI\u00d3N<\/p>\n<p>Conceptos generales.<br \/>\nTipos de sistemas de alimentaci\u00f3n.<br \/>\nRequerimientos nutricionales.<br \/>\nEjemplos de formulaci\u00f3n.<br \/>\nProgramas de alimentaci\u00f3n.<\/p>\n<p>M\u00d3DULO 5 &#8211; INSTALACIONES Y EQUIPOS<\/p>\n<p>Instalaciones para una granja de cuyes con fines comerciales c\u00e1rnicos.<br \/>\n\u00c1reas de una granja de cuyes.<br \/>\nTipos de jaula y distribuci\u00f3n interna de un galp\u00f3n.<br \/>\nAn\u00e1lisis de resultados de comparaci\u00f3n de 3 diferentes comederos.<\/p>\n<p>M\u00d3DULO 6 &#8211; BIOSEGURIDAD Y SANIDAD<\/p>\n<p>Bioseguridad.<br \/>\nPrograma de bioseguridad (parte 1).<br \/>\nPrograma de bioseguridad (parte 2).<br \/>\nSanidad (parte 1).<br \/>\nSanidad (parte 2).<br \/>\nSanidad (parte 3).<br \/>\nCaso Pr\u00e1ctico &#8211; Principales enfermedades y tratamientos.<\/p>\n<p>M\u00d3DULO 7 &#8211; COSTOS DE INSTALACI\u00d3N Y PRODUCCI\u00d3N<\/p>\n<p>Gastos de instalaci\u00f3n (parte 1).<br \/>\nGastos de instalaci\u00f3n (parte 2).<br \/>\nCostos de producci\u00f3n (parte 1).<br \/>\nCostos de producci\u00f3n (parte 2).<\/p>\n<p>M\u00d3DULO 8 &#8211; MODELO CANVAS COMO HERRAMIENTA DE INNOVACI\u00d3N <\/p>\n<p>Idea de negocio.<br \/>\nEl modelo Canvas (parte 1).<br \/>\nEl modelo Canvas (parte 2).<br \/>\nModelo de la estructura.<br \/>\nEstructuraci\u00f3n.<\/p>\n<p>M\u00d3DULO 9 &#8211; MATERIAL ADICIONAL (BONOS)<\/p>\n<p>Bono 1: Excel &#8211; Registro de manejo sanitario.<br \/>\nBono 2: Excel &#8211; Registro de ocurrencia diaria.<br \/>\nBono 3: Excel &#8211; Registro diario de mortalidad.<br \/>\nBono 4: Excel &#8211; Registro mensual de poblaci\u00f3n.<br \/>\nBono 5: Excel &#8211; Registro semanal de movimientos.<\/p>\n<p>M\u00d3DULO 10 &#8211; VIDEO RESPUESTAS<\/p>\n<p>\u00bfCu\u00e1l es el n\u00famero m\u00ednimo de animales que debo tener para que una granja sea rentable?<\/p>\n<p>ACERCA DEL PRODUCTOR<\/p>\n<p>Desarrollado por ROLLY CALVO MU\u00d1OZ, profesional en Ciencias Zootecnia, egresado de la Facultad de Zootecnia de la Universidad Nacional Agraria La Molina, Per\u00fa. <\/p>\n<p>Orientado a la producci\u00f3n, innovaci\u00f3n y comercializaci\u00f3n de productos ecol\u00f3gicos. Cuenta con m\u00e1s de 5 a\u00f1os de experiencia en producci\u00f3n de animales menores y con un amplio conocimiento de herramientas de capacitaci\u00f3n dirigido a productores pecuarios. <\/p>\n","protected":false},"excerpt":{"rendered":"<p>\u00bfQuieres iniciar, montar y crecer tu granja tecnificada de cuyes y convertirlo en un negocio exitoso y rentable?  <\/p>\n<p>Con el MasterClass EL NEGOCIO DE LA CRIANZA TECNIFICADA DE CUYES, implementar\u00e1s tu propia granja de cuyes de forma r\u00e1pida y paso a paso.<\/p>\n","protected":false},"featured_media":3114,"template":"","meta":{"_joinchat":[]},"product_brand":[],"product_cat":[315,344],"product_tag":[],"class_list":{"0":"post-11134","1":"product","2":"type-product","3":"status-publish","4":"has-post-thumbnail","6":"product_cat-animales-y-plantas","7":"product_cat-todos","9":"first","10":"instock","11":"sale","12":"shipping-taxable","13":"product-type-external"},"_links":{"self":[{"href":"https:\/\/cursos.talentup.cl\/index.php?rest_route=\/wp\/v2\/product\/11134","targetHints":{"allow":["GET"]}}],"collection":[{"href":"https:\/\/cursos.talentup.cl\/index.php?rest_route=\/wp\/v2\/product"}],"about":[{"href":"https:\/\/cursos.talentup.cl\/index.php?rest_route=\/wp\/v2\/types\/product"}],"version-history":[{"count":4,"href":"https:\/\/cursos.talentup.cl\/index.php?rest_route=\/wp\/v2\/product\/11134\/revisions"}],"predecessor-version":[{"id":15906,"href":"https:\/\/cursos.talentup.cl\/index.php?rest_route=\/wp\/v2\/product\/11134\/revisions\/15906"}],"wp:featuredmedia":[{"embeddable":true,"href":"https:\/\/cursos.talentup.cl\/index.php?rest_route=\/wp\/v2\/media\/3114"}],"wp:attachment":[{"href":"https:\/\/cursos.talentup.cl\/index.php?rest_route=%2Fwp%2Fv2%2Fmedia&parent=11134"}],"wp:term":[{"taxonomy":"product_brand","embeddable":true,"href":"https:\/\/cursos.talentup.cl\/index.php?rest_route=%2Fwp%2Fv2%2Fproduct_brand&post=11134"},{"taxonomy":"product_cat","embeddable":true,"href":"https:\/\/cursos.talentup.cl\/index.php?rest_route=%2Fwp%2Fv2%2Fproduct_cat&post=11134"},{"taxonomy":"product_tag","embeddable":true,"href":"https:\/\/cursos.talentup.cl\/index.php?rest_route=%2Fwp%2Fv2%2Fproduct_tag&post=11134"}],"curies":[{"name":"wp","href":"https:\/\/api.w.org\/{rel}","templated":true}]}}