{"id":11136,"date":"2023-01-10T04:38:32","date_gmt":"2023-01-10T07:38:32","guid":{"rendered":"https:\/\/cursos.talentup.cl\/?post_type=product&#038;p=11136"},"modified":"2024-02-07T23:36:22","modified_gmt":"2024-02-08T02:36:22","slug":"nutricion-y-alimentacion-del-caballo","status":"publish","type":"product","link":"https:\/\/cursos.talentup.cl\/?product=nutricion-y-alimentacion-del-caballo","title":{"rendered":"NUTRICI\u00d3N Y ALIMENTACI\u00d3N DEL CABALLO"},"content":{"rendered":"<p>\u00bfQuieres que tu caballo se conserve atl\u00e9tico?<\/p>\n<p>Con el MasterClass NUTRICION Y ALIMENTACI\u00d3N DEL CABALLO, conocer\u00e1s la alimentaci\u00f3n natural de la especie equina y su importancia para la salud y el bienestar.<\/p>\n<p>\u00bfQU\u00c9 VAS A LOGRAR?<\/p>\n<p>Conocer la alimentaci\u00f3n natural de la especie equina y su importancia para la salud y el bienestar.<\/p>\n<p>Conocer\u00e1s la anatom\u00eda y fisiolog\u00eda digestiva del caballo.<\/p>\n<p>Reconocer\u00e1s los principales nutrientes, sus funciones, y recomendaciones de ingesta.<\/p>\n<p>Familiarizarte con los requerimientos nutricionales en las diferentes etapas de la vida del caballo.<\/p>\n<p>Conocer\u00e1s c\u00f3mo evaluar el estado nutricional de tu caballo para poder detectar deficiencias, excesos o desbalances de manera precoz y corregirlas inmediatamente.<\/p>\n<p>Acceder\u00e1s al certificado avalado por Hotmart y Seminarios Online.<\/p>\n<p>\u00bfC\u00d3MO LO VAS A LOGRAR?<\/p>\n<p>A trav\u00e9s del siguiente contenido, estructurado paso a paso:<\/p>\n<p>M\u00f3dulo No.1 (CORE) PUV<\/p>\n<p>Video 1: Nutrici\u00f3n, alimentaci\u00f3n y bienestar.<br \/>\nVideo 2: El factor individual.<br \/>\nVideo 3: Sistema digestivo.<br \/>\nVideo 4: Nutrientes.<\/p>\n<p>M\u00f3dulo No.2 (Parte pr\u00e1ctica).<\/p>\n<p>Video 5: Peso, condici\u00f3n corporal y consumo.<br \/>\nVideo 6: El forraje como base de la dieta.<br \/>\nVideo 7: Fuentes de energ\u00eda.<br \/>\nVideo 8: Trastornos.<\/p>\n<p>M\u00f3dulo No.3 (Material adicional &#8211; BONOS)<\/p>\n<p>Video 9: BONO 1-Seminario: Estado nutricional y dieta del caballo.<br \/>\nVideo 10: BONO 2: PDF-Bienestar equino.<br \/>\nVideo 11: BONO 3: Comunidad privada.<\/p>\n<p>M\u00f3dulo No.4: Preguntas Frecuentes<\/p>\n<p>Video 12: \u00bfLe puedo dar este alimento y cu\u00e1nto le doy?<br \/>\nVideo 13: \u00bfPor qu\u00e9 es importante que los caballos pastoreen?<br \/>\nVideo 14: \u00bfQu\u00e9 balanceo elijo?<br \/>\nVideo 15: \u00bfQu\u00e9 tengo que tener en cuenta en la dieta al hacer la transici\u00f3n a barefoot?<\/p>\n<p>ACERCA DE LA PRODUCTORA<\/p>\n<p>Desarrollado por MAR\u00cdA FLORENCIA GODOY, Ingeniera Zootecnista, nutricionista, amazona, coach e instructora de Equinoterapia.<\/p>\n<p>Docente de la c\u00e1tedra de Equinotecnia en la Universidad Nacional de Lomas de Zamora, Argentina.<\/p>\n<p>Fundadora y CEO de Equus Ciencia.<\/p>\n","protected":false},"excerpt":{"rendered":"<p>\u00bfQuieres que tu caballo se conserve atl\u00e9tico?<\/p>\n<p>Con el MasterClass NUTRICION Y ALIMENTACI\u00d3N DEL CABALLO, conocer\u00e1s la alimentaci\u00f3n natural de la especie equina y su importancia para la salud y el bienestar.<\/p>\n","protected":false},"featured_media":3116,"template":"","meta":{"_joinchat":[]},"product_brand":[],"product_cat":[315,344],"product_tag":[],"class_list":{"0":"post-11136","1":"product","2":"type-product","3":"status-publish","4":"has-post-thumbnail","6":"product_cat-animales-y-plantas","7":"product_cat-todos","9":"first","10":"instock","11":"sale","12":"shipping-taxable","13":"product-type-external"},"_links":{"self":[{"href":"https:\/\/cursos.talentup.cl\/index.php?rest_route=\/wp\/v2\/product\/11136","targetHints":{"allow":["GET"]}}],"collection":[{"href":"https:\/\/cursos.talentup.cl\/index.php?rest_route=\/wp\/v2\/product"}],"about":[{"href":"https:\/\/cursos.talentup.cl\/index.php?rest_route=\/wp\/v2\/types\/product"}],"version-history":[{"count":4,"href":"https:\/\/cursos.talentup.cl\/index.php?rest_route=\/wp\/v2\/product\/11136\/revisions"}],"predecessor-version":[{"id":15908,"href":"https:\/\/cursos.talentup.cl\/index.php?rest_route=\/wp\/v2\/product\/11136\/revisions\/15908"}],"wp:featuredmedia":[{"embeddable":true,"href":"https:\/\/cursos.talentup.cl\/index.php?rest_route=\/wp\/v2\/media\/3116"}],"wp:attachment":[{"href":"https:\/\/cursos.talentup.cl\/index.php?rest_route=%2Fwp%2Fv2%2Fmedia&parent=11136"}],"wp:term":[{"taxonomy":"product_brand","embeddable":true,"href":"https:\/\/cursos.talentup.cl\/index.php?rest_route=%2Fwp%2Fv2%2Fproduct_brand&post=11136"},{"taxonomy":"product_cat","embeddable":true,"href":"https:\/\/cursos.talentup.cl\/index.php?rest_route=%2Fwp%2Fv2%2Fproduct_cat&post=11136"},{"taxonomy":"product_tag","embeddable":true,"href":"https:\/\/cursos.talentup.cl\/index.php?rest_route=%2Fwp%2Fv2%2Fproduct_tag&post=11136"}],"curies":[{"name":"wp","href":"https:\/\/api.w.org\/{rel}","templated":true}]}}