{"id":11155,"date":"2023-01-10T04:38:33","date_gmt":"2023-01-10T07:38:33","guid":{"rendered":"https:\/\/cursos.talentup.cl\/?post_type=product&#038;p=11155"},"modified":"2024-02-07T23:36:25","modified_gmt":"2024-02-08T02:36:25","slug":"dog-walker-paseador-de-perros","status":"publish","type":"product","link":"https:\/\/cursos.talentup.cl\/?product=dog-walker-paseador-de-perros","title":{"rendered":"DOG WALKER \u2013 PASEADOR DE PERROS"},"content":{"rendered":"<p>\u00bfSabes cu\u00e1ntos perros permanecen encerrados y deprimidos esperando por un paseo para divertirse?<\/p>\n<p>\u00bfTienes idea cuantas personas est\u00e1n dispuestas a pagar para que alguien haga esta labor?<\/p>\n<p>Con el MasterClass DOG WALKER &#8211; PASEADOR DE PERROS, dales diversi\u00f3n y salud a las mascotas con una buena caminata.<\/p>\n<p>Conoce los cuidados, las habilidades del paseador, la personalidad de las distintas razas, los primeros auxilios y mucho m\u00e1s.                                                         <\/p>\n<p>Adem\u00e1s, esta es una excelente oportunidad para generar altos ingresos.<\/p>\n<p>\u00bfQU\u00c9 VAS A LOGRAR?<\/p>\n<p>Aprender\u00e1s sobre los cuidados en las caminatas caninas.<\/p>\n<p>Conocer\u00e1s sobre los elementos de seguridad al momento de realizar el paseo canino.<\/p>\n<p>Reconocer\u00e1s los tipos de razas caninas y tener en cuenta su personalidad.<\/p>\n<p>Reconocer\u00e1s los tipos de terrenos y lugares ideales para realizar la caminata canina.<\/p>\n<p>Conocer\u00e1s las destrezas especiales de un paseador de perros.<\/p>\n<p>Aprender\u00e1s los signos y s\u00edntomas a tener en cuenta para reconocer si el perro est\u00e1 enfermo o triste.<\/p>\n<p>Aprender\u00e1s la duraci\u00f3n, frecuencia y horas ideales para la caminata canina de acuerdo a la tolerancia del perro al ejercicio.<\/p>\n<p>Aprender\u00e1s c\u00f3mo prepararte antes de sacar a los perros a caminar.<\/p>\n<p>Conocer\u00e1s c\u00f3mo armar un kit de primeros auxilios para emergencia.<\/p>\n<p>Aprender\u00e1s c\u00f3mo emprender tu negocio como paseador de perros.<\/p>\n<p>Aprender\u00e1s a crear tu cuenta de paseador en plataformas digitales para ofrecer tus servicios.<\/p>\n<p>Crear\u00e1s tu publicidad (creativos) a trav\u00e9s de Canva de forma f\u00e1cil y r\u00e1pida.<\/p>\n<p>Aprender\u00e1s c\u00f3mo ofrecer tus servicios a trav\u00e9s de tus redes sociales (facebook, instagram).<\/p>\n<p>Identificar\u00e1s quienes son tus clientes ideales.<\/p>\n<p>Acceder\u00e1s al certificado avalado por Hotmart y Seminarios Online.<\/p>\n<p>\u00bfC\u00d3MO LO VAS A LOGRAR?<\/p>\n<p>Aprender\u00e1s a trav\u00e9s de los siguientes m\u00f3dulos.<\/p>\n<p>M\u00f3dulo 1. Introducci\u00f3n al curso<\/p>\n<p>Introducci\u00f3n general al curso.<\/p>\n<p>Presentaci\u00f3n.<br \/>\nHistoria.<br \/>\nTendencias.<\/p>\n<p>M\u00f3dulo 2. Tipos de razas y caracter\u00edsticas del perro. <\/p>\n<p>Tipos de razas.<br \/>\nRaza braquic\u00e9falos.<br \/>\nRaza Dolicoc\u00e9falo.<br \/>\nRaza mesoc\u00e9falo.<\/p>\n<p>M\u00f3dulo 3. Preparativos antes de sacar a los perros.<\/p>\n<p>Entrar y salir de los hogares de forma segura.<br \/>\nCrea tu kit b\u00e1sico para la caminata canina.<br \/>\nTipos de collares.<br \/>\nTipos de correas.<br \/>\nTipos de bozales<br \/>\nLenguaje Canino.<\/p>\n<p>M\u00f3dulo 4. Puntos a tener en cuenta para la caminata canina.<\/p>\n<p>Tipos de terrenos.<br \/>\nHorarios y clima adecuados.<br \/>\nFrecuencias de los paseos. <\/p>\n<p>M\u00f3dulo 5. Salud del animal.<\/p>\n<p>C\u00f3mo reconocer si el perro est\u00e1 triste o enfermo.<br \/>\nGolpes de calor en los perros.<br \/>\nC\u00f3mo armar un kit de primeros auxilios para caninos.<br \/>\nPrevenir las emergencias.<\/p>\n<p>M\u00f3dulo 6. Emprender tu negocio como paseador canino.<\/p>\n<p>Identifica a tus clientes ideales.<br \/>\nC\u00f3mo empezar tu negocio.<br \/>\nC\u00f3mo y cu\u00e1nto cobrar.<br \/>\nCANVA &#8211; Interfaz de la plataforma.<br \/>\nCANVA- Psicolog\u00eda del color.<br \/>\nCANVA &#8211; Psicolog\u00eda de las tipograf\u00edas.<br \/>\nCANVA &#8211; Haz tu logo.<br \/>\nCANVA &#8211; Haz tus creativos.<\/p>\n<p>BONUS EBOOK &#8211; 6 elementos indispensables para tus creativos.<\/p>\n<p>Plataformas para ofrecer tu servicio &#8211; Paseaperros.com y Wakypet.com.<br \/>\nC\u00f3mo crear una pagina para promocionar tu servicio a trav\u00e9s de Instagram.<br \/>\nC\u00f3mo crear una pagina para promocionar tu servicio a trav\u00e9s de Facebook.<br \/>\nNuestro primer paseo.<br \/>\nHabilidades de un paseador de perros.<br \/>\nNuestro primer paseo <\/p>\n<p>M\u00f3dulo. Preguntas frecuentes y consejos para paseadores de perros.<\/p>\n<p>\u00bfCu\u00e1ntos perros se deben de pasear a la vez?<br \/>\n\u00bfQu\u00e9 hacer si a un perro se le sube la temperatura?<br \/>\n\u00bfC\u00f3mo manejar a un perro que repentinamente se vuelve agresivo?<br \/>\n\u00bfC\u00f3mo recoger sus desechos?<br \/>\nConsejos \u00fatiles para ser un buen paseador de perros.  <\/p>\n<p>Finalizaci\u00f3n y Bonus <\/p>\n<p>8.1 BON\u00daS &#8211; EBOOKS <\/p>\n<p>Gu\u00eda del paseador de perros.<br \/>\nC\u00f3mo ser un paseador de perros profesional.<br \/>\nDescarga de planilla para el registro de clientes\/mascotas.<\/p>\n<p>ACERCA DE LOS PRODUCTORES<\/p>\n<p>Desarrollado por ANGEL RESTREPO de la ciudad de Cali, Colombia, con m\u00e1s de 5 a\u00f1os de experiencia en el negocio de paseador de perros. <\/p>\n<p>Dedicado y apasionado por esta hermosa profesi\u00f3n.<\/p>\n<p>Emprendedor Digital. Hoy en d\u00eda, dedicado a ense\u00f1ar todo lo necesario e importante con relaci\u00f3n a los paseos de perros, a personas sin experiencia y que deseen iniciar un negocio a partir de ello.<br \/>\n\u201cPasear y jugar con perros no suena como un trabajo\u201d es una de sus frases favoritas.<\/p>\n<p>SARAY P\u00c9REZ: Emprendedora digital, con 3 a\u00f1os de experiencia en las artes y la producci\u00f3n audiovisual, de la ciudad de Cali, Colombia.<\/p>\n<p>En esta Masterclass te ense\u00f1ar\u00e1 c\u00f3mo dise\u00f1ar creativos para tu marca o negocio, como paseador de perros e incluso los puntos m\u00e1s importantes antes de crear estos dise\u00f1os.<\/p>\n","protected":false},"excerpt":{"rendered":"<p>\u00bfSabes cu\u00e1ntos perros permanecen encerrados y deprimidos esperando por un paseo para divertirse?<\/p>\n<p>\u00bfTienes idea cuantas personas est\u00e1n dispuestas a pagar para que alguien haga esta labor?<\/p>\n<p>Con el MasterClass DOG WALKER &#8211; PASEADOR DE PERROS, dales diversi\u00f3n y salud a las mascotas con una buena caminata.<\/p>\n<p>Conoce los cuidados, las habilidades del paseador, la personalidad de las distintas razas, los primeros auxilios y mucho m\u00e1s.                                                         <\/p>\n<p>Adem\u00e1s, esta es una excelente oportunidad para generar altos ingresos.<\/p>\n","protected":false},"featured_media":3135,"template":"","meta":{"_joinchat":[]},"product_brand":[],"product_cat":[315,344],"product_tag":[],"class_list":{"0":"post-11155","1":"product","2":"type-product","3":"status-publish","4":"has-post-thumbnail","6":"product_cat-animales-y-plantas","7":"product_cat-todos","9":"first","10":"instock","11":"sale","12":"shipping-taxable","13":"product-type-external"},"_links":{"self":[{"href":"https:\/\/cursos.talentup.cl\/index.php?rest_route=\/wp\/v2\/product\/11155","targetHints":{"allow":["GET"]}}],"collection":[{"href":"https:\/\/cursos.talentup.cl\/index.php?rest_route=\/wp\/v2\/product"}],"about":[{"href":"https:\/\/cursos.talentup.cl\/index.php?rest_route=\/wp\/v2\/types\/product"}],"version-history":[{"count":4,"href":"https:\/\/cursos.talentup.cl\/index.php?rest_route=\/wp\/v2\/product\/11155\/revisions"}],"predecessor-version":[{"id":15927,"href":"https:\/\/cursos.talentup.cl\/index.php?rest_route=\/wp\/v2\/product\/11155\/revisions\/15927"}],"wp:featuredmedia":[{"embeddable":true,"href":"https:\/\/cursos.talentup.cl\/index.php?rest_route=\/wp\/v2\/media\/3135"}],"wp:attachment":[{"href":"https:\/\/cursos.talentup.cl\/index.php?rest_route=%2Fwp%2Fv2%2Fmedia&parent=11155"}],"wp:term":[{"taxonomy":"product_brand","embeddable":true,"href":"https:\/\/cursos.talentup.cl\/index.php?rest_route=%2Fwp%2Fv2%2Fproduct_brand&post=11155"},{"taxonomy":"product_cat","embeddable":true,"href":"https:\/\/cursos.talentup.cl\/index.php?rest_route=%2Fwp%2Fv2%2Fproduct_cat&post=11155"},{"taxonomy":"product_tag","embeddable":true,"href":"https:\/\/cursos.talentup.cl\/index.php?rest_route=%2Fwp%2Fv2%2Fproduct_tag&post=11155"}],"curies":[{"name":"wp","href":"https:\/\/api.w.org\/{rel}","templated":true}]}}