{"id":11194,"date":"2023-01-10T04:38:37","date_gmt":"2023-01-10T07:38:37","guid":{"rendered":"https:\/\/cursos.talentup.cl\/?post_type=product&#038;p=11194"},"modified":"2024-02-07T23:36:28","modified_gmt":"2024-02-08T02:36:28","slug":"tu-perro-agil-frisbee-training","status":"publish","type":"product","link":"https:\/\/cursos.talentup.cl\/?product=tu-perro-agil-frisbee-training","title":{"rendered":"TU PERRO + \u00c1GIL \u2013 FRISBEE TRAINING"},"content":{"rendered":"<p>Apuesto a que has so\u00f1ado que tu perro tiene \u201cs\u00faper poderes\u201d<\/p>\n<p>Con el programa \u00abTU PERRO M\u00c1S AGIL\u00bb, aprende la t\u00e9cnica del Frisbee y ponlo a saltar para que atrape este disco en el aire.<\/p>\n<p>Con el entrenamiento correcto, podr\u00e1 dominar el estilo libre y de distancia, entre muchas otras t\u00e9cnicas.<br \/>\nConvierte a tu mascota en un campe\u00f3n de la acrobacia y Transf\u00f3rmate en un entrenador con el Frisbee.<br \/>\nEns\u00e9\u00f1ale tambi\u00e9n a otros c\u00f3mo hacerlo para generar altos ingresos.<\/p>\n<p>\u00bfQU\u00c9 VAS A LOGRAR?<\/p>\n<p>Aprender\u00e1s a generar una comunicaci\u00f3n tan fuerte con tu perro, que ser\u00e1n la sensaci\u00f3n donde vayan. <\/p>\n<p>Desarrollar\u00e1s un gusto por el disco en tu ejemplar de manera natural por medio del instinto de predaci\u00f3n. <\/p>\n<p>Entrenar\u00e1s de manera correcta con bases s\u00f3lidas y comprobadas que te convertir\u00e1n en un gran entrenador de DISC DOG, aprende a manejar el disco con diferentes t\u00e9cnicas, agarres y tiros de fantas\u00eda que te llevar\u00e1n al siguiente nivel. <\/p>\n<p>Aprender\u00e1s esta fabulosa disciplina llamada Disc Dog y disfruta de los beneficios de ser \u201cDiscdogger\u201d, creando un v\u00ednculo extraordinario con tu perro.<\/p>\n<p>Aprender\u00e1s c\u00f3mo desarrollar una t\u00e9cnica correcta para dominar la competencia de distancia, acumular puntos con la mejor estrategia de juego.<\/p>\n<p>Dise\u00f1ar\u00e1s un tono de comunicaci\u00f3n \u00fanico, reforzando tu marca personal\/corporativa.<\/p>\n<p>Desarrollar\u00e1s rutinas de estilo libre (freestyle) con todos los elementos que tenemos para ti, por ejemplo: vault pierna, espalda y pecho, over lateral frente y de espalda, rebotes cadera, pecho, pie y espalda entre otras.<\/p>\n<p>Trabajar\u00e1s con m\u00fasica para generar una rutina de estilo libre impactante para dejar con la boca abierta a los espectadores y ganar el voto de los jueces. <\/p>\n<p>Generar\u00e1s altos niveles de expectativa a trav\u00e9s del manejo de tu perro con discos especiales para \u00e9l. <\/p>\n<p>Acceder al certificado avalado por Hotmart y Seminarios Online.<\/p>\n<p>\u00bfC\u00d3MO LO VAS A LOGRAR?<\/p>\n<p>Parte No 1 Bienvenido al mundo del disc dog.<br \/>\nParte No 2 \u00danete al grupo privado.<br \/>\nParte No 3 Introducci\u00f3n, historia y materiales.<br \/>\nParte No 4 Iniciando tu perro al disc dog.<br \/>\nParte No 5 M\u00e9todo RRF.<br \/>\nParte No 6 Desarrollando tus habilidades con el disco.<br \/>\nParte No 7 Dominando el roller y su importancia.<br \/>\nParte No 8 Aprendiendo el robo y su aplicaci\u00f3n pr\u00e1ctica.<br \/>\nParte No 9 Ejercicios de control de impulsos.<br \/>\nParte No 10 Aplicaci\u00f3n de roller, robos y flotador + base de robos sobre el cuerpo.<br \/>\nParte No 11 Bases de la distancia.<br \/>\nParte No 12 Las catapultas.<br \/>\nParte No 13 Catapulta de espalda.<br \/>\nParte No 14 El over.<br \/>\nParte No 15 El catch.<br \/>\nParte No 16 Traer el disco.<br \/>\nParte No 17 Juegos estacionales.<br \/>\nParte No 18 El rebote.<br \/>\nParte No 19 Practicando tiros y agarres.<br \/>\nParte No 20 Tiros de fantas\u00eda.<br \/>\nParte No 21 Agradecimiento y despedida.<\/p>\n<p>ACERCA DEL PRODUCTOR<\/p>\n<p>Desarrollado por GEO ROJAS, director general de la escuela Exerdog Alto Entrenamiento Canino.<\/p>\n<p>Entrenador profesional con m\u00e1s de 15 a\u00f1os de experiencia y m\u00e1s de 2000 perros entrenados a lo largo de su trayectoria, pionero en Centroam\u00e9rica practicando el deporte del Disc Dog. <\/p>\n<p>Promotor de este deporte con m\u00e1s de 15 talleres a lo largo de la Rep\u00fablica Mexicana, y creador de contenido como youtuber. <\/p>\n","protected":false},"excerpt":{"rendered":"<p>Apuesto a que has so\u00f1ado que tu perro tiene \u201cs\u00faper poderes\u201d<\/p>\n<p>Con el programa \u00abTU PERRO M\u00c1S AGIL\u00bb, aprende la t\u00e9cnica del Frisbee y ponlo a saltar para que atrape este disco en el aire.<\/p>\n<p>Con el entrenamiento correcto, podr\u00e1 dominar el estilo libre y de distancia, entre muchas otras t\u00e9cnicas.<br \/>\nConvierte a tu mascota en un campe\u00f3n de la acrobacia y Transf\u00f3rmate en un entrenador con el Frisbee.<br \/>\nEns\u00e9\u00f1ale tambi\u00e9n a otros c\u00f3mo hacerlo para generar altos ingresos.<\/p>\n","protected":false},"featured_media":3144,"template":"","meta":{"_joinchat":[]},"product_brand":[],"product_cat":[315,344],"product_tag":[],"class_list":{"0":"post-11194","1":"product","2":"type-product","3":"status-publish","4":"has-post-thumbnail","6":"product_cat-animales-y-plantas","7":"product_cat-todos","9":"first","10":"instock","11":"sale","12":"shipping-taxable","13":"product-type-external"},"_links":{"self":[{"href":"https:\/\/cursos.talentup.cl\/index.php?rest_route=\/wp\/v2\/product\/11194","targetHints":{"allow":["GET"]}}],"collection":[{"href":"https:\/\/cursos.talentup.cl\/index.php?rest_route=\/wp\/v2\/product"}],"about":[{"href":"https:\/\/cursos.talentup.cl\/index.php?rest_route=\/wp\/v2\/types\/product"}],"version-history":[{"count":4,"href":"https:\/\/cursos.talentup.cl\/index.php?rest_route=\/wp\/v2\/product\/11194\/revisions"}],"predecessor-version":[{"id":15936,"href":"https:\/\/cursos.talentup.cl\/index.php?rest_route=\/wp\/v2\/product\/11194\/revisions\/15936"}],"wp:featuredmedia":[{"embeddable":true,"href":"https:\/\/cursos.talentup.cl\/index.php?rest_route=\/wp\/v2\/media\/3144"}],"wp:attachment":[{"href":"https:\/\/cursos.talentup.cl\/index.php?rest_route=%2Fwp%2Fv2%2Fmedia&parent=11194"}],"wp:term":[{"taxonomy":"product_brand","embeddable":true,"href":"https:\/\/cursos.talentup.cl\/index.php?rest_route=%2Fwp%2Fv2%2Fproduct_brand&post=11194"},{"taxonomy":"product_cat","embeddable":true,"href":"https:\/\/cursos.talentup.cl\/index.php?rest_route=%2Fwp%2Fv2%2Fproduct_cat&post=11194"},{"taxonomy":"product_tag","embeddable":true,"href":"https:\/\/cursos.talentup.cl\/index.php?rest_route=%2Fwp%2Fv2%2Fproduct_tag&post=11194"}],"curies":[{"name":"wp","href":"https:\/\/api.w.org\/{rel}","templated":true}]}}