{"id":11195,"date":"2023-01-10T04:38:37","date_gmt":"2023-01-10T07:38:37","guid":{"rendered":"https:\/\/cursos.talentup.cl\/?post_type=product&#038;p=11195"},"modified":"2024-02-07T23:36:28","modified_gmt":"2024-02-08T02:36:28","slug":"tu-perro-tranquilo","status":"publish","type":"product","link":"https:\/\/cursos.talentup.cl\/?product=tu-perro-tranquilo","title":{"rendered":"TU PERRO TRANQUILO"},"content":{"rendered":"<p>\u00bfTe ha pasado que cuando sales de casa, tu perro destroza los muebles?<\/p>\n<p>Sufre de \u201cansiedad por separaci\u00f3n canina\u201d, cuando queda solo.<\/p>\n<p>Tienes que conocer el programa \u201cTU PERRO TRANQUILO\u201d, para que aprendas t\u00e9cnicas para solucionar un problema que es com\u00fan en 1 de cada 5 perros en todo el mundo.<\/p>\n<p>Desarrollado con una metodolog\u00eda pr\u00e1ctica para que tu peludo a partir del juego instruccional elimine este comportamiento que afecta tu bolsillo y est\u00e9tica de tu hogar.<\/p>\n<p>\u00bfQU\u00c9 VAS A LOGRAR?<\/p>\n<p>Comprender exactamente qu\u00e9 es y por qu\u00e9 ocurre la ASP canina.<\/p>\n<p>Diagnosticar correctamente la ASP y diferenciarla de otros problemas similares como la ansiedad por soledad.<\/p>\n<p>Aprender las t\u00e9cnicas m\u00e1s avanzadas para solucionar este grave problema.<\/p>\n<p>Analizar en qu\u00e9 punto del problema os encontr\u00e1is y las t\u00e9cnicas m\u00e1s efectivas para vuestro caso en concreto.<\/p>\n<p>Evitar posibles reca\u00eddas o tratarlas si ya se han producido.<\/p>\n<p>Prevenir la ansiedad por separaci\u00f3n en perros que puedan llegar a tu familia.<\/p>\n<p>Acceder al certificado avalado por Hotmart y Seminarios Online.<\/p>\n<p>\u00bfC\u00d3MO LO VAS A LOGRAR?<\/p>\n<p>Utilizando las mismas t\u00e9cnicas que utilizan los adiestradores y et\u00f3logos m\u00e1s prestigiosos.<\/p>\n<p>Explicadas en 5 m\u00f3dulos y 26 lecciones paso a paso con instrucciones f\u00e1ciles de implementar. <\/p>\n<p>Estas estrategias est\u00e1n desarrolladas de la siguiente forma:<\/p>\n<p>M\u00f3dulo 1. Comprendiendo la ASP y primeros pasos.<\/p>\n<p>Parte No.1 &#8211; C\u00f3mo vas a solucionar la ASP.<br \/>\nParte No.2 &#8211; \u00bfQu\u00e9 es y por qu\u00e9 se produce la ASP?<br \/>\nParte No.3 &#8211; Diferencia en ansiedad por separaci\u00f3n y ansiedad por soledad.<br \/>\nParte No.4 &#8211; \u00bfQu\u00e9 siente mi perro\/a cuando se queda s\u00f3lo\/a en casa?<br \/>\nParte No.5 &#8211; Plan de acci\u00f3n para resolver el problema.<br \/>\nParte No.6 &#8211; Estructuras de educaci\u00f3n necesarias para trabajar la ASP.<\/p>\n<p>Modulo 2. Preparando el tratamiento. <\/p>\n<p>Parte No.7 &#8211; C\u00f3mo utilizar y positivizar el trasport\u00edn.<br \/>\nParte No.8 &#8211; Aumentando las permanencias en el trasport\u00edn.<br \/>\nParte No.9 &#8211; C\u00f3mo emplear la desensibilizaci\u00f3n sistem\u00e1tica para tratar la ASP.<br \/>\nParte No.10 &#8211; Creando un espacio seguro.<br \/>\nParte No.11 &#8211; C\u00f3mo evitar la conducta velcro.<br \/>\nParte No.12 &#8211; Trabajos de olfato que aceleran la recuperaci\u00f3n de la ASP.<br \/>\nParte No.13 &#8211; Trabajo de olfato con manta olfativa.<br \/>\nParte No.14 &#8211; Trabajo de olfato con lluvia de premios.<br \/>\nParte No.15 &#8211; Ejercicios de modelado libre que favorecen la recuperaci\u00f3n.<\/p>\n<p>M\u00f3dulo 3. Algunas ayudas extras.<\/p>\n<p>Parte No.16 &#8211; Complementos alimenticios y farmacolog\u00eda que ayudan a su estabilidad mental.<br \/>\nParte No.17 &#8211; C\u00f3mo incrementar su autonom\u00eda mediante b\u00fasquedas de esencias.<br \/>\nParte No.18 &#8211; Paseadores caninos y guarder\u00edas caninas como ayuda extra opcional.<\/p>\n<p>M\u00f3dulo 4. Tratamiento de la ASP<\/p>\n<p>Parte No.19 &#8211; C\u00f3mo planificar las salidas y aumentar los tiempos de ausencia.<br \/>\nParte No.20 &#8211; Caso de \u00e9xito real (pero inusual) de recuperaci\u00f3n en 3 * semanas.<br \/>\nParte No.21 &#8211; Ejemplo de tiempos de ausencia en una recuperaci\u00f3n de 8 semanas.<br \/>\nParte No.22 &#8211; Resumen de estructuras aconsejables durante la recuperaci\u00f3n.<\/p>\n<p>M\u00f3dulo 5. Manteniendo lo conseguido.<\/p>\n<p>Parte No.23 &#8211; C\u00f3mo evitar reca\u00eddas &#8211; Parte 1.<br \/>\nParte No.24 &#8211; C\u00f3mo evitar reca\u00eddas &#8211; Parte 2.<br \/>\nParte No.25 &#8211; \u00a1Felicidades! El \u00e9xito es tuyo.<br \/>\nParte No.26 &#8211; Recuperaci\u00f3n espont\u00e1nea \u00bfCu\u00e1ndo y por qu\u00e9 puede aparecer?<br \/>\nParte No.27 &#8211; No te descuides, \u00a1Siempre alerta!<\/p>\n<p>M\u00f3dulo 6. BONUS &#8211; Curso de educaci\u00f3n canina sin castigos<\/p>\n<p>Parte No.28 &#8211; Estructuras de adiestramiento: Luring, target y modelado.<br \/>\nParte No.29 &#8211; Beneficios del entrenamiento con clicker.<br \/>\nParte No.30 &#8211; C\u00f3mo cargar el clicker.<br \/>\nParte No.31 &#8211; C\u00f3mo ense\u00f1arle de dar la pata.<br \/>\nParte No.32 &#8211; Sentado &#8211; C\u00f3mo ense\u00f1arle a sentarse.<br \/>\nParte No.33 &#8211; Tumbando &#8211; C\u00f3mo ense\u00f1arle a tumbarse.<br \/>\nParte No.34 &#8211; Junto &#8211; C\u00f3mo ense\u00f1arle a caminar a nuestro lado.<br \/>\nParte No.35 &#8211; Quieto &#8211; C\u00f3mo ense\u00f1arle a permanecer quieto el tiempo que necesitemos.<br \/>\nParte No.36 &#8211; La llamada &#8211; C\u00f3mo ense\u00f1arle a acudir a tu lado cuando le llames.<br \/>\nParte No.37 &#8211; C\u00f3mo ense\u00f1arle a caminar sin tensi\u00f3n en la correa.<br \/>\nParte No.38 &#8211; C\u00f3mo ense\u00f1arle a ir a \u201csu sitio\u201d cuando se lo pidas.<br \/>\nParte No.39 &#8211; C\u00f3mo ense\u00f1arle a cruzar las puertas en un estado de calma.<br \/>\nParte No.40 &#8211; C\u00f3mo evitar que muerda objetos y muebles de casa.<br \/>\nParte No.41 &#8211; C\u00f3mo evitar que salte encima de las personas.<br \/>\nParte No.42 &#8211; C\u00f3mo evitar que ladre excesivamente.<br \/>\nParte No.43 &#8211; Introducci\u00f3n al tratamiento de ansiedad por separaci\u00f3n.<\/p>\n<p>M\u00f3dulo 7. BONUS &#8211; Iniciaci\u00f3n al Mantrailing<\/p>\n<p>Parte No.44 &#8211; Iniciaci\u00f3n al Mantrailing (Grabaci\u00f3n de seminario presencial en vivo) <\/p>\n<p>ACERCA DEL PRODUCTOR<\/p>\n<p>Desarrollado por ALBERTO DE LA TORRE, director de DOGEDUCA, licenciado en psicolog\u00eda (humana) y adiestrador canino profesional desde hace 17 a\u00f1os.<\/p>\n<p>Alberto ha impartido seminarios presenciales por toda Espa\u00f1a y es considerado como uno de los educadores caninos m\u00e1s importantes de Madrid en modificaci\u00f3n de conducta. <\/p>\n<p>Adem\u00e1s, colabora con protectoras y refugios de Madrid, rehabilitando perros para que puedan ser adoptados lo antes posible, lo cual le ha llevado a especializarse en modificaci\u00f3n de conducta, ayudando a perros agresivos, miedosos, con ansiedad por separaci\u00f3n o con otros obst\u00e1culos que no les permiten tener una existencia feliz.<\/p>\n","protected":false},"excerpt":{"rendered":"<p>\u00bfTe ha pasado que cuando sales de casa, tu perro destroza los muebles?<\/p>\n<p>Sufre de \u201cansiedad por separaci\u00f3n canina\u201d, cuando queda solo.<\/p>\n<p>Tienes que conocer el programa \u201cTU PERRO TRANQUILO\u201d, para que aprendas t\u00e9cnicas para solucionar un problema que es com\u00fan en 1 de cada 5 perros en todo el mundo.<\/p>\n<p>Desarrollado con una metodolog\u00eda pr\u00e1ctica para que tu peludo a partir del juego instruccional elimine este comportamiento que afecta tu bolsillo y est\u00e9tica de tu hogar.<\/p>\n","protected":false},"featured_media":3145,"template":"","meta":{"_joinchat":[]},"product_brand":[],"product_cat":[315,344],"product_tag":[],"class_list":{"0":"post-11195","1":"product","2":"type-product","3":"status-publish","4":"has-post-thumbnail","6":"product_cat-animales-y-plantas","7":"product_cat-todos","9":"first","10":"instock","11":"sale","12":"shipping-taxable","13":"product-type-external"},"_links":{"self":[{"href":"https:\/\/cursos.talentup.cl\/index.php?rest_route=\/wp\/v2\/product\/11195","targetHints":{"allow":["GET"]}}],"collection":[{"href":"https:\/\/cursos.talentup.cl\/index.php?rest_route=\/wp\/v2\/product"}],"about":[{"href":"https:\/\/cursos.talentup.cl\/index.php?rest_route=\/wp\/v2\/types\/product"}],"version-history":[{"count":4,"href":"https:\/\/cursos.talentup.cl\/index.php?rest_route=\/wp\/v2\/product\/11195\/revisions"}],"predecessor-version":[{"id":15937,"href":"https:\/\/cursos.talentup.cl\/index.php?rest_route=\/wp\/v2\/product\/11195\/revisions\/15937"}],"wp:featuredmedia":[{"embeddable":true,"href":"https:\/\/cursos.talentup.cl\/index.php?rest_route=\/wp\/v2\/media\/3145"}],"wp:attachment":[{"href":"https:\/\/cursos.talentup.cl\/index.php?rest_route=%2Fwp%2Fv2%2Fmedia&parent=11195"}],"wp:term":[{"taxonomy":"product_brand","embeddable":true,"href":"https:\/\/cursos.talentup.cl\/index.php?rest_route=%2Fwp%2Fv2%2Fproduct_brand&post=11195"},{"taxonomy":"product_cat","embeddable":true,"href":"https:\/\/cursos.talentup.cl\/index.php?rest_route=%2Fwp%2Fv2%2Fproduct_cat&post=11195"},{"taxonomy":"product_tag","embeddable":true,"href":"https:\/\/cursos.talentup.cl\/index.php?rest_route=%2Fwp%2Fv2%2Fproduct_tag&post=11195"}],"curies":[{"name":"wp","href":"https:\/\/api.w.org\/{rel}","templated":true}]}}