{"id":11196,"date":"2023-01-10T04:38:37","date_gmt":"2023-01-10T07:38:37","guid":{"rendered":"https:\/\/cursos.talentup.cl\/?post_type=product&#038;p=11196"},"modified":"2024-02-07T23:36:28","modified_gmt":"2024-02-08T02:36:28","slug":"cultivo-de-fresas-en-sistema-vertical","status":"publish","type":"product","link":"https:\/\/cursos.talentup.cl\/?product=cultivo-de-fresas-en-sistema-vertical","title":{"rendered":"CULTIVO DE FRESAS EN SISTEMA VERTICAL"},"content":{"rendered":"<p>\u00bfTe imaginas convertir un rinc\u00f3n de tu casa u oficina en un Mini Huerto de Fresas Org\u00e1nicas?<\/p>\n<p>Con el MasterClass CULTIVO DE FRESAS EN SISTEMA VERTICAL, crea un cultivo con el que tendr\u00e1s Fresas sin qu\u00edmicos o insecticidas.<\/p>\n<p>Aprende a optimizar tus espacios para volverlos m\u00e1s decorativos, saludables y rentables en un negocio de alta demanda.<\/p>\n<p>Aprende este arte desde cero, mejora tu alimentaci\u00f3n y genera ingresos.<\/p>\n<p>\u00bfQU\u00c9 VAS A LOGRAR?<\/p>\n<p>Aprender\u00e1s desde cero, todo sobre el cultivo de Fresas Org\u00e1nicas, 100% naturales.<\/p>\n<p>Conocer\u00e1s el sistema vertical de 4 columnas optimizando el espacio, en tan solo 50 cm2.<\/p>\n<p>Apreciar\u00e1s desde el crecimiento de la primera flor hasta el nacimiento de los primeros frutos, la evoluci\u00f3n de la fresa, que luego la consumir\u00e1s y podr\u00e1s vender.<\/p>\n<p>Podr\u00e1s disfrutar del rico sabor de este fruto totalmente saludable y org\u00e1nico.<\/p>\n<p>Conocer\u00e1s 2 sistemas de riego, por goteo y por capilaridad.<\/p>\n<p>Aprender\u00e1s a realizar una mermelada totalmente natural, endulzada con panela.<\/p>\n<p>Mejorar\u00e1s tu alimentaci\u00f3n y tendr\u00e1s la posibilidad de emprender tu propio negocio.<\/p>\n<p>Acceder al certificado avalado por Hotmart y Seminarios Online.<\/p>\n<p>\u00bfC\u00d3MO LO VAS A LOGRAR?<\/p>\n<p>Desarrollado en un sistema de Semi Hidropon\u00eda, podr\u00e1s desarrollar tu Mini Huerto de Fresas Org\u00e1nicas con un sistema vertical de 4 columnas, en tan solo 50mt2.<\/p>\n<p>El programa est\u00e1 desarrollado en los siguientes m\u00f3dulos:<\/p>\n<p>Parte 1 &#8211; Introducci\u00f3n al curso de cultivo de fresas en sistema vertical.<br \/>\nParte 2 &#8211; Materiales a utilizar.<br \/>\nParte 3 &#8211; Armado de columnas 1.<br \/>\nParte 4 &#8211; Armado de columnas 2da parte.<br \/>\nParte 5 &#8211; Pintado de columnas.<br \/>\nParte 6 &#8211; Elaboraci\u00f3n del sustrato.<br \/>\nParte 7 &#8211; Sembrando las primeras plantitas de fresa.<br \/>\nParte 8 &#8211; Ubicaci\u00f3n del m\u00f3dulo vertical de 4 columnas.<br \/>\nParte 9 &#8211; Tipos de riego del Mini Huerto.<br \/>\nParte 10 &#8211; Polinizaci\u00f3n de las fresas.<br \/>\nParte 11 &#8211; Cosechando nuestras primeras fresas Org\u00e1nicas.<br \/>\nParte 12 &#8211; Selecci\u00f3n y renovaci\u00f3n de plantas.<br \/>\nParte 13 &#8211; Ventajas y propiedades de la fresa.<br \/>\nParte 14 &#8211; Elaboraci\u00f3n de mermelada de fresa natural.<\/p>\n<p>ACERCA DEL PRODUCTOR<\/p>\n<p>Desarrollado por MANUEL TRAVERSO Ing. Zootecnista, con m\u00e1s de 35 a\u00f1os de experiencia como especialista de proyectos productivos, generadores de din\u00e1mica empresarial; desarrollados en instituciones p\u00fablicas y privadas, as\u00ed como cooperaciones internacionales como Alipes 5.0. <\/p>\n<p>Manuel Traverso, ha desarrollado proyectos con cultivos de orqu\u00eddeas, yerbas arom\u00e1ticas y medicinales, lechugas hidrop\u00f3nicas, forraje verde hidrop\u00f3nico, brotes y germinados y el Golden blu y red Berry. <\/p>\n<p>Ha participado tambi\u00e9n, en proyectos de forestaci\u00f3n y reforestaci\u00f3n con especies nativas en sus tres estratos.<\/p>\n<p>Manuel, te trasladar\u00e1 todo su conocimiento y experiencia para que puedas crear tu Mini Huerto de Fresas Org\u00e1nicas en tu casa u oficina.<\/p>\n","protected":false},"excerpt":{"rendered":"<p>\u00bfTe imaginas convertir un rinc\u00f3n de tu casa u oficina en un Mini Huerto de Fresas Org\u00e1nicas?<\/p>\n<p>Con el MasterClass CULTIVO DE FRESAS EN SISTEMA VERTICAL, crea un cultivo con el que tendr\u00e1s Fresas sin qu\u00edmicos o insecticidas.<\/p>\n<p>Aprende a optimizar tus espacios para volverlos m\u00e1s decorativos, saludables y rentables en un negocio de alta demanda.<\/p>\n<p>Aprende este arte desde cero, mejora tu alimentaci\u00f3n y genera ingresos.<\/p>\n","protected":false},"featured_media":3146,"template":"","meta":{"_joinchat":[]},"product_brand":[],"product_cat":[315,344],"product_tag":[],"class_list":{"0":"post-11196","1":"product","2":"type-product","3":"status-publish","4":"has-post-thumbnail","6":"product_cat-animales-y-plantas","7":"product_cat-todos","9":"first","10":"instock","11":"sale","12":"shipping-taxable","13":"product-type-external"},"_links":{"self":[{"href":"https:\/\/cursos.talentup.cl\/index.php?rest_route=\/wp\/v2\/product\/11196","targetHints":{"allow":["GET"]}}],"collection":[{"href":"https:\/\/cursos.talentup.cl\/index.php?rest_route=\/wp\/v2\/product"}],"about":[{"href":"https:\/\/cursos.talentup.cl\/index.php?rest_route=\/wp\/v2\/types\/product"}],"version-history":[{"count":4,"href":"https:\/\/cursos.talentup.cl\/index.php?rest_route=\/wp\/v2\/product\/11196\/revisions"}],"predecessor-version":[{"id":15938,"href":"https:\/\/cursos.talentup.cl\/index.php?rest_route=\/wp\/v2\/product\/11196\/revisions\/15938"}],"wp:featuredmedia":[{"embeddable":true,"href":"https:\/\/cursos.talentup.cl\/index.php?rest_route=\/wp\/v2\/media\/3146"}],"wp:attachment":[{"href":"https:\/\/cursos.talentup.cl\/index.php?rest_route=%2Fwp%2Fv2%2Fmedia&parent=11196"}],"wp:term":[{"taxonomy":"product_brand","embeddable":true,"href":"https:\/\/cursos.talentup.cl\/index.php?rest_route=%2Fwp%2Fv2%2Fproduct_brand&post=11196"},{"taxonomy":"product_cat","embeddable":true,"href":"https:\/\/cursos.talentup.cl\/index.php?rest_route=%2Fwp%2Fv2%2Fproduct_cat&post=11196"},{"taxonomy":"product_tag","embeddable":true,"href":"https:\/\/cursos.talentup.cl\/index.php?rest_route=%2Fwp%2Fv2%2Fproduct_tag&post=11196"}],"curies":[{"name":"wp","href":"https:\/\/api.w.org\/{rel}","templated":true}]}}