{"id":11198,"date":"2023-01-10T04:38:37","date_gmt":"2023-01-10T07:38:37","guid":{"rendered":"https:\/\/cursos.talentup.cl\/?post_type=product&#038;p=11198"},"modified":"2024-02-07T23:36:28","modified_gmt":"2024-02-08T02:36:28","slug":"huertos-organicos","status":"publish","type":"product","link":"https:\/\/cursos.talentup.cl\/?product=huertos-organicos","title":{"rendered":"HUERTOS ORG\u00c1NICOS"},"content":{"rendered":"<p>\u00bfSab\u00edas que en los \u00daltimos 50 a\u00f1os la esperanza de vida ha ido disminuyendo?  <\/p>\n<p>Con el MasterClass HUERTOS ORG\u00c1NICOS, aprende a cultivar tus alimentos de forma 100% org\u00e1nica libre de qu\u00edmicos.<\/p>\n<p>Desarrolla tus abonos, fertilizantes y plaguicidas 100% Org\u00e1nicos con insumos que encontrar\u00e1s en tu hogar.<\/p>\n<p>Aqu\u00ed, est\u00e1 todo lo que necesitas saber para aprender a germinar, sembrar y cosechar tus propios alimentos en casa y crear un negocio rentable de esta industria auto sostenible.<\/p>\n<p>\u00bfQU\u00c9 VAS A LOGRAR?<\/p>\n<p>Har\u00e1s tu propio huerto en casa para la producci\u00f3n de tus Alimentos org\u00e1nicos.<\/p>\n<p>Conocer\u00e1s la importancia de tener un huerto en casa para ti y tu familia.<\/p>\n<p>Integrar\u00e1s tus residuos dom\u00e9sticos de manera eficiente y productiva.<\/p>\n<p>Aprender\u00e1s alternativas ecoamigables para reutilizar materiales con los que puedes construir tu huerta.<\/p>\n<p>Preparar\u00e1s tus propios abonos org\u00e1nicos a base de desechos producidos en tu hogar.<\/p>\n<p>Elaborar\u00e1s plaguicidas org\u00e1nicos con desechos producidos en tu hogar.<\/p>\n<p>Acceder al certificado descargable avalado por Hotmart y Seminarios Online.<\/p>\n<p>\u00bfC\u00d3MO LO VAS A LOGRAR?<\/p>\n<p>A trav\u00e9s de un programa completo que combina el mundo Natural con el digital. Tendr\u00e1s la oportunidad de disfrutar 85 lecciones al interior de 14 M\u00f3dulos tem\u00e1ticos en formato 4k con actualizaciones permanentes en el tiempo, donde se mezclan de Forma 100% Pr\u00e1ctica.<\/p>\n<p>M\u00f3dulo 01. Introducci\u00f3n a los  4 Cursos (Huertos Org\u00e1nicos , Abonos Org\u00e1nicos , Plaguicidas Org\u00e1nicos y Curso de Kokedamas).<br \/>\nM\u00f3dulo 02. Los Huertos Urbanos.<br \/>\nM\u00f3dulo 03. Tipos de Sustratos y Abonos S\u00f3lidos.<br \/>\nM\u00f3dulo 04. Abonos L\u00edquidos y su correcto aprovechamiento.<br \/>\nM\u00f3dulo 05. Fertilizantes Naturales y su correcta preparaci\u00f3n.<br \/>\nM\u00f3dulo 06. Fabricando mis Maceteros \u201cReutilizando cajas y botellas\u201d.<br \/>\nM\u00f3dulo 07. Clasificaci\u00f3n de Hortalizas y Plantas Arom\u00e1ticas.<br \/>\nM\u00f3dulo 08. Principios de La Agricultura para un Huerto Abundante.<br \/>\nM\u00f3dulo 09. Como Obtener semillas a partir de tus desperdicios generados en el Hogar.<br \/>\nM\u00f3dulo 10. Cuidados Esenciales de Nuestras Pl\u00e1ntulas en Nuestro Huerto.<br \/>\nM\u00f3dulo 11. Plaguicidas Org\u00e1nicos e Identificaci\u00f3n de Plagas.<br \/>\nM\u00f3dulo 12. Tips y Recomendaciones antes de Comenzar Tu Huerto En Casa.<br \/>\nM\u00f3dulo 13. Implementando Nuestro Huerto en Casa Paso a Paso.<br \/>\nM\u00f3dulo 14. Curso de Maceteros Vivos \u201cKokedamas\u201d.<\/p>\n<p>ACERCA DE LOS PRODUCTORES:<\/p>\n<p>Desarrollados por ingenieros Oscar Bautista, Karen Mamani y Tessy Luciano, Amantes y Precursores de Una Cultura Ecoamigable, Ecol\u00f3gica y auto sostenible.<\/p>\n<p>Los 3 son egresados en Ingenier\u00eda Ambiental de la Universidad Nacional Tecnol\u00f3gica de Lima sur. Fundadores de la empresa \u201cQ\u00b4mir Wasi\u201d con m\u00e1s de 6 a\u00f1os de experiencia en implementaci\u00f3n de Huertas Urbanas, Huertas Escolares, Huertas verticales, elaboraci\u00f3n de abonos Org\u00e1nicos, elaboraci\u00f3n de Fertilizantes Org\u00e1nicos y elaboraci\u00f3n de Kokedamas.<\/p>\n<p>Experiencia en la implementaci\u00f3n de Huertos Escolares. Tambi\u00e9n, la implementaci\u00f3n de Huertos en casa, condominios, clubs privados y en el desarrollo del megaproyecto de Huertos Urbano Auto sostenible para la el Distrito de San Borja \u2013 Lima &#8211; Per\u00fa.<\/p>\n","protected":false},"excerpt":{"rendered":"<p>\u00bfSab\u00edas que en los \u00daltimos 50 a\u00f1os la esperanza de vida ha ido disminuyendo?  <\/p>\n<p>Con el MasterClass HUERTOS ORG\u00c1NICOS, aprende a cultivar tus alimentos de forma 100% org\u00e1nica libre de qu\u00edmicos.<\/p>\n<p>Desarrolla tus abonos, fertilizantes y plaguicidas 100% Org\u00e1nicos con insumos que encontrar\u00e1s en tu hogar.<\/p>\n<p>Aqu\u00ed, est\u00e1 todo lo que necesitas saber para aprender a germinar, sembrar y cosechar tus propios alimentos en casa y crear un negocio rentable de esta industria auto sostenible.<\/p>\n","protected":false},"featured_media":3148,"template":"","meta":{"_joinchat":[]},"product_brand":[],"product_cat":[315,344],"product_tag":[],"class_list":{"0":"post-11198","1":"product","2":"type-product","3":"status-publish","4":"has-post-thumbnail","6":"product_cat-animales-y-plantas","7":"product_cat-todos","9":"first","10":"instock","11":"sale","12":"shipping-taxable","13":"product-type-external"},"_links":{"self":[{"href":"https:\/\/cursos.talentup.cl\/index.php?rest_route=\/wp\/v2\/product\/11198","targetHints":{"allow":["GET"]}}],"collection":[{"href":"https:\/\/cursos.talentup.cl\/index.php?rest_route=\/wp\/v2\/product"}],"about":[{"href":"https:\/\/cursos.talentup.cl\/index.php?rest_route=\/wp\/v2\/types\/product"}],"version-history":[{"count":4,"href":"https:\/\/cursos.talentup.cl\/index.php?rest_route=\/wp\/v2\/product\/11198\/revisions"}],"predecessor-version":[{"id":15940,"href":"https:\/\/cursos.talentup.cl\/index.php?rest_route=\/wp\/v2\/product\/11198\/revisions\/15940"}],"wp:featuredmedia":[{"embeddable":true,"href":"https:\/\/cursos.talentup.cl\/index.php?rest_route=\/wp\/v2\/media\/3148"}],"wp:attachment":[{"href":"https:\/\/cursos.talentup.cl\/index.php?rest_route=%2Fwp%2Fv2%2Fmedia&parent=11198"}],"wp:term":[{"taxonomy":"product_brand","embeddable":true,"href":"https:\/\/cursos.talentup.cl\/index.php?rest_route=%2Fwp%2Fv2%2Fproduct_brand&post=11198"},{"taxonomy":"product_cat","embeddable":true,"href":"https:\/\/cursos.talentup.cl\/index.php?rest_route=%2Fwp%2Fv2%2Fproduct_cat&post=11198"},{"taxonomy":"product_tag","embeddable":true,"href":"https:\/\/cursos.talentup.cl\/index.php?rest_route=%2Fwp%2Fv2%2Fproduct_tag&post=11198"}],"curies":[{"name":"wp","href":"https:\/\/api.w.org\/{rel}","templated":true}]}}