{"id":11204,"date":"2023-01-10T04:38:38","date_gmt":"2023-01-10T07:38:38","guid":{"rendered":"https:\/\/cursos.talentup.cl\/?post_type=product&#038;p=11204"},"modified":"2024-02-07T23:36:29","modified_gmt":"2024-02-08T02:36:29","slug":"peluqueria-para-gatos","status":"publish","type":"product","link":"https:\/\/cursos.talentup.cl\/?product=peluqueria-para-gatos","title":{"rendered":"PELUQUER\u00cdA PARA GATOS"},"content":{"rendered":"<p>\u00bfTe gustar\u00eda conocer un arte en el que puedas aprender a cortar el pelo de tu gato y convertirlo adem\u00e1s en una oportunidad altamente rentable en cualquier parte del mundo?<\/p>\n<p>Te presentamos este MasterClass de PELUQUER\u00cdA PARA GATOS, respaldado por una amplia experiencia de a\u00f1os con una academia que ha formado a cientos de nuevos estilistas, que ya se encuentran trabajando en diferentes pa\u00edses o con su emprendimiento creciendo y con ganas de seguir invirtiendo en su formaci\u00f3n.<\/p>\n<p>La comunidad felina sigue en constante crecimiento y el n\u00famero de estilistas que est\u00e1n preparados para realizarles un corte de pelo es m\u00ednimo; lo cual indica una excelente oportunidad.<br \/>\nDebido a la gran proyecci\u00f3n de crecimiento en n\u00famero que tienen los gatos es el momento de estar preparados para atenderlos y mejorar el servicio que le prestas y as\u00ed empezar a diferenciarte de tu competencia.<\/p>\n<p>\u00bfQU\u00c9 VAS A LOGRAR?<\/p>\n<p>Entender a los gatos y sus diferencias con los perros.<\/p>\n<p>Identificar las caracter\u00edsticas de cada tipo de pelo.<\/p>\n<p>Las herramientas m\u00e1s utilizadas y que mejor funcionan.<\/p>\n<p>Elegir bien los productos seg\u00fan el tipo de pelo para lograr resultados incre\u00edbles.<\/p>\n<p>Aplicar t\u00e9cnicas para desenredar los tipos de pelo.<\/p>\n<p>Disfrutar el proceso ya que vas a entender el por qu\u00e9 y para qu\u00e9 de cada.<\/p>\n<p>Diferenciarte por medio de una innovadora forma de ense\u00f1ar peluquer\u00eda para mascotas.<\/p>\n<p>Cepillar el pelo de las mascotas con la t\u00e9cnica adecuada.<\/p>\n<p>Manejar a un gato de la forma correcta.<\/p>\n<p>Cortar el pelo con m\u00e1quina y tijera.<\/p>\n<p>Aprende a pulir un trabajo de peluquer\u00eda.<\/p>\n<p>Observar e identificar problemas en las mascotas para remitir al veterinario.<\/p>\n<p>\u00bfC\u00d3MO LO VAS A LOGRAR?<\/p>\n<p>Aprende divirti\u00e9ndote y descarga las clases que hemos preparado, partiendo desde lo m\u00e1s b\u00e1sico mientras te acompa\u00f1amos en cada paso para celebrar tu conocimiento en el arte de la peluquer\u00eda para gatos. El programa inicia desde un nivel b\u00e1sico con la posibilidad de alcanzar un nivel avanzado. Al finalizar el curso te sorprender\u00e1s de lo fascinante que es el mundo de la peluquer\u00eda para mascotas y entender\u00e1s la importancia de una formaci\u00f3n seria que te genere confianza para llevar tu profesi\u00f3n al m\u00e1ximo nivel. Estas son las tem\u00e1ticas que encontrar\u00e1s:<\/p>\n<p>Tipos de gatos existen.<br \/>\nC\u00f3mo entender el mundo de los gatos.<br \/>\nLos tipos de pelo y las texturas de los gatos.<br \/>\nEl manejo de los gatos en la peluquer\u00eda.<br \/>\nLas herramientas seg\u00fan el tipo de pelo y textura seg\u00fan las razas.<br \/>\nC\u00f3mo utilizar las herramientas, cu\u00e1les son y c\u00f3mo utilizarlas<br \/>\nLa cosm\u00e9tica aplicada al manto del gato seg\u00fan el tipo de pelo y la textura<br \/>\nC\u00f3mo saber si qued\u00f3 limpio el pelo,<br \/>\nC\u00f3mo prolongar el efecto del ba\u00f1o.<br \/>\nC\u00f3mo saber en qu\u00e9 momento se logra la limpieza de un gato.<br \/>\nLos procedimientos de ba\u00f1o, cepillado, y c\u00f3mo desenredar su pelo<br \/>\nC\u00f3mo cortar el pelo de una manera pr\u00e1ctica con m\u00e1quina y tijera.<\/p>\n<p>ACERCA DEL PRODUCTOR<\/p>\n<p>Desarrollado por: FABIO ERNESTO G\u00d3MEZ SEPULVEDA Estilista para mascotas profesional, handler, ponente internacional y escultor con participaci\u00f3n en uno de los congresos m\u00e1s grandes e importantes del mundo de las mascotas. Capacitador en diferentes pa\u00edses. Cuenta con estudiantes en M\u00e9xico, Colombia, Costa Rica, El Salvador, Guatemala, USA, Espa\u00f1a y Canad\u00e1. Fundador de la academia para estilistas felinos y caninos 2HANDS ART, donde recibe estudiantes para iniciar desde cero en la peluquer\u00eda para perfeccionar t\u00e9cnicas con aquellos ya experimentados.<\/p>\n<p>Ganador de m\u00faltiples Best in show en diferentes competencias de belleza de peluquer\u00eda de mascotas. Realiza cortes full tendencia. Adem\u00e1s, creador de esculturas con pelo natural llamadas Tiny pets. <\/p>\n","protected":false},"excerpt":{"rendered":"<p>\u00bfTe gustar\u00eda conocer un arte en el que puedas aprender a cortar el pelo de tu gato y convertirlo adem\u00e1s en una oportunidad altamente rentable en cualquier parte del mundo?<\/p>\n<p>Te presentamos este MasterClass de PELUQUER\u00cdA PARA GATOS, respaldado por una amplia experiencia de a\u00f1os con una academia que ha formado a cientos de nuevos estilistas, que ya se encuentran trabajando en diferentes pa\u00edses o con su emprendimiento creciendo y con ganas de seguir invirtiendo en su formaci\u00f3n.<\/p>\n<p>La comunidad felina sigue en constante crecimiento y el n\u00famero de estilistas que est\u00e1n preparados para realizarles un corte de pelo es m\u00ednimo; lo cual indica una excelente oportunidad.<br \/>\nDebido a la gran proyecci\u00f3n de crecimiento en n\u00famero que tienen los gatos es el momento de estar preparados para atenderlos y mejorar el servicio que le prestas y as\u00ed empezar a diferenciarte de tu competencia.<\/p>\n","protected":false},"featured_media":3154,"template":"","meta":{"_joinchat":[]},"product_brand":[],"product_cat":[315,344],"product_tag":[],"class_list":{"0":"post-11204","1":"product","2":"type-product","3":"status-publish","4":"has-post-thumbnail","6":"product_cat-animales-y-plantas","7":"product_cat-todos","9":"first","10":"instock","11":"sale","12":"shipping-taxable","13":"product-type-external"},"_links":{"self":[{"href":"https:\/\/cursos.talentup.cl\/index.php?rest_route=\/wp\/v2\/product\/11204","targetHints":{"allow":["GET"]}}],"collection":[{"href":"https:\/\/cursos.talentup.cl\/index.php?rest_route=\/wp\/v2\/product"}],"about":[{"href":"https:\/\/cursos.talentup.cl\/index.php?rest_route=\/wp\/v2\/types\/product"}],"version-history":[{"count":4,"href":"https:\/\/cursos.talentup.cl\/index.php?rest_route=\/wp\/v2\/product\/11204\/revisions"}],"predecessor-version":[{"id":15946,"href":"https:\/\/cursos.talentup.cl\/index.php?rest_route=\/wp\/v2\/product\/11204\/revisions\/15946"}],"wp:featuredmedia":[{"embeddable":true,"href":"https:\/\/cursos.talentup.cl\/index.php?rest_route=\/wp\/v2\/media\/3154"}],"wp:attachment":[{"href":"https:\/\/cursos.talentup.cl\/index.php?rest_route=%2Fwp%2Fv2%2Fmedia&parent=11204"}],"wp:term":[{"taxonomy":"product_brand","embeddable":true,"href":"https:\/\/cursos.talentup.cl\/index.php?rest_route=%2Fwp%2Fv2%2Fproduct_brand&post=11204"},{"taxonomy":"product_cat","embeddable":true,"href":"https:\/\/cursos.talentup.cl\/index.php?rest_route=%2Fwp%2Fv2%2Fproduct_cat&post=11204"},{"taxonomy":"product_tag","embeddable":true,"href":"https:\/\/cursos.talentup.cl\/index.php?rest_route=%2Fwp%2Fv2%2Fproduct_tag&post=11204"}],"curies":[{"name":"wp","href":"https:\/\/api.w.org\/{rel}","templated":true}]}}