{"id":11209,"date":"2023-01-10T04:38:38","date_gmt":"2023-01-10T07:38:38","guid":{"rendered":"https:\/\/cursos.talentup.cl\/?post_type=product&#038;p=11209"},"modified":"2024-02-07T23:36:29","modified_gmt":"2024-02-08T02:36:29","slug":"pasteleria-canina-y-felina","status":"publish","type":"product","link":"https:\/\/cursos.talentup.cl\/?product=pasteleria-canina-y-felina","title":{"rendered":"PASTELER\u00cdA CANINA Y FELINA"},"content":{"rendered":"<p>\u00bfSab\u00edas que el 85% de las enfermedades graves en perros y gatos se derivan de una mala alimentaci\u00f3n?<\/p>\n<p>Los organismos de nuestros perros y gatos no est\u00e1n dise\u00f1ados para comer alimentos altamente procesados. Por el contrario, alcanzan la plenitud y la salud cuando los alimentamos de forma natural, fresca y sin conservantes ni aditivos.<\/p>\n<p>No existe en el mercado nada m\u00e1s nocivo para su salud que los snacks procesados con los que premiamos a nuestras mascotas. Si sabes o intuyes esto que te estoy diciendo, este curso es para ti.<\/p>\n<p>\u00bfQU\u00c9 VAS A LOGRAR?<\/p>\n<p>Seleccionar\u00e1s y utilizar\u00e1s ingredientes que tienes en casa para preparar nutritivos y saludables snacks para tus mascotas. <\/p>\n<p>Elaborar\u00e1s preparaciones \u00f3ptimas para sus organismos y poco procesadas que les encantan y los alimentan al mismo tiempo. <\/p>\n<p>Desarrollar\u00e1s recetas de pasteler\u00eda canina y felina que fueron revisadas en sus proporciones y aprobadas por nuestro veterinario experto en nutrici\u00f3n y que adem\u00e1s hemos testeado en el mercado durante m\u00e1s de 2 a\u00f1os.<\/p>\n<p>Conocer\u00e1s los diferentes beneficios de los ingredientes que utilizaremos y que repercuten en la salud de nuestros peludos.<\/p>\n<p>Mejorar\u00e1s la alimentaci\u00f3n diaria de perros y gatos. <\/p>\n<p>Tendr\u00e1s un conocimiento amplio sobre el mundo de la industria de la alimentaci\u00f3n para mascotas y todo lo que se esconde detr\u00e1s.<\/p>\n<p>Leer\u00e1s correctamente etiquetas de los concentrados descubriendo los ingredientes poco saludables que contienen algunos de ellos.<\/p>\n<p>Acceder\u00e1s al certificado avalado por Hotmart y Seminarios Online.<\/p>\n<p>\u00bfC\u00d3MO LO VAS A LOGRAR? <\/p>\n<p>A trav\u00e9s del siguiente contenido, estructurado paso a paso:<\/p>\n<p>Advertencia.<br \/>\nBienvenida al curso Pasteler\u00eda canina y felina.<br \/>\nInvitaci\u00f3n al Grupo Privado de Facebook y Telegram.<br \/>\nImplementos de reposter\u00eda b\u00e1sicos.<br \/>\nTiempos de caducidad y conservaci\u00f3n.<br \/>\nFichas T\u00e9cnicas de Ingredientes. Parte No 6 &#8211; Haciendo harina de avena.<br \/>\nHaciendo nuestro propio yogurt griego.<br \/>\nHaciendo mantequilla de man\u00ed sin conservantes ni aditivos.<br \/>\nCocinando para gatos.<br \/>\nPara qui\u00e9n son estos premios y desde qu\u00e9 edad?.<br \/>\nGalletas de h\u00edgados de pollo y perejil.<br \/>\nGalletas de Pollo y cilantro.<br \/>\nGalletas de Carne de res y queso.<br \/>\nGalletas de pollo y remolacha.<br \/>\nGalletas de calabaza y curcuma.<br \/>\nGalletas de Coco-banano.<br \/>\nGalletas de Manzana y canela.<br \/>\nGalletas para el aliento.<br \/>\nGalletas hep\u00e1ticas para perros.<br \/>\nMuffins de h\u00edgado de pollo.<br \/>\nMuffins de frutas.<br \/>\nMuffins de Pollo, zanahoria y guisantes.<br \/>\nMuffins de Pavo y espinaca.<br \/>\nMuffins de carne de cerdo y pera.<br \/>\nMuffins de cordero y zanahoria.<br \/>\nMuffins de Ternera y calabac\u00edn.<br \/>\nMuffins de manzana y mantequilla de man\u00ed.<br \/>\nGelatina para Gatos.<br \/>\nBrownies para perros.<br \/>\nTorta de cumplea\u00f1os mixta para perros y gatos.<br \/>\nTorta cumplea\u00f1os para Gatos. Torta BARF.<br \/>\nPetzza de Pollo.<br \/>\nEmpanadas.<br \/>\nDognuts.<br \/>\nTamales para perros y gatos.<br \/>\nDecoraci\u00f3n Torta cobertura en base de yogur griego y avena.<br \/>\nDecoraci\u00f3n Torta glas\u00e9 en base de papa.<br \/>\nDecoraci\u00f3n Torta crema pastelera apta para perros y gatos.<br \/>\nFondant apto para perros.<br \/>\nDecoraci\u00f3n de galletas.<br \/>\nBONUS Premios para entrenamiento.<br \/>\nBONUS &#8211; Helado para perros y gatos (BONUS).<br \/>\nBONUS Como sacar costos y obtener una ganancia justa.<br \/>\nTips para emprender en pasteler\u00eda canina y felina.<br \/>\nBONUS Verdades escandalosas primera parte.<br \/>\nBONUS Verdades escandalosas segunda parte.<br \/>\nInvitaci\u00f3n muy especial.<br \/>\nPasteler\u00edas alrededor del mundo y despedida.<br \/>\nRecetario Pasteler\u00eda Canina y Felina.<br \/>\n BONUS Verdades escandalosas PDF.<br \/>\nPreguntas frecuentes.<\/p>\n<p>ACERCA DE LA PRODUCTORA<\/p>\n<p>Desarrollado por DIANA FONSECA, experta en nutrici\u00f3n canina y felina, con una certificaci\u00f3n como Bio nutricionista de perros y gatos y especializada en reposter\u00eda artesanal canina y felina. Con m\u00e1s de 5 a\u00f1os de experiencia en el sector de la alimentaci\u00f3n natural de animales de compa\u00f1\u00eda. <\/p>\n<p>Esta pasi\u00f3n por la alimentaci\u00f3n natural de las mascotas empez\u00f3 hace 6 a\u00f1os cuando lleg\u00f3 a la casa \u201cLim\u00f3n\u201d; su Beagle. Su inter\u00e9s por la nutrici\u00f3n de la familia, se ampli\u00f3 con ese peque\u00f1o peludo. Estudi\u00f3 con veterinarios expertos en nutrici\u00f3n canina y felina y en poco tiempo evidenci\u00f3 los cambios notables en su salud, pelaje y estado de \u00e1nimo de su mascota, compar\u00e1ndola con otras al ir al parque. <\/p>\n<p>En 2015 decidi\u00f3 abrir \u201cNatural Taste\u201d, un local dedicado \u00fanica y exclusivamente a la alimentaci\u00f3n natural de perros y gatos. Con el tiempo, vio como sus clientes (Mascotas) mejoraban de enfermedades cr\u00f3nicas; comiendo con m\u00e1s alegr\u00eda, vi\u00e9ndose m\u00e1s sanos, juguetones, felices y equilibrados. Con esta alimentaci\u00f3n quiere liberar a los consentidos de casa de esa alimentaci\u00f3n procesada y en sus propias palabras, \u201ccruel con nuestros hermosos peludos\u201d.<\/p>\n","protected":false},"excerpt":{"rendered":"<p>\u00bfSab\u00edas que el 85% de las enfermedades graves en perros y gatos se derivan de una mala alimentaci\u00f3n?<\/p>\n<p>Los organismos de nuestros perros y gatos no est\u00e1n dise\u00f1ados para comer alimentos altamente procesados. Por el contrario, alcanzan la plenitud y la salud cuando los alimentamos de forma natural, fresca y sin conservantes ni aditivos.<\/p>\n<p>No existe en el mercado nada m\u00e1s nocivo para su salud que los snacks procesados con los que premiamos a nuestras mascotas. Si sabes o intuyes esto que te estoy diciendo, este curso es para ti.<\/p>\n","protected":false},"featured_media":3159,"template":"","meta":{"_joinchat":[]},"product_brand":[],"product_cat":[315,344],"product_tag":[],"class_list":{"0":"post-11209","1":"product","2":"type-product","3":"status-publish","4":"has-post-thumbnail","6":"product_cat-animales-y-plantas","7":"product_cat-todos","9":"first","10":"instock","11":"sale","12":"shipping-taxable","13":"product-type-external"},"_links":{"self":[{"href":"https:\/\/cursos.talentup.cl\/index.php?rest_route=\/wp\/v2\/product\/11209","targetHints":{"allow":["GET"]}}],"collection":[{"href":"https:\/\/cursos.talentup.cl\/index.php?rest_route=\/wp\/v2\/product"}],"about":[{"href":"https:\/\/cursos.talentup.cl\/index.php?rest_route=\/wp\/v2\/types\/product"}],"version-history":[{"count":4,"href":"https:\/\/cursos.talentup.cl\/index.php?rest_route=\/wp\/v2\/product\/11209\/revisions"}],"predecessor-version":[{"id":15950,"href":"https:\/\/cursos.talentup.cl\/index.php?rest_route=\/wp\/v2\/product\/11209\/revisions\/15950"}],"wp:featuredmedia":[{"embeddable":true,"href":"https:\/\/cursos.talentup.cl\/index.php?rest_route=\/wp\/v2\/media\/3159"}],"wp:attachment":[{"href":"https:\/\/cursos.talentup.cl\/index.php?rest_route=%2Fwp%2Fv2%2Fmedia&parent=11209"}],"wp:term":[{"taxonomy":"product_brand","embeddable":true,"href":"https:\/\/cursos.talentup.cl\/index.php?rest_route=%2Fwp%2Fv2%2Fproduct_brand&post=11209"},{"taxonomy":"product_cat","embeddable":true,"href":"https:\/\/cursos.talentup.cl\/index.php?rest_route=%2Fwp%2Fv2%2Fproduct_cat&post=11209"},{"taxonomy":"product_tag","embeddable":true,"href":"https:\/\/cursos.talentup.cl\/index.php?rest_route=%2Fwp%2Fv2%2Fproduct_tag&post=11209"}],"curies":[{"name":"wp","href":"https:\/\/api.w.org\/{rel}","templated":true}]}}