{"id":11256,"date":"2023-01-10T04:38:42","date_gmt":"2023-01-10T07:38:42","guid":{"rendered":"https:\/\/cursos.talentup.cl\/?post_type=product&#038;p=11256"},"modified":"2024-02-07T23:36:32","modified_gmt":"2024-02-08T02:36:32","slug":"ilustracion-digital-como-negocio","status":"publish","type":"product","link":"https:\/\/cursos.talentup.cl\/?product=ilustracion-digital-como-negocio","title":{"rendered":"ILUSTRACI\u00d3N DIGITAL COMO NEGOCIO"},"content":{"rendered":"<p>\u00bfTe apasiona la ilustraci\u00f3n y quieres convertirlo en tu negocio?<\/p>\n<p>Con el MasterClass ILUSTRACI\u00d3N DIGITAL COMO NEGOCIO, emprender\u00e1s en el mundo de la ilustraci\u00f3n digital con una inversi\u00f3n m\u00ednima, sin tropiezos y con autoridad.<\/p>\n<p>\u00bfQU\u00c9 VAS A LOGRAR?<\/p>\n<p>Podr\u00e1s convertir tu pasi\u00f3n por la ilustraci\u00f3n en un rentable negocio. <\/p>\n<p>Despu\u00e9s de ver este MasterClass tendr\u00e1s todas las herramientas para entrar al negocio de la ilustraci\u00f3n digital sabiendo desde la parte b\u00e1sica administrativa, flujo de trabajo, c\u00f3mo conseguir nuevos clientes y c\u00f3mo destacar ante tu competencia. <\/p>\n<p>Aprender\u00e1s a emprender en el mundo de la ilustraci\u00f3n digital con una inversi\u00f3n m\u00ednima, sin tropiezos y con autoridad.<\/p>\n<p>Adem\u00e1s, podr\u00e1s ver toda la metodolog\u00eda de trabajo de la ilustradora experta, desde cero, aprender\u00e1s su paso a paso y sus tips para que consigas una ilustraci\u00f3n profesional.<\/p>\n<p>Acceder\u00e1s al certificado avalado por Hotmart y Seminarios Online.<\/p>\n<p>\u00bfC\u00d3MO LO VAS A LOGRAR?<\/p>\n<p>A trav\u00e9s del siguiente contenido, estructurado paso a paso:<\/p>\n<p>M\u00f3dulo 1 &#8211; Ilustraci\u00f3n Digital como Negocio<\/p>\n<p>Bienvenida<br \/>\nC\u00f3mo iniciar en el negocio de la ilustraci\u00f3n digital sin morir en el intento. <\/p>\n<p>M\u00f3dulo 2 &#8211; Primeros pasos para hacer visible tu marca<\/p>\n<p>4 pasos para definir tu cliente ideal.<br \/>\nDefiniendo el lenguaje para tus clientes.<br \/>\nDefiniendo el canal de comunicaci\u00f3n.<br \/>\nElaborando un plan de contenido.<br \/>\nLlegando a tu cliente ideal con publicidad paga.<\/p>\n<p>M\u00f3dulo 3 &#8211; Ponle precio a tu trabajo<\/p>\n<p>C\u00f3mo establecer precios a tu trabajo.<br \/>\nC\u00f3mo definir pasos con el cliente.<br \/>\nC\u00f3mo cerrar una venta.<br \/>\nC\u00f3mo establecer precios para cambios adicionales.<br \/>\nFormas de monetizar la ilustraci\u00f3n.<\/p>\n<p>M\u00f3dulo 4 &#8211; Hablando de estilo<\/p>\n<p>Introducci\u00f3n &#8211; Encuentra tu estilo.<br \/>\nMis referentes y artistas favoritos.<br \/>\nBuscando inspiraci\u00f3n en Pinterest. <\/p>\n<p>M\u00f3dulo 5 &#8211; C\u00f3mo trabajar en Procreate<\/p>\n<p>Recorrido por la aplicaci\u00f3n.<br \/>\nPinceles.<br \/>\nCapas.<br \/>\nGestos.<\/p>\n<p>M\u00f3dulo 6 &#8211; Paso a paso de c\u00f3mo reproducir una ilustraci\u00f3n desde cero<\/p>\n<p>\u00bfC\u00f3mo deber\u00eda ser la foto que te entregue el cliente para ilustrar?<br \/>\nEmpezamos a bocetar.<br \/>\nPonle color a la vida.<br \/>\nLuces y sombras.<br \/>\nMi m\u00e9todo de trabajo. <\/p>\n<p>M\u00f3dulo 7 &#8211; Exportaci\u00f3n y entrega al cliente<\/p>\n<p>\u00bfC\u00f3mo exportar la ilustraci\u00f3n?<br \/>\nTipos de entrega, \u00bfC\u00f3mo se la vas a hacer llegar a tu cliente?<br \/>\nBackup, m\u00e9todos de almacenamiento y organizaci\u00f3n de carpetas.<\/p>\n<p>M\u00f3dulo 8 &#8211; Bonos<\/p>\n<p>Bono 1. Empaque, dale un plus a tu trabajo.<br \/>\nBono 2. Alternativas de herramientas de trabajo de costos bajos.<br \/>\nBono 3. Proyecto de masterclass.<\/p>\n<p>M\u00f3dulo 9 &#8211; Video respuestas<\/p>\n<p>Introducci\u00f3n Respuestas a preguntas frecuentes.<br \/>\n\u00bfC\u00f3mo puedo mejorar el trazo y que se vea limpio sin tener en cuenta mi pulso?<br \/>\n\u00bfLos dibujos que se hacen en este programa, tambi\u00e9n se pueden exportar con vectores?<br \/>\n\u00bfQu\u00e9 formato exportas para que no pierda calidad al subirlas en redes sociales?<br \/>\n\u00bfC\u00f3mo se borra un pincel personalizado?<br \/>\n\u00bfD\u00f3nde descargaste la app de Procreate?<\/p>\n<p>ACERCA DE LA PRODUCTORA<\/p>\n<p>Desarrollado por MARTA EGEA ABELL\u00c1N, m\u00e1s conocida como Marta\u2019s Project es ilustradora digital con m\u00e1s de 5 a\u00f1os de experiencia en el negocio de la ilustraci\u00f3n. Ha salido en medios como Divinity o eltiempo.es.<\/p>\n<p>Actualmente vive de la ilustraci\u00f3n haciendo encargos personalizados para clientes y emprendedoras y ha publicado un cuento infantil \u201cEl pa\u00f1uelo de Naira\u201d junto a otra autora, adem\u00e1s tambi\u00e9n tiene estudios en Publicidad y RRPP.<\/p>\n","protected":false},"excerpt":{"rendered":"<p>\u00bfTe apasiona la ilustraci\u00f3n y quieres convertirlo en tu negocio?<\/p>\n<p>Con el MasterClass ILUSTRACI\u00d3N DIGITAL COMO NEGOCIO, emprender\u00e1s en el mundo de la ilustraci\u00f3n digital con una inversi\u00f3n m\u00ednima, sin tropiezos y con autoridad.<\/p>\n","protected":false},"featured_media":3176,"template":"","meta":{"_joinchat":[]},"product_brand":[],"product_cat":[316,344],"product_tag":[],"class_list":{"0":"post-11256","1":"product","2":"type-product","3":"status-publish","4":"has-post-thumbnail","6":"product_cat-apps-y-software","7":"product_cat-todos","9":"first","10":"instock","11":"sale","12":"shipping-taxable","13":"product-type-external"},"_links":{"self":[{"href":"https:\/\/cursos.talentup.cl\/index.php?rest_route=\/wp\/v2\/product\/11256","targetHints":{"allow":["GET"]}}],"collection":[{"href":"https:\/\/cursos.talentup.cl\/index.php?rest_route=\/wp\/v2\/product"}],"about":[{"href":"https:\/\/cursos.talentup.cl\/index.php?rest_route=\/wp\/v2\/types\/product"}],"version-history":[{"count":4,"href":"https:\/\/cursos.talentup.cl\/index.php?rest_route=\/wp\/v2\/product\/11256\/revisions"}],"predecessor-version":[{"id":15966,"href":"https:\/\/cursos.talentup.cl\/index.php?rest_route=\/wp\/v2\/product\/11256\/revisions\/15966"}],"wp:featuredmedia":[{"embeddable":true,"href":"https:\/\/cursos.talentup.cl\/index.php?rest_route=\/wp\/v2\/media\/3176"}],"wp:attachment":[{"href":"https:\/\/cursos.talentup.cl\/index.php?rest_route=%2Fwp%2Fv2%2Fmedia&parent=11256"}],"wp:term":[{"taxonomy":"product_brand","embeddable":true,"href":"https:\/\/cursos.talentup.cl\/index.php?rest_route=%2Fwp%2Fv2%2Fproduct_brand&post=11256"},{"taxonomy":"product_cat","embeddable":true,"href":"https:\/\/cursos.talentup.cl\/index.php?rest_route=%2Fwp%2Fv2%2Fproduct_cat&post=11256"},{"taxonomy":"product_tag","embeddable":true,"href":"https:\/\/cursos.talentup.cl\/index.php?rest_route=%2Fwp%2Fv2%2Fproduct_tag&post=11256"}],"curies":[{"name":"wp","href":"https:\/\/api.w.org\/{rel}","templated":true}]}}