{"id":11257,"date":"2023-01-10T04:38:42","date_gmt":"2023-01-10T07:38:42","guid":{"rendered":"https:\/\/cursos.talentup.cl\/?post_type=product&#038;p=11257"},"modified":"2024-02-07T23:36:32","modified_gmt":"2024-02-08T02:36:32","slug":"dashboard-en-excel-para-informes-dinamicos-7-pasos","status":"publish","type":"product","link":"https:\/\/cursos.talentup.cl\/?product=dashboard-en-excel-para-informes-dinamicos-7-pasos","title":{"rendered":"DASHBOARD EN EXCEL PARA INFORMES DIN\u00c1MICOS \u2013 7 PASOS"},"content":{"rendered":"<p>\u00bfQuieres presentar tus datos de manera pr\u00e1ctica, eficaz y entendible?<\/p>\n<p>Con el MasterClass DASHBOARD EN EXCEL PARA INFORMES DIN\u00c1MICOS \u2013 7 PASOS, aprender\u00e1s varias funciones de Excel, que te servir\u00e1n para la construcci\u00f3n de la dashboard sin importar tu experiencia.<\/p>\n<p>\u00bfQU\u00c9 VAS A LOGRAR?<\/p>\n<p>Podr\u00e1s desarrollar las bases para planificar acciones de una manera r\u00e1pida y efectiva aprovechando los datos de la informaci\u00f3n de Excel.<\/p>\n<p>Tendr\u00e1s la posibilidad de aprender varias funciones de Excel, que te servir\u00e1n para la construcci\u00f3n de la dashboard sin importar que no tengas experiencia con Excel.<\/p>\n<p>Mejorar\u00e1s la calidad y presentaci\u00f3n de tus informes de indicadores y\/o m\u00e9tricas de desempe\u00f1o.<\/p>\n<p>Aumentar\u00e1s el conocimiento en Excel y en dashboard.<\/p>\n<p>Podr\u00e1s ver el curso cuando quieras y donde quieras.<\/p>\n<p>Aprender\u00e1s a analizar informaci\u00f3n de datos.<\/p>\n<p>Ahorrar\u00e1s tiempo para la construcci\u00f3n de informes de desempe\u00f1o de manera din\u00e1mica.<\/p>\n<p>Ser\u00e1s m\u00e1s competitivo en el mercado laboral gracias al conocimiento que adquirir\u00e1s con el curso.<\/p>\n<p>Explorar\u00e1s nuevas herramientas para el manejo y administraci\u00f3n de datos.<\/p>\n<p>Acceder\u00e1s al certificado avalado por Hotmart y Seminarios Online.<\/p>\n<p>\u00bfC\u00d3MO LO VAS A LOGRAR?<\/p>\n<p>A trav\u00e9s del siguiente contenido, estructurado paso a paso:<\/p>\n<p>M\u00f3dulo No.1. Construir en 7 pasos sencillos dashboards en Excel, para presentar informes din\u00e1micos<\/p>\n<p>Bienvenida.<br \/>\nContenido 1.<br \/>\nIntroducci\u00f3n.<br \/>\n\u00bfQu\u00e9 es un cuadro de mando o dashboard?<br \/>\n\u00bfCu\u00e1les son los elementos principales de una dashboard?<br \/>\n\u00bfC\u00f3mo crear la tabla de datos para la informaci\u00f3n?<br \/>\n\u00bfC\u00f3mo crear tablas din\u00e1micas?<br \/>\n\u00bfC\u00f3mo insertar gr\u00e1ficas desde las tablas din\u00e1micas? y \u00bfC\u00f3mo dar formato a los gr\u00e1ficos.<br \/>\n\u00bfC\u00f3mo agregar segmentadores para filtrar la informaci\u00f3n y escala de tiempo?<br \/>\n\u00bfC\u00f3mo conectar los segmentadores con las tablas din\u00e1micas?<br \/>\n\u00bfC\u00f3mo dar formato a los segmentadores?<br \/>\n\u00bfC\u00f3mo Insertar f\u00f3rmulas para obtener indicadores de KPIs?<br \/>\n\u00bfC\u00f3mo Insertar formas y cuadros de texto?<br \/>\n\u00bfUso de reglas y condiciones?<br \/>\n\u00bfC\u00f3mo crear botones para movernos por las hojas?<br \/>\n\u00bfC\u00f3mo crear bot\u00f3n para actualizar datos implementando una macro?<br \/>\nFormato final del cuadro de mando y pruebas.<br \/>\nCompartir cuadros de mando en One Drive o SharePoint o publicar en Power BI.<\/p>\n<p>M\u00f3dulo No 2 &#8211; Parte pr\u00e1ctica. Construcci\u00f3n de una dashboard para el \u00e1rea de ventas<\/p>\n<p>Video de pr\u00e1ctica 1. Construcci\u00f3n en 7 pasos de una Dashboard para el \u00e1rea de ventas.<\/p>\n<p>M\u00f3dulo No 3 &#8211; Parte pr\u00e1ctica. Construcci\u00f3n de una dashboard para el \u00e1rea de proyectos<\/p>\n<p>Video de pr\u00e1ctica 2. Construcci\u00f3n en 7 pasos de una Dashboard para el \u00e1rea de proyectos.<\/p>\n<p>M\u00f3dulo No 4 &#8211; Material Adicional y Complementario (Bonos)<\/p>\n<p>5 Dashboard construidas en Excel para las \u00e1reas de ventas, salud, recursos humanos y proyectos.<br \/>\n6 Plantillas de Infograf\u00edas en PowerPoint de con temas de KPI`s, Marketing, Scrum y proyectos.<br \/>\n1 Plantilla de iconos en PowerPoint.<br \/>\n1 PDF sobre Modelos y ejemplos de Dashboard \u2013 CMI I.<br \/>\n1 Presentaci\u00f3n en PowerPoint de todo el contenido del curso.<br \/>\n1 Archivo en Excel para gr\u00e1fico de veloc\u00edmetros.<br \/>\nVideo de YouTube. C\u00f3mo crear un gr\u00e1fico de veloc\u00edmetro en Excel.<br \/>\nVideo de YouTube. Qu\u00e9 es un dashboard y para qu\u00e9 sirve en Marketing.<br \/>\nVideo de YouTube. Como hacer un dashboard para ecommerce (caso real ejemplo).<\/p>\n<p>M\u00f3dulo No.5 (Video respuestas)<\/p>\n<p>Respuestas a preguntas frecuentes.<\/p>\n<p>ACERCA DEL PRODUCTOR<\/p>\n<p>Desarrollado por JAIRO ALEXANDER TAUTA, colombiano, emprendedor que le gusta ense\u00f1ar y ayudar a otros. <\/p>\n<p>Ingeniero electr\u00f3nico, tiene una maestr\u00eda en Administraci\u00f3n de Empresas y es especialista en Direcci\u00f3n de proyectos. <\/p>\n<p>Est\u00e1 certificado como Project Management Professional (PMP) y Master Scrum (SMC). Con m\u00e1s de 10 a\u00f1os de experiencia liderando proyectos en todas sus fases. Explica el paso a paso de c\u00f3mo construir Dashboard en Excel para presentar informes din\u00e1micos, ideal para administrar todo tipo de datos.<\/p>\n","protected":false},"excerpt":{"rendered":"<p>\u00bfQuieres presentar tus datos de manera pr\u00e1ctica, eficaz y entendible?<\/p>\n<p>Con el MasterClass DASHBOARD EN EXCEL PARA INFORMES DIN\u00c1MICOS \u2013 7 PASOS, aprender\u00e1s varias funciones de Excel, que te servir\u00e1n para la construcci\u00f3n de la dashboard sin importar tu experiencia.<\/p>\n","protected":false},"featured_media":3177,"template":"","meta":{"_joinchat":[]},"product_brand":[],"product_cat":[316,344],"product_tag":[],"class_list":{"0":"post-11257","1":"product","2":"type-product","3":"status-publish","4":"has-post-thumbnail","6":"product_cat-apps-y-software","7":"product_cat-todos","9":"first","10":"instock","11":"sale","12":"shipping-taxable","13":"product-type-external"},"_links":{"self":[{"href":"https:\/\/cursos.talentup.cl\/index.php?rest_route=\/wp\/v2\/product\/11257","targetHints":{"allow":["GET"]}}],"collection":[{"href":"https:\/\/cursos.talentup.cl\/index.php?rest_route=\/wp\/v2\/product"}],"about":[{"href":"https:\/\/cursos.talentup.cl\/index.php?rest_route=\/wp\/v2\/types\/product"}],"version-history":[{"count":4,"href":"https:\/\/cursos.talentup.cl\/index.php?rest_route=\/wp\/v2\/product\/11257\/revisions"}],"predecessor-version":[{"id":15967,"href":"https:\/\/cursos.talentup.cl\/index.php?rest_route=\/wp\/v2\/product\/11257\/revisions\/15967"}],"wp:featuredmedia":[{"embeddable":true,"href":"https:\/\/cursos.talentup.cl\/index.php?rest_route=\/wp\/v2\/media\/3177"}],"wp:attachment":[{"href":"https:\/\/cursos.talentup.cl\/index.php?rest_route=%2Fwp%2Fv2%2Fmedia&parent=11257"}],"wp:term":[{"taxonomy":"product_brand","embeddable":true,"href":"https:\/\/cursos.talentup.cl\/index.php?rest_route=%2Fwp%2Fv2%2Fproduct_brand&post=11257"},{"taxonomy":"product_cat","embeddable":true,"href":"https:\/\/cursos.talentup.cl\/index.php?rest_route=%2Fwp%2Fv2%2Fproduct_cat&post=11257"},{"taxonomy":"product_tag","embeddable":true,"href":"https:\/\/cursos.talentup.cl\/index.php?rest_route=%2Fwp%2Fv2%2Fproduct_tag&post=11257"}],"curies":[{"name":"wp","href":"https:\/\/api.w.org\/{rel}","templated":true}]}}