{"id":11263,"date":"2023-01-10T04:38:43","date_gmt":"2023-01-10T07:38:43","guid":{"rendered":"https:\/\/cursos.talentup.cl\/?post_type=product&#038;p=11263"},"modified":"2024-02-07T23:36:32","modified_gmt":"2024-02-08T02:36:32","slug":"canva-tools-branding-para-mas-ventas-exponenciales","status":"publish","type":"product","link":"https:\/\/cursos.talentup.cl\/?product=canva-tools-branding-para-mas-ventas-exponenciales","title":{"rendered":"CANVA TOOLS, + BRANDING PARA M\u00c1S VENTAS EXPONENCIALES"},"content":{"rendered":"<p>\u00bfTe gustar\u00eda establecer un branding profesional, para lograr ventas efectivas?<\/p>\n<p>Con el MasterClass CANVA TOOLS, + BRANDING PARA M\u00c1S VENTAS EXPONENCIALES podr\u00e1s convertirte en practitioner de dise\u00f1o gr\u00e1fico con Canva y potencializar tu negocio de la crisis para llevarla al siguiente nivel.<\/p>\n<p>\u00bfQU\u00c9 VAS A LOGRAR? <\/p>\n<p>Aprender\u00e1s de forma sencilla y pr\u00e1ctica, c\u00f3mo empezar crear resultados tanto en Branding como las ventas exponenciales.<\/p>\n<p>Lograr\u00e1s empezando por mentalidad crear Marca Personal profesional, Crear Logos llamativos, Presentaciones de alto impacto, V\u00eddeos poderosos y llamativos para anuncios y una Estructura secreta de Ventas.<\/p>\n<p>Aprender\u00e1s a explotar al m\u00e1ximo la herramienta de Canva una p\u00e1gina de dise\u00f1o gr\u00e1fico.<\/p>\n<p>Acceder\u00e1s al certificado avalado por Hotmart y Seminarios Online.<\/p>\n<p>\u00bfC\u00d3MO LO VAS A LOGRAR?<\/p>\n<p>A trav\u00e9s del siguiente contenido, estructurado paso a paso:<\/p>\n<p>M\u00f3dulo -1 Mentalidad adecuada para crear la vida que te mereces<\/p>\n<p>Video No.1 &#8211; Bienvenid@ y felicidades.<br \/>\nVideo No.2 &#8211; \u00bfPor qu\u00e9 se cre\u00f3 Canva tools, + Branding para m\u00e1s ventas exponenciales?<br \/>\nVideo No.3 &#8211; Haz un compromiso contigo mismo.<br \/>\nVideo No.4 &#8211; \u00bfY si me equivoco?<br \/>\nVideo No.5 &#8211; El Poder de las 3 C.<\/p>\n<p>M\u00f3dulo-2 Branding professional<\/p>\n<p>Video No.1 &#8211; Introducci\u00f3n al m\u00f3dulo 2.<br \/>\nVideo No.2 &#8211; Marca personal y empresarial.<br \/>\nVideo No.3 &#8211; \u00bfQu\u00e9 debo ofrecer como marca?<br \/>\nVideo No.4 &#8211; \u00bfQu\u00e9 debes tener como marca?<br \/>\nVideo No.5 &#8211; Identidad digital.<\/p>\n<p>M\u00f3dulo-3 Ventas Exponenciales<\/p>\n<p>Video No.1 &#8211; El poder de las 4C para las ventas.<br \/>\nVideo No.2 &#8211; Estructura AIDA.<br \/>\nVideo No.3 &#8211; Ten una meta, crea una tribu.<br \/>\nVideo No.4 &#8211; Regalos de alto valor.<br \/>\nVideo No.5 &#8211; Autoridad, escasez y con incentivo.<\/p>\n<p>M\u00f3dulo-4 Explorando Canva Tools<\/p>\n<p>Video No.1 &#8211; \u00bfQu\u00e9 es y qu\u00e9 puedo hacer con canva?<br \/>\nVideo No.2 &#8211; \u00bfC\u00f3mo me registro en canva?<br \/>\nVideo No.3 &#8211; Explorando Zona de acci\u00f3n 1 de canva.<br \/>\nVideo No.4 &#8211; Explorando zona de acci\u00f3n 2 de canva.<br \/>\nVideo No.5 &#8211; Explorando zona de acci\u00f3n 3 de canva &#8211; las 3 zonas de acci\u00f3n desde un dispositivo celular.<\/p>\n<p>M\u00f3dulo-5 Las 3 zonas de trabajo en canva<\/p>\n<p>Video No.1 &#8211; Zona de trabajo 1 de canva.<br \/>\nVideo No.2 &#8211; Zona de trabajo 2 de canva.<br \/>\nVideo No.3 &#8211; Zona de trabajo 3 de canva.<br \/>\nVideo No.4 &#8211; Las 3 Zonas de trabajo desde el dispositivo celular.<br \/>\nVideo No.5 &#8211; Manos a la obra &#8211; recompensas.<\/p>\n<p>M\u00f3dulo-6 Bonos (Material Adicional)<\/p>\n<p>Video No.1 &#8211; Intro-logos-poderosos y m\u00e1s secretos.<br \/>\nVideo No.2 &#8211; Retroalimentaci\u00f3n para ir hacia tu siguiente nivel.<br \/>\nVideo No.3 &#8211; 30 Palabras poderosas para m\u00e1s ventas de alto impacto.<br \/>\nVideo No.4 &#8211; Eliminar Fondo y crear Mockups.<br \/>\nVideo No.5 &#8211; Canva es mi pasi\u00f3n y m\u00e1s bonos.<\/p>\n<p>M\u00f3dulo-7 Respuestas a las preguntas Frecuentes<\/p>\n<p>Video No.1 &#8211; Cambiar el idioma en canva a espa\u00f1ol.<\/p>\n<p>ACERCA DEL PRODUCTOR<\/p>\n<p>Desarrollado por JOEL DURAN, joven emprendedor, consultor digital, ceo y presidente de la academia y agencia digital lid\u00e9rate y vende m\u00e1s, speaker acreditado por la c\u00e1mara internacional de conferencistas, formador profesional de oradores con licencia internacional, estudi\u00f3 branding, marketing visual y monetizaci\u00f3n de marca, estudiante de la carrera de administraci\u00f3n de empresas.<\/p>\n<p>Apasionado por todo lo que tiene que ver con la transformaci\u00f3n humana, liderazgo de alto impacto, marketing digital y ventas, as\u00ed mismo le encanta ayudar a cientos de personas a que puedan lograr sus metas, por eso mismo ser\u00e1 un placer que pueda ayudarte.<\/p>\n","protected":false},"excerpt":{"rendered":"<p>\u00bfTe gustar\u00eda establecer un branding profesional, para lograr ventas efectivas?<\/p>\n<p>Con el MasterClass CANVA TOOLS, + BRANDING PARA M\u00c1S VENTAS EXPONENCIALES podr\u00e1s convertirte en practitioner de dise\u00f1o gr\u00e1fico con Canva y potencializar tu negocio de la crisis para llevarla al siguiente nivel.<\/p>\n","protected":false},"featured_media":3183,"template":"","meta":{"_joinchat":[]},"product_brand":[],"product_cat":[316,344],"product_tag":[],"class_list":{"0":"post-11263","1":"product","2":"type-product","3":"status-publish","4":"has-post-thumbnail","6":"product_cat-apps-y-software","7":"product_cat-todos","9":"first","10":"instock","11":"sale","12":"shipping-taxable","13":"product-type-external"},"_links":{"self":[{"href":"https:\/\/cursos.talentup.cl\/index.php?rest_route=\/wp\/v2\/product\/11263","targetHints":{"allow":["GET"]}}],"collection":[{"href":"https:\/\/cursos.talentup.cl\/index.php?rest_route=\/wp\/v2\/product"}],"about":[{"href":"https:\/\/cursos.talentup.cl\/index.php?rest_route=\/wp\/v2\/types\/product"}],"version-history":[{"count":4,"href":"https:\/\/cursos.talentup.cl\/index.php?rest_route=\/wp\/v2\/product\/11263\/revisions"}],"predecessor-version":[{"id":15973,"href":"https:\/\/cursos.talentup.cl\/index.php?rest_route=\/wp\/v2\/product\/11263\/revisions\/15973"}],"wp:featuredmedia":[{"embeddable":true,"href":"https:\/\/cursos.talentup.cl\/index.php?rest_route=\/wp\/v2\/media\/3183"}],"wp:attachment":[{"href":"https:\/\/cursos.talentup.cl\/index.php?rest_route=%2Fwp%2Fv2%2Fmedia&parent=11263"}],"wp:term":[{"taxonomy":"product_brand","embeddable":true,"href":"https:\/\/cursos.talentup.cl\/index.php?rest_route=%2Fwp%2Fv2%2Fproduct_brand&post=11263"},{"taxonomy":"product_cat","embeddable":true,"href":"https:\/\/cursos.talentup.cl\/index.php?rest_route=%2Fwp%2Fv2%2Fproduct_cat&post=11263"},{"taxonomy":"product_tag","embeddable":true,"href":"https:\/\/cursos.talentup.cl\/index.php?rest_route=%2Fwp%2Fv2%2Fproduct_tag&post=11263"}],"curies":[{"name":"wp","href":"https:\/\/api.w.org\/{rel}","templated":true}]}}