{"id":11273,"date":"2023-01-10T04:38:43","date_gmt":"2023-01-10T07:38:43","guid":{"rendered":"https:\/\/cursos.talentup.cl\/?post_type=product&#038;p=11273"},"modified":"2024-02-07T23:36:33","modified_gmt":"2024-02-08T02:36:33","slug":"illustrator-para-emprendedores","status":"publish","type":"product","link":"https:\/\/cursos.talentup.cl\/?product=illustrator-para-emprendedores","title":{"rendered":"ILLUSTRATOR PARA EMPRENDEDORES"},"content":{"rendered":"<p>Los emprendedores de hoy no son nada, sin proyectar una imagen ganadora. Muchos, se encuentran detenidos en el tiempo usando piezas publicitarias que no comunican de forma impactante.<\/p>\n<p>Con el MasterClass ADOBE ILLUSTRATOR PARA EMPRENDEDORES, domina una herramienta con una metodolog\u00eda f\u00e1cil de aprendizaje sin necesidad de ser un dise\u00f1ador.<\/p>\n<p>Crea im\u00e1genes para tu negocio en tiempo record y desarrolla cientos de piezas publicitarias con la imagen de tu negocio y tus productos con un aspecto profesional.<\/p>\n<p>\u00bfQU\u00c9 VAS A LOGRAR?<\/p>\n<p>Aprender\u00e1s a crear im\u00e1genes para tu negocio usando Adobe illustrator, en tiempo r\u00e9cord. <\/p>\n<p>Aprender\u00e1s a darle un aspecto m\u00e1s profesional a las fotos y los dise\u00f1os que compartes de tu emprendimiento.  <\/p>\n<p>Obtendr\u00e1s resultados sin hacer un largo curso de manejo de la aplicaci\u00f3n. <\/p>\n<p>Podr\u00e1s hacer o modificar dise\u00f1os de tu publicidad sin esperar a un dise\u00f1ador.  <\/p>\n<p>Aprender\u00e1s a crear docenas de piezas de publicidad con la imagen de tu negocio y tus productos con aspecto profesional.<\/p>\n<p>Crear\u00e1s en s\u00f3lo 10 minutos esa imagen para tu negocio que est\u00e1 en tu cabeza y no logras explicarle a un dise\u00f1ador.<\/p>\n<p>Acceder\u00e1s al certificado avalado por Hotmart y Seminarios Online.<\/p>\n<p>\u00bfC\u00d3MO LO VAS A LOGRAR?<\/p>\n<p>A trav\u00e9s del siguiente contenido estructurado paso a paso:<\/p>\n<p>Video 1: C\u00f3mo consumir este programa de formaci\u00f3n. \t<\/p>\n<p>Video 2: Presentaci\u00f3n. \t\t\t\t\t\t<\/p>\n<p>Video 3: Requerimientos. \t\t\t\t\t\t<\/p>\n<p>Video 4: Mi primer creativo. \t\t\t\t\t\t<\/p>\n<p>Video 5: Mi primer creativo x 4. \t\t\t\t\t<\/p>\n<p>Video 6: Mi segundo creativo. \t\t\t\t\t<\/p>\n<p>Video 7: Adaptado a stories. \t\t\t\t\t\t<\/p>\n<p>Video 8: Aprende m\u00e1s de capas. \t\t\t\t\t<\/p>\n<p>Video 9: Aprende m\u00e1s de efectos.\t\t\t\t<\/p>\n<p>Video 10: Aprende m\u00e1s de apariencia.\t\t\t\t\t<\/p>\n<p>Video 11: Aprende m\u00e1s de color.\t\t\t\t\t<\/p>\n<p>Video 12: Aprende m\u00e1s de pluma trazos.\t\t\t\t\t<\/p>\n<p>Video 13: Aprende m\u00e1s de quitar fondo.\t\t\t\t<\/p>\n<p>ACERCA DEL PRODUCTOR<\/p>\n<p>Desarrollado por H\u00c9CTOR LASCANO, venezolano, ingeniero mec\u00e1nico, emprendedor desde los 18 a\u00f1os, apasionado de la producci\u00f3n y creaci\u00f3n multimedia.  <\/p>\n<p>Apasionado del emprendimiento y la creaci\u00f3n de negocios y eterno buscador de negocios y modelos de negocios que conduzcan a la libertad financiera y personal.<\/p>\n<p>Emprendedor desde los 17 a\u00f1os con negocio independiente y posteriormente de recibirme como ingeniero, incursion\u00f3 en el mundo de la industria petrolera en su pa\u00eds Venezuela, durante m\u00e1s de 8 a\u00f1os llegando luego a crear su propio negocio al servicio de la Industria.<\/p>\n<p>Durante todo este trayecto ha tenido que tratar con dise\u00f1adores gr\u00e1ficos tanto independientes como con agencias, con resultados y experiencias que nunca han llenado 100% sus expectativas.<\/p>\n<p>Hace m\u00e1s de 5 a\u00f1os ha estado aprendiendo de las aplicaciones y del dise\u00f1o gr\u00e1fico y la publicidad, al punto de llegar a dominar las herramientas m\u00e1s populares del mercado y tener los conocimientos necesarios para plasmar ideas en el papel o en la computadora y obtener los resultados deseados sin necesidad de recurrir a ning\u00fan externo.<\/p>\n","protected":false},"excerpt":{"rendered":"<p>Los emprendedores de hoy no son nada, sin proyectar una imagen ganadora. Muchos, se encuentran detenidos en el tiempo usando piezas publicitarias que no comunican de forma impactante.<\/p>\n<p>Con el MasterClass ADOBE ILLUSTRATOR PARA EMPRENDEDORES, domina una herramienta con una metodolog\u00eda f\u00e1cil de aprendizaje sin necesidad de ser un dise\u00f1ador.<\/p>\n<p>Crea im\u00e1genes para tu negocio en tiempo record y desarrolla cientos de piezas publicitarias con la imagen de tu negocio y tus productos con un aspecto profesional.<\/p>\n","protected":false},"featured_media":3193,"template":"","meta":{"_joinchat":[]},"product_brand":[],"product_cat":[316,344],"product_tag":[],"class_list":{"0":"post-11273","1":"product","2":"type-product","3":"status-publish","4":"has-post-thumbnail","6":"product_cat-apps-y-software","7":"product_cat-todos","9":"first","10":"instock","11":"sale","12":"shipping-taxable","13":"product-type-external"},"_links":{"self":[{"href":"https:\/\/cursos.talentup.cl\/index.php?rest_route=\/wp\/v2\/product\/11273","targetHints":{"allow":["GET"]}}],"collection":[{"href":"https:\/\/cursos.talentup.cl\/index.php?rest_route=\/wp\/v2\/product"}],"about":[{"href":"https:\/\/cursos.talentup.cl\/index.php?rest_route=\/wp\/v2\/types\/product"}],"version-history":[{"count":4,"href":"https:\/\/cursos.talentup.cl\/index.php?rest_route=\/wp\/v2\/product\/11273\/revisions"}],"predecessor-version":[{"id":15983,"href":"https:\/\/cursos.talentup.cl\/index.php?rest_route=\/wp\/v2\/product\/11273\/revisions\/15983"}],"wp:featuredmedia":[{"embeddable":true,"href":"https:\/\/cursos.talentup.cl\/index.php?rest_route=\/wp\/v2\/media\/3193"}],"wp:attachment":[{"href":"https:\/\/cursos.talentup.cl\/index.php?rest_route=%2Fwp%2Fv2%2Fmedia&parent=11273"}],"wp:term":[{"taxonomy":"product_brand","embeddable":true,"href":"https:\/\/cursos.talentup.cl\/index.php?rest_route=%2Fwp%2Fv2%2Fproduct_brand&post=11273"},{"taxonomy":"product_cat","embeddable":true,"href":"https:\/\/cursos.talentup.cl\/index.php?rest_route=%2Fwp%2Fv2%2Fproduct_cat&post=11273"},{"taxonomy":"product_tag","embeddable":true,"href":"https:\/\/cursos.talentup.cl\/index.php?rest_route=%2Fwp%2Fv2%2Fproduct_tag&post=11273"}],"curies":[{"name":"wp","href":"https:\/\/api.w.org\/{rel}","templated":true}]}}