{"id":11274,"date":"2023-01-10T04:38:43","date_gmt":"2023-01-10T07:38:43","guid":{"rendered":"https:\/\/cursos.talentup.cl\/?post_type=product&#038;p=11274"},"modified":"2024-02-07T23:36:33","modified_gmt":"2024-02-08T02:36:33","slug":"produccion-audiovisual-master-software-vmix","status":"publish","type":"product","link":"https:\/\/cursos.talentup.cl\/?product=produccion-audiovisual-master-software-vmix","title":{"rendered":"PRODUCCI\u00d3N AUDIOVISUAL M\u00c1STER \u2013 SOFTWARE VMIX"},"content":{"rendered":"<p>Los mejores canales de televisi\u00f3n a nivel mundial necesitan un software para hacer producciones de alta calidad. Hoy, tener acceso a esta informaci\u00f3n es m\u00e1s f\u00e1cil de lo que te imaginas.<\/p>\n<p>Con el MasterClass PRODUCCI\u00d3N AUDIOVISUAL MASTER, aprende los secretos que necesitas para lograrlo con VMIX SOFTWARE.<\/p>\n<p>\u00a1Crea producciones audiovisuales profesionales, lanzamientos y cursos digitales con una de las tecnolog\u00edas m\u00e1s intuitivas y poderosas del mercado!<\/p>\n<p>\u00bfQU\u00c9 VAS A LOGRAR?<\/p>\n<p>Aprender\u00e1s a trabajar de forma b\u00e1sica pero eficaz en el software m\u00e1s usado por los canales de televisi\u00f3n a nivel mundial.<\/p>\n<p>Conocer\u00e1s c\u00f3mo integrar diferentes tipos de c\u00e1maras para desarrollar la producci\u00f3n y mezcla de una producci\u00f3n audiovisual. <\/p>\n<p>Aprender\u00e1s conceptos de composici\u00f3n fotogr\u00e1fica para el uso de narrativas audiovisuales b\u00e1sicas. <\/p>\n<p>Aprender\u00e1s a usar el tri\u00e1ngulo b\u00e1sico de iluminaci\u00f3n usado en la televisi\u00f3n profesional y algunas aplicaciones virtuales para realizar tus esquemas de forma profesional. <\/p>\n<p>Conocer\u00e1s las diferentes opciones que podr\u00e1s usar para la conexi\u00f3n de micr\u00f3fonos y garantizar la calidad del audio.<\/p>\n<p>Usar\u00e1s y crear\u00e1s diferentes dise\u00f1os de cr\u00e9ditos y t\u00edtulos tal como lo hacen los noticieros de hoy. <\/p>\n<p>Realizar\u00e1s todos tus lanzamientos de productos f\u00edsicos o digitales con una presentaci\u00f3n profesional y confiable. <\/p>\n<p>Acceder\u00e1s al certificado avalado por Hotmart y Seminarios Online.<\/p>\n<p>\u00bfC\u00d3MO LO VAS A LOGRAR?<\/p>\n<p>A trav\u00e9s del siguiente contenido:<\/p>\n<p>VIDEO 1: Presentaci\u00f3n e introducci\u00f3n.<br \/>\nVIDEO 2: Instalaci\u00f3n del software VMIX.<br \/>\nVIDEO 3: Reconocimiento de la plataforma VMIX parte 1.<br \/>\nVIDEO 4: Reconocimiento de la plataforma VMIX parte 2.<br \/>\nVIDEO 5: Conexiones y c\u00e1maras.<br \/>\nVIDEO 6: Planos y movimientos.<br \/>\nVIDEO 7: T\u00edtulos y cr\u00e9ditos.<br \/>\nVIDEO 8: Audio b\u00e1sico.<br \/>\nVIDEO 9: Iluminaci\u00f3n b\u00e1sica.<br \/>\nVIDEO 10: Formatos.<br \/>\nVIDEO 11: Medici\u00f3n de internet y configuraci\u00f3n en VIMIX.<br \/>\nVIDEO 12: Pr\u00e1ctica real parte 1.<br \/>\nVIDEO 13: Pr\u00e1ctica real parte 2.<br \/>\nVIDEO 14: Pr\u00e1ctica real parte 3.<br \/>\nVIDEO 15: BONUS: Conexi\u00f3n de VIMIX con ZOOM para tus lanzamientos. <\/p>\n<p>ACERCA DEL PRODUCTOR<\/p>\n<p>Desarrollado por JUAN OSORIO, realizador audiovisual y artista en formaci\u00f3n con 15 a\u00f1os de experiencia en la televisi\u00f3n cale\u00f1a.<\/p>\n<p>Director del programa ARTEFACTO TELEVISI\u00d3N que lleva ya 7 a\u00f1os al aire emitido por uno de los canales de televisi\u00f3n de Santiago de Cali Colombia. <\/p>\n<p>Codirector del colectivo MESA ROCK, grupo cultural y productor de contenido audiovisual para las agrupaciones emergentes del Valle del Cauca.<\/p>\n<p>Privacidad<br \/>\nTu informaci\u00f3n est\u00e1 100% segura<br \/>\nCompra segura<br \/>\nAmbiente seguro y autenticado<br \/>\nEntrega por email<br \/>\nAcceso al producto entregado por email<br \/>\nContenido aprobado<br \/>\n100% revisado y aprobado<\/p>\n","protected":false},"excerpt":{"rendered":"<p>Los mejores canales de televisi\u00f3n a nivel mundial necesitan un software para hacer producciones de alta calidad. Hoy, tener acceso a esta informaci\u00f3n es m\u00e1s f\u00e1cil de lo que te imaginas.<\/p>\n<p>Con el MasterClass PRODUCCI\u00d3N AUDIOVISUAL MASTER, aprende los secretos que necesitas para lograrlo con VMIX SOFTWARE.<\/p>\n<p>\u00a1Crea producciones audiovisuales profesionales, lanzamientos y cursos digitales con una de las tecnolog\u00edas m\u00e1s intuitivas y poderosas del mercado!<\/p>\n","protected":false},"featured_media":3194,"template":"","meta":{"_joinchat":[]},"product_brand":[],"product_cat":[316,344],"product_tag":[],"class_list":{"0":"post-11274","1":"product","2":"type-product","3":"status-publish","4":"has-post-thumbnail","6":"product_cat-apps-y-software","7":"product_cat-todos","9":"first","10":"instock","11":"sale","12":"shipping-taxable","13":"product-type-external"},"_links":{"self":[{"href":"https:\/\/cursos.talentup.cl\/index.php?rest_route=\/wp\/v2\/product\/11274","targetHints":{"allow":["GET"]}}],"collection":[{"href":"https:\/\/cursos.talentup.cl\/index.php?rest_route=\/wp\/v2\/product"}],"about":[{"href":"https:\/\/cursos.talentup.cl\/index.php?rest_route=\/wp\/v2\/types\/product"}],"version-history":[{"count":4,"href":"https:\/\/cursos.talentup.cl\/index.php?rest_route=\/wp\/v2\/product\/11274\/revisions"}],"predecessor-version":[{"id":15984,"href":"https:\/\/cursos.talentup.cl\/index.php?rest_route=\/wp\/v2\/product\/11274\/revisions\/15984"}],"wp:featuredmedia":[{"embeddable":true,"href":"https:\/\/cursos.talentup.cl\/index.php?rest_route=\/wp\/v2\/media\/3194"}],"wp:attachment":[{"href":"https:\/\/cursos.talentup.cl\/index.php?rest_route=%2Fwp%2Fv2%2Fmedia&parent=11274"}],"wp:term":[{"taxonomy":"product_brand","embeddable":true,"href":"https:\/\/cursos.talentup.cl\/index.php?rest_route=%2Fwp%2Fv2%2Fproduct_brand&post=11274"},{"taxonomy":"product_cat","embeddable":true,"href":"https:\/\/cursos.talentup.cl\/index.php?rest_route=%2Fwp%2Fv2%2Fproduct_cat&post=11274"},{"taxonomy":"product_tag","embeddable":true,"href":"https:\/\/cursos.talentup.cl\/index.php?rest_route=%2Fwp%2Fv2%2Fproduct_tag&post=11274"}],"curies":[{"name":"wp","href":"https:\/\/api.w.org\/{rel}","templated":true}]}}