{"id":11275,"date":"2023-01-10T04:38:43","date_gmt":"2023-01-10T07:38:43","guid":{"rendered":"https:\/\/cursos.talentup.cl\/?post_type=product&#038;p=11275"},"modified":"2024-02-07T23:36:33","modified_gmt":"2024-02-08T02:36:33","slug":"google-parental-padres-y-madres-tranquilos","status":"publish","type":"product","link":"https:\/\/cursos.talentup.cl\/?product=google-parental-padres-y-madres-tranquilos","title":{"rendered":"GOOGLE PARENTAL (PADRES Y MADRES TRANQUILOS)"},"content":{"rendered":"<p>\u00bfTe preocupa saber qu\u00e9 tipo de contenido consumen tus hijos menores de edad y con qu\u00e9 frecuencia en su dispositivo m\u00f3vil?<\/p>\n<p>1 de cada 10 menores sufre de adici\u00f3n digital y esta cifra se ha disparado en todo el planeta.<\/p>\n<p>Con el programa GOOGLE PARENTAL (PADRES Y MADRES TRANQUILAS) crea h\u00e1bitos digitales saludables para tu familia.<\/p>\n<p>Gu\u00eda a tus hijos para que consuman contenido de calidad.<\/p>\n<p>Adem\u00e1s, identifica su ubicaci\u00f3n por medio del dispositivo m\u00f3vil, los filtros de google Chrome y \u00a1mucho m\u00e1s!<\/p>\n<p>\u00bfQU\u00c9 VAS A LOGRAR?<\/p>\n<p>Aprender\u00e1s a ayudar a la familia a tener h\u00e1bitos digitales saludables.<\/p>\n<p>Aprender\u00e1s a guiar a tus hijas o hijos por contenido de calidad.<\/p>\n<p>Aprender\u00e1s a administrar las Apps para que tus hijos o hijas consuman en sus dispositivos m\u00f3viles.<\/p>\n<p>Alimentar\u00e1s su curiosidad a trav\u00e9s de Apps que puede instalar en sus dispositivos m\u00f3viles.<\/p>\n<p>Aprender\u00e1s a vigilar y controlar su horario de uso de los dispositivos m\u00f3viles.<\/p>\n<p>Aprender\u00e1s a conocer su ubicaci\u00f3n por medio del dispositivo m\u00f3vil.<\/p>\n<p>Gestionar\u00e1s y controlar\u00e1s todo lo que tus hijos consumen desde internet en su dispositivo m\u00f3vil para crear h\u00e1bitos digitales saludables.<\/p>\n<p>Acceder\u00e1s al certificado avalado por Hotmart y Seminarios Online.<\/p>\n<p>\u00bfC\u00d3MO LO VAS A LOGRAR?<\/p>\n<p>A trav\u00e9s del siguiente contenido estructurado paso a paso:<\/p>\n<p>VIDEO 1: Introducci\u00f3n.<br \/>\nVIDEO 2: Creaci\u00f3n de la cuenta de Gmail de tu hijo\/hija.<br \/>\nVIDEO 3: Pasos iniciales.<br \/>\nVIDEO 4: Sincronizaci\u00f3n de las cuentas de Gmail en cada dispositivo.<br \/>\nVIDEO 5: Explorando el entorno de la aplicaci\u00f3n de los padres.<br \/>\nVIDEO 6: Men\u00fa lateral izquierdo.<br \/>\nVIDEO 7: Controles de Google Play.<br \/>\nVIDEO 8: Controles de Google Chrome y YouTube.<br \/>\nVIDEO 9: Asistente de Google, Apps y gestionar la ubicaci\u00f3n de tu hijo.<br \/>\nVIDEO 10: Otras configuraciones.<br \/>\nVIDEO 11: Resumen.<br \/>\nVIDEO 12: Autorizaci\u00f3n de Apps por mensaje.<br \/>\nVIDEO 13: Autorizaci\u00f3n de Apps de forma presencial.<br \/>\nVIDEO 14: Autorizaci\u00f3n de libros electr\u00f3nicos.<br \/>\nVIDEO 15: Autorizaci\u00f3n de pel\u00edculas y m\u00fasica.<br \/>\nVIDEO 16: Autorizaciones en el navegador de Google Chrome.<br \/>\nVIDEO 17: Los filtros de b\u00fasqueda de Google Chorme.<br \/>\nVIDEO 18: Los permisos de YouTube y YouTube Kids.<br \/>\nVIDEO 19: Revisi\u00f3n de los permisos de YouTube y YouTube Kids.<br \/>\nVIDEO 20: Resumen de validaciones.<br \/>\nVIDEO 21: Configuraci\u00f3n de la ubicaci\u00f3n de los dispositivos.<br \/>\nVIDEO 22: Validaci\u00f3n de la ubicaci\u00f3n del dispositivo en los menores.<br \/>\nVIDEO 23: Configuraci\u00f3n de los horarios de uso del dispositivo m\u00f3vil del menor.<br \/>\nVIDEO 24: L\u00edmite diario y hora de dormir.<br \/>\nVIDEO 25: Finalizaci\u00f3n del curso.<\/p>\n<p>ACERCA DEL PRODUCTOR<\/p>\n<p>Desarrollado por RAUL MAURICIO OIDOR LOZANO, colombiano, hombre emprendedor con deseos de ense\u00f1ar a otros desde su experiencia de m\u00e1s de 20 a\u00f1os; donde aprendi\u00f3 a dise\u00f1ar, desarrollar e implementar herramientas de productividad y seguridad para empresas y familias. <\/p>\n<p>Apasionado por la productividad, la calidad y el emprendimiento. <\/p>\n<p>Profesional en ingenier\u00eda inform\u00e1tica especialista en log\u00edstica y desarrollador de software. <\/p>\n","protected":false},"excerpt":{"rendered":"<p>\u00bfTe preocupa saber qu\u00e9 tipo de contenido consumen tus hijos menores de edad y con qu\u00e9 frecuencia en su dispositivo m\u00f3vil?<\/p>\n<p>1 de cada 10 menores sufre de adici\u00f3n digital y esta cifra se ha disparado en todo el planeta.<\/p>\n<p>Con el programa GOOGLE PARENTAL (PADRES Y MADRES TRANQUILAS) crea h\u00e1bitos digitales saludables para tu familia.<\/p>\n<p>Gu\u00eda a tus hijos para que consuman contenido de calidad.<\/p>\n<p>Adem\u00e1s, identifica su ubicaci\u00f3n por medio del dispositivo m\u00f3vil, los filtros de google Chrome y \u00a1mucho m\u00e1s!<\/p>\n","protected":false},"featured_media":3195,"template":"","meta":{"_joinchat":[]},"product_brand":[],"product_cat":[316,344],"product_tag":[],"class_list":{"0":"post-11275","1":"product","2":"type-product","3":"status-publish","4":"has-post-thumbnail","6":"product_cat-apps-y-software","7":"product_cat-todos","9":"first","10":"instock","11":"sale","12":"shipping-taxable","13":"product-type-external"},"_links":{"self":[{"href":"https:\/\/cursos.talentup.cl\/index.php?rest_route=\/wp\/v2\/product\/11275","targetHints":{"allow":["GET"]}}],"collection":[{"href":"https:\/\/cursos.talentup.cl\/index.php?rest_route=\/wp\/v2\/product"}],"about":[{"href":"https:\/\/cursos.talentup.cl\/index.php?rest_route=\/wp\/v2\/types\/product"}],"version-history":[{"count":4,"href":"https:\/\/cursos.talentup.cl\/index.php?rest_route=\/wp\/v2\/product\/11275\/revisions"}],"predecessor-version":[{"id":15985,"href":"https:\/\/cursos.talentup.cl\/index.php?rest_route=\/wp\/v2\/product\/11275\/revisions\/15985"}],"wp:featuredmedia":[{"embeddable":true,"href":"https:\/\/cursos.talentup.cl\/index.php?rest_route=\/wp\/v2\/media\/3195"}],"wp:attachment":[{"href":"https:\/\/cursos.talentup.cl\/index.php?rest_route=%2Fwp%2Fv2%2Fmedia&parent=11275"}],"wp:term":[{"taxonomy":"product_brand","embeddable":true,"href":"https:\/\/cursos.talentup.cl\/index.php?rest_route=%2Fwp%2Fv2%2Fproduct_brand&post=11275"},{"taxonomy":"product_cat","embeddable":true,"href":"https:\/\/cursos.talentup.cl\/index.php?rest_route=%2Fwp%2Fv2%2Fproduct_cat&post=11275"},{"taxonomy":"product_tag","embeddable":true,"href":"https:\/\/cursos.talentup.cl\/index.php?rest_route=%2Fwp%2Fv2%2Fproduct_tag&post=11275"}],"curies":[{"name":"wp","href":"https:\/\/api.w.org\/{rel}","templated":true}]}}