{"id":11276,"date":"2023-01-10T04:38:43","date_gmt":"2023-01-10T07:38:43","guid":{"rendered":"https:\/\/cursos.talentup.cl\/?post_type=product&#038;p=11276"},"modified":"2024-02-07T23:36:33","modified_gmt":"2024-02-08T02:36:33","slug":"diseno-web-con-elementor","status":"publish","type":"product","link":"https:\/\/cursos.talentup.cl\/?product=diseno-web-con-elementor","title":{"rendered":"DISE\u00d1O WEB CON ELEMENTOR"},"content":{"rendered":"<p>\u00bfTe parece dif\u00edcil dise\u00f1ar tu propio sitio web y gastas mucho dinero en una agencia para que lo haga?<\/p>\n<p>Con el MasterClass DISE\u00d1O WEB CON ELEMENTOR, aprende un programa f\u00e1cil y pr\u00e1ctico para crearlo a tu medida.<\/p>\n<p>Consigue el mejor hosting y dominio para alojar tu sitio web.<\/p>\n<p>Adem\u00e1s, usa desde cero el plugin de optimizaci\u00f3n web y las plantillas adecuadas para atraer a tu p\u00fablico. <\/p>\n<p>En menos de 7 d\u00edas, tendr\u00e1s tu sitio web listo, con un programa \u00fatil, directo y al grano, de forma precisa y eficiente.<\/p>\n<p>\u00bfQU\u00c9 VAS A LOGRAR?<\/p>\n<p>Aprender\u00e1s el m\u00e9todo para conseguir el mejor hosting y dominio para alojar tu sitio web.<\/p>\n<p>Aprender\u00e1s a instalar un certificado de seguridad en tu p\u00e1gina web para que google no te penalice.<\/p>\n<p>Aprender\u00e1s a instalar WordPress en tan s\u00f3lo 3 sencillos pasos.<\/p>\n<p>Dominar\u00e1s Elementor paso a paso, as\u00ed como todos los widgets pro.<\/p>\n<p>Aprender\u00e1s a usar desde cero el mejor plugin de optimizaci\u00f3n web, no necesitar\u00e1s conocimientos ni experiencia previa.<\/p>\n<p>Aprender\u00e1s a usar plantillas ya predise\u00f1adas para que te ahorres tiempo y trabajo en tu proyecto y si decides montar tu propio negocio de dise\u00f1o web, esta herramienta te vendr\u00e1 de maravilla.<\/p>\n<p>Aprender\u00e1s el m\u00e9todo exacto para optimizar el rendimiento y la velocidad de tu sitio web que cargue en menos de 3 segundos.<\/p>\n<p>Tendr\u00e1s tu sitio web propio, listo en menos de 7 d\u00edas ya que el contenido del programa va directo al grano, de forma precisa y eficiente.<\/p>\n<p>Acceder\u00e1s al certificado avalado por Hotmart y Seminarios Online.<\/p>\n<p>\u00bfC\u00d3MO LO VAS A LOGRAR?<\/p>\n<p>A trav\u00e9s de los siguientes m\u00f3dulos:<\/p>\n<p>M\u00f3dulo 1 &#8211; \u201cP\u00c1GINAS WEB SIN PROGRAMACI\u00d3N\u201d<\/p>\n<p>Video 1 &#8211; Bienvenida e Introducci\u00f3n a WordPress.<br \/>\nVideo 2 &#8211; Pasos para crear cualquier tipo de sitio web.<br \/>\nVideo 3 &#8211; Tu Dominio por $1<br \/>\nVideo 4 &#8211; Acceder a Hosting.<br \/>\nVideo 5 &#8211; Apuntar DNS a Hosting .<br \/>\nVideo 6 &#8211; Instalar WordPress.<br \/>\nVideo 7 &#8211; Ajustes b\u00e1sicos de WordPres.<br \/>\nVideo 8 &#8211; Instalar Astra y Elementor.<br \/>\nVideo 9 &#8211; Crear P\u00e1ginas de la web y Men\u00fa Principal.<br \/>\nVideo 10 &#8211; Personalizar Plantilla (Logo, Men\u00fa, Colores).<br \/>\nVideo 11 &#8211; Ajustes b\u00e1sicos de Elementor.<br \/>\nVideo 12 (PARTE 1) &#8211; C\u00f3mo Agregar Encabezados y Textos a tu web.<br \/>\nVideo 13 (PARTE 2) &#8211; C\u00f3mo Agregar Encabezados y Textos a tu web.<br \/>\nVideo 14 &#8211; C\u00f3mo Agregar Secci\u00f3n Interior y Bot\u00f3n.<br \/>\nVideo 15 &#8211; C\u00f3mo Agregar Im\u00e1genes y Videos.<br \/>\nVideo 16 &#8211; Separador y Espaciador.<br \/>\nVideo 17 &#8211; Google Map e \u00cdcono.<br \/>\nVideo 18 &#8211; Cuadro de Imagen y Caja de \u00cdcono.<br \/>\nVideo 19 &#8211; Carrusel de Im\u00e1genes y Galer\u00eda B\u00e1sica.<br \/>\nVideo 20 &#8211; Listado de \u00cdconos, Contador y Barra de Progreso.<br \/>\nVideo 21 &#8211; Recomendaci\u00f3n y Valoraci\u00f3n de estrellas.<br \/>\nVideo 22 &#8211; Pesta\u00f1as, Acorde\u00f3n y Conmutador.<br \/>\nVideo 23 &#8211; \u00cdconos Sociales, Alerta y SoundCloud.<br \/>\nVideo 24 &#8211; Ancla de Men\u00fa y Ruta de Texto.<br \/>\nVideo 25 &#8211; Gallery, Login y Slides.<br \/>\nVideo 26 &#8211; Men\u00fa de Navegaci\u00f3n y T\u00edtulo animado.<br \/>\nVideo 27 &#8211; Lista de Precio y Tabla de Precio.<br \/>\nVideo 28 &#8211; Flip Box y Call to Action.<br \/>\nVideo 29 &#8211; Media Carrusel y Testimonio Carrusel.<br \/>\nVideo 30 &#8211; Reviews, Contador y Share Buttons.<br \/>\nVideo 31 &#8211; Editar P\u00e1gina desde Cero &#8211; Parte 1<br \/>\nVideo 32 &#8211; Editar P\u00e1gina desde Cero &#8211; Parte 2<br \/>\nVideo 33 &#8211; Editar P\u00e1gina desde Cero &#8211; Parte 3<br \/>\nVideo 34 &#8211; Editar P\u00e1gina desde Cero &#8211; Parte 4<br \/>\nVideo 35 &#8211; Cabecera Transparente.<br \/>\nVideo 36 &#8211; Mascara, efectos de movimiento y Posicionamiento.<br \/>\nVideo 37 &#8211; Editar en m\u00f3viles y tabletas.<br \/>\nVideo 38 &#8211; Usar Plantillas Predise\u00f1adas.<\/p>\n<p>M\u00f3dulo 2 &#8211; \u201cOPTIMIZACI\u00d3N Y VELOCIDAD DE TU WEB\u201d<\/p>\n<p>Video 39 \u2013 Introducci\u00f3n Lecci\u00f3n.<br \/>\nVideo 40 &#8211; Medici\u00f3n Y An\u00e1lisis.<br \/>\nVideo 41 &#8211; Analizar Contenido Y Plugins.<br \/>\nVideo 42 &#8211; Configuraci\u00f3n De WordPress.<br \/>\nVideo 43 &#8211; Plugins de Cach\u00e9.<br \/>\nVideo 44 &#8211; Im\u00e1genes Y v\u00eddeos.<br \/>\nVideo 45 &#8211; Ficheros Externos.<\/p>\n<p>M\u00f3dulo 3 &#8211; \u201cBLOGS\u201d<\/p>\n<p>Video 46 &#8211; Introducci\u00f3n y Diferencias entre Blog y Sitio Web.<br \/>\nVideo 47 &#8211; Crear P\u00e1gina Blog y A\u00f1adirla al Men\u00fa.<br \/>\nVideo 48 &#8211; Configurar sitio web + Blog.<br \/>\nVideo 49 &#8211; Nueva Entrada (edici\u00f3n con WordPress).<br \/>\nVideo 50 &#8211; Nueva Entrada (edici\u00f3n con Elementor) &#8211; Parte1<br \/>\nVideo 51 &#8211; Nueva Entrada (edici\u00f3n con Elementor) &#8211; Parte2<br \/>\nVideo 52 &#8211; Crear \u00faltimos art\u00edculos en p\u00e1gina de inicio.<br \/>\nVideo 53 &#8211; Editar en m\u00f3vil.<br \/>\nVideo 54 &#8211; Crear categor\u00edas.<br \/>\nVideo 55 &#8211; Editar la p\u00e1gina Blog (dejar barra lateral s\u00f3lo con categor\u00edas).<br \/>\nVideo 56 &#8211; Configurar sitio enfocado a Blog con nuevo men\u00fa.<br \/>\nVideo 57 &#8211; Quitar barra lateral a Blog.<\/p>\n<p>BONUS<\/p>\n<p>BONO #1 &#8211; LICENCIA DE ELEMENTOR PRO. BONO #2 &#8211; LICENCIA DE WP ROCKET.<br \/>\nBONO #3 &#8211; HOJA DE RUTA.<br \/>\nBONO #4 &#8211; ASESOR\u00cdA Y ACOMPA\u00d1AMIENTO EN VIVO V\u00cdA ZOOM.<br \/>\nBONO #5 &#8211; GRUPO PRIVADO DE ALUMNOS.<\/p>\n<p>ACERCA DEL PRODUCTOR<\/p>\n<p>Desarrollado por PABLO DEL HIERRO, amante de WordPress y Elementor.<\/p>\n<p>Ha ayudado a emprendedores y negocios en m\u00e1s de 10 pa\u00edses de Am\u00e9rica y Europa a crear desde cero su propio negocio en Internet.<\/p>\n<p>Desde el 2017 se sumergi\u00f3 en el mundo de WordPress y desde all\u00ed no ha parado de compartir sus conocimientos con alumnos en varias partes del mundo.<\/p>\n<p>Se ha capacitado con Referentes reconocidos como Vilma N\u00fa\u00f1ez y Javier Elices.<\/p>\n<p>Aquellos han inspirado su propuesta de valor, creando un modelo que te permitir\u00e1 generar ingresos durante todo el a\u00f1o.<\/p>\n","protected":false},"excerpt":{"rendered":"<p>\u00bfTe parece dif\u00edcil dise\u00f1ar tu propio sitio web y gastas mucho dinero en una agencia para que lo haga?<\/p>\n<p>Con el MasterClass DISE\u00d1O WEB CON ELEMENTOR, aprende un programa f\u00e1cil y pr\u00e1ctico para crearlo a tu medida.<\/p>\n<p>Consigue el mejor hosting y dominio para alojar tu sitio web.<\/p>\n<p>Adem\u00e1s, usa desde cero el plugin de optimizaci\u00f3n web y las plantillas adecuadas para atraer a tu p\u00fablico. <\/p>\n<p>En menos de 7 d\u00edas, tendr\u00e1s tu sitio web listo, con un programa \u00fatil, directo y al grano, de forma precisa y eficiente.<\/p>\n","protected":false},"featured_media":3196,"template":"","meta":{"_joinchat":[]},"product_brand":[],"product_cat":[316,344],"product_tag":[],"class_list":{"0":"post-11276","1":"product","2":"type-product","3":"status-publish","4":"has-post-thumbnail","6":"product_cat-apps-y-software","7":"product_cat-todos","9":"first","10":"instock","11":"sale","12":"shipping-taxable","13":"product-type-external"},"_links":{"self":[{"href":"https:\/\/cursos.talentup.cl\/index.php?rest_route=\/wp\/v2\/product\/11276","targetHints":{"allow":["GET"]}}],"collection":[{"href":"https:\/\/cursos.talentup.cl\/index.php?rest_route=\/wp\/v2\/product"}],"about":[{"href":"https:\/\/cursos.talentup.cl\/index.php?rest_route=\/wp\/v2\/types\/product"}],"version-history":[{"count":4,"href":"https:\/\/cursos.talentup.cl\/index.php?rest_route=\/wp\/v2\/product\/11276\/revisions"}],"predecessor-version":[{"id":15986,"href":"https:\/\/cursos.talentup.cl\/index.php?rest_route=\/wp\/v2\/product\/11276\/revisions\/15986"}],"wp:featuredmedia":[{"embeddable":true,"href":"https:\/\/cursos.talentup.cl\/index.php?rest_route=\/wp\/v2\/media\/3196"}],"wp:attachment":[{"href":"https:\/\/cursos.talentup.cl\/index.php?rest_route=%2Fwp%2Fv2%2Fmedia&parent=11276"}],"wp:term":[{"taxonomy":"product_brand","embeddable":true,"href":"https:\/\/cursos.talentup.cl\/index.php?rest_route=%2Fwp%2Fv2%2Fproduct_brand&post=11276"},{"taxonomy":"product_cat","embeddable":true,"href":"https:\/\/cursos.talentup.cl\/index.php?rest_route=%2Fwp%2Fv2%2Fproduct_cat&post=11276"},{"taxonomy":"product_tag","embeddable":true,"href":"https:\/\/cursos.talentup.cl\/index.php?rest_route=%2Fwp%2Fv2%2Fproduct_tag&post=11276"}],"curies":[{"name":"wp","href":"https:\/\/api.w.org\/{rel}","templated":true}]}}