{"id":11277,"date":"2023-01-10T04:38:43","date_gmt":"2023-01-10T07:38:43","guid":{"rendered":"https:\/\/cursos.talentup.cl\/?post_type=product&#038;p=11277"},"modified":"2024-02-07T23:36:33","modified_gmt":"2024-02-08T02:36:33","slug":"analisis-de-datos-con-power-bi-business-intelligence","status":"publish","type":"product","link":"https:\/\/cursos.talentup.cl\/?product=analisis-de-datos-con-power-bi-business-intelligence","title":{"rendered":"AN\u00c1LISIS DE DATOS CON POWER BI ( BUSINESS INTELLIGENCE )"},"content":{"rendered":"<p>\u00bfA\u00fan analizas tus datos con Excel?<\/p>\n<p>\u00bfQuieres conocer otra herramienta m\u00e1s f\u00e1cil y profunda?<\/p>\n<p>Con el programa ANALISIS DE DATOS CON POWER BI, domina la inteligencia de negocios, aprendiendo la importancia aplicada de los datos, el proceso que sufren y c\u00f3mo capitalizar tus resultados.<\/p>\n<p>Esta, es una herramienta muy \u00fatil para tu empresa; fundamentada en diferentes sectores como la tecnolog\u00eda, la log\u00edstica y los alimentos.                                               <\/p>\n<p>Haz modelado de datos, ejercicios, gr\u00e1ficas y segmentaci\u00f3n de la informaci\u00f3n.<\/p>\n<p>Aplica con \u00e9xito la inteligencia de negocios en cualquier proyecto que te propongas.                          <\/p>\n<p>\u00bfQU\u00c9 VAS A LOGRAR?<\/p>\n<p>Aprender\u00e1s conceptos b\u00e1sicos de inteligencia de negocios.<\/p>\n<p>Aprender\u00e1s la importancia de los datos.<\/p>\n<p>Aprender\u00e1s a conocer el proceso de recolecci\u00f3n, acceso, reporte y an\u00e1lisis de datos.<\/p>\n<p>Aprender\u00e1s a utilizar Power BI para acceder a datos, manipularlos y visualizarlos.<\/p>\n<p>Aprender\u00e1s algunas recomendaciones para visualizar los informes.<\/p>\n<p>Aprender\u00e1s los diferentes elementos existentes en Power BI para la creaci\u00f3n de informes y an\u00e1lisis de inteligencia de negocios.<\/p>\n<p>Lograr\u00e1s trabajar dos proyectos totalmente pr\u00e1cticos.<\/p>\n<p>Realizar\u00e1s cualquier an\u00e1lisis de inteligencia de negocios que te propongas.<\/p>\n<p>Acceder\u00e1s al certificado avalado por Hotmart y Seminarios Online.<\/p>\n<p>\u00bfC\u00d3MO LO VAS A LOGRAR?<\/p>\n<p>A trav\u00e9s del siguiente contenido estructurado paso a paso:<\/p>\n<p>VIDEO 1: Introducci\u00f3n.<br \/>\nVIDEO 2: Qu\u00e9 es business intelligence.<br \/>\nVIDEO 3: Compa\u00f1\u00edas data driven.<br \/>\nVIDEO 4: Datos a almacenar.<br \/>\nVIDEO 5: El proceso de los datos.<br \/>\nVIDEO 6: Modelado de los datos.<br \/>\nVIDEO 7: Ejercicio.<br \/>\nVIDEO 8: Recomendaciones para visualizaci\u00f3n de datos.<br \/>\nVIDEO 9: Conociendo el entorno de Power BI.<br \/>\nVIDEO 10: Cargando archivos.<br \/>\nVIDEO 11: Elaboraci\u00f3n de informes con Power BI.<br \/>\nVIDEO 12: Edici\u00f3n de datos.<br \/>\nVIDEO 13: Limpieza de datos.<br \/>\nVIDEO 14: Recomendaciones de visualizaci\u00f3n para nuestro informe.<br \/>\nVIDEO 15: Power BI Pro.<br \/>\nVIDEO 16: Revisi\u00f3n archivo Excel.<br \/>\nVIDEO 17: Preparaci\u00f3n de datos.<br \/>\nVIDEO 18: Tablas y gr\u00e1ficos tipo barras.<br \/>\nVIDEO 19: Gr\u00e1ficos tipo anillos y tarjetas.<br \/>\nVIDEO 20: Segmentaci\u00f3n de datos.<br \/>\nVIDEO 21: Revisi\u00f3n de la segmentaci\u00f3n de datos.<br \/>\nVIDEO 22: Formato a nuestro informe.<br \/>\nVIDEO 23: Formato PDF.<br \/>\nVIDEO 24: Finalizaci\u00f3n.<\/p>\n<p>DESCARGABLES<\/p>\n<p>Nueve (9) archivos en formato CSV y XLSX.<\/p>\n<p>ACERCA DEL PRODUCTOR<\/p>\n<p>Desarrollado por RAUL MAURICIO OIDOR LOZANO; colombiano, hombre emprendedor con deseos de ense\u00f1ar a otros desde su experiencia de m\u00e1s de 20 a\u00f1os; donde aprendi\u00f3 a analizar de forma inteligente los negocios permiti\u00e9ndole desarrollar a\u00fan m\u00e1s sus emprendimientos en diferentes sectores como la inform\u00e1tica, la log\u00edstica y la industria de los alimentos. <\/p>\n<p>Apasionado por la productividad, la calidad y el emprendimiento, profesional en ingenier\u00eda inform\u00e1tica especialista en log\u00edstica y desarrollador de software. <\/p>\n","protected":false},"excerpt":{"rendered":"<p>\u00bfA\u00fan analizas tus datos con Excel?<\/p>\n<p>\u00bfQuieres conocer otra herramienta m\u00e1s f\u00e1cil y profunda?<\/p>\n<p>Con el programa ANALISIS DE DATOS CON POWER BI, domina la inteligencia de negocios, aprendiendo la importancia aplicada de los datos, el proceso que sufren y c\u00f3mo capitalizar tus resultados.<\/p>\n<p>Esta, es una herramienta muy \u00fatil para tu empresa; fundamentada en diferentes sectores como la tecnolog\u00eda, la log\u00edstica y los alimentos.                                               <\/p>\n<p>Haz modelado de datos, ejercicios, gr\u00e1ficas y segmentaci\u00f3n de la informaci\u00f3n.<\/p>\n<p>Aplica con \u00e9xito la inteligencia de negocios en cualquier proyecto que te propongas.                          <\/p>\n","protected":false},"featured_media":3197,"template":"","meta":{"_joinchat":[]},"product_brand":[],"product_cat":[316,344],"product_tag":[],"class_list":{"0":"post-11277","1":"product","2":"type-product","3":"status-publish","4":"has-post-thumbnail","6":"product_cat-apps-y-software","7":"product_cat-todos","9":"first","10":"instock","11":"sale","12":"shipping-taxable","13":"product-type-external"},"_links":{"self":[{"href":"https:\/\/cursos.talentup.cl\/index.php?rest_route=\/wp\/v2\/product\/11277","targetHints":{"allow":["GET"]}}],"collection":[{"href":"https:\/\/cursos.talentup.cl\/index.php?rest_route=\/wp\/v2\/product"}],"about":[{"href":"https:\/\/cursos.talentup.cl\/index.php?rest_route=\/wp\/v2\/types\/product"}],"version-history":[{"count":4,"href":"https:\/\/cursos.talentup.cl\/index.php?rest_route=\/wp\/v2\/product\/11277\/revisions"}],"predecessor-version":[{"id":15987,"href":"https:\/\/cursos.talentup.cl\/index.php?rest_route=\/wp\/v2\/product\/11277\/revisions\/15987"}],"wp:featuredmedia":[{"embeddable":true,"href":"https:\/\/cursos.talentup.cl\/index.php?rest_route=\/wp\/v2\/media\/3197"}],"wp:attachment":[{"href":"https:\/\/cursos.talentup.cl\/index.php?rest_route=%2Fwp%2Fv2%2Fmedia&parent=11277"}],"wp:term":[{"taxonomy":"product_brand","embeddable":true,"href":"https:\/\/cursos.talentup.cl\/index.php?rest_route=%2Fwp%2Fv2%2Fproduct_brand&post=11277"},{"taxonomy":"product_cat","embeddable":true,"href":"https:\/\/cursos.talentup.cl\/index.php?rest_route=%2Fwp%2Fv2%2Fproduct_cat&post=11277"},{"taxonomy":"product_tag","embeddable":true,"href":"https:\/\/cursos.talentup.cl\/index.php?rest_route=%2Fwp%2Fv2%2Fproduct_tag&post=11277"}],"curies":[{"name":"wp","href":"https:\/\/api.w.org\/{rel}","templated":true}]}}