{"id":11314,"date":"2023-01-10T04:38:47","date_gmt":"2023-01-10T07:38:47","guid":{"rendered":"https:\/\/cursos.talentup.cl\/?post_type=product&#038;p=11314"},"modified":"2024-02-07T23:36:35","modified_gmt":"2024-02-08T02:36:35","slug":"wordpress-y-divi-desde-cero","status":"publish","type":"product","link":"https:\/\/cursos.talentup.cl\/?product=wordpress-y-divi-desde-cero","title":{"rendered":"WORDPRESS Y DIVI DESDE CERO"},"content":{"rendered":"<p>En la era digital, tener una p\u00e1gina profesional puede marcar la diferencia entre el \u00e9xito y el fracaso de tu estrategia.<\/p>\n<p>Si no te conocen, no existes.<\/p>\n<p>Con el programa WORDPRESS Y DIVI DESDE CERO, dise\u00f1a p\u00e1ginas de forma f\u00e1cil para que le des visibilidad a tu marca, productos o servicios.                                               <\/p>\n<p>Desarrolla un sitio web atractivo para los visitantes, pasando por la configuraci\u00f3n del SEO hasta c\u00f3mo instalar un plugin y mucho m\u00e1s.<\/p>\n<p>Con este MasterClass de WORDPRESS Y DIVI DESDE CERO, Genera resultados y monetiza r\u00e1pidamente con una p\u00e1gina impactante<\/p>\n<p>\u00bfQU\u00c9 VAS A LOGRAR?<\/p>\n<p>Conocer\u00e1s qu\u00e9 es un Hosting y un Dominio.<\/p>\n<p>Aprender\u00e1s como orientar DNS.<\/p>\n<p>Aprender\u00e1s a enlazar tu Dominio con el Hosting.<\/p>\n<p>Instalar\u00e1s WordPress de la mejor manera.<\/p>\n<p>Aprender\u00e1s c\u00f3mo instalar Divi y su constructor.<\/p>\n<p>Conocer\u00e1s qu\u00e9 es un Plugin y c\u00f3mo instalarlos.<\/p>\n<p>Aprender\u00e1s a dise\u00f1ar la Web perfecta para mostrar la marca.<\/p>\n<p>Crear\u00e1s men\u00fas que facilitar\u00e1n la navegaci\u00f3n de tus clientes en la Web.<\/p>\n<p>Crear\u00e1s tu correo electr\u00f3nico corporativo.<\/p>\n<p> Aprender\u00e1s a configurar el SEO con el plugin Yoas SEO.<\/p>\n<p>Dise\u00f1ar\u00e1s p\u00e1ginas web que se adaptan a todos los dispositivos.<\/p>\n<p>Crear\u00e1s im\u00e1genes \u00f3ptimas para que tu sitio web abra sin demoras.<\/p>\n<p>Configurar\u00e1s el SEO de tu sitio web.<\/p>\n<p>Aprender\u00e1s c\u00f3mo lograr tener una p\u00e1gina web segura para ti o para tus clientes.<\/p>\n<p>Conocer\u00e1s qu\u00e9 es Divi y WordPress y para que nos sirven.<\/p>\n<p>Exportar\u00e1s e importar\u00e1s tus dise\u00f1os.<\/p>\n<p>Crear\u00e1s copias de seguridad y mucho m\u00e1s.<\/p>\n<p>Acceder\u00e1s al certificado avalado por Hotmart y Seminarios Online.<\/p>\n<p>\u00bfC\u00d3MO LO VAS A LOGRAR?<\/p>\n<p>Parte 1- Presentaci\u00f3n<\/p>\n<p>Parte 2- Adquirir hosting y dominio<\/p>\n<p>Parte 3- Orientar DNS<\/p>\n<p>Parte 4- Enlazar el Dominio con el Hosting <\/p>\n<p>Parte 5- Instalaci\u00f3n del WordPress<\/p>\n<p>Parte 6- Conociendo WordPress <\/p>\n<p>Parte 7- Instalaci\u00f3n del Divi y su Constructor <\/p>\n<p>Parte 8 &#8211; Plugins<\/p>\n<p>Parte 9 &#8211; Ajustes necesarios para la configuraci\u00f3n <\/p>\n<p>Parte 10 &#8211; Estructura de la p\u00e1gina<\/p>\n<p>Parte 11 &#8211; Crear P\u00e1gina<\/p>\n<p>Parte 12 \u2013 Bloques de construcci\u00f3n<\/p>\n<p>Parte 13 &#8211; Tipos de m\u00f3dulos Parte 1<\/p>\n<p>Parte 14 &#8211; Tipos de m\u00f3dulos Parte 2<\/p>\n<p>Parte 15 &#8211; Tipos de m\u00f3dulos Parte 3<\/p>\n<p>Parte 16 &#8211; Contenido &#8211; Dise\u00f1o- Avanzado<\/p>\n<p>Parte 17- Uso de otras plataformas Parte 1<\/p>\n<p>Parte 18 &#8211; Uso de otras plataformas Parte 2<\/p>\n<p>Parte 19 &#8211; Uso de otras plataformas Parte 3<\/p>\n<p>Parte 20 &#8211; Globalizar Secci\u00f3n<\/p>\n<p>Parte 21- Crear m\u00e1s P\u00e1ginas Parte 1<\/p>\n<p>Parte 22 &#8211; Crear m\u00e1s P\u00e1ginas Parte 2<\/p>\n<p>Parte 23 &#8211; Exportar e Importar<\/p>\n<p>Parte 24 &#8211; Men\u00fas Parte 1<\/p>\n<p>Parte 25 &#8211; Men\u00fas Parte 2<\/p>\n<p>Parte 26 &#8211; Personalizar el Tema<\/p>\n<p>Parte 27 &#8211; Creando el Footer<\/p>\n<p>Parte 28 &#8211; \u00daltimos retoques<\/p>\n<p>Parte 29- Crear un corre electr\u00f3nico corporativo<\/p>\n<p>Parte 30 &#8211; Seguridad para tu web<\/p>\n<p>Parte 31 &#8211; Ajuste del SEO<\/p>\n<p>Parte 32 &#8211; Despedida<\/p>\n<p>ACERCA DE LOS PRODUCTORES<\/p>\n<p>Desarrollado por KIKE CADENA, fot\u00f3grafo y dise\u00f1ador web con m\u00e1s de 10 a\u00f1os de experiencia en el mundo del dise\u00f1o. <\/p>\n<p>Ha sido instructor en Colombia y Chile, transmitiendo sus conocimientos a las personas para que logren crear dise\u00f1os e im\u00e1genes sorprendentes para que logren mejorar las ventas de sus negocios o emprendimientos. <\/p>\n<p>NATALIA RODRIGUEZ, Dise\u00f1adora Industrial de la Universidad Nacional de Colombia. <\/p>\n<p>Se decide por el Dise\u00f1o Industrial como profesi\u00f3n para crear productos y dise\u00f1ar experiencias, siendo este \u00faltimo en lo que se ha enfocado durante el final de su carrera. <\/p>\n<p>Se desempe\u00f1a como Dise\u00f1adora Web en la marca Kike Cadena y freelancer en dise\u00f1o de marca empresarial y asesor\u00eda en dise\u00f1o industrial (productos, est\u00e9tica y experiencia de usuario) para peque\u00f1as y medianas empresas.<\/p>\n","protected":false},"excerpt":{"rendered":"<p>En la era digital, tener una p\u00e1gina profesional puede marcar la diferencia entre el \u00e9xito y el fracaso de tu estrategia.<\/p>\n<p>Si no te conocen, no existes.<\/p>\n<p>Con el programa WORDPRESS Y DIVI DESDE CERO, dise\u00f1a p\u00e1ginas de forma f\u00e1cil para que le des visibilidad a tu marca, productos o servicios.                                               <\/p>\n<p>Desarrolla un sitio web atractivo para los visitantes, pasando por la configuraci\u00f3n del SEO hasta c\u00f3mo instalar un plugin y mucho m\u00e1s.<\/p>\n<p>Con este MasterClass de WORDPRESS Y DIVI DESDE CERO, Genera resultados y monetiza r\u00e1pidamente con una p\u00e1gina impactante<\/p>\n","protected":false},"featured_media":3204,"template":"","meta":{"_joinchat":[]},"product_brand":[],"product_cat":[316,344],"product_tag":[],"class_list":{"0":"post-11314","1":"product","2":"type-product","3":"status-publish","4":"has-post-thumbnail","6":"product_cat-apps-y-software","7":"product_cat-todos","9":"first","10":"instock","11":"sale","12":"shipping-taxable","13":"product-type-external"},"_links":{"self":[{"href":"https:\/\/cursos.talentup.cl\/index.php?rest_route=\/wp\/v2\/product\/11314","targetHints":{"allow":["GET"]}}],"collection":[{"href":"https:\/\/cursos.talentup.cl\/index.php?rest_route=\/wp\/v2\/product"}],"about":[{"href":"https:\/\/cursos.talentup.cl\/index.php?rest_route=\/wp\/v2\/types\/product"}],"version-history":[{"count":4,"href":"https:\/\/cursos.talentup.cl\/index.php?rest_route=\/wp\/v2\/product\/11314\/revisions"}],"predecessor-version":[{"id":15993,"href":"https:\/\/cursos.talentup.cl\/index.php?rest_route=\/wp\/v2\/product\/11314\/revisions\/15993"}],"wp:featuredmedia":[{"embeddable":true,"href":"https:\/\/cursos.talentup.cl\/index.php?rest_route=\/wp\/v2\/media\/3204"}],"wp:attachment":[{"href":"https:\/\/cursos.talentup.cl\/index.php?rest_route=%2Fwp%2Fv2%2Fmedia&parent=11314"}],"wp:term":[{"taxonomy":"product_brand","embeddable":true,"href":"https:\/\/cursos.talentup.cl\/index.php?rest_route=%2Fwp%2Fv2%2Fproduct_brand&post=11314"},{"taxonomy":"product_cat","embeddable":true,"href":"https:\/\/cursos.talentup.cl\/index.php?rest_route=%2Fwp%2Fv2%2Fproduct_cat&post=11314"},{"taxonomy":"product_tag","embeddable":true,"href":"https:\/\/cursos.talentup.cl\/index.php?rest_route=%2Fwp%2Fv2%2Fproduct_tag&post=11314"}],"curies":[{"name":"wp","href":"https:\/\/api.w.org\/{rel}","templated":true}]}}