{"id":11315,"date":"2023-01-10T04:38:47","date_gmt":"2023-01-10T07:38:47","guid":{"rendered":"https:\/\/cursos.talentup.cl\/?post_type=product&#038;p=11315"},"modified":"2024-02-07T23:36:35","modified_gmt":"2024-02-08T02:36:35","slug":"super-portadas-con-photoshop","status":"publish","type":"product","link":"https:\/\/cursos.talentup.cl\/?product=super-portadas-con-photoshop","title":{"rendered":"SUPER PORTADAS CON PHOTOSHOP"},"content":{"rendered":"<p>\u00bfTienes en mente crear tu primer producto digital pero no tienes idea de c\u00f3mo hacer que se vea genial?<\/p>\n<p>No te preocupes, con el MasterClasss SUPER PORTADAS CON PHOTOSHOP lo conseguir\u00e1s de una manera f\u00e1cil y r\u00e1pida.<\/p>\n<p>\u00bfQU\u00c9 VAS A LOGRAR?<\/p>\n<p>Conocer\u00e1s los aspectos b\u00e1sicos del \u00e1rea de trabajo de Photoshop y la distribuci\u00f3n aconsejada.<\/p>\n<p>Aprender\u00e1s los mejores recursos en l\u00ednea para darle un toque diferenciador a tus portadas y publicidad.<\/p>\n<p>Entender\u00e1s un aspecto fundamental, la congruencia creativa, sin esto tu portada y publicidad en general pasara desapercibida.<\/p>\n<p>Crear\u00e1s portadas con efectos b\u00e1sicos, pero de un alto impacto gr\u00e1fico.<\/p>\n<p>Entender\u00e1s los colores y formas de publicidad actual, para aplicarlas a nuestras portadas. <\/p>\n<p>Aprender\u00e1s los efectos avanzados para crear composiciones sin igual.<\/p>\n<p>Aprender\u00e1s la extracci\u00f3n de personas y objetos con precisi\u00f3n para darle un toque \u00fanico a tus portadas y publicidad en general.<\/p>\n<p>Realizar\u00e1s la integraci\u00f3n de tu portada con un conjunto arm\u00f3nico para empezar a publicar, aqu\u00ed es donde comenzaras a competir con una ventaja injusta, todo lo que vayas a promocionar de ahora en adelante har\u00e1 que los navegantes de Facebook, Instagram y hasta youtube, se detengan a ver tu publicidad, simplemente dejaras de hacer anuncios aburridos a crear piezas que rayan en lo art\u00edstico.<\/p>\n<p>Acceder\u00e1s al certificado avalado por Hotmart y Seminarios Online.<\/p>\n<p>\u00bfC\u00d3MO LO VAS A LOGRAR?<\/p>\n<p>A trav\u00e9s del siguiente contenido, estructurado paso a paso:<\/p>\n<p>Modulo 1<\/p>\n<p>Bienvenida.<br \/>\nDescarga los bonos y materiales de trabajo.<\/p>\n<p>Modulo 2<\/p>\n<p>Congruencia grafica.<br \/>\nConfiguraciones iniciales.<br \/>\nInstalaci\u00f3n del software.<br \/>\nRecursos gratuitos en l\u00ednea.<\/p>\n<p>Modulo 3<\/p>\n<p>Dise\u00f1a tu primera portada.<br \/>\nEfecto degradado.<br \/>\nRayo de sol.<br \/>\nEfecto multipunto parte 1.<br \/>\nEfecto multipunto parte 2.<br \/>\nFiltro de color y efectos de texto.<br \/>\nM\u00e1scara de capa.<br \/>\nM\u00e1scara de selecci\u00f3n.<br \/>\nModos de fusi\u00f3n.<br \/>\nFormas personalizadas parte 1.<br \/>\nFormas personalizadas parte 2.<\/p>\n<p>Modulo 4<\/p>\n<p>Varita m\u00e1gica.<br \/>\nSelecci\u00f3n r\u00e1pida.<br \/>\nSeleccionar y aplicar m\u00e1scara.<br \/>\nSelecci\u00f3n de sujeto.<br \/>\nHerramienta pluma.<br \/>\nLazo magn\u00e9tico y lazo poligonal.<br \/>\nBorrador de fondos.<br \/>\nSelecci\u00f3n por gama de colores.<\/p>\n<p>Modulo 5<\/p>\n<p>Retoque fotogr\u00e1fico.<br \/>\nIntegraci\u00f3n parte 1.<br \/>\nIntegraci\u00f3n parte 2.<br \/>\nComo escribir mi libro.<br \/>\nMockup.<\/p>\n<p>Modulo 6<\/p>\n<p>Video respuestas a preguntas frecuentes.<\/p>\n<p>Bonos<\/p>\n<p>Actualizaciones de por vida.<br \/>\nResoluci\u00f3n de las dudas de los estudiantes.<br \/>\nCertificado de finalizaci\u00f3n.<br \/>\nPack de recursos editables.<br \/>\nPinceles para crear efectos.<br \/>\nPack de textos en 3D.<\/p>\n<p>ACERCA DEL PRODUCTOR<\/p>\n<p>Desarrollado por RICARDO BETANCOURT, dise\u00f1ador gr\u00e1fico y web, marketero digital y estudiante de producci\u00f3n y postproducci\u00f3n audiovisual.<\/p>\n<p>Actualmente se desempe\u00f1a como dise\u00f1ador freelancer en temas relacionados con el dise\u00f1o gr\u00e1fico y web y gestiona campa\u00f1as de marketing para productos propios y de terceros.<\/p>\n","protected":false},"excerpt":{"rendered":"<p>\u00bfTienes en mente crear tu primer producto digital pero no tienes idea de c\u00f3mo hacer que se vea genial?<\/p>\n<p>No te preocupes, con el MasterClasss SUPER PORTADAS CON PHOTOSHOP lo conseguir\u00e1s de una manera f\u00e1cil y r\u00e1pida.<\/p>\n","protected":false},"featured_media":3205,"template":"","meta":{"_joinchat":[]},"product_brand":[],"product_cat":[316,344],"product_tag":[],"class_list":{"0":"post-11315","1":"product","2":"type-product","3":"status-publish","4":"has-post-thumbnail","6":"product_cat-apps-y-software","7":"product_cat-todos","9":"first","10":"instock","11":"sale","12":"shipping-taxable","13":"product-type-external"},"_links":{"self":[{"href":"https:\/\/cursos.talentup.cl\/index.php?rest_route=\/wp\/v2\/product\/11315","targetHints":{"allow":["GET"]}}],"collection":[{"href":"https:\/\/cursos.talentup.cl\/index.php?rest_route=\/wp\/v2\/product"}],"about":[{"href":"https:\/\/cursos.talentup.cl\/index.php?rest_route=\/wp\/v2\/types\/product"}],"version-history":[{"count":4,"href":"https:\/\/cursos.talentup.cl\/index.php?rest_route=\/wp\/v2\/product\/11315\/revisions"}],"predecessor-version":[{"id":15994,"href":"https:\/\/cursos.talentup.cl\/index.php?rest_route=\/wp\/v2\/product\/11315\/revisions\/15994"}],"wp:featuredmedia":[{"embeddable":true,"href":"https:\/\/cursos.talentup.cl\/index.php?rest_route=\/wp\/v2\/media\/3205"}],"wp:attachment":[{"href":"https:\/\/cursos.talentup.cl\/index.php?rest_route=%2Fwp%2Fv2%2Fmedia&parent=11315"}],"wp:term":[{"taxonomy":"product_brand","embeddable":true,"href":"https:\/\/cursos.talentup.cl\/index.php?rest_route=%2Fwp%2Fv2%2Fproduct_brand&post=11315"},{"taxonomy":"product_cat","embeddable":true,"href":"https:\/\/cursos.talentup.cl\/index.php?rest_route=%2Fwp%2Fv2%2Fproduct_cat&post=11315"},{"taxonomy":"product_tag","embeddable":true,"href":"https:\/\/cursos.talentup.cl\/index.php?rest_route=%2Fwp%2Fv2%2Fproduct_tag&post=11315"}],"curies":[{"name":"wp","href":"https:\/\/api.w.org\/{rel}","templated":true}]}}