{"id":11316,"date":"2023-01-10T04:38:47","date_gmt":"2023-01-10T07:38:47","guid":{"rendered":"https:\/\/cursos.talentup.cl\/?post_type=product&#038;p=11316"},"modified":"2024-02-07T23:36:35","modified_gmt":"2024-02-08T02:36:35","slug":"videos-pro-con-filmora","status":"publish","type":"product","link":"https:\/\/cursos.talentup.cl\/?product=videos-pro-con-filmora","title":{"rendered":"VIDEOS PRO CON FILMORA"},"content":{"rendered":"<p>Cada d\u00eda se reproducen m\u00e1s de 7mil millones de videos en YouTube. Uno por habitante de la tierra.   <\/p>\n<p>La mayor\u00eda son \u201cbasura digital\u201d \u2026 \u00a1no comunican valor!<\/p>\n<p>Difer\u00e9nciate con el MasterClass VIDEO PRO CON FILMORA, un programa para editar videos extraordinarios, entretenidos y de alto impacto.<\/p>\n<p>Anima im\u00e1genes y textos y captura la atenci\u00f3n de tu audiencia, provocando los efectos visuales m\u00e1s brutales y radicales.<\/p>\n<p>\u00bfQU\u00c9 VAS A LOGRAR?<\/p>\n<p>Aprender\u00e1s de forma f\u00e1cil y r\u00e1pida, todo lo que tienes que saber para editar videos extraordinarios, entretenidos y de alto impacto. <\/p>\n<p>Animar\u00e1s im\u00e1genes y texto, capturando as\u00ed la atenci\u00f3n de la audiencia. <\/p>\n<p>Aprender\u00e1s a editar color para balancear, contrastar y provocar efectos visuales art\u00edsticos. <\/p>\n<p>Lograr\u00e1s captar la atenci\u00f3n de todos los sentidos agregando ediciones de audio, adem\u00e1s de ecualizar de manera correcta las voces y m\u00fasica en el video.<\/p>\n<p>Aprender\u00e1s a empalmar y mezclar canales de audio y video, as\u00ed como hacer transiciones, logrando efectos profesionales diversas de t\u00e9cnicas de cine y televisi\u00f3n. <\/p>\n<p>Organizar\u00e1s materiales de manera estrat\u00e9gica, para ahorrar tiempo y generar archivos que puedas editar incluso a\u00f1os despu\u00e9s. <\/p>\n<p>Reconocer\u00e1s y transformar\u00e1s formatos de audio, imagen y video para que tus producciones siempre se puedan reproducir en todos los dispositivos digitales. <\/p>\n<p>Tendr\u00e1s much\u00edsimos consejos para lograr una comunicaci\u00f3n de alto impacto a trav\u00e9s de una buena postproducci\u00f3n. <\/p>\n<p>Tendr\u00e1s acceso gratis, exclusivo y de por vida en un Grupo Privado en Facebook donde habr\u00e1 una comunidad dispuesta a apoyarte cuando tengas dudas o problemas t\u00e9cnicos.<\/p>\n<p>Acceder\u00e1s al certificado avalado por Hotmart y Seminarios Online.<\/p>\n<p>\u00bfC\u00d3MO LO VAS A LOGRAR?<\/p>\n<p>Contenido del Curso:<\/p>\n<p>M\u00d3DULO 1<\/p>\n<p>Clase 1. Bienvenid@s al Curso<br \/>\nClase 2. Bajando los Archivos del Proyecto<br \/>\nClase 3. Administraci\u00f3n de Archivos<br \/>\nClase 4. Descarga, instalaci\u00f3n y registro del programa<\/p>\n<p>M\u00d3DULO 2<\/p>\n<p>Clase 5. Interfaz e Importaci\u00f3n de Archivos<br \/>\nClase 6. Formatos multimedia<br \/>\nClase 7. Configuraci\u00f3n del proyecto e inserci\u00f3n de video<\/p>\n<p>M\u00d3DULO 3<\/p>\n<p>Clase 8. Mover, recortar y ajustar video<br \/>\nClase 9. Edici\u00f3n de color<br \/>\nClase 10. C\u00f3mo Cortar y Pegar Video<br \/>\nClase 11. Empalmar audio y video<br \/>\nClase 12. Edici\u00f3n de Audio<br \/>\nClase 13. Pr\u00e1ctica de cortes<br \/>\nClase 14. C\u00f3mo insertar t\u00edtulos<br \/>\nClase 15. Capas de t\u00edtulos y audios a partir de Anuncio<br \/>\nClase 16. Pr\u00e1ctica opcional<br \/>\nClase 17. Inserci\u00f3n de PNGs<br \/>\nClase 18. Agregar Movimientos y Elementos<br \/>\nClase 19. Cambiar de velocidad<br \/>\nClase 20. Cat\u00e1logos de Im\u00e1genes y M\u00fasica<br \/>\nClase 21. Pr\u00e1ctica de edici\u00f3n de velocidad &#8211; opcional<br \/>\nClase 22. Renderizar<br \/>\nClase 23. Dividir Pantalla<br \/>\nClase 24. Efectos de Sonido<br \/>\nClase 25. Efectos de Video<br \/>\nClase 26. Transiciones<br \/>\nClase 27. Pista de audio<\/p>\n<p>M\u00d3DULO 4<\/p>\n<p>Clase 28. Anotaciones T\u00e9cnicas<br \/>\nClase 29. Exportar video<br \/>\nClase 30. Tutorial restante Parte 1<br \/>\nClase 31. Tutorial restante parte 2<br \/>\nClase 32. \u00a1GRACIAS! &#8211; \u00a1Mantente en CONTACTO!<br \/>\nClase 33. Anunciante &#8211; Producci\u00f3n del Spot<\/p>\n<p>ACERCA DEL PRODUCTOR <\/p>\n<p>Desarrollado por BENJAM\u00cdN VILLA (Benja Cocodrilo), Licenciado en Ciencias de la Comunicaci\u00f3n del Tecnol\u00f3gico de Monterrey. <\/p>\n<p>Benjam\u00edn fue ganador del International SEP Photo Contest con la exposici\u00f3n fotogr\u00e1fica \u201cFlores de Siam, una mirada al budismo de Tailandia\u201d (2008).<\/p>\n<p>Como profesional, trabaj\u00f3 proyectos en colaboraci\u00f3n con marcas como L\u2019Oreal, Tec de Monterrey, Compra Moda Nacional, Nascar y realiz\u00f3 producciones para empresas particulares, as\u00ed como fotograf\u00eda social durante varios a\u00f1os. <\/p>\n<p>Se especializ\u00f3 en campa\u00f1as de modelaje y moda, as\u00ed como deportes de aventura y fotograf\u00eda publicitaria. <\/p>\n<p>Ha sido docente de medios audiovisuales en la universidad UNITEC y Tecnol\u00f3gico de Monterrey, as\u00ed como sinodal de varias generaciones de universitarios.<\/p>\n","protected":false},"excerpt":{"rendered":"<p>Cada d\u00eda se reproducen m\u00e1s de 7mil millones de videos en YouTube. Uno por habitante de la tierra.   <\/p>\n<p>La mayor\u00eda son \u201cbasura digital\u201d \u2026 \u00a1no comunican valor!<\/p>\n<p>Difer\u00e9nciate con el MasterClass VIDEO PRO CON FILMORA, un programa para editar videos extraordinarios, entretenidos y de alto impacto.<\/p>\n<p>Anima im\u00e1genes y textos y captura la atenci\u00f3n de tu audiencia, provocando los efectos visuales m\u00e1s brutales y radicales.<\/p>\n","protected":false},"featured_media":3206,"template":"","meta":{"_joinchat":[]},"product_brand":[],"product_cat":[316,344],"product_tag":[],"class_list":{"0":"post-11316","1":"product","2":"type-product","3":"status-publish","4":"has-post-thumbnail","6":"product_cat-apps-y-software","7":"product_cat-todos","9":"first","10":"instock","11":"sale","12":"shipping-taxable","13":"product-type-external"},"_links":{"self":[{"href":"https:\/\/cursos.talentup.cl\/index.php?rest_route=\/wp\/v2\/product\/11316","targetHints":{"allow":["GET"]}}],"collection":[{"href":"https:\/\/cursos.talentup.cl\/index.php?rest_route=\/wp\/v2\/product"}],"about":[{"href":"https:\/\/cursos.talentup.cl\/index.php?rest_route=\/wp\/v2\/types\/product"}],"version-history":[{"count":4,"href":"https:\/\/cursos.talentup.cl\/index.php?rest_route=\/wp\/v2\/product\/11316\/revisions"}],"predecessor-version":[{"id":15995,"href":"https:\/\/cursos.talentup.cl\/index.php?rest_route=\/wp\/v2\/product\/11316\/revisions\/15995"}],"wp:featuredmedia":[{"embeddable":true,"href":"https:\/\/cursos.talentup.cl\/index.php?rest_route=\/wp\/v2\/media\/3206"}],"wp:attachment":[{"href":"https:\/\/cursos.talentup.cl\/index.php?rest_route=%2Fwp%2Fv2%2Fmedia&parent=11316"}],"wp:term":[{"taxonomy":"product_brand","embeddable":true,"href":"https:\/\/cursos.talentup.cl\/index.php?rest_route=%2Fwp%2Fv2%2Fproduct_brand&post=11316"},{"taxonomy":"product_cat","embeddable":true,"href":"https:\/\/cursos.talentup.cl\/index.php?rest_route=%2Fwp%2Fv2%2Fproduct_cat&post=11316"},{"taxonomy":"product_tag","embeddable":true,"href":"https:\/\/cursos.talentup.cl\/index.php?rest_route=%2Fwp%2Fv2%2Fproduct_tag&post=11316"}],"curies":[{"name":"wp","href":"https:\/\/api.w.org\/{rel}","templated":true}]}}