{"id":11318,"date":"2023-01-10T04:38:47","date_gmt":"2023-01-10T07:38:47","guid":{"rendered":"https:\/\/cursos.talentup.cl\/?post_type=product&#038;p=11318"},"modified":"2024-02-07T23:36:35","modified_gmt":"2024-02-08T02:36:35","slug":"crea-tu-pagina-de-google","status":"publish","type":"product","link":"https:\/\/cursos.talentup.cl\/?product=crea-tu-pagina-de-google","title":{"rendered":"CREA TU P\u00c1GINA DE GOOGLE"},"content":{"rendered":"<p>\u00a1El mundo cambio! Y con la crisis y las restricciones, los lugares, viajes y Negocios se vieron afectados. <\/p>\n<p>Quienes no reaccionaron a tiempo quedaron atrapados en el caos.<\/p>\n<p>Con el programa, CREA TU P\u00c1GINA DE GOOGLE, conoce c\u00f3mo llegar a tus clientes sin dar largas y aburridas explicaciones.<\/p>\n<p>Aqu\u00ed puedes crear tu p\u00e1gina web en 7 pr\u00e1cticos pasos sin conocimientos de programaci\u00f3n.<\/p>\n<p>Logra que tus clientes y prospectos te conozcan en cualquier pa\u00eds del mundo y genera ventas efectivas.<\/p>\n<p>\u00bfQU\u00c9 VAS A LOGRAR?<\/p>\n<p>Crear tu P\u00e1gina Web en solo 7 Pasos de forma f\u00e1cil.<\/p>\n<p>Crear tu P\u00e1gina Web, sin conocimientos de Programaci\u00f3n ni C\u00f3digos.<\/p>\n<p>Que tus clientes y Prospectos conozcan tus Productos y\/o Servicios.<\/p>\n<p>Lograr\u00e1s conseguir m\u00e1s visitas de clientes a tu negocio en forma virtual.<\/p>\n<p>Lograr\u00e1s Presencia en internet a Nivel Local e internacional.<\/p>\n<p>Tu Negocio estar\u00e1 mostr\u00e1ndose las 24 horas del d\u00eda, sin presupuesto extra de empleados.<\/p>\n<p>Generar mayor cantidad de ventas y mejorar significativamente las utilidades de tu negocio.<\/p>\n<p>\u00bfC\u00d3MO LO VAS A LOGRAR?<\/p>\n<p>De una manera pr\u00e1ctica, f\u00e1cil y directa, solo siguiendo los pasos que se muestran en los videos.<\/p>\n<p>Podr\u00e1s elegir entre 3 Modelos de p\u00e1ginas web, en cada modelo te explico c\u00f3mo debes editar exactamente esas p\u00e1ginas.<\/p>\n<p>Aprendiendo con una metodolog\u00eda din\u00e1mica siguiendo los pasos que llevan el nombre del modelo que has elegido.<\/p>\n<p>A partir del el Theme y los Layouts los podr\u00e1s descargar de la zona de Recursos.<\/p>\n<p>BONUS:<\/p>\n<p>Incluye material complementario el cual usar\u00e1s, para hacer tu p\u00e1gina web, las plantillas y el Theme.<\/p>\n<p>ACERCA DEL PRODUCTOR:<\/p>\n<p>Desarrollado por WINDSOR MARCOS, emprendedor en Internet y Dise\u00f1ador de P\u00e1ginas Web con m\u00e1s de 5 a\u00f1os de experiencia trabajando con WordPress, impactando emprendedores y empresas de diferentes sectores con resultados importantes.<\/p>\n<p>C\u00f3mo dise\u00f1ador de p\u00e1ginas web, observ\u00f3 que la gran falencia de muchas empresas y negocios se centra en la falta de presencia en internet. Una manera de continuar hacia adelante es hacer tu P\u00e1gina Web, de esa forma obtener m\u00e1s prospectos y clientes para tu negocio.<\/p>\n","protected":false},"excerpt":{"rendered":"<p>\u00a1El mundo cambio! Y con la crisis y las restricciones, los lugares, viajes y Negocios se vieron afectados. <\/p>\n<p>Quienes no reaccionaron a tiempo quedaron atrapados en el caos.<\/p>\n<p>Con el programa, CREA TU P\u00c1GINA DE GOOGLE, conoce c\u00f3mo llegar a tus clientes sin dar largas y aburridas explicaciones.<\/p>\n<p>Aqu\u00ed puedes crear tu p\u00e1gina web en 7 pr\u00e1cticos pasos sin conocimientos de programaci\u00f3n.<\/p>\n<p>Logra que tus clientes y prospectos te conozcan en cualquier pa\u00eds del mundo y genera ventas efectivas.<\/p>\n","protected":false},"featured_media":3208,"template":"","meta":{"_joinchat":[]},"product_brand":[],"product_cat":[316,344],"product_tag":[],"class_list":{"0":"post-11318","1":"product","2":"type-product","3":"status-publish","4":"has-post-thumbnail","6":"product_cat-apps-y-software","7":"product_cat-todos","9":"first","10":"instock","11":"sale","12":"shipping-taxable","13":"product-type-external"},"_links":{"self":[{"href":"https:\/\/cursos.talentup.cl\/index.php?rest_route=\/wp\/v2\/product\/11318","targetHints":{"allow":["GET"]}}],"collection":[{"href":"https:\/\/cursos.talentup.cl\/index.php?rest_route=\/wp\/v2\/product"}],"about":[{"href":"https:\/\/cursos.talentup.cl\/index.php?rest_route=\/wp\/v2\/types\/product"}],"version-history":[{"count":4,"href":"https:\/\/cursos.talentup.cl\/index.php?rest_route=\/wp\/v2\/product\/11318\/revisions"}],"predecessor-version":[{"id":15997,"href":"https:\/\/cursos.talentup.cl\/index.php?rest_route=\/wp\/v2\/product\/11318\/revisions\/15997"}],"wp:featuredmedia":[{"embeddable":true,"href":"https:\/\/cursos.talentup.cl\/index.php?rest_route=\/wp\/v2\/media\/3208"}],"wp:attachment":[{"href":"https:\/\/cursos.talentup.cl\/index.php?rest_route=%2Fwp%2Fv2%2Fmedia&parent=11318"}],"wp:term":[{"taxonomy":"product_brand","embeddable":true,"href":"https:\/\/cursos.talentup.cl\/index.php?rest_route=%2Fwp%2Fv2%2Fproduct_brand&post=11318"},{"taxonomy":"product_cat","embeddable":true,"href":"https:\/\/cursos.talentup.cl\/index.php?rest_route=%2Fwp%2Fv2%2Fproduct_cat&post=11318"},{"taxonomy":"product_tag","embeddable":true,"href":"https:\/\/cursos.talentup.cl\/index.php?rest_route=%2Fwp%2Fv2%2Fproduct_tag&post=11318"}],"curies":[{"name":"wp","href":"https:\/\/api.w.org\/{rel}","templated":true}]}}