{"id":11319,"date":"2023-01-10T04:38:47","date_gmt":"2023-01-10T07:38:47","guid":{"rendered":"https:\/\/cursos.talentup.cl\/?post_type=product&#038;p=11319"},"modified":"2024-02-07T23:36:35","modified_gmt":"2024-02-08T02:36:35","slug":"crea-tu-primer-video-juego","status":"publish","type":"product","link":"https:\/\/cursos.talentup.cl\/?product=crea-tu-primer-video-juego","title":{"rendered":"CREA TU PRIMER VIDEO JUEGO"},"content":{"rendered":"<p>\u201cTransforma tu pasi\u00f3n por los video juegos creando el tuyo desde cero, mientras te diviertes\u201d<\/p>\n<p>Este MasterClass est\u00e1 perfectamente dise\u00f1ado para personas que no tengan experiencia alguna en el desarrollo de videojuegos y deseen crear su propio videojuego desde cero.<\/p>\n<p>Entender\u00e1s el paso a paso para llevar a cabo un proyecto de videojuegos, desde el concepto y la idea hasta lograr un producto final listo para ser publicado en las plataformas de venta.<\/p>\n<p>\u00bfQU\u00c9 VAS A LOGRAR? <\/p>\n<p>Comprender el funcionamiento de los motores de videojuegos y los editores de c\u00f3digo.<\/p>\n<p>Conocer las bases de la programaci\u00f3n para desarrollar video juegos exitosos.<\/p>\n<p>Comprender los tipos de archivos que se pueden usar en videojuegos.<\/p>\n<p>Entender la asociaci\u00f3n de objetos en un entorno de videojuegos.<\/p>\n<p>Crear animaciones para personajes, enemigos y objetos en la escena.<\/p>\n<p>Saber c\u00f3mo exportar un videojuego a las diferentes plataformas.<\/p>\n<p>Todo el material para que lo repases las veces que quieras y cuando quieras.<\/p>\n<p>Desarrollado a tu propio ritmo. T\u00fa decides cuando pasas a la siguiente clase.<\/p>\n<p>Acceso ilimitado con cualquier tipo de dispositivo m\u00f3vil, laptop o PC.<\/p>\n<p>Garant\u00eda de satisfacci\u00f3n por 7 d\u00edas si el programa no cumple tus expectativas.<\/p>\n<p>\u00bfC\u00d3MO LO VAS A LOGRAR? <\/p>\n<p>A trav\u00e9s de un programa dividido en 3 m\u00f3dulos que combina la teor\u00eda con la pr\u00e1ctica para que tu proceso de aprendizaje sea f\u00e1cil y r\u00e1pido. A partir de una inmersi\u00f3n en el mundo del entretenimiento tecnol\u00f3gico pondr\u00e1s a prueba tu creatividad y conocimiento.<\/p>\n<p>Esta MasterClass involucra los siguientes m\u00f3dulos:<\/p>\n<p>Parte No.1 &#8211; Introducci\u00f3n al programa.<br \/>\nParte No.2 &#8211; Motor de videojuegos.<br \/>\nParte No.3 &#8211; Descarga de Unity.<br \/>\nParte No.4 &#8211; Paneles de Unity.<br \/>\nParte No.5 &#8211; Ubicaci\u00f3n del proyecto.<br \/>\nParte No.6 &#8211; GameObjects.<br \/>\nParte No.7 &#8211; C\u00e1mara de Unity.<br \/>\nParte No.8 &#8211; Tipos de archivos.<br \/>\nParte No.9 &#8211; Editor de c\u00f3digo.<br \/>\nParte No.10 &#8211; Creaci\u00f3n de Scripts.<br \/>\nParte No.11 &#8211; Variables.<br \/>\nParte No.12 &#8211; Operaciones.<br \/>\nParte No.13 &#8211; Condicionales.<br \/>\nParte No.14 &#8211; Ciclos.<br \/>\nParte No.15 &#8211; Estructuras de datos.<br \/>\nParte No.16 &#8211; Documentaci\u00f3n de Unity.<br \/>\nParte No.17 &#8211; Creaci\u00f3n del proyecto.<br \/>\nParte No.18 &#8211; Bosquejando escenario.<br \/>\nParte No.19 &#8211; F\u00edsicas del personaje.<br \/>\nParte No.20 &#8211; Movimiento del personaje.<br \/>\nParte No.21 &#8211; Animaciones del personaje.<br \/>\nParte No.22 &#8211; Funcionalidad de saltar.<br \/>\nParte No.23 &#8211; Seguimiento de c\u00e1mara.<br \/>\nParte No.24 &#8211; Enemigos.<br \/>\nParte No.25 &#8211; Moneda de oro.<br \/>\nParte No.26 &#8211; Dise\u00f1ando nivel.<br \/>\nParte No.27 &#8211; Interfaz de usuario.<br \/>\nParte No.28 &#8211; A\u00f1adiendo audio.<br \/>\nParte No.29 &#8211; Exportando juego.<br \/>\nParte No.30 &#8211; Recomendaciones y agradecimientos.<\/p>\n<p>DESARROLLADO POR:<\/p>\n<p>Juan Camilo Espinosa Dom\u00ednguez, ingeniero multimedia en formaci\u00f3n quien desde los 14 a\u00f1os y gracias a su curiosidad tecnol\u00f3gica desde ni\u00f1o, comenz\u00f3 a programar de manera totalmente aut\u00f3noma. A los 16 a\u00f1os ya estaba desarrollando videojuegos para celulares Android. Al d\u00eda de hoy, suma m\u00e1s de 20 juegos publicados en la Play Store y m\u00e1s de 150 mil descargas acumuladas.<\/p>\n","protected":false},"excerpt":{"rendered":"<p>\u201cTransforma tu pasi\u00f3n por los video juegos creando el tuyo desde cero, mientras te diviertes\u201d<\/p>\n<p>Este MasterClass est\u00e1 perfectamente dise\u00f1ado para personas que no tengan experiencia alguna en el desarrollo de videojuegos y deseen crear su propio videojuego desde cero.<\/p>\n<p>Entender\u00e1s el paso a paso para llevar a cabo un proyecto de videojuegos, desde el concepto y la idea hasta lograr un producto final listo para ser publicado en las plataformas de venta.<\/p>\n","protected":false},"featured_media":3209,"template":"","meta":{"_joinchat":[]},"product_brand":[],"product_cat":[316,344],"product_tag":[],"class_list":{"0":"post-11319","1":"product","2":"type-product","3":"status-publish","4":"has-post-thumbnail","6":"product_cat-apps-y-software","7":"product_cat-todos","9":"first","10":"instock","11":"sale","12":"shipping-taxable","13":"product-type-external"},"_links":{"self":[{"href":"https:\/\/cursos.talentup.cl\/index.php?rest_route=\/wp\/v2\/product\/11319","targetHints":{"allow":["GET"]}}],"collection":[{"href":"https:\/\/cursos.talentup.cl\/index.php?rest_route=\/wp\/v2\/product"}],"about":[{"href":"https:\/\/cursos.talentup.cl\/index.php?rest_route=\/wp\/v2\/types\/product"}],"version-history":[{"count":2,"href":"https:\/\/cursos.talentup.cl\/index.php?rest_route=\/wp\/v2\/product\/11319\/revisions"}],"predecessor-version":[{"id":13923,"href":"https:\/\/cursos.talentup.cl\/index.php?rest_route=\/wp\/v2\/product\/11319\/revisions\/13923"}],"wp:featuredmedia":[{"embeddable":true,"href":"https:\/\/cursos.talentup.cl\/index.php?rest_route=\/wp\/v2\/media\/3209"}],"wp:attachment":[{"href":"https:\/\/cursos.talentup.cl\/index.php?rest_route=%2Fwp%2Fv2%2Fmedia&parent=11319"}],"wp:term":[{"taxonomy":"product_brand","embeddable":true,"href":"https:\/\/cursos.talentup.cl\/index.php?rest_route=%2Fwp%2Fv2%2Fproduct_brand&post=11319"},{"taxonomy":"product_cat","embeddable":true,"href":"https:\/\/cursos.talentup.cl\/index.php?rest_route=%2Fwp%2Fv2%2Fproduct_cat&post=11319"},{"taxonomy":"product_tag","embeddable":true,"href":"https:\/\/cursos.talentup.cl\/index.php?rest_route=%2Fwp%2Fv2%2Fproduct_tag&post=11319"}],"curies":[{"name":"wp","href":"https:\/\/api.w.org\/{rel}","templated":true}]}}