{"id":11324,"date":"2023-01-10T04:38:48","date_gmt":"2023-01-10T07:38:48","guid":{"rendered":"https:\/\/cursos.talentup.cl\/?post_type=product&#038;p=11324"},"modified":"2024-02-07T23:36:36","modified_gmt":"2024-02-08T02:36:36","slug":"photoshop-para-principiantes","status":"publish","type":"product","link":"https:\/\/cursos.talentup.cl\/?product=photoshop-para-principiantes","title":{"rendered":"PHOTOSHOP PARA PRINCIPIANTES"},"content":{"rendered":"<p>Capitulo 1: Capitulo 1 Correcci\u00f3n de imperfecciones. En este capitulo se ense\u00f1a a corregir im\u00e1genes sin da\u00f1arlas usando herramientas como el tap\u00f3n de clonar y el parche.<\/p>\n<p>Capitulo 2: Herramienta De Pincel &#8211; Maquillando. En este capitulo se ense\u00f1a a maquillar una foto usando la herramienta de pincel junto con otras funciones.<\/p>\n<p>Capitulo 3: Herramienta de Licuar &#8211; Montajes. En este capitulo se ense\u00f1a a crear montajes de fotos como aumento de senos, disminuci\u00f3n de tama\u00f1o de nariz o cintura con la herramienta de licuar.<\/p>\n<p>Capitulo 4: Creando un firmamento de estrellas. En este capitulo se ense\u00f1a a crear una imagen desde cero tipo firmamento de estrellas usando herramientas de filtro como destello y otras m\u00e1s.<\/p>\n<p>Capitulo 5: Efecto full HD o HDR. En este capitulo se ense\u00f1a a aplicar un efecto HD o HDR a cualquier imagen para hacerla lucir atractiva o profesional de la manera m\u00e1s sencilla que existe.<\/p>\n<p>Capitulo 6: Herramientas de selecci\u00f3n para cortar. En este capitulo se ense\u00f1a a utilizar todas las herramientas de selecci\u00f3n que hay disponibles para realizar recortes.<\/p>\n<p>Capitulo 7: Creando un efecto eclipse. En este capitulo se ense\u00f1a a crear una imagen desde cero con un efecto eclipse que puede usarse como fondo de pantalla o aplicarlo en cualquier imagen o fotograf\u00eda.<\/p>\n<p>Capitulo 8: Perfecci\u00f3n de bordes, brillo y contraste. En este capitulo se ense\u00f1a a hacer uso de la herramienta de perfeccionar bordes aplicando su uso principalmente en recortes complejos como el cabello de una persona ademas de usar las curvas para aplicar brillos y contrastes.<\/p>\n<p>Capitulo 9: Edici\u00f3n de im\u00e1genes de forma masiva. En este capitulo se ense\u00f1a una manera muy f\u00e1cil y practica de editar im\u00e1genes de forma masiva y automatizada para no tener que hacer el proceso una por una.<\/p>\n<p>Capitulo 10: Descarga y edici\u00f3n de mockups. En este capitulo se ense\u00f1a como poder descargar mockups y editarlos para crear trabajos profesionales y atractivos sin ning\u00fan esfuerzo.<\/p>\n<p>Capitulo 11: Uso de pinceles. En este capitulo se ense\u00f1a a usar los pinceles m\u00e1s a fondo tomando en cuenta diferentes ajustes avanzados que tenemos disponibles.<\/p>\n<p>Capitulo 12: Estilos, textos y coloreo. En este capitulo se ense\u00f1a a utilizar los estilos sobre textos e im\u00e1genes y a como a\u00f1adir nuevos, ademas de que se habla sobre la herramienta de texto y como colorear.<\/p>\n<p>Capitulo 13: Herramienta pluma. En este capitulo se ense\u00f1a a usar la herramienta pluma para crear trazados, selecciones m\u00e1s perfectas y dibujos.<\/p>\n<p>Capitulo 14: Tipos de mascaras. En este capitulo se ense\u00f1a el uso de mascaras y que tipos de mascaras hay.<\/p>\n","protected":false},"excerpt":{"rendered":"<p>Imagina poder maquillar y corregir tus fotografias&#8230; con este MasterClass lo vas a lograr!<\/p>\n","protected":false},"featured_media":3214,"template":"","meta":{"_joinchat":[]},"product_brand":[],"product_cat":[316,344],"product_tag":[],"class_list":{"0":"post-11324","1":"product","2":"type-product","3":"status-publish","4":"has-post-thumbnail","6":"product_cat-apps-y-software","7":"product_cat-todos","9":"first","10":"instock","11":"sale","12":"shipping-taxable","13":"product-type-external"},"_links":{"self":[{"href":"https:\/\/cursos.talentup.cl\/index.php?rest_route=\/wp\/v2\/product\/11324","targetHints":{"allow":["GET"]}}],"collection":[{"href":"https:\/\/cursos.talentup.cl\/index.php?rest_route=\/wp\/v2\/product"}],"about":[{"href":"https:\/\/cursos.talentup.cl\/index.php?rest_route=\/wp\/v2\/types\/product"}],"version-history":[{"count":4,"href":"https:\/\/cursos.talentup.cl\/index.php?rest_route=\/wp\/v2\/product\/11324\/revisions"}],"predecessor-version":[{"id":16001,"href":"https:\/\/cursos.talentup.cl\/index.php?rest_route=\/wp\/v2\/product\/11324\/revisions\/16001"}],"wp:featuredmedia":[{"embeddable":true,"href":"https:\/\/cursos.talentup.cl\/index.php?rest_route=\/wp\/v2\/media\/3214"}],"wp:attachment":[{"href":"https:\/\/cursos.talentup.cl\/index.php?rest_route=%2Fwp%2Fv2%2Fmedia&parent=11324"}],"wp:term":[{"taxonomy":"product_brand","embeddable":true,"href":"https:\/\/cursos.talentup.cl\/index.php?rest_route=%2Fwp%2Fv2%2Fproduct_brand&post=11324"},{"taxonomy":"product_cat","embeddable":true,"href":"https:\/\/cursos.talentup.cl\/index.php?rest_route=%2Fwp%2Fv2%2Fproduct_cat&post=11324"},{"taxonomy":"product_tag","embeddable":true,"href":"https:\/\/cursos.talentup.cl\/index.php?rest_route=%2Fwp%2Fv2%2Fproduct_tag&post=11324"}],"curies":[{"name":"wp","href":"https:\/\/api.w.org\/{rel}","templated":true}]}}