{"id":11325,"date":"2023-01-10T04:38:48","date_gmt":"2023-01-10T07:38:48","guid":{"rendered":"https:\/\/cursos.talentup.cl\/?post_type=product&#038;p=11325"},"modified":"2024-02-07T23:36:45","modified_gmt":"2024-02-08T02:36:45","slug":"secretos-de-un-buen-automaquillaje","status":"publish","type":"product","link":"https:\/\/cursos.talentup.cl\/?product=secretos-de-un-buen-automaquillaje","title":{"rendered":"SECRETOS DE UN BUEN AUTOMAQUILLAJE"},"content":{"rendered":"<p>Aprende a realizar tu propio maquillaje en simples pasos para que te sientas \u00fanica.<\/p>\n<p>\u00a1Maquillarte t\u00fa misma, nunca hab\u00eda sido tan f\u00e1cil\u00a1<\/p>\n<p>Con el MasterClass SECRETOS DEL AUTOMAQUILLAJE aprendes una t\u00e9cnica con la que cientos de mujeres exaltan su belleza natural, sin tener ning\u00fan conocimiento previo.<\/p>\n<p>Aprende c\u00f3mo identificar el tono correcto seg\u00fan el color de piel y la ocasi\u00f3n. Resalta la belleza de tus ojos y causa sensaci\u00f3n con tu maquillaje.<\/p>\n<p>\u00bfQU\u00c9 VAS A LOGRAR?<\/p>\n<p>Desarrollar la habilidad para causar la mayor impresi\u00f3n, haciendo lo que m\u00e1s te gusta; maquillarte.<\/p>\n<p>Realizar paso a paso, sin cortes, ni interrupciones, para que puedas lograr tu objetivo.<\/p>\n<p>Consentir tu imagen y ens\u00e9\u00f1ale a otros c\u00f3mo hacerlo de forma exitosa. No olvides que podr\u00e1s repetir cada lecci\u00f3n las veces que quieras, hasta que puedas hacerlo t\u00fa misma.<\/p>\n<p>Elegir correctamente el maquillaje adecuado seg\u00fan tu color de piel.<\/p>\n<p>Tener claro los diferentes tipos de maquillaje seg\u00fan tu estilo y ocasi\u00f3n.<\/p>\n<p>Aprovechar una oportunidad de negocios en una categor\u00eda que crece constantemente.<\/p>\n<p>Montar tu propio negocio de maquillaje a partir del conocimiento del automaquillaje.<\/p>\n<p>Descargar el certificado avalado por Hotmart y Seminarios Online.<\/p>\n<p>\u00bfC\u00d3MO LO VAS A LOGRAR?<\/p>\n<p>De una forma f\u00e1cil, clara y precisa. Para ello he dividido el contenido en 8 m\u00f3dulos. Adem\u00e1s, tendr\u00e1s tu certificado digital, un PDF descargable con la lista de productos sugeridos y un bonus adicional para que aprendas la forma correcta de desmaquillarte y retirar las pesta\u00f1as postizas.<\/p>\n<p>El contenido est\u00e1 desarrollado de la siguiente forma:<\/p>\n<p>Parte N.1 &#8211; Bienvenida a mi curso de automaquillaje.<br \/>\nParte N.2 &#8211; Quien soy yo.<br \/>\nParte N.3 &#8211; Productos para la preparaci\u00f3n de la piel.<br \/>\nParte N.4 &#8211; Bases de maquillaje.<br \/>\nParte N.5 &#8211; Correctores.<br \/>\nParte N.6 &#8211; Polvos translucidos y compactos.<br \/>\nParte N.7 &#8211; Productos para contorno del rostro.<br \/>\nParte N.8 &#8211; Blush.<br \/>\nParte N.9 &#8211; Iluminadores.<br \/>\nParte N.10 &#8211; Sombras para ojos.<br \/>\nParte N.11 &#8211; Productos para perfilar la cejas.<br \/>\nParte N.12 &#8211; L\u00e1piz perfiladores para ojos.<br \/>\nParte N.13 &#8211; Pesta\u00f1as postizas.<br \/>\nParte N.14 &#8211; Productos para labios.<br \/>\nParte N.15 &#8211; Preparaci\u00f3n de la piel.<br \/>\nParte N.16 &#8211; Selecci\u00f3n del tono de la base.<br \/>\nParte N.17 &#8211; Aplicaci\u00f3n de base.<br \/>\nParte N.18 &#8211; Correcci\u00f3n de Coloraci\u00f3n.<br \/>\nParte N.19 &#8211; Iluminaci\u00f3n de ojeras.<br \/>\nParte N.20- Sellado.<br \/>\nParte N.21 &#8211; Contorno del Rostro.<br \/>\nParte N.22 &#8211; Aplicaci\u00f3n de blush.<br \/>\nParte N.23 &#8211; Aplicaci\u00f3n de iluminador.<br \/>\nParte N.24 &#8211; Preparaci\u00f3n del Parpado.<br \/>\nParte N.25 &#8211; Aplicaci\u00f3n de sombras en Parpado Superior.<br \/>\nParte N.26 &#8211; Aplicaci\u00f3n de Sombras Parpado Inferior.<br \/>\nParte N.27 &#8211; Perfilado de cejas.<br \/>\nParte N.28 &#8211; Aplicaci\u00f3n y preparaci\u00f3n de pesta\u00f1as.<br \/>\nParte N.29 &#8211; Maquillaje de labios y detalles finales.<br \/>\nParte N.30 &#8211; Certificaci\u00f3n.<br \/>\nParte N.31 &#8211; BONUS La forma correcta de desmaquillarte.<br \/>\nParte N.32 &#8211; Dudas y Preguntas.<\/p>\n<p>ACERCA DEL PRODUCTOR:<\/p>\n<p>Desarrollado por SANDRA M\u00c1RQUEZ M\u00c1RQUEZ, Maquillista profesional. Maestr\u00eda en combinaci\u00f3n de colores, correcciones de rostro, maquillaje para pieles maduras, correcciones de ojos, maquillaje para novias. Adem\u00e1s, con amplia trayectoria con reconocidos maquillistas.<\/p>\n<p>Ha impartido cursos de automaquillaje, para cientos de personas. Exaltando la belleza de las mujeres, despertando la magia de un buen maquillaje.<\/p>\n","protected":false},"excerpt":{"rendered":"<p>Aprende a realizar tu propio maquillaje en simples pasos para que te sientas \u00fanica.<\/p>\n<p>\u00a1Maquillarte t\u00fa misma, nunca hab\u00eda sido tan f\u00e1cil\u00a1<\/p>\n<p>Con el MasterClass SECRETOS DEL AUTOMAQUILLAJE aprendes una t\u00e9cnica con la que cientos de mujeres exaltan su belleza natural, sin tener ning\u00fan conocimiento previo.<\/p>\n<p>Aprende c\u00f3mo identificar el tono correcto seg\u00fan el color de piel y la ocasi\u00f3n. Resalta la belleza de tus ojos y causa sensaci\u00f3n con tu maquillaje.<\/p>\n","protected":false},"featured_media":3292,"template":"","meta":{"_joinchat":[]},"product_brand":[],"product_cat":[317,344],"product_tag":[],"class_list":{"0":"post-11325","1":"product","2":"type-product","3":"status-publish","4":"has-post-thumbnail","6":"product_cat-belleza-y-moda","7":"product_cat-todos","9":"first","10":"instock","11":"sale","12":"shipping-taxable","13":"product-type-external"},"_links":{"self":[{"href":"https:\/\/cursos.talentup.cl\/index.php?rest_route=\/wp\/v2\/product\/11325","targetHints":{"allow":["GET"]}}],"collection":[{"href":"https:\/\/cursos.talentup.cl\/index.php?rest_route=\/wp\/v2\/product"}],"about":[{"href":"https:\/\/cursos.talentup.cl\/index.php?rest_route=\/wp\/v2\/types\/product"}],"version-history":[{"count":4,"href":"https:\/\/cursos.talentup.cl\/index.php?rest_route=\/wp\/v2\/product\/11325\/revisions"}],"predecessor-version":[{"id":16030,"href":"https:\/\/cursos.talentup.cl\/index.php?rest_route=\/wp\/v2\/product\/11325\/revisions\/16030"}],"wp:featuredmedia":[{"embeddable":true,"href":"https:\/\/cursos.talentup.cl\/index.php?rest_route=\/wp\/v2\/media\/3292"}],"wp:attachment":[{"href":"https:\/\/cursos.talentup.cl\/index.php?rest_route=%2Fwp%2Fv2%2Fmedia&parent=11325"}],"wp:term":[{"taxonomy":"product_brand","embeddable":true,"href":"https:\/\/cursos.talentup.cl\/index.php?rest_route=%2Fwp%2Fv2%2Fproduct_brand&post=11325"},{"taxonomy":"product_cat","embeddable":true,"href":"https:\/\/cursos.talentup.cl\/index.php?rest_route=%2Fwp%2Fv2%2Fproduct_cat&post=11325"},{"taxonomy":"product_tag","embeddable":true,"href":"https:\/\/cursos.talentup.cl\/index.php?rest_route=%2Fwp%2Fv2%2Fproduct_tag&post=11325"}],"curies":[{"name":"wp","href":"https:\/\/api.w.org\/{rel}","templated":true}]}}