{"id":11326,"date":"2023-01-10T04:38:48","date_gmt":"2023-01-10T07:38:48","guid":{"rendered":"https:\/\/cursos.talentup.cl\/?post_type=product&#038;p=11326"},"modified":"2024-02-07T23:36:36","modified_gmt":"2024-02-08T02:36:36","slug":"cuidado-facial-con-dermapen","status":"publish","type":"product","link":"https:\/\/cursos.talentup.cl\/?product=cuidado-facial-con-dermapen","title":{"rendered":"CUIDADO FACIAL CON DERMAPEN"},"content":{"rendered":"<p>\u00bfSab\u00edas que el cuidado facial con Dermapen es una de las t\u00e9cnicas m\u00e1s efectivas para tener un rostro sano y rejuvenecido?<\/p>\n<p>Con el MasterClass CUIDADO FACIAL CON DERMAPEN, realizar\u00e1s Paso a Paso las \u00faltimas t\u00e9cnicas del cuidado facial. Adem\u00e1s, eliminar\u00e1s esos granitos y arrugas que tanto molestan a las personas.<\/p>\n<p>\u00bfQU\u00c9 VAS A LOGRAR?<\/p>\n<p>Aprender\u00e1s de manera pr\u00e1ctica, todo el paso a paso para lograr un cuidado facial con excelentes resultados desde la primera sesi\u00f3n.<\/p>\n<p>Te volver\u00e1s una experta en todos los conceptos relacionados al dermapen facial.<\/p>\n<p>Aprender\u00e1s lo necesario para garantizar que tus cuidados faciales tengan los resultados esperados para tus pacientes.<\/p>\n<p>Tendr\u00e1s un negocio rentable y duradero ya que todas las personas solicitaran tus servicios.<\/p>\n<p>Acceder\u00e1s al certificado avalado por Hotmart y Seminarios Online.<\/p>\n<p>\u00bfC\u00d3MO LO VAS A LOGRAR?<\/p>\n<p>A trav\u00e9s del siguiente contenido, estructurado paso a paso:<\/p>\n<p>M\u00d3DULO 1- BIENVENIDA<\/p>\n<p>Introducci\u00f3n y bienvenida.<\/p>\n<p>M\u00d3DULO 2- IMPLEMENTOS Y APARATOLOG\u00cdA<\/p>\n<p>Implementos y aparatolog\u00eda \u2013 Dermapen.<br \/>\nMascarilla hidratante.<br \/>\nMicrodermoabrasi\u00f3n de diamante.<br \/>\nDermadol anestesia.<br \/>\nMascara Led.<br \/>\nVitamina C.<\/p>\n<p>M\u00d3DULO 3 &#8211; INICIANDO EN CUIDADOS FACIALES CON DERMAPEN<\/p>\n<p>Introducci\u00f3n al dermapen.<br \/>\nLimpieza con jab\u00f3n facial.<br \/>\nDermapen.<br \/>\nUso de agujas del dermapen.<br \/>\nEliminar cicatrices faciales con dermapen.<br \/>\nMascara led.<br \/>\nAplicar bloqueador o crema hidratante.<br \/>\nFinal del primer procedimiento.<\/p>\n<p>M\u00d3DULO 4 &#8211; SEGUNDO PROCEDIMIENTO<\/p>\n<p>Introducci\u00f3n segundo procedimiento.<br \/>\nLimpiar grasas e impurezas.<br \/>\nVitamina C \u2013 microdermoabrasi\u00f3n.<br \/>\nPala ultras\u00f3nica explicaci\u00f3n.<br \/>\nPala ultras\u00f3nica implementaci\u00f3n.<br \/>\nMascarilla de hidrataci\u00f3n.<br \/>\nExfoliaci\u00f3n con mascarilla.<br \/>\nImplementaci\u00f3n del Dermapen.<br \/>\nMascarilla de Vitamina C.<br \/>\nMascara Led.<\/p>\n<p>M\u00d3DULO 5 &#8211; DERMAPEN EN POROS ABIERTOS<\/p>\n<p>Iniciando en dermapen &#8211; poros abiertos.<br \/>\nT\u00f3nico antes del Dermapen.<br \/>\nPala Ultras\u00f3nica.<br \/>\nMicrodermoabrasi\u00f3n.<br \/>\nSilicio org\u00e1nico con Dermapen.<br \/>\nT\u00e9cnicas con dermapen.<br \/>\nT\u00e9cnicas con dermapen II.<br \/>\nHidrataci\u00f3n.<br \/>\nMascarilla.<br \/>\nMasaje facial.<\/p>\n<p>M\u00d3DULO 6 &#8211; MATERIAL ADICIONAL (BONOS)<\/p>\n<p>Bono 1 &#8211; Hidrataci\u00f3n despu\u00e9s del dermapen.<br \/>\nBono 2 &#8211; Microdermoabrasi\u00f3n piel suave.<br \/>\nBono 3 &#8211; Mascarilla hidratante.<br \/>\nBono 4 &#8211; Dermapen en estr\u00edas.<\/p>\n<p>M\u00d3DULO 7 &#8211; VIDEO RESPUESTAS<\/p>\n<p>\u00bfQue no se debe hacer en un dermapen?<\/p>\n<p>M\u00d3DULO 8 &#8211; \u00bfC\u00d3MO OBTENER TU CERTIFICADO?<\/p>\n<p>\u00bfC\u00f3mo obtener tu certificado?<\/p>\n<p>ACERCA DE LA PRODUCTORA<\/p>\n<p>Desarrollado por CATALINA RODR\u00cdGUEZ, experta certificada y profesional en cosmetolog\u00eda integral, con m\u00e1s de 5 a\u00f1os de experiencia en la industria de cuidados faciales, con reconocimientos a nivel nacional.<\/p>\n<p>Actualmente tiene su propio negocio donde brinda sus servicios de spa y tratamientos faciales.<\/p>\n","protected":false},"excerpt":{"rendered":"<p>\u00bfSab\u00edas que el cuidado facial con Dermapen es una de las t\u00e9cnicas m\u00e1s efectivas para tener un rostro sano y rejuvenecido?<\/p>\n<p>Con el MasterClass CUIDADO FACIAL CON DERMAPEN, realizar\u00e1s Paso a Paso las \u00faltimas t\u00e9cnicas del cuidado facial. Adem\u00e1s, eliminar\u00e1s esos granitos y arrugas que tanto molestan a las personas.<\/p>\n","protected":false},"featured_media":3215,"template":"","meta":{"_joinchat":[]},"product_brand":[],"product_cat":[317,344],"product_tag":[],"class_list":{"0":"post-11326","1":"product","2":"type-product","3":"status-publish","4":"has-post-thumbnail","6":"product_cat-belleza-y-moda","7":"product_cat-todos","9":"first","10":"instock","11":"sale","12":"shipping-taxable","13":"product-type-external"},"_links":{"self":[{"href":"https:\/\/cursos.talentup.cl\/index.php?rest_route=\/wp\/v2\/product\/11326","targetHints":{"allow":["GET"]}}],"collection":[{"href":"https:\/\/cursos.talentup.cl\/index.php?rest_route=\/wp\/v2\/product"}],"about":[{"href":"https:\/\/cursos.talentup.cl\/index.php?rest_route=\/wp\/v2\/types\/product"}],"version-history":[{"count":2,"href":"https:\/\/cursos.talentup.cl\/index.php?rest_route=\/wp\/v2\/product\/11326\/revisions"}],"predecessor-version":[{"id":13931,"href":"https:\/\/cursos.talentup.cl\/index.php?rest_route=\/wp\/v2\/product\/11326\/revisions\/13931"}],"wp:featuredmedia":[{"embeddable":true,"href":"https:\/\/cursos.talentup.cl\/index.php?rest_route=\/wp\/v2\/media\/3215"}],"wp:attachment":[{"href":"https:\/\/cursos.talentup.cl\/index.php?rest_route=%2Fwp%2Fv2%2Fmedia&parent=11326"}],"wp:term":[{"taxonomy":"product_brand","embeddable":true,"href":"https:\/\/cursos.talentup.cl\/index.php?rest_route=%2Fwp%2Fv2%2Fproduct_brand&post=11326"},{"taxonomy":"product_cat","embeddable":true,"href":"https:\/\/cursos.talentup.cl\/index.php?rest_route=%2Fwp%2Fv2%2Fproduct_cat&post=11326"},{"taxonomy":"product_tag","embeddable":true,"href":"https:\/\/cursos.talentup.cl\/index.php?rest_route=%2Fwp%2Fv2%2Fproduct_tag&post=11326"}],"curies":[{"name":"wp","href":"https:\/\/api.w.org\/{rel}","templated":true}]}}