{"id":11329,"date":"2023-01-10T04:38:48","date_gmt":"2023-01-10T07:38:48","guid":{"rendered":"https:\/\/cursos.talentup.cl\/?post_type=product&#038;p=11329"},"modified":"2024-02-07T23:36:36","modified_gmt":"2024-02-08T02:36:36","slug":"9-pasos-para-una-limpieza-facial-profesional","status":"publish","type":"product","link":"https:\/\/cursos.talentup.cl\/?product=9-pasos-para-una-limpieza-facial-profesional","title":{"rendered":"9 PASOS PARA UNA LIMPIEZA FACIAL PROFESIONAL"},"content":{"rendered":"<p>\u00bfTe gustar\u00eda aprender a limpiar tu piel, en tan solo 9 pasos?<\/p>\n<p>Con el MasterClass 9 PASOS PARA UNA LIMPIEZA FACIAL, aprender\u00e1s y destacar\u00e1s tus habilidades en el cuido de la piel, como toda una profesional.<\/p>\n<p>\u00bfQU\u00c9 VAS A LOGRAR?<\/p>\n<p>Conocer\u00e1s el detalle pr\u00e1ctico y te\u00f3rico de una limpieza facial profesional.<\/p>\n<p>Conocer\u00e1s todo lo necesario para comenzar tu propio negocio de manera exitosa.<\/p>\n<p>Aprender\u00e1s de manera detallada y sencilla a hacer una limpieza facial profesional.<\/p>\n<p>Te convertir\u00e1s en una esteticista profesional.<\/p>\n<p>Acceder\u00e1s al certificado avalado por Hotmart y Seminarios Online.<\/p>\n<p>\u00bfC\u00d3MO LO VAS A LOGRAR?<\/p>\n<p>A trav\u00e9s del siguiente contenido, estructurado paso a paso:<\/p>\n<p>M\u00d3DULO 1 &#8211; CREA TU PROPIO NEGOCIO<\/p>\n<p>Bienvenida.<br \/>\nIntroducci\u00f3n.<br \/>\nUtensilios y equipos indispensables.<\/p>\n<p>M\u00d3DULO 2 &#8211; PRIMEROS 3 PASOS<\/p>\n<p>1. Desmaquillaje: Importancia, qu\u00e9 productos usar seg\u00fan el tipo de piel.<br \/>\n2. Exfoliaci\u00f3n: Importancia y recomendaciones.<br \/>\n3. T\u00f3nico: Importancia y Clasificaci\u00f3n.<br \/>\nPr\u00e1ctica: Desmaquillar.<br \/>\nPractica: Exfoliar.<\/p>\n<p>M\u00d3DULO 3 &#8211; CUARTO, QUINTO Y SEXTO PASO<\/p>\n<p>4. Vapor ozono: Beneficios, precauciones y contraindicaciones.<br \/>\nTipos de vaporizadores y Modo de uso.<br \/>\n5. Extracci\u00f3n manual: Comedones y tipos de extracci\u00f3n.<br \/>\n6. Extracci\u00f3n con aparatolog\u00eda: Peeling Ultras\u00f3nico y Microdermoabrasi\u00f3n.<br \/>\nPr\u00e1ctica: Vapor de ozono.<br \/>\nPr\u00e1ctica: Extracci\u00f3n manual.<br \/>\nPr\u00e1ctica: Extracci\u00f3n con aparatolog\u00eda.<\/p>\n<p>M\u00d3DULO 4 &#8211; S\u00c9PTIMO, OCTAVO Y NOVENO PASO<\/p>\n<p>7. Mascarillas: Usos seg\u00fan el tipo de piel.<br \/>\n8. Mascarilla Led: Usos seg\u00fan el tipo de piel y Funci\u00f3n de cada color (rojo, azul, Amarillo, verde, morado, blanco).<br \/>\n9. Protector Solar: Usos seg\u00fan el tipo de piel y componentes principales.<br \/>\nPr\u00e1ctica: Mascarillas en crema y con parafina.<br \/>\nPractica: Mascarilla Led.<br \/>\nPr\u00e1ctica: Protector solar.<br \/>\nVideo de resumen. <\/p>\n<p>M\u00d3DULO 5 &#8211; CLAVES PARA TENER UN NEGOCIO EXITOSO<\/p>\n<p>Estructura de costos.<br \/>\nFijaci\u00f3n de precios.<br \/>\nOferta irresistible.<\/p>\n<p>M\u00d3DULO 6 \u2013 MATERIAL ADICIONAL (BONOS)<\/p>\n<p>Ebook. Gu\u00eda de recomendaciones higi\u00e9nico sanitarias Covid-19 para centros de est\u00e9tica<br \/>\nEbook. Eco\u00e9stetica, belleza consciente<br \/>\nEbook. 9 pasos para una limpieza facial profesional.<br \/>\nLa verdad sobre las mascarillas caseras.<\/p>\n<p>M\u00d3DULO 7 &#8211; VIDEO RESPUESTAS<\/p>\n<p>\u00bfCu\u00e1les son los cuidados fundamentales luego de la limpieza facial profesional?<br \/>\n\u00bfPuedo entrenar despu\u00e9s de una limpieza Facial profesional?<br \/>\n\u00bfQu\u00e9 lugares evitar?<br \/>\n\u00bfSkin care ideal?<br \/>\n\u00bfCu\u00e1nta agua debo tomar?<\/p>\n<p>M\u00d3DULO 8 &#8211; \u00bfC\u00d3MO OBTENER TU CERTIFICADO?<\/p>\n<p>\u00bfC\u00f3mo obtener tu certificado?<\/p>\n<p>ACERCA DE LA PRODUCTORA<\/p>\n<p>Desarrollado por MAYLIN S\u00c1NCHEZ, nutricionista con 13 a\u00f1os de experiencia, cosmet\u00f3loga y cosmiatra con 8 a\u00f1os de experiencia. Due\u00f1a de la est\u00e9tica Nutribella.ca, ha logrado innovar en su campo brindando el mejor servicio a sus pacientes. <\/p>\n<p>Su pasi\u00f3n por la est\u00e9tica la ha llevado a ser jueza en cert\u00e1menes de belleza de gran nivel, adem\u00e1s de ser la Nutricionista oficial en concursos de belleza.<\/p>\n","protected":false},"excerpt":{"rendered":"<p>\u00bfTe gustar\u00eda aprender a limpiar tu piel, en tan solo 9 pasos?<\/p>\n<p>Con el MasterClass 9 PASOS PARA UNA LIMPIEZA FACIAL, aprender\u00e1s y destacar\u00e1s tus habilidades en el cuido de la piel, como toda una profesional.<\/p>\n","protected":false},"featured_media":3218,"template":"","meta":{"_joinchat":[]},"product_brand":[],"product_cat":[317,344],"product_tag":[],"class_list":{"0":"post-11329","1":"product","2":"type-product","3":"status-publish","4":"has-post-thumbnail","6":"product_cat-belleza-y-moda","7":"product_cat-todos","9":"first","10":"instock","11":"sale","12":"shipping-taxable","13":"product-type-external"},"_links":{"self":[{"href":"https:\/\/cursos.talentup.cl\/index.php?rest_route=\/wp\/v2\/product\/11329","targetHints":{"allow":["GET"]}}],"collection":[{"href":"https:\/\/cursos.talentup.cl\/index.php?rest_route=\/wp\/v2\/product"}],"about":[{"href":"https:\/\/cursos.talentup.cl\/index.php?rest_route=\/wp\/v2\/types\/product"}],"version-history":[{"count":4,"href":"https:\/\/cursos.talentup.cl\/index.php?rest_route=\/wp\/v2\/product\/11329\/revisions"}],"predecessor-version":[{"id":16003,"href":"https:\/\/cursos.talentup.cl\/index.php?rest_route=\/wp\/v2\/product\/11329\/revisions\/16003"}],"wp:featuredmedia":[{"embeddable":true,"href":"https:\/\/cursos.talentup.cl\/index.php?rest_route=\/wp\/v2\/media\/3218"}],"wp:attachment":[{"href":"https:\/\/cursos.talentup.cl\/index.php?rest_route=%2Fwp%2Fv2%2Fmedia&parent=11329"}],"wp:term":[{"taxonomy":"product_brand","embeddable":true,"href":"https:\/\/cursos.talentup.cl\/index.php?rest_route=%2Fwp%2Fv2%2Fproduct_brand&post=11329"},{"taxonomy":"product_cat","embeddable":true,"href":"https:\/\/cursos.talentup.cl\/index.php?rest_route=%2Fwp%2Fv2%2Fproduct_cat&post=11329"},{"taxonomy":"product_tag","embeddable":true,"href":"https:\/\/cursos.talentup.cl\/index.php?rest_route=%2Fwp%2Fv2%2Fproduct_tag&post=11329"}],"curies":[{"name":"wp","href":"https:\/\/api.w.org\/{rel}","templated":true}]}}