{"id":11330,"date":"2023-01-10T04:38:48","date_gmt":"2023-01-10T07:38:48","guid":{"rendered":"https:\/\/cursos.talentup.cl\/?post_type=product&#038;p=11330"},"modified":"2024-02-07T23:36:36","modified_gmt":"2024-02-08T02:36:36","slug":"maderoterapia-avanzada-expert","status":"publish","type":"product","link":"https:\/\/cursos.talentup.cl\/?product=maderoterapia-avanzada-expert","title":{"rendered":"MADEROTERAPIA AVANZADA EXPERT"},"content":{"rendered":"<p>\u00bfQuieres convertir tu pasi\u00f3n en tu pr\u00f3ximo y definido emprendimiento dentro del mundo de la belleza? <\/p>\n<p>Con el MasterClass MADEROTERAPIA AVANZADA EXPERT, aprender\u00e1s t\u00e9cnicas avanzadas y las combinar\u00e1s con otras t\u00e9cnicas como mantas t\u00e9rmicas, aparatolog\u00eda, ultrasonido y cavitaci\u00f3n, entre otras.<\/p>\n<p>\u00bfQU\u00c9 VAS A LOGRAR?<\/p>\n<p>Lograr\u00e1s conocimientos avanzados te\u00f3ricos pr\u00e1cticos sobre Maderoterapia.<\/p>\n<p>Aplicar\u00e1s todo lo aprendido en tu propio emprendimiento.<\/p>\n<p>Descubrir\u00e1s todas las oportunidades que la maderoterapia te ofrece.<\/p>\n<p>Lograr\u00e1s un alto nivel de profesionalismo.<\/p>\n<p>Estar\u00e1s en la capacidad de emprender dentro del mundo de la belleza desde \u201c0\u201d.<\/p>\n<p>Sabr\u00e1s que errores evitar y como solucionarlos.<\/p>\n<p>Acceder\u00e1s al certificado avalado por Hotmart y Seminarios Online.<\/p>\n<p>\u00bfC\u00d3MO LO VAS A LOGRAR?<\/p>\n<p>A trav\u00e9s del siguiente contenido, estructurado paso a paso:<\/p>\n<p>M\u00d3DULO 1 &#8211; INTRODUCCI\u00d3N Y BIENVENIDA AL CURSO<\/p>\n<p>Introducci\u00f3n al curso \/ Bienvenidos<\/p>\n<p>M\u00d3DULO 2 &#8211; TEOR\u00cdA AVANZADA<\/p>\n<p>Sistema Linf\u00e1tico<br \/>\nT\u00e9cnicas no invasivas<br \/>\nIndicaciones especiales<br \/>\nContradicciones importantes<br \/>\nEvita provocar dolor a tus pacientes<br \/>\nValor agregado a tus pacientes<br \/>\n\u00bfCu\u00e1ndo y para que la maderoterapia?<\/p>\n<p>M\u00d3DULO 2 &#8211; PRACTICA I<\/p>\n<p>T\u00e9cnica de abdomen.<br \/>\nT\u00e9cnica brazos.<br \/>\nT\u00e9cnica pierna I.<br \/>\nT\u00e9cnica piernas II.<br \/>\nT\u00e9cnica piernas III.<\/p>\n<p>M\u00d3DULO 3 &#8211; PRACTICA II<\/p>\n<p>\u00bfSe puede aplicar la Maderoterapia con otras t\u00e9cnicas?<br \/>\nComplementa tus sesiones de maderoterapia con aparatolog\u00eda.<br \/>\nUltrasonido TP<br \/>\nManta t\u00e9rmica<br \/>\nGimnasia pasiva<br \/>\nLipo laser.<br \/>\nCavitaci\u00f3n.<br \/>\nRadiofrecuencia.<br \/>\nVacumterapia.<\/p>\n<p>M\u00d3DULO 4 &#8211; VENDE LOS CONOCIMIENTOS ADQUIRIDOS EN ESTE CURSO<\/p>\n<p>La venta es un intercambio de satisfacciones.<br \/>\nAun que el cliente no est\u00e9 de acuerdo con el precio no ser\u00e1 motivo para impedir la venta.<\/p>\n<p>M\u00d3DULO 5 &#8211; CUIDADO Y LIMPIEZA<\/p>\n<p>Cuidado y limpieza de los utensilios de la maderoterapia<\/p>\n<p>M\u00d3DULO 6 &#8211; BONO 1: GIMNASIA DE MANOS<\/p>\n<p>Como prevenir autolesionarnos.<\/p>\n<p>M\u00d3DULO 7 &#8211; BONO 2: MINI CURSO &#8211; MASAJE REDUCTIVO PIERNAS Y GL\u00daTEOS<\/p>\n<p>Masaje reductivo manual.<br \/>\nMasaje reductivo pierna interior.<\/p>\n<p>M\u00d3DULO 8 &#8211; BONO 3: MINI CURSO MASAJE REDUCTIVO ESPALDA I<\/p>\n<p>Masaje reductivo espalda I.<br \/>\nMasaje reductivo espalda II.<\/p>\n<p>M\u00d3DULO 9 \u2013 BONO 4: RECURSOS PARA TU EMPRENDIMIENTO<\/p>\n<p>Formato Ficha cl\u00ednica completa I.<br \/>\nFormato Ficha cl\u00ednica completa II.<br \/>\nFormato Ficha cl\u00ednica valorativa.<br \/>\nFormato Ficha cl\u00ednica interna.<br \/>\nFormato Gimnasia de manos protocolo preventivo.<br \/>\nFormato Protocolo utensilios.<br \/>\nFormato Protocolo masaje reductivo.<\/p>\n<p>M\u00d3DULO 10 &#8211; VIDEO RESPUESTAS<\/p>\n<p>Mi paciente tuvo una intervenci\u00f3n quir\u00fargica \u00bfQu\u00e9 hago?<\/p>\n<p>M\u00d3DULO 11 &#8211; \u00bfC\u00d3MO OBTENER TU CERTIFICADO?<\/p>\n<p>\u00bfC\u00f3mo obtener tu certificado?<\/p>\n<p>ACERCA DE LA PRODUCTORA<\/p>\n<p>Desarrollado por ARIANA GUTIERREZ cosmet\u00f3loga y terapeuta &#8211; Fundadora y Ceo en Maisonutrition- spa. <\/p>\n<p>Su prop\u00f3sito personal es ayudar a emprendedores a abrir su propio Spa utilizando diferentes t\u00e9cnicas alternativas y de relajaci\u00f3n. Tener a la mano lo que a ella le hubiese gustado tener cuando inicio su emprendimiento.<\/p>\n<p>En la actualidad, se encarga de capacitar y formar a futuros emprendedores dentro del mundo de la belleza para que de esta manera ellos encuentren su prop\u00f3sito, sean libres y amen lo que hacen.<\/p>\n","protected":false},"excerpt":{"rendered":"<p>\u00bfQuieres convertir tu pasi\u00f3n en tu pr\u00f3ximo y definido emprendimiento dentro del mundo de la belleza? <\/p>\n<p>Con el MasterClass MADEROTERAPIA AVANZADA EXPERT, aprender\u00e1s t\u00e9cnicas avanzadas y las combinar\u00e1s con otras t\u00e9cnicas como mantas t\u00e9rmicas, aparatolog\u00eda, ultrasonido y cavitaci\u00f3n, entre otras.<\/p>\n","protected":false},"featured_media":3219,"template":"","meta":{"_joinchat":[]},"product_brand":[],"product_cat":[317,344],"product_tag":[],"class_list":{"0":"post-11330","1":"product","2":"type-product","3":"status-publish","4":"has-post-thumbnail","6":"product_cat-belleza-y-moda","7":"product_cat-todos","9":"first","10":"instock","11":"sale","12":"shipping-taxable","13":"product-type-external"},"_links":{"self":[{"href":"https:\/\/cursos.talentup.cl\/index.php?rest_route=\/wp\/v2\/product\/11330","targetHints":{"allow":["GET"]}}],"collection":[{"href":"https:\/\/cursos.talentup.cl\/index.php?rest_route=\/wp\/v2\/product"}],"about":[{"href":"https:\/\/cursos.talentup.cl\/index.php?rest_route=\/wp\/v2\/types\/product"}],"version-history":[{"count":4,"href":"https:\/\/cursos.talentup.cl\/index.php?rest_route=\/wp\/v2\/product\/11330\/revisions"}],"predecessor-version":[{"id":16004,"href":"https:\/\/cursos.talentup.cl\/index.php?rest_route=\/wp\/v2\/product\/11330\/revisions\/16004"}],"wp:featuredmedia":[{"embeddable":true,"href":"https:\/\/cursos.talentup.cl\/index.php?rest_route=\/wp\/v2\/media\/3219"}],"wp:attachment":[{"href":"https:\/\/cursos.talentup.cl\/index.php?rest_route=%2Fwp%2Fv2%2Fmedia&parent=11330"}],"wp:term":[{"taxonomy":"product_brand","embeddable":true,"href":"https:\/\/cursos.talentup.cl\/index.php?rest_route=%2Fwp%2Fv2%2Fproduct_brand&post=11330"},{"taxonomy":"product_cat","embeddable":true,"href":"https:\/\/cursos.talentup.cl\/index.php?rest_route=%2Fwp%2Fv2%2Fproduct_cat&post=11330"},{"taxonomy":"product_tag","embeddable":true,"href":"https:\/\/cursos.talentup.cl\/index.php?rest_route=%2Fwp%2Fv2%2Fproduct_tag&post=11330"}],"curies":[{"name":"wp","href":"https:\/\/api.w.org\/{rel}","templated":true}]}}