{"id":11335,"date":"2023-01-10T04:38:48","date_gmt":"2023-01-10T07:38:48","guid":{"rendered":"https:\/\/cursos.talentup.cl\/?post_type=product&#038;p=11335"},"modified":"2024-02-07T23:36:36","modified_gmt":"2024-02-08T02:36:36","slug":"disena-cejas-perfectas-con-el-metodo-flash-design","status":"publish","type":"product","link":"https:\/\/cursos.talentup.cl\/?product=disena-cejas-perfectas-con-el-metodo-flash-design","title":{"rendered":"DISE\u00d1A CEJAS PERFECTAS CON EL M\u00c9TODO FLASH DESIGN"},"content":{"rendered":"<p>\u00bfTe gustar\u00eda ganar hasta 3 veces m\u00e1s por tu servicio de cejas?<\/p>\n<p>Con el Master Class DISE\u00d1A CEJAS PERFECTAS CON EL M\u00c9TODO FLASH DESIGN, dise\u00f1ar\u00e1s cejas de manera armoniosa, resaltando la belleza y respetando la fisonom\u00eda de cada rostro.<\/p>\n<p>\u00bfQU\u00c9 VAS A LOGRAR?<\/p>\n<p>Dise\u00f1aras unas cejas perfectas para hacer depilaci\u00f3n, aplicaci\u00f3n henna, microblading o micropigmentaci\u00f3n.<\/p>\n<p>Conocer\u00e1s sobre la morfolog\u00eda y estructura \u00f3sea.<\/p>\n<p>Veremos lo que son los m\u00fasculos faciales y huesos de la cara.<\/p>\n<p>Conocer\u00e1s la estructura propia de las cejas.<\/p>\n<p>Aprender\u00e1s a elaborar tu propio hilo de mapeo.<\/p>\n<p>Aprender\u00e1s la manera correcta de tomar el hilo para hacer el mapeo.<\/p>\n<p>Aprender\u00e1s la manera correcta de pulir tu l\u00e1piz dermatogr\u00e1fico.<\/p>\n<p>Aprender\u00e1s lo b\u00e1sico sobre bioseguridad.<\/p>\n<p>Aprender\u00e1s el protocolo del m\u00e9todo flash design.<\/p>\n<p>Sabr\u00e1s c\u00f3mo retirar un anest\u00e9sico sin perder tu dise\u00f1o de cejas.<\/p>\n<p>Aprender\u00e1s a elaborar de manera correcta una higiene de cejas para aplicar cualquier t\u00e9cnica.<\/p>\n<p>Te ense\u00f1are mi protocolo exitoso en el que aplico el dise\u00f1o de cejas, te ense\u00f1o a preparar tu espacio de trabajo y un laminado de cejas perfecto.<\/p>\n<p>Aprender\u00e1s a gestionar tus clientes con una App Gratuita.<\/p>\n<p>Aprender\u00e1s a editar fotos y crear collages de tus trabajos como un PRO de manera f\u00e1cil y sencilla.<\/p>\n<p>Aprender\u00e1s a manejar de manera correcta la aplicaci\u00f3n de simetr\u00eda para dise\u00f1o.<\/p>\n<p>Tendr\u00e1s un consentimiento informado que podr\u00e1s implementar de manera libre para tus protocolos.<\/p>\n<p>Acceder\u00e1s al certificado avalado por Hotmart y Seminarios Online.<\/p>\n<p>\u00bfC\u00d3MO LO VAS A LOGRAR?<\/p>\n<p>A trav\u00e9s del siguiente contenido, estructurado paso a paso:<\/p>\n<p>M\u00d3DULO 1 &#8211; BIENVENIDA<\/p>\n<p>Bienvenida y objetivos del curso.<\/p>\n<p>M\u00d3DULO 2 &#8211; INTRODUCCI\u00d3N AL MUNDO DE LAS CEJAS<\/p>\n<p>Morfolog\u00eda y estructura \u00f3sea de las cejas.<br \/>\nM\u00fasculos faciales.<br \/>\nHuesos de la cara.<br \/>\nTipos de cejas y rostros.<br \/>\nEstructura de las cejas.<\/p>\n<p>M\u00d3DULO 3 &#8211; MATERIALES<\/p>\n<p>Herramientas a usar.<\/p>\n<p>M\u00d3DULO 4 &#8211; EMPLEO Y BUEN USO DE LOS MATERIALES<\/p>\n<p>Elabora tu propio hilo de mapeo.<br \/>\nManera correcta de tomar el hilo para mapeo.<br \/>\nManera correcta de definir punta de l\u00e1piz demogr\u00e1fico.<\/p>\n<p>M\u00d3DULO 5 &#8211; BIOSEGURIDAD<\/p>\n<p>Lo que debes saber en bioseguridad.<\/p>\n<p>M\u00d3DULO 6 &#8211; HIGIENE DE CEJAS<\/p>\n<p>Higiene correcta en cejas.<\/p>\n<p>M\u00d3DULO 7- ANEST\u00c9SICO<\/p>\n<p>Retirar anest\u00e9sico de manera correcta.<\/p>\n<p>M\u00d3DULO 8 &#8211; M\u00c9TODO FLASH DESIGN<\/p>\n<p>Explicaci\u00f3n del m\u00e9todo flash design.<\/p>\n<p>M\u00d3DULO 9 &#8211; PR\u00c1CTICA DEL M\u00c9TODO FLASH DESIGN<\/p>\n<p>Ebook de pr\u00e1ctica.<br \/>\nPractica en papel rostro mujer.<br \/>\nPractica papel rostro hombre.<\/p>\n<p>M\u00d3DULO 10 &#8211; APLICACI\u00d3N DEL M\u00c9TODO FLASH DESIGN EN MODELO <\/p>\n<p>Dise\u00f1o de cejas en modelo hombre.<br \/>\nDise\u00f1o de cejas en modelo mujer.<\/p>\n<p>M\u00d3DULO 11 &#8211; PROTOCOLO COMPLETO CON LAMINADO<\/p>\n<p>Organicemos nuestro espacio de trabajo.<br \/>\nPreparaci\u00f3n piel y cejas.<br \/>\nTratamiento laminado o keratina para cejas.<br \/>\nDise\u00f1o y depilaci\u00f3n con pinza.<\/p>\n<p>M\u00d3DULO 12 &#8211; AGRADECIMIENTOS<\/p>\n<p>Gracias.<\/p>\n<p>M\u00d3DULO 13 &#8211; MATERIAL ADICIONAL BONO 1<\/p>\n<p>Registro para uso de la aplicaci\u00f3n de simetr\u00eda.<br \/>\nUso de la aplicaci\u00f3n de simetr\u00eda phi app- ubicando l\u00edneas.<\/p>\n<p>M\u00d3DULO 14 &#8211; MATERIAL ADICIONAL BONO 2<\/p>\n<p>Editando como un pro desde el tel\u00e9fono.<br \/>\nCreando un collage de antes y despu\u00e9s.<\/p>\n<p>M\u00d3DULO 15 &#8211; MATERIAL ADICIONAL BONO 3<\/p>\n<p>Gestiona tus clientes en asana versi\u00f3n pc.<br \/>\nGesti\u00f3n de clientes en asana versi\u00f3n tel\u00e9fono.<\/p>\n<p>M\u00d3DULO 16 &#8211; MATERIAL ADICIONAL BONO 4<\/p>\n<p>Consentimiento Informado.<\/p>\n<p>M\u00d3DULO 17 &#8211; VIDEO RESPUESTAS<\/p>\n<p>\u00bfEn qu\u00e9 var\u00eda el tiempo de acci\u00f3n?<br \/>\n\u00bfPorque los inicios de las cejas no son rectos?<br \/>\nSi solo voy a hacer un dise\u00f1o de cejas \u00bfCu\u00e1l ceja debo elegir como gu\u00eda?<\/p>\n<p>M\u00d3DULO 18 &#8211; \u00bfC\u00d3MO OBTENER TU CERTIFICADO?<\/p>\n<p>\u00bfC\u00f3mo obtener tu certificado?<\/p>\n<p>ACERCA DE LA PRODUCTORA<\/p>\n<p>Desarrollado por JOHANA GARC\u00cdA, profesional esteticista cosmet\u00f3loga, artista de la Academys by Sviatoslav con m\u00e1s de 10 a\u00f1os de experiencia en el sector de la belleza.<\/p>\n<p>Ejerce como formadora hace 2 a\u00f1os en dise\u00f1o de cejas y tratamientos de belleza inteligente.<\/p>\n<p>Actualmente tiene su propio estudio de micropigmentaci\u00f3n.<\/p>\n<p>Adem\u00e1s, es Coach Ontol\u00f3gico Internacional Certificada avalada por la ICF.<\/p>\n","protected":false},"excerpt":{"rendered":"<p>\u00bfTe gustar\u00eda ganar hasta 3 veces m\u00e1s por tu servicio de cejas?<\/p>\n<p>Con el Master Class DISE\u00d1A CEJAS PERFECTAS CON EL M\u00c9TODO FLASH DESIGN, dise\u00f1ar\u00e1s cejas de manera armoniosa, resaltando la belleza y respetando la fisonom\u00eda de cada rostro.<\/p>\n","protected":false},"featured_media":3222,"template":"","meta":{"_joinchat":[]},"product_brand":[],"product_cat":[317,344],"product_tag":[],"class_list":{"0":"post-11335","1":"product","2":"type-product","3":"status-publish","4":"has-post-thumbnail","6":"product_cat-belleza-y-moda","7":"product_cat-todos","9":"first","10":"instock","11":"sale","12":"shipping-taxable","13":"product-type-external"},"_links":{"self":[{"href":"https:\/\/cursos.talentup.cl\/index.php?rest_route=\/wp\/v2\/product\/11335","targetHints":{"allow":["GET"]}}],"collection":[{"href":"https:\/\/cursos.talentup.cl\/index.php?rest_route=\/wp\/v2\/product"}],"about":[{"href":"https:\/\/cursos.talentup.cl\/index.php?rest_route=\/wp\/v2\/types\/product"}],"version-history":[{"count":4,"href":"https:\/\/cursos.talentup.cl\/index.php?rest_route=\/wp\/v2\/product\/11335\/revisions"}],"predecessor-version":[{"id":16006,"href":"https:\/\/cursos.talentup.cl\/index.php?rest_route=\/wp\/v2\/product\/11335\/revisions\/16006"}],"wp:featuredmedia":[{"embeddable":true,"href":"https:\/\/cursos.talentup.cl\/index.php?rest_route=\/wp\/v2\/media\/3222"}],"wp:attachment":[{"href":"https:\/\/cursos.talentup.cl\/index.php?rest_route=%2Fwp%2Fv2%2Fmedia&parent=11335"}],"wp:term":[{"taxonomy":"product_brand","embeddable":true,"href":"https:\/\/cursos.talentup.cl\/index.php?rest_route=%2Fwp%2Fv2%2Fproduct_brand&post=11335"},{"taxonomy":"product_cat","embeddable":true,"href":"https:\/\/cursos.talentup.cl\/index.php?rest_route=%2Fwp%2Fv2%2Fproduct_cat&post=11335"},{"taxonomy":"product_tag","embeddable":true,"href":"https:\/\/cursos.talentup.cl\/index.php?rest_route=%2Fwp%2Fv2%2Fproduct_tag&post=11335"}],"curies":[{"name":"wp","href":"https:\/\/api.w.org\/{rel}","templated":true}]}}