{"id":11378,"date":"2023-01-10T04:38:52","date_gmt":"2023-01-10T07:38:52","guid":{"rendered":"https:\/\/cursos.talentup.cl\/?post_type=product&#038;p=11378"},"modified":"2024-02-07T23:36:38","modified_gmt":"2024-02-08T02:36:38","slug":"aprende-el-negocio-de-las-unas","status":"publish","type":"product","link":"https:\/\/cursos.talentup.cl\/?product=aprende-el-negocio-de-las-unas","title":{"rendered":"APRENDE EL NEGOCIO DE LAS U\u00d1AS"},"content":{"rendered":"<p>\u00bfTe gustar\u00eda convertirte en una manicurista profesional y montar tu propio negocio? <\/p>\n<p>Con el MasterClass APRENDE EL NEGOCIO LAS U\u00d1AS, aprender\u00e1s todas las t\u00e9cnicas para que te conviertas en una PROFESIONAL en el arte del arreglo de u\u00f1as y puedas generar altos ingresos. <\/p>\n<p>\u00bfQU\u00c9 VAS A LOGRAR?<\/p>\n<p>Aprender\u00e1s todas las t\u00e9cnicas y te convertir\u00e1s en una profesional.<\/p>\n<p>Tendr\u00e1s todas las herramientas para crear tu propio negocio y ser tu propia jefa.<\/p>\n<p>Realizar fant\u00e1sticos y sorprendentes dise\u00f1os.<\/p>\n<p>Trabajar con combinaciones adecuadas de formas y colores.<\/p>\n<p>Conocer materiales y herramientas adecuadas y de alta calidad para lograr un trabajo con alto profesionalismo.<\/p>\n<p>Aprender\u00e1s t\u00e9cnicas que est\u00e1n en tendencia.<\/p>\n<p>Conocer\u00e1s el Mercado donde ofrecer\u00e1s tus servicios.<\/p>\n<p>Sabr\u00e1s todas las maneras de Monetizar tu nueva habilidad. <\/p>\n<p>Aprender\u00e1s habilidades digitales para crear tu negocio y ayudarte a conseguir clientes.<\/p>\n<p>Tendr\u00e1s acceso a un grupo privado de Facebook con otras alumnas del programa.<\/p>\n<p>Tendr\u00e1s material de apoyo descargable debajo de los videos.<\/p>\n<p>Acceder\u00e1s al certificado avalado por Hotmart y Seminarios Online.<\/p>\n<p>\u00bfC\u00d3MO LO VAS A LOGRAR?<\/p>\n<p>A trav\u00e9s del siguiente contenido, estructurado paso a paso:<\/p>\n<p>M\u00d3DULO 1 &#8211; PRIMEROS PASOS<\/p>\n<p>1- Bienvenida.<br \/>\n2- Presentaci\u00f3n de los materiales.<br \/>\n3- Anatom\u00eda del pincel Kolinsky.<br \/>\n4- Anatom\u00eda de la U\u00f1a.<br \/>\n5- Tipos de u\u00f1as.<\/p>\n<p>M\u00d3DULO 2 &#8211; VAMOS A LA PRACTICA<\/p>\n<p>1- Preparaci\u00f3n de la u\u00f1a natural.<br \/>\n2- Colocando el Tipo (Square).<br \/>\n3- Manejo del producto (la perla perfecta).<br \/>\n4- Sistema Coffin full cover parte 1.<br \/>\n5- Sistema Coffin full cover parte 2.<br \/>\n6- Sistema Stiletto Full color con Gitter.<br \/>\n7- Sistema Glitter encapsulado.<br \/>\n8- U\u00f1as acr\u00edlicas con naturaleza muerta parte 1.<br \/>\n9- U\u00f1as acr\u00edlicas con naturaleza muerta parte 2.<br \/>\n10- Baby boomer.<br \/>\n11- Baby boomer de color.<br \/>\n12- Plantilla de ensayo para flores 3D.<br \/>\n13- 3D B\u00e1sico.<br \/>\n14- Alto relieve parte 1.<br \/>\n15- Alto relieve parte 2.<br \/>\n16- Decoraci\u00f3n con pedrer\u00eda.<br \/>\n17- El efecto sugar.<br \/>\n18- U\u00f1a conffin con t\u00e9cnica de marmoleado.<br \/>\n19- Marmoleado con colores de ne\u00f3n.<br \/>\n20- Esmaltado semipermanente.<br \/>\n21- Sistema polygel con tips (molde).<br \/>\n22- Mantenimiento del sistema.<br \/>\n23- Mantenimiento del sistema.<br \/>\n24- Quitando un sistema de u\u00f1as acr\u00edlicas.<br \/>\n25- Esterilizaci\u00f3n de los materiales.<\/p>\n<p>M\u00d3DULO 3 &#8211; MONETIZA TU TALENTO<\/p>\n<p>1- Monetiza tu talento.<br \/>\n2- Consejos para abrir tu sal\u00f3n.<br \/>\n3- Define el precio de tus servicios.<br \/>\n4- Organiza tu calendario de citas (sistema de reservas).<br \/>\n5- Define el alma de tu negocio.<br \/>\n6- Crea un logo f\u00e1cil y r\u00e1pido.<br \/>\n7- Redes sociales para tu negocio.<br \/>\n6- Captaci\u00f3n clientes.<br \/>\n7- Tu negocio en Google Maps.<\/p>\n<p>M\u00d3DULO 4 \u2013 BONUS<\/p>\n<p>1- Aprende a usar WhatsApp Business en tu negocio.<br \/>\n2- Controla las finanzas de tu negocio.<br \/>\n3- Dise\u00f1o gr\u00e1fico para tus redes sociales.<br \/>\n4- Plantilla de ensayo descargables.<\/p>\n<p>M\u00d3DULO 5 &#8211; PREGUNTAS FRECUENTES<\/p>\n<p>1- \u00bfC\u00f3mo obtener el certificado?<\/p>\n<p>ACERCA DE LA PRODUCTORA<\/p>\n<p>Desarrollado por GENESIS MENDOZA profesional de alto nivel. Ha trabajado en diversos salones hasta crear su propio sal\u00f3n con clientes propios logrando tener una trayectoria de m\u00e1s de 6 a\u00f1os. Se ha formado con artistas nacionales e internacionales perfeccionando sus t\u00e9cnicas, obteniendo m\u00e1s conocimientos y (m\u00e1s ingresos).<\/p>\n<p>Por ello ha decidido realizar esta formaci\u00f3n 100% pr\u00e1ctica y online para aportarte sus conocimientos y guiarte paso a paso en tu camino en este hermoso rubro y garantizarte el \u00e9xito en este camino.<\/p>\n","protected":false},"excerpt":{"rendered":"<p>\u00bfTe gustar\u00eda convertirte en una manicurista profesional y montar tu propio negocio? <\/p>\n<p>Con el MasterClass APRENDE EL NEGOCIO LAS U\u00d1AS, aprender\u00e1s todas las t\u00e9cnicas para que te conviertas en una PROFESIONAL en el arte del arreglo de u\u00f1as y puedas generar altos ingresos.<\/p>\n","protected":false},"featured_media":3238,"template":"","meta":{"_joinchat":[]},"product_brand":[],"product_cat":[317,344],"product_tag":[],"class_list":{"0":"post-11378","1":"product","2":"type-product","3":"status-publish","4":"has-post-thumbnail","6":"product_cat-belleza-y-moda","7":"product_cat-todos","9":"first","10":"instock","11":"sale","12":"shipping-taxable","13":"product-type-external"},"_links":{"self":[{"href":"https:\/\/cursos.talentup.cl\/index.php?rest_route=\/wp\/v2\/product\/11378","targetHints":{"allow":["GET"]}}],"collection":[{"href":"https:\/\/cursos.talentup.cl\/index.php?rest_route=\/wp\/v2\/product"}],"about":[{"href":"https:\/\/cursos.talentup.cl\/index.php?rest_route=\/wp\/v2\/types\/product"}],"version-history":[{"count":4,"href":"https:\/\/cursos.talentup.cl\/index.php?rest_route=\/wp\/v2\/product\/11378\/revisions"}],"predecessor-version":[{"id":16022,"href":"https:\/\/cursos.talentup.cl\/index.php?rest_route=\/wp\/v2\/product\/11378\/revisions\/16022"}],"wp:featuredmedia":[{"embeddable":true,"href":"https:\/\/cursos.talentup.cl\/index.php?rest_route=\/wp\/v2\/media\/3238"}],"wp:attachment":[{"href":"https:\/\/cursos.talentup.cl\/index.php?rest_route=%2Fwp%2Fv2%2Fmedia&parent=11378"}],"wp:term":[{"taxonomy":"product_brand","embeddable":true,"href":"https:\/\/cursos.talentup.cl\/index.php?rest_route=%2Fwp%2Fv2%2Fproduct_brand&post=11378"},{"taxonomy":"product_cat","embeddable":true,"href":"https:\/\/cursos.talentup.cl\/index.php?rest_route=%2Fwp%2Fv2%2Fproduct_cat&post=11378"},{"taxonomy":"product_tag","embeddable":true,"href":"https:\/\/cursos.talentup.cl\/index.php?rest_route=%2Fwp%2Fv2%2Fproduct_tag&post=11378"}],"curies":[{"name":"wp","href":"https:\/\/api.w.org\/{rel}","templated":true}]}}