{"id":11379,"date":"2023-01-10T04:38:52","date_gmt":"2023-01-10T07:38:52","guid":{"rendered":"https:\/\/cursos.talentup.cl\/?post_type=product&#038;p=11379"},"modified":"2024-02-07T23:36:38","modified_gmt":"2024-02-08T02:36:38","slug":"tocados-de-flores-en-porcelana-fria","status":"publish","type":"product","link":"https:\/\/cursos.talentup.cl\/?product=tocados-de-flores-en-porcelana-fria","title":{"rendered":"TOCADOS DE FLORES EN PORCELANA FR\u00cdA"},"content":{"rendered":"<p>\u00bfSabias que el 87% de las novias prefiere los tocados en porcelana fr\u00eda por su belleza, comodidad y elegancia?<\/p>\n<p>Con el MasterClass TOCADOS DE FLORES EN PORCELANA FR\u00cdA aprender\u00e1s todo lo necesario<br \/>\npara hacer hermosos tocados de flores en este vers\u00e1til material y comenzar un nuevo emprendimiento con mucho futuro.<\/p>\n<p>\u00bfQU\u00c9 VAS A LOGRAR?<\/p>\n<p>Podr\u00e1s convertirte en una artesana(o) en tocados de flores de porcelana fr\u00eda, ya sea para ti misma, para regalar, o para comenzar un nuevo emprendimiento con mucho futuro.<\/p>\n<p>Crear\u00e1s en muy poco tiempo aut\u00e9nticas joyas de arte.<\/p>\n<p>Aprender\u00e1s todo lo relacionado con los materiales que necesitas, los distintos tipos de t\u00e9cnicas de modelado, varias flores y hojas con diferentes acabados, y una iniciaci\u00f3n b\u00e1sica al montaje de los tocados.<\/p>\n<p>Tendr\u00e1s un abanico de posibilidades que abrir\u00e1 tu mente y disfrutar\u00e1s todo el curso del proceso creativo.<\/p>\n<p>Acceder\u00e1s al certificado avalado por Hotmart y Seminarios Online.<\/p>\n<p>\u00bfC\u00d3MO LO VAS A LOGRAR?<\/p>\n<p>A trav\u00e9s del siguiente contenido, estructurado paso a paso:<\/p>\n<p>M\u00f3dulo 1. Presentaci\u00f3n- Invitaci\u00f3n a grupos privados de Telegram y WhatsApp.<br \/>\nM\u00f3dulo 2. Introducci\u00f3n a la porcelana fr\u00eda.<br \/>\nM\u00f3dulo 3. Materiales y utensilios.<br \/>\nM\u00f3dulo 4. Conservaci\u00f3n de la masa.<br \/>\nM\u00f3dulo 5. Planificaci\u00f3n y bocetaje.<br \/>\nM\u00f3dulo 6. Distintas posibilidades de tintado.<br \/>\nM\u00f3dulo 7. \u00bfC\u00f3mo conseguir el color deseado en el tintado? Tips y trucos?<br \/>\nM\u00f3dulo 8. Alternativas al tintado. T\u00e9cnicas de pintura y barnizado.<br \/>\nM\u00f3dulo 9. Centro esf\u00e9rico.<br \/>\nM\u00f3dulo 10. Centro Estriado.<br \/>\nM\u00f3dulo 11. Centro con semillas. Alternativas a los centros de la flor.<br \/>\nM\u00f3dulo 12. Flor de 2 p\u00e9talos.<br \/>\nM\u00f3dulo 13. Flor de 3 p\u00e9talos.<br \/>\nM\u00f3dulo 14. Flor de 4 p\u00e9talos.<br \/>\nM\u00f3dulo 15. Flor de 5 p\u00e9talos.<br \/>\nM\u00f3dulo 16. Modelado de hojas.<br \/>\nM\u00f3dulo 17. Respuestas a preguntas frecuentes.<br \/>\nBonus 1: Introducci\u00f3n al dise\u00f1o y bocetaje.<br \/>\nBonus 2: Introducci\u00f3n al montaje.<br \/>\nBonus 3: Diademas.<br \/>\nBonus 4: Peinetas.<br \/>\nBonus 5: \u00bfC\u00f3mo calcular el precio de mi Tocado?<br \/>\nBonus 6: Tocados de fantas\u00eda.<br \/>\nBonus 7: \u00bfC\u00f3mo vender en las redes sociales?<br \/>\nBonus 8: Estrategias para vender en Instagram.<br \/>\nBonus 9: Estrategias para vender en Facebook.<br \/>\nBonus 10: Estrategias para vender en Tik Tok.<br \/>\nBonus 11: \u00bfC\u00f3mo se monta una publicidad en Facebook Ads?<\/p>\n<p>ACERCA DEL PRODUCTOR<\/p>\n<p>Desarrollado por PABLO ALLENDE AGUILERA, ha estudiado dise\u00f1o floral en dos escuelas, alcanzando la mayor titulaci\u00f3n, denominada \u201cMaestro Florista\u201d en Espa\u00f1a.<\/p>\n<p>Adem\u00e1s, he realizado numerosos cursos monogr\u00e1ficos en porcelana fr\u00eda, de los que destaco los siguientes, todos ellos cursados en escuelas de arte floral y escuelas de<br \/>\nmoda de alta costura:<\/p>\n<p>Curso de flores con pasta efecto n\u00e1car y montado de tocados y complementos.<br \/>\nCursos de nivel intermedio y avanzado de \u201cCraft Head Desings\u201d<br \/>\nCurso de tocados enfocados a recogidos de novia.<br \/>\nCurso de coronas envolventes.<br \/>\nCurso de diademas reina.<br \/>\nCurso de tocados joya.<br \/>\nCursos de coronas fantas\u00eda.<br \/>\nCurso de nivel avanzado de t\u00e9cnicas tradicionales y modernas en porcelana fr\u00eda.<\/p>\n<p>Privacidad<br \/>\nTu informaci\u00f3n est\u00e1 100% segura<br \/>\nCompra segura<br \/>\nAmbiente seguro y autenticado<br \/>\nEntrega por email<br \/>\nAcceso al producto entregado por email<br \/>\nContenido aprobado<br \/>\n100% revisado y aprobado<\/p>\n","protected":false},"excerpt":{"rendered":"<p>\u00bfSabias que el 87% de las novias prefiere los tocados en porcelana fr\u00eda por su belleza, comodidad y elegancia?<\/p>\n<p>Con el MasterClass TOCADOS DE FLORES EN PORCELANA FR\u00cdA aprender\u00e1s todo lo necesario<br \/>\npara hacer hermosos tocados de flores en este vers\u00e1til material y comenzar un nuevo emprendimiento con mucho futuro.<\/p>\n","protected":false},"featured_media":3237,"template":"","meta":{"_joinchat":[]},"product_brand":[],"product_cat":[317,344],"product_tag":[],"class_list":{"0":"post-11379","1":"product","2":"type-product","3":"status-publish","4":"has-post-thumbnail","6":"product_cat-belleza-y-moda","7":"product_cat-todos","9":"first","10":"instock","11":"sale","12":"shipping-taxable","13":"product-type-external"},"_links":{"self":[{"href":"https:\/\/cursos.talentup.cl\/index.php?rest_route=\/wp\/v2\/product\/11379","targetHints":{"allow":["GET"]}}],"collection":[{"href":"https:\/\/cursos.talentup.cl\/index.php?rest_route=\/wp\/v2\/product"}],"about":[{"href":"https:\/\/cursos.talentup.cl\/index.php?rest_route=\/wp\/v2\/types\/product"}],"version-history":[{"count":4,"href":"https:\/\/cursos.talentup.cl\/index.php?rest_route=\/wp\/v2\/product\/11379\/revisions"}],"predecessor-version":[{"id":16021,"href":"https:\/\/cursos.talentup.cl\/index.php?rest_route=\/wp\/v2\/product\/11379\/revisions\/16021"}],"wp:featuredmedia":[{"embeddable":true,"href":"https:\/\/cursos.talentup.cl\/index.php?rest_route=\/wp\/v2\/media\/3237"}],"wp:attachment":[{"href":"https:\/\/cursos.talentup.cl\/index.php?rest_route=%2Fwp%2Fv2%2Fmedia&parent=11379"}],"wp:term":[{"taxonomy":"product_brand","embeddable":true,"href":"https:\/\/cursos.talentup.cl\/index.php?rest_route=%2Fwp%2Fv2%2Fproduct_brand&post=11379"},{"taxonomy":"product_cat","embeddable":true,"href":"https:\/\/cursos.talentup.cl\/index.php?rest_route=%2Fwp%2Fv2%2Fproduct_cat&post=11379"},{"taxonomy":"product_tag","embeddable":true,"href":"https:\/\/cursos.talentup.cl\/index.php?rest_route=%2Fwp%2Fv2%2Fproduct_tag&post=11379"}],"curies":[{"name":"wp","href":"https:\/\/api.w.org\/{rel}","templated":true}]}}