{"id":11383,"date":"2023-01-10T04:38:52","date_gmt":"2023-01-10T07:38:52","guid":{"rendered":"https:\/\/cursos.talentup.cl\/?post_type=product&#038;p=11383"},"modified":"2024-02-07T23:36:39","modified_gmt":"2024-02-08T02:36:39","slug":"maquillaje-profesional-para-novias","status":"publish","type":"product","link":"https:\/\/cursos.talentup.cl\/?product=maquillaje-profesional-para-novias","title":{"rendered":"MAQUILLAJE PROFESIONAL PARA NOVIAS"},"content":{"rendered":"<p>\u00bfTe gustar\u00eda especializarte en maquillar novias con las mejores y mas innovadoras tendencias?<\/p>\n<p>Con el MasterClass MAQUILLAJE PROFESIONAL PARA NOVIAS podr\u00e1s aprender a maquillar diferentes tipos de piel, para que tus clientas luzcan hermosas y con un look natural el d\u00eda de su boda.<\/p>\n<p>\u00bfQU\u00c9 VAS A LOGRAR?<\/p>\n<p>Lograr\u00e1s diferenciar y maquillar de forma correcta diferentes tipos de piel con resultados incre\u00edbles.<\/p>\n<p>Aprender\u00e1s a maquillar a la novia con colores que encajen en diferentes tipos de eventos, como bodas al aire libre, ciudad, de noche, de d\u00eda, playa etc.<\/p>\n<p>Aplicar\u00e1s escala de colores que est\u00e9n en tendencia o bien elegir los que nunca pasan de moda.<\/p>\n<p>Te diferenciar\u00e1s de tu competencia para lograr atraer m\u00e1s clientes que quieran maquillarse contigo.<\/p>\n<p>Aprender\u00e1s a elegir el mejor tipo de maquillaje y a conocer cu\u00e1l es la indumentaria necesaria para cada sesi\u00f3n.<\/p>\n<p>Conocer\u00e1s las tendencias que m\u00e1s funcionan en la actualidad.<\/p>\n<p>Ser\u00e1s capaz de crear un ambiente agradable para tus clientes con diferentes aromas y t\u00e9cnicas de higiene profesional.<\/p>\n<p>Conocer\u00e1s los conceptos avanzados aplicados al campo del maquillaje para novias.<\/p>\n<p>Entender que con informaci\u00f3n correcta y pr\u00e1ctica podr\u00e1s satisfacer a todas tus clientes.<\/p>\n<p>Aplicar el conocimiento de forma pr\u00e1ctica siguiendo los pasos que ves en cada clase.<\/p>\n<p>Al finalizar tendr\u00e1s la capacidad de atender novias en cualquier escenario y brindarles una atenci\u00f3n que destaque por tu profesionalismo y resultados incre\u00edbles. <\/p>\n<p>Podr\u00e1s mejorar tu trabajo lo cual te permitir\u00e1 ganar m\u00e1s por cada sesi\u00f3n que tengas.<\/p>\n<p>Ser\u00e1s capaz de asesorar a tus clientes en base a la situaci\u00f3n con todo el conocimiento que obtendr\u00e1s en esta MasterClass.<\/p>\n<p>\u00bfC\u00d3MO LO VAS A LOGRAR?<\/p>\n<p>Todo lo anterior est\u00e1 estructurado de la siguiente manera<\/p>\n<p>\u00cdndice de Videos.<br \/>\n1. Maquillaje estilo natural.<br \/>\n2. Sombras y detalles naturales.<br \/>\n3. Maquillaje para la noche.<br \/>\n4. Pieles grasas y brotes de acn\u00e9.<br \/>\n5. Maquillaje para ojos de alta duraci\u00f3n.<br \/>\n6. Pesta\u00f1as y retoques.<br \/>\n7. Novias estilo cargado y ex\u00f3tico.<br \/>\n8. Iluminadores y contornos.<br \/>\n9. Ojos estilo dram\u00e1tico.<br \/>\n10. Cejas, labiales y retoques finales.<br \/>\n11. Maquillaje de Novia c\u00f3mo Negocio.<br \/>\n12. Tips para emprender en el maquillaje.<br \/>\nBonos adicionales.<br \/>\n1. Gu\u00eda de morfolog\u00eda y simetr\u00eda del rostro.<br \/>\n2. Gu\u00eda de brochas y funcionalidad.<br \/>\n3. Gu\u00eda de productos para maquillaje de novia profesional.<br \/>\n4. Glosario de t\u00e9rminos de Makeup.<\/p>\n<p>ACERCA DEL PRODUCTOR<\/p>\n<p>Creado e impartido por ANDREA PAOLA ROSAL, quien es una profesional del maquillaje en<br \/>\nGuatemala y apasionada por la excelencia.<br \/>\nCon m\u00e1s de 10 a\u00f1os de experiencia, cuenta con un estudio de maquillaje (Andrea Paola<br \/>\nMakeup Studio) que se dedica a formar alumnas en diferentes \u00e1reas en este campo y ha<br \/>\ngraduado m\u00e1s de 2mil mujeres que desean emprender el rubro de la est\u00e9tica. Se ha<br \/>\nposicionado, as\u00ed como una de las academias m\u00e1s reconocidas del pa\u00eds y una de las maestras<br \/>\nm\u00e1s buscadas del medio.<br \/>\nAndrea se certific\u00f3 como maquillista profesional en Estados Unidos y Espa\u00f1a, adem\u00e1s de<br \/>\ntener varias actualizaciones que la han acreditado como una referente del sector. Ha<br \/>\nparticipado como estilista en jefe de varios programas televisivos, eventos en Guatemala y<br \/>\npara Fox.<br \/>\nTambi\u00e9n cuenta con \u201cThe Beauty Truck\u201d que es el primer sal\u00f3n de belleza m\u00f3vil de<br \/>\nCentroam\u00e9rica y uno de los primeros del continente.<\/p>\n","protected":false},"excerpt":{"rendered":"<p>\u00bfTe gustar\u00eda especializarte en maquillar novias con las mejores y mas innovadoras tendencias?<\/p>\n<p>Con el MasterClass MAQUILLAJE PROFESIONAL PARA NOVIAS podr\u00e1s aprender a maquillar diferentes tipos de piel, para que tus clientas luzcan hermosas y con un look natural el d\u00eda de su boda.<\/p>\n","protected":false},"featured_media":3242,"template":"","meta":{"_joinchat":[]},"product_brand":[],"product_cat":[317,344],"product_tag":[],"class_list":{"0":"post-11383","1":"product","2":"type-product","3":"status-publish","4":"has-post-thumbnail","6":"product_cat-belleza-y-moda","7":"product_cat-todos","9":"first","10":"instock","11":"sale","12":"shipping-taxable","13":"product-type-external"},"_links":{"self":[{"href":"https:\/\/cursos.talentup.cl\/index.php?rest_route=\/wp\/v2\/product\/11383","targetHints":{"allow":["GET"]}}],"collection":[{"href":"https:\/\/cursos.talentup.cl\/index.php?rest_route=\/wp\/v2\/product"}],"about":[{"href":"https:\/\/cursos.talentup.cl\/index.php?rest_route=\/wp\/v2\/types\/product"}],"version-history":[{"count":4,"href":"https:\/\/cursos.talentup.cl\/index.php?rest_route=\/wp\/v2\/product\/11383\/revisions"}],"predecessor-version":[{"id":16026,"href":"https:\/\/cursos.talentup.cl\/index.php?rest_route=\/wp\/v2\/product\/11383\/revisions\/16026"}],"wp:featuredmedia":[{"embeddable":true,"href":"https:\/\/cursos.talentup.cl\/index.php?rest_route=\/wp\/v2\/media\/3242"}],"wp:attachment":[{"href":"https:\/\/cursos.talentup.cl\/index.php?rest_route=%2Fwp%2Fv2%2Fmedia&parent=11383"}],"wp:term":[{"taxonomy":"product_brand","embeddable":true,"href":"https:\/\/cursos.talentup.cl\/index.php?rest_route=%2Fwp%2Fv2%2Fproduct_brand&post=11383"},{"taxonomy":"product_cat","embeddable":true,"href":"https:\/\/cursos.talentup.cl\/index.php?rest_route=%2Fwp%2Fv2%2Fproduct_cat&post=11383"},{"taxonomy":"product_tag","embeddable":true,"href":"https:\/\/cursos.talentup.cl\/index.php?rest_route=%2Fwp%2Fv2%2Fproduct_tag&post=11383"}],"curies":[{"name":"wp","href":"https:\/\/api.w.org\/{rel}","templated":true}]}}