{"id":11384,"date":"2023-01-10T04:38:53","date_gmt":"2023-01-10T07:38:53","guid":{"rendered":"https:\/\/cursos.talentup.cl\/?post_type=product&#038;p=11384"},"modified":"2024-02-07T23:36:39","modified_gmt":"2024-02-08T02:36:39","slug":"aprende-y-emprende-disenos-basicos-de-ropa-para-bebes","status":"publish","type":"product","link":"https:\/\/cursos.talentup.cl\/?product=aprende-y-emprende-disenos-basicos-de-ropa-para-bebes","title":{"rendered":"APRENDE Y EMPRENDE DISE\u00d1OS B\u00c1SICOS DE ROPA PARA BEB\u00c9S"},"content":{"rendered":"<p>\u00bfTe gustar\u00eda aprender desde cero la elaboraci\u00f3n de tus propios patrones para ropa b\u00e1sica de bebes sin tener experiencia?<\/p>\n<p>Con el MasterClass APRENDE Y EMPRENDE DISE\u00d1OS B\u00c1SICOS PARA ROPA DE BEBE, iniciaras de la mano de una profesional todo lo que necesitas saber sobre el mundo de la confecci\u00f3n de prendas infantiles.<\/p>\n<p>\u00bfQU\u00c9 VAS A LOGRAR?<\/p>\n<p>Iniciaras de la mano de una profesional todo lo que necesitas saber sobre el mundo de la confecci\u00f3n infantil, para que aprendas desde cero la elaboraci\u00f3n de tus propios patrones para ropa b\u00e1sica de bebes sin tener experiencia.<\/p>\n<p>Emprender\u00e1s tu propio negocio desenvolvi\u00e9ndote en el mundo de patronaje y costura.<\/p>\n<p>Desarrollar\u00e1s la habilidad para llevar a cabo las prendas b\u00e1sicas para bebes.<\/p>\n<p>Tendr\u00e1s la capacidad de crear moldes de acuerdo con tus ideas y preferencias.<\/p>\n<p>Activar\u00e1s tu mente para crear prendas infantiles desde lo b\u00e1sico a la transformaci\u00f3n de nuevos dise\u00f1os.<\/p>\n<p>Acceder\u00e1s al certificado avalado por Hotmart y Seminarios Online.<\/p>\n<p>\u00bfC\u00d3MO LO VAS A LOGRAR?<\/p>\n<p>A trav\u00e9s del siguiente contenido, estructurado paso a paso:<\/p>\n<p>APRENDE Y EMPRENDE DISE\u00d1OS B\u00c1SICOS DE ROPA PARA BEBES<\/p>\n<p>Introducci\u00f3n.<br \/>\nInicio de modulo.<br \/>\nVideo Practico No.1 \u2013 Polito de bebe.<br \/>\nVideo Practico No.2 \u2013 Pantal\u00f3n bebe.<br \/>\nVideo Practico No.3 \u2013 Body bebe.<br \/>\nVideo Practico No.4 \u2013 Vestido bebita corte en cintura.<br \/>\nVideo Practico No.5 \u2013 Vestido bebita talle largo con bobitos.<br \/>\nVideo Practico No.6 \u2013 Calz\u00f3n bombacho.<br \/>\nVideo Practico No.7 \u2013 Short bebe.<br \/>\nVideo Practico No.8 \u2013 Enterizo con broches y cierres.<\/p>\n<p>BONOS (Adicional)<\/p>\n<p>Video Pantal\u00f3n sin costura.<br \/>\nVideo Bandana.<br \/>\nVideo Babero.<br \/>\nVideo enlaces.<\/p>\n<p>PREGUNTAS FRECUENTES (TIPS)<\/p>\n<p>Pregunta 1. \u00bfQu\u00e9 es la medida del cuerpo?.<br \/>\nPregunta 2. \u00bfC\u00f3mo cortar el molde en la tela?.<br \/>\nPregunta 3. \u00bfC\u00f3mo medir la pieza de manga a la sisa para que quede exacto?.<br \/>\nPregunta 4. \u00bfC\u00f3mo medir en el pantal\u00f3n molde costados y entrepierna?.<br \/>\nPregunta 5. \u00bfC\u00f3mo sacar la medida del el\u00e1stico?.<br \/>\nPregunta 6. \u00bfC\u00f3mo sacar la medida de pu\u00f1o en el polo y bota pie del pantal\u00f3n?.<br \/>\nPregunta 7. \u00bfQu\u00e9 medidas usar para las vueltas interiores de las prendas?.<br \/>\nPregunta 8. \u00bfQu\u00e9 medida usar en vestidos en cuello para la facilidad de la entrada de cabeza del bebe?.<br \/>\nPregunta 9. \u00bfQu\u00e9 tipo de telas recomienda usar para beb\u00e9s?.<\/p>\n<p>ACERCA DE LA PRODUCTORA<\/p>\n<p>Desarrollado por GLADYS OLAYA, profesional experta en patronaje industrial bebes y ni\u00f1os. <\/p>\n<p>Con m\u00e1s de treinta a\u00f1os de experiencia, certificada en la Universidad Nacional de Ingenier\u00eda (UNI), ha laborado en varias empresas exportadoras como patronista y dise\u00f1adora de marcas reconocidas internacionalmente en ropa infantil. Actualmente tiene su marca propia de ropa de bebes y ni\u00f1os. <\/p>\n<p>Adem\u00e1s, es asesora del rubro textil, en el montaje de negocios de peque\u00f1as empresas a partir de dise\u00f1o, patronaje, confecci\u00f3n y acabados de prendas de vestir.  <\/p>\n","protected":false},"excerpt":{"rendered":"<p>\u00bfTe gustar\u00eda aprender desde cero la elaboraci\u00f3n de tus propios patrones para ropa b\u00e1sica de bebes sin tener experiencia?<\/p>\n<p>Con el MasterClass APRENDE Y EMPRENDE DISE\u00d1OS B\u00c1SICOS PARA ROPA DE BEBE, iniciaras de la mano de una profesional todo lo que necesitas saber sobre el mundo de la confecci\u00f3n de prendas infantiles.<\/p>\n","protected":false},"featured_media":3243,"template":"","meta":{"_joinchat":[]},"product_brand":[],"product_cat":[317,344],"product_tag":[],"class_list":{"0":"post-11384","1":"product","2":"type-product","3":"status-publish","4":"has-post-thumbnail","6":"product_cat-belleza-y-moda","7":"product_cat-todos","9":"first","10":"instock","11":"sale","12":"shipping-taxable","13":"product-type-external"},"_links":{"self":[{"href":"https:\/\/cursos.talentup.cl\/index.php?rest_route=\/wp\/v2\/product\/11384","targetHints":{"allow":["GET"]}}],"collection":[{"href":"https:\/\/cursos.talentup.cl\/index.php?rest_route=\/wp\/v2\/product"}],"about":[{"href":"https:\/\/cursos.talentup.cl\/index.php?rest_route=\/wp\/v2\/types\/product"}],"version-history":[{"count":4,"href":"https:\/\/cursos.talentup.cl\/index.php?rest_route=\/wp\/v2\/product\/11384\/revisions"}],"predecessor-version":[{"id":16027,"href":"https:\/\/cursos.talentup.cl\/index.php?rest_route=\/wp\/v2\/product\/11384\/revisions\/16027"}],"wp:featuredmedia":[{"embeddable":true,"href":"https:\/\/cursos.talentup.cl\/index.php?rest_route=\/wp\/v2\/media\/3243"}],"wp:attachment":[{"href":"https:\/\/cursos.talentup.cl\/index.php?rest_route=%2Fwp%2Fv2%2Fmedia&parent=11384"}],"wp:term":[{"taxonomy":"product_brand","embeddable":true,"href":"https:\/\/cursos.talentup.cl\/index.php?rest_route=%2Fwp%2Fv2%2Fproduct_brand&post=11384"},{"taxonomy":"product_cat","embeddable":true,"href":"https:\/\/cursos.talentup.cl\/index.php?rest_route=%2Fwp%2Fv2%2Fproduct_cat&post=11384"},{"taxonomy":"product_tag","embeddable":true,"href":"https:\/\/cursos.talentup.cl\/index.php?rest_route=%2Fwp%2Fv2%2Fproduct_tag&post=11384"}],"curies":[{"name":"wp","href":"https:\/\/api.w.org\/{rel}","templated":true}]}}