{"id":11385,"date":"2023-01-10T04:38:53","date_gmt":"2023-01-10T07:38:53","guid":{"rendered":"https:\/\/cursos.talentup.cl\/?post_type=product&#038;p=11385"},"modified":"2024-02-07T23:36:39","modified_gmt":"2024-02-08T02:36:39","slug":"maquillaje-pro-para-redes-sociales","status":"publish","type":"product","link":"https:\/\/cursos.talentup.cl\/?product=maquillaje-pro-para-redes-sociales","title":{"rendered":"MAQUILLAJE PRO PARA REDES SOCIALES"},"content":{"rendered":"<p>\u00bfSab\u00edas que muchos influencers consideran vital el uso de maquillaje para mejorar su imagen en redes sociales?<\/p>\n<p>Con el MasterClass MAQUILLAJE PRO &#8211; PARA REDES SOCIALES lograr\u00e1s<br \/>\nresaltar la belleza natural y aprender\u00e1s a aprovecharla frente a c\u00e1mara para que siempre te veas trendy.<\/p>\n<p>\u00bfQU\u00c9 VAS A LOGRAR?<\/p>\n<p>Lograr\u00e1s llamar la atenci\u00f3n y comunicar con profesionalismo tu mensaje a la audiencia a trav\u00e9s de tu belleza, este m\u00e9todo BUTY integra t\u00e9cnicas para un maquillaje social impactante con el que te sentir\u00e1s m\u00e1s segura, atractiva y empoderada.<\/p>\n<p>Conocer\u00e1s la naturaleza del maquillaje y su relevancia en las personas.<\/p>\n<p>Comprender\u00e1s c\u00f3mo se emplean los productos y los colores al momento de maquillar.<\/p>\n<p>Examinar\u00e1s diferentes dise\u00f1os, estilos y t\u00e9cnicas asociadas con la aplicaci\u00f3n del maquillaje.<\/p>\n<p>Lograr\u00e1s realizar aprender t\u00e9cnicas para espacios publicidad, pasarela, desfiles, videos y fotograf\u00eda.<\/p>\n<p>Tendr\u00e1s una estrategia probada que te ayude a mejorar los resultados de tu proyecci\u00f3n a trav\u00e9s del maquillaje.<\/p>\n<p>Llegar\u00e1s a m\u00e1s personas interesadas en tu producto o servicio y as\u00ed expandir tu Emprendimiento.<\/p>\n<p>Lograr\u00e1s potenciar tu marca proyectando con profesionalismo.<\/p>\n<p>Acceder\u00e1s al certificado avalado por Hotmart y Seminarios Online.<\/p>\n<p>\u00bfC\u00d3MO LO VAS A LOGRAR?<\/p>\n<p>A trav\u00e9s del siguiente contenido, estructurado paso a paso:<\/p>\n<p>M\u00f3dulo 1. BIENVENIDA<\/p>\n<p>Presentaci\u00f3n del curso.<br \/>\nPromesa de valor.<br \/>\n\u00bfCu\u00e1l es el m\u00e9todo BUTY?.<br \/>\n\u00bfQu\u00e9 aprender\u00e1s?.<\/p>\n<p>M\u00f3dulo 2. HERRAMIENTAS E HIGIENE<\/p>\n<p>Lavado y cuidado de brochas.<br \/>\nTeor\u00eda de color y armon\u00edas.<\/p>\n<p>M\u00f3dulo 3. CUIDADO DE ROSTRO<\/p>\n<p>La doble limpieza y rutina de la noche.<br \/>\nRutina de limpieza ma\u00f1ana y noche.<br \/>\nNeutralizar imperfecciones del rostro.<\/p>\n<p>M\u00f3dulo 4. TIPOS DE BASE SEG\u00daN LA OCASI\u00d3N<\/p>\n<p>Tipos de base.<br \/>\nBases para el d\u00eda y para la noche seg\u00fan el contenido proyectado.<br \/>\nCorrectores a tono de piel.<br \/>\nRubor e iluminador l\u00edquido.<br \/>\nAcabados de piel luminosa para mantenerte bella ante las c\u00e1maras.<br \/>\nSelecciona tu pinta labios seg\u00fan tu Outfit.<\/p>\n<p>M\u00f3dulo 5. MARCACION DE CEJAS<\/p>\n<p>Tipos de ojos.<br \/>\nT\u00e9cnicas de halo eyes , cut crease y tipos de delineado.<br \/>\nSemi cut crease.<br \/>\nMarcaci\u00f3n de cejas\u2026 (T\u00e9cnica de sombra, pomada y org\u00e1nica).<br \/>\nTipos de pesta\u00f1as.<br \/>\nErrores al maquillarte.<\/p>\n<p>M\u00f3dulo 6. BONUS<\/p>\n<p>BONUS #1 \u2026ojos efecto de gato.<br \/>\nBONUS #2\u2026 Peinado, f\u00e1cil, lindo y r\u00e1pido.<br \/>\nBONUS #3\u2026Taller en vivo \u201cTu propio estilo\u201d.<\/p>\n<p>ACERCA DE LA PRODUCTORA<\/p>\n<p>Desarrollado por NORMA CONSTANZA TOVAR TAPIERO.<br \/>\nArtista profesional del maquillaje, especialista en todo tipo de maquillaje: social, art\u00edstico,<br \/>\neventos, cine y televisi\u00f3n. Su propuesta de valor radica en entregar al usuario una experiencia<br \/>\nde servicio memorable, a partir del uso de marcas y productos que propenden por la salud y el<br \/>\ncuidado de la piel.<\/p>\n<p>Norma Tovar Makeup ha participado en diferentes eventos a nivel nacional como ferias de<br \/>\nbelleza, desfiles de modas, producciones de v\u00eddeo clips, corto metrajes y un sin n\u00famero de<br \/>\ntrabajos particulares para todo tipo de evento social. Trabaja de forma personalizada en cursos<br \/>\nde automaquillaje, salud de la piel y alimentaci\u00f3n sana, es la colombiana con mayor proyecci\u00f3n<br \/>\nen el mundo del maquillaje ayudando a potenciar carreras, campa\u00f1as desde su arte.<\/p>\n","protected":false},"excerpt":{"rendered":"<p>\u00bfSab\u00edas que muchos influencers consideran vital el uso de maquillaje para mejorar su imagen en redes sociales?<\/p>\n<p>Con el MasterClass MAQUILLAJE PRO &#8211; PARA REDES SOCIALES lograr\u00e1s<br \/>\nresaltar la belleza natural y aprender\u00e1s a aprovecharla frente a c\u00e1mara para que siempre te veas trendy.<\/p>\n","protected":false},"featured_media":3244,"template":"","meta":{"_joinchat":[]},"product_brand":[],"product_cat":[317,344],"product_tag":[],"class_list":{"0":"post-11385","1":"product","2":"type-product","3":"status-publish","4":"has-post-thumbnail","6":"product_cat-belleza-y-moda","7":"product_cat-todos","9":"first","10":"instock","11":"sale","12":"shipping-taxable","13":"product-type-external"},"_links":{"self":[{"href":"https:\/\/cursos.talentup.cl\/index.php?rest_route=\/wp\/v2\/product\/11385","targetHints":{"allow":["GET"]}}],"collection":[{"href":"https:\/\/cursos.talentup.cl\/index.php?rest_route=\/wp\/v2\/product"}],"about":[{"href":"https:\/\/cursos.talentup.cl\/index.php?rest_route=\/wp\/v2\/types\/product"}],"version-history":[{"count":4,"href":"https:\/\/cursos.talentup.cl\/index.php?rest_route=\/wp\/v2\/product\/11385\/revisions"}],"predecessor-version":[{"id":16028,"href":"https:\/\/cursos.talentup.cl\/index.php?rest_route=\/wp\/v2\/product\/11385\/revisions\/16028"}],"wp:featuredmedia":[{"embeddable":true,"href":"https:\/\/cursos.talentup.cl\/index.php?rest_route=\/wp\/v2\/media\/3244"}],"wp:attachment":[{"href":"https:\/\/cursos.talentup.cl\/index.php?rest_route=%2Fwp%2Fv2%2Fmedia&parent=11385"}],"wp:term":[{"taxonomy":"product_brand","embeddable":true,"href":"https:\/\/cursos.talentup.cl\/index.php?rest_route=%2Fwp%2Fv2%2Fproduct_brand&post=11385"},{"taxonomy":"product_cat","embeddable":true,"href":"https:\/\/cursos.talentup.cl\/index.php?rest_route=%2Fwp%2Fv2%2Fproduct_cat&post=11385"},{"taxonomy":"product_tag","embeddable":true,"href":"https:\/\/cursos.talentup.cl\/index.php?rest_route=%2Fwp%2Fv2%2Fproduct_tag&post=11385"}],"curies":[{"name":"wp","href":"https:\/\/api.w.org\/{rel}","templated":true}]}}