{"id":11388,"date":"2023-01-10T04:38:53","date_gmt":"2023-01-10T07:38:53","guid":{"rendered":"https:\/\/cursos.talentup.cl\/?post_type=product&#038;p=11388"},"modified":"2024-02-07T23:36:39","modified_gmt":"2024-02-08T02:36:39","slug":"barberia-artistica-paso-a-paso","status":"publish","type":"product","link":"https:\/\/cursos.talentup.cl\/?product=barberia-artistica-paso-a-paso","title":{"rendered":"BARBER\u00cdA ART\u00cdSTICA PASO A PASO"},"content":{"rendered":"<p>\u00bfTe gustar\u00eda ser un barbero capaz de crear dise\u00f1os art\u00edsticos e innovadores?<\/p>\n<p>Con el MasterClass BARBER\u00cdA ART\u00cdSTICA PASO A PASO, aprender\u00e1s t\u00e9cnicas de barber\u00eda de la mano de barberos profesionales, para que puedas sorprender a tus clientes con dise\u00f1os est\u00e9ticos y vanguardistas.<\/p>\n<p>\u00bfQU\u00c9 VAS A LOGRAR?<\/p>\n<p>Utilizar\u00e1s las herramientas b\u00e1sicas y necesarias para realizar dise\u00f1os art\u00edsticos (FreeStyle)como un profesional.<\/p>\n<p>Realizar\u00e1s dise\u00f1os art\u00edsticos aplicando los secretos y tips de los barberos profesionales.<\/p>\n<p>Entender\u00e1s paso a paso todas las t\u00e9cnicas de sombra.<\/p>\n<p>Aprender\u00e1s todas las t\u00e9cnicas de barber\u00eda art\u00edstica desde la comodidad de tu casa o desde el lugar que quieras a la hora que quieras.<\/p>\n<p>Descubrir\u00e1s tus habilidades como barbero, estudiando y practicando cada m\u00f3dulo.<\/p>\n<p>Entender\u00e1s los conceptos b\u00e1sicos y necesarios para realizar dise\u00f1os art\u00edsticos (FreeStyle) fluidos y sin complicaciones.<\/p>\n<p>Aprender\u00e1s paso a paso a realizar dise\u00f1os ornamentales, l\u00edneas rectas, l\u00edneas curvas, figuras geom\u00e9tricas, tribales y dise\u00f1os en 3d. Seis dise\u00f1os art\u00edsticos fabulosos que har\u00e1n volar tu imaginaci\u00f3n.<\/p>\n<p>Lograr\u00e1s diferenciarte de otros barberos por tus dise\u00f1os art\u00edsticos 100% originales.<\/p>\n<p>Lograr\u00e1s reconocimiento y admiraci\u00f3n por tus clientes cada vez que realices nuevos dise\u00f1os (FreeStyle).<\/p>\n<p>Acceder\u00e1s al certificado avalado por Hotmart y Seminarios Online.<\/p>\n<p>\u00bfC\u00d3MO LO VAS A LOGRAR?<\/p>\n<p>A trav\u00e9s del siguiente contenido, estructurado paso a paso:<\/p>\n<p>INTRODUCCI\u00d3N A LA BARBER\u00cdA ART\u00cdSTICA<\/p>\n<p>Presentaci\u00f3n del experto.<br \/>\n\u00bfPor qu\u00e9 el negocio de la barber\u00eda es rentable?.<br \/>\n\u00bfQu\u00e9 es Barber\u00eda Art\u00edstica?.<br \/>\n\u00bfC\u00f3mo inspirarse para realizar un dise\u00f1o art\u00edstico?.<br \/>\nTipos de Dise\u00f1os.<br \/>\nHerramientas b\u00e1sicas para realizar un Dise\u00f1o.<\/p>\n<p>DISE\u00d1OS ART\u00cdSTICOS (FREESTYLE) PASO A PASO<\/p>\n<p>Dise\u00f1o Ornamental.<br \/>\nDise\u00f1o l\u00edneas Curvas.<br \/>\nDise\u00f1o l\u00edneas rectas.<br \/>\nDise\u00f1o Tribal.<br \/>\nDise\u00f1o Figuras Geom\u00e9tricas.<br \/>\nDise\u00f1o en 3D.<\/p>\n<p>BARBA<\/p>\n<p>Conceptos b\u00e1sicos para hacer una Barba.<br \/>\nTipos de Barba.<br \/>\nHerramientas necesarias para hacer una barba.<br \/>\nPaso a Paso Barba Grooming.<\/p>\n<p>DESPEDIDA<\/p>\n<p>S\u00edgueme en:<\/p>\n<p>MATERIAL ADICIONAL Y COMPLEMENTARIO (BONOS)<\/p>\n<p>Video 18. M\u00e1s de 50 tipos de Barba. (pdf)<\/p>\n<p>RESPUESTAS A PREGUNTAS FRECUENTE<\/p>\n<p>Pregunta #1. \u00bfQu\u00e9 hago en caso, de que me equivoque haciendo una l\u00ednea mientras termino un dise\u00f1o?.<br \/>\nPregunta #2. \u00bfQu\u00e9 t\u00e9cnicas debo aprender para hacer un dise\u00f1o 3D?.<\/p>\n<p>ACERCA DEL PRODUCTOR<\/p>\n<p>Desarrollado por FHANOR ARLEX LARRANIEGA, m\u00e1s conocido como \u201cLarras\u201d barbero profesional con 26 a\u00f1os de experiencia, certificado por los mejores barberos del mundo, Ganador de muchas batallas de barber\u00eda y experto en FreeStyle y Realismo.<\/p>\n","protected":false},"excerpt":{"rendered":"<p>\u00bfTe gustar\u00eda ser un barbero capaz de crear dise\u00f1os art\u00edsticos e innovadores?<\/p>\n<p>Con el MasterClass BARBER\u00cdA ART\u00cdSTICA PASO A PASO, aprender\u00e1s t\u00e9cnicas de barber\u00eda de la mano de barberos profesionales, para que puedas sorprender a tus clientes con dise\u00f1os est\u00e9ticos y vanguardistas.<\/p>\n","protected":false},"featured_media":3247,"template":"","meta":{"_joinchat":[]},"product_brand":[],"product_cat":[317,344],"product_tag":[],"class_list":{"0":"post-11388","1":"product","2":"type-product","3":"status-publish","4":"has-post-thumbnail","6":"product_cat-belleza-y-moda","7":"product_cat-todos","9":"first","10":"instock","11":"sale","12":"shipping-taxable","13":"product-type-external"},"_links":{"self":[{"href":"https:\/\/cursos.talentup.cl\/index.php?rest_route=\/wp\/v2\/product\/11388","targetHints":{"allow":["GET"]}}],"collection":[{"href":"https:\/\/cursos.talentup.cl\/index.php?rest_route=\/wp\/v2\/product"}],"about":[{"href":"https:\/\/cursos.talentup.cl\/index.php?rest_route=\/wp\/v2\/types\/product"}],"version-history":[{"count":2,"href":"https:\/\/cursos.talentup.cl\/index.php?rest_route=\/wp\/v2\/product\/11388\/revisions"}],"predecessor-version":[{"id":13963,"href":"https:\/\/cursos.talentup.cl\/index.php?rest_route=\/wp\/v2\/product\/11388\/revisions\/13963"}],"wp:featuredmedia":[{"embeddable":true,"href":"https:\/\/cursos.talentup.cl\/index.php?rest_route=\/wp\/v2\/media\/3247"}],"wp:attachment":[{"href":"https:\/\/cursos.talentup.cl\/index.php?rest_route=%2Fwp%2Fv2%2Fmedia&parent=11388"}],"wp:term":[{"taxonomy":"product_brand","embeddable":true,"href":"https:\/\/cursos.talentup.cl\/index.php?rest_route=%2Fwp%2Fv2%2Fproduct_brand&post=11388"},{"taxonomy":"product_cat","embeddable":true,"href":"https:\/\/cursos.talentup.cl\/index.php?rest_route=%2Fwp%2Fv2%2Fproduct_cat&post=11388"},{"taxonomy":"product_tag","embeddable":true,"href":"https:\/\/cursos.talentup.cl\/index.php?rest_route=%2Fwp%2Fv2%2Fproduct_tag&post=11388"}],"curies":[{"name":"wp","href":"https:\/\/api.w.org\/{rel}","templated":true}]}}