{"id":11429,"date":"2023-01-10T04:38:57","date_gmt":"2023-01-10T07:38:57","guid":{"rendered":"https:\/\/cursos.talentup.cl\/?post_type=product&#038;p=11429"},"modified":"2024-02-07T23:36:40","modified_gmt":"2024-02-08T02:36:40","slug":"confecciona-prendas-que-enamoran","status":"publish","type":"product","link":"https:\/\/cursos.talentup.cl\/?product=confecciona-prendas-que-enamoran","title":{"rendered":"CONFECCIONA PRENDAS QUE ENAMORAN"},"content":{"rendered":"<p>\u00bfTe gustar\u00eda aprender a crear cualquier prenda de forma r\u00e1pida y profesional, ya sea para uso personal o comercial?<\/p>\n<p>Con el masterclass CONFECCIONA PRENDAS QUE ENAMORAN aprende a confeccionar prendas de vestir con acabados profesionales que te permitan tener clientes satisfechos siempre.  <\/p>\n<p>\u00bfQU\u00c9 VAS A LOGRAR?<\/p>\n<p>Aprender\u00e1s a perder el miedo al proceso de corte y confecci\u00f3n, tomar medidas correctamente, crear tus propios moldes a medida.<\/p>\n<p>Confeccionar\u00e1s todo tipo y modelo de prendas de vestir femeninas en 2 meses o menos, teniendo as\u00ed la posibilidad de iniciar un negocio de corte y confecci\u00f3n.<\/p>\n<p>Tendr\u00e1s una mentalidad ganadora y proactiva para as\u00ed enfrentar y superar los retos que se te presenten en el proceso de corte y confecci\u00f3n. Ya sean pr\u00e1cticos o mentales.<\/p>\n<p>Conocer\u00e1s a fondo tu m\u00e1quina de coser como usarla, instalar y enhebrar.<\/p>\n<p>Aprender\u00e1s a hacer un mantenimiento b\u00e1sico a su m\u00e1quina de coser dom\u00e9stica, as\u00ed como reconocer fallas comunes y c\u00f3mo solucionarlas.<\/p>\n<p>Aprender\u00e1s a seleccionar telas y materiales adecuados para cada tipo de prenda.<\/p>\n<p>Conocer\u00e1s el tipo de prenda adecuado para cada una de las caracter\u00edsticas corporales que se le presenten.<\/p>\n<p>Podr\u00e1s hacer la toma de medidas corporales necesarias para cualquier tipo y modelo de prenda de vestir.<\/p>\n<p>Realizar\u00e1s patrones b\u00e1sicos de los diferentes tipos de prendas.<\/p>\n<p>Llevar\u00e1s a cabo transformaciones sencillas a los patrones b\u00e1sicos para obtener diferentes modelos de prendas de vestir deseadas.<\/p>\n<p>Cortar\u00e1s correctamente en la tela, las piezas que componen las prendas de vestir.<\/p>\n<p>Har\u00e1s costuras curvas y en \u00e1ngulos.<\/p>\n<p>Podr\u00e1s hacer pinzas, dobladillos, cierres, bolsillos y pretinas.<\/p>\n<p>Coser bies, cuellos, pu\u00f1os y mangas.<\/p>\n<p>Confeccionaras falda, camisa de dama y pantal\u00f3n.<\/p>\n<p>Obtendr\u00e1s acabados profesionales.<\/p>\n<p>Disminuir\u00e1s los tiempos de confecci\u00f3n de prendas de vestir.<\/p>\n<p>Al finalizar tendr\u00e1s la capacidad de confeccionar con rapidez y profesionalismo todo tipo y modelo de prendas de vestir que desees.<\/p>\n<p>Acceder\u00e1s al certificado avalado por Hotmart y Seminarios Online.<\/p>\n<p>\u00bfC\u00d3MO LO VAS A LOGRAR?<\/p>\n<p>A trav\u00e9s del siguiente contenido, estructurado paso a paso:<\/p>\n<p>Confecciona prendas que enamoran.<\/p>\n<p>Conoci\u00e9ndonos.<br \/>\n\u00bfQu\u00e9 aprender\u00e1s en este curso?<\/p>\n<p>\u00bfC\u00f3mo obtener resultados seguros?<\/p>\n<p>Modista desde la conciencia.<br \/>\nEl ego en el proceso de corte y confecci\u00f3n.<br \/>\nTener siempre una mentalidad ganadora.<\/p>\n<p>M\u00d3DULO 1: Conociendo nuestra m\u00e1quina de coser.<\/p>\n<p>Partes de una m\u00e1quina dom\u00e9stica.<br \/>\nSelecci\u00f3n y uso de puntadas.<br \/>\nReconociendo los tipos de puntadas en la m\u00e1quina de coser.<br \/>\nAccesorios principales y sus usos.<br \/>\nEnhebrado y colocaci\u00f3n de la porta bobina.<br \/>\nMantenimiento b\u00e1sico.<br \/>\nFallas m\u00e1s comunes.<br \/>\nResolviendo fallas m\u00e1s comunes.<br \/>\n\u00bfC\u00f3mo se cambia la aguja de la m\u00e1quina de coser?<\/p>\n<p>M\u00d3DULO 2: Materiales y herramientas de costura.<\/p>\n<p>Tipos de telas.<br \/>\nTipos de hilos.<br \/>\nEntretela.<br \/>\nHerramientas b\u00e1sicas para la costura.<\/p>\n<p>M\u00d3DULO 3: Sobre el tallaje femenino.<\/p>\n<p>Caracter\u00edsticas corporales.<br \/>\nMedidas est\u00e1ndares.<br \/>\nToma de medida personalizadas.<\/p>\n<p>M\u00d3DULO 4: Patronaje de las prendas.<\/p>\n<p>Sobre el patr\u00f3n.<br \/>\nUso correcto de las reglas de costura.<br \/>\nC\u00e1lculos necesarios.<br \/>\nTrazos b\u00e1sicos.<br \/>\nBlusa b\u00e1sica con pinzas.<br \/>\nPatr\u00f3n de manga.<br \/>\nPatr\u00f3n de cuello y pu\u00f1os camisero.<br \/>\nFalda b\u00e1sica.<br \/>\nPantal\u00f3n b\u00e1sico y sus transformaciones.<br \/>\nIntroducci\u00f3n a la transformaci\u00f3n de patrones.<br \/>\nPatronaje de pretinas.<br \/>\nTransformaci\u00f3n: Falda con bolsillos.<br \/>\nTransformaci\u00f3n: Blusa camisera.<br \/>\nTransformaci\u00f3n: Cuellos.<br \/>\nTransformaci\u00f3n cuerpo superior: Corte princesa.<br \/>\nTransformaci\u00f3n cuerpo superior: Corte franc\u00e9s.<\/p>\n<p>M\u00d3DULO 5: Hora de cortar la tela.<\/p>\n<p>Antes de cortar la tela.<br \/>\nCaracter\u00edsticas de la tela.<br \/>\nC\u00e1lculo de cantidad necesaria de tela.<br \/>\nCortando falda en tela de jean.<br \/>\nContando blusa camisera.<br \/>\nCorte de pantal\u00f3n.<br \/>\nCorte de entretela.<\/p>\n<p>M\u00d3DULO 6: Ahora s\u00ed. \u00a1Manos a la m\u00e1quina!<\/p>\n<p>Ejercicios de destreza.<br \/>\nCosturas en \u00e1ngulos y curvas.<br \/>\nPinzas.<br \/>\nDobladillos.<br \/>\nCierres.<br \/>\nBolsillo tipo parche y bolsillo con tapa.<br \/>\nBolsillo tipo ojal.<br \/>\nPretina b\u00e1sica.<br \/>\nCosiendo bies.<\/p>\n<p>M\u00d3DULO PR\u00c1CTICO 1: Confecci\u00f3n de falda moderna.<\/p>\n<p>Bolsillos laterales.<br \/>\nConfecci\u00f3n delantera.<br \/>\nConfecci\u00f3n trasera y costados.<br \/>\nPrueba de medidas y tallaje.<br \/>\nPretina tipo vista.<br \/>\nAcabados finales y terminaciones.<\/p>\n<p>M\u00d3DULO PR\u00c1CTICO 2: Elaboraci\u00f3n de blusa con cuello y pinzas.<\/p>\n<p>Pinzas y \u00e1rea de botonadura.<br \/>\nConfecci\u00f3n de mangas.<br \/>\nPrueba y verificaci\u00f3n de medidas.<br \/>\nMedida y corte de cuello camisero.<br \/>\nConfecci\u00f3n de cuello camisero.<br \/>\nDobladillo y Pu\u00f1os.<br \/>\nAcabados finales y muestra.<\/p>\n<p>M\u00d3DULO PR\u00c1CTICO 3: Confecci\u00f3n de pantal\u00f3n de dama.<\/p>\n<p>Confecci\u00f3n de cierre \/ zipper.<br \/>\nBolsillo escondido.<br \/>\nParte trasera y costados.<br \/>\nPretina y terminaciones.<br \/>\nAcabados finales.<\/p>\n<p>BONO 1: Acceso a Grupo privado de Facebook para preguntas y respuestas.<br \/>\nBONO 2: Curso &#8211; Domina el tejido de punto (7 lecciones).<br \/>\nBONO 3: Curso &#8211; Maximizando recursos (9 lecciones).<br \/>\nBONO 4: Curso &#8211; Pijamas infantiles (8 lecciones).<\/p>\n<p>ACERCA DE LA PRODUCTORA<\/p>\n<p>Desarrollado por ZORY MIRANDA modista profesional especializada en alta costura, fundadora de la Academia de corte y confecci\u00f3n Virtuosa y creadora de la marca de ropa Creaciones ZoryMax.<\/p>\n<p>Cuenta con m\u00e1s de 10 a\u00f1os en la industria de confecci\u00f3n de prendas, teniendo siempre a clientes satisfechos, lo que la faculta como una experta en el \u00e1rea.<\/p>\n<p>Todo esto la lleva al prop\u00f3sito de transmitir sus conocimientos y vivencias a mujeres amantes de la costura, que desean confeccionar prendas, y as\u00ed puedan hacer su aprendizaje y proceso m\u00e1s r\u00e1pidamente.<\/p>\n","protected":false},"excerpt":{"rendered":"<p>\u00bfTe gustar\u00eda aprender a crear cualquier prenda de forma r\u00e1pida y profesional, ya sea para uso personal o comercial?<\/p>\n<p>Con el masterclass CONFECCIONA PRENDAS QUE ENAMORAN aprende a confeccionar prendas de vestir con acabados profesionales que te permitan tener clientes satisfechos siempre.  <\/p>\n","protected":false},"featured_media":3258,"template":"","meta":{"_joinchat":[]},"product_brand":[],"product_cat":[317,344],"product_tag":[],"class_list":{"0":"post-11429","1":"product","2":"type-product","3":"status-publish","4":"has-post-thumbnail","6":"product_cat-belleza-y-moda","7":"product_cat-todos","9":"first","10":"instock","11":"sale","12":"shipping-taxable","13":"product-type-external"},"_links":{"self":[{"href":"https:\/\/cursos.talentup.cl\/index.php?rest_route=\/wp\/v2\/product\/11429","targetHints":{"allow":["GET"]}}],"collection":[{"href":"https:\/\/cursos.talentup.cl\/index.php?rest_route=\/wp\/v2\/product"}],"about":[{"href":"https:\/\/cursos.talentup.cl\/index.php?rest_route=\/wp\/v2\/types\/product"}],"version-history":[{"count":2,"href":"https:\/\/cursos.talentup.cl\/index.php?rest_route=\/wp\/v2\/product\/11429\/revisions"}],"predecessor-version":[{"id":13974,"href":"https:\/\/cursos.talentup.cl\/index.php?rest_route=\/wp\/v2\/product\/11429\/revisions\/13974"}],"wp:featuredmedia":[{"embeddable":true,"href":"https:\/\/cursos.talentup.cl\/index.php?rest_route=\/wp\/v2\/media\/3258"}],"wp:attachment":[{"href":"https:\/\/cursos.talentup.cl\/index.php?rest_route=%2Fwp%2Fv2%2Fmedia&parent=11429"}],"wp:term":[{"taxonomy":"product_brand","embeddable":true,"href":"https:\/\/cursos.talentup.cl\/index.php?rest_route=%2Fwp%2Fv2%2Fproduct_brand&post=11429"},{"taxonomy":"product_cat","embeddable":true,"href":"https:\/\/cursos.talentup.cl\/index.php?rest_route=%2Fwp%2Fv2%2Fproduct_cat&post=11429"},{"taxonomy":"product_tag","embeddable":true,"href":"https:\/\/cursos.talentup.cl\/index.php?rest_route=%2Fwp%2Fv2%2Fproduct_tag&post=11429"}],"curies":[{"name":"wp","href":"https:\/\/api.w.org\/{rel}","templated":true}]}}