{"id":11431,"date":"2023-01-10T04:38:57","date_gmt":"2023-01-10T07:38:57","guid":{"rendered":"https:\/\/cursos.talentup.cl\/?post_type=product&#038;p=11431"},"modified":"2024-02-07T23:36:41","modified_gmt":"2024-02-08T02:36:41","slug":"restaura-tu-cabello-despues-de-la-enfermedad","status":"publish","type":"product","link":"https:\/\/cursos.talentup.cl\/?product=restaura-tu-cabello-despues-de-la-enfermedad","title":{"rendered":"RESTAURA TU CABELLO DESPU\u00c9S DE LA ENFERMEDAD"},"content":{"rendered":"<p>\u00bfSab\u00edas que tu cabello cambia notablemente cuando tienes una afecci\u00f3n en la salud?<\/p>\n<p>Con el master class RESTAURA TU CABELLO DESPUES DE UNA ENFERMEDAD conoceras todo lo que debes saber sobre la limpieza y cuidado del cabello<br \/>\ny aprender\u00e1s a estar preparado para cuando se presente la enfermedad fisiol\u00f3gica y como prevenir el posible deterioro del cabello.<\/p>\n<p>\u00bfQU\u00c9 VAS A LOGRAR?<\/p>\n<p>Aprender\u00e1s a leer el lenguaje del cabello, pues nos avisa que algo no est\u00e1 bien en nuestro ser, teniendo claro el por qu\u00e9 cuando se enferma el cuerpo, se afecta tanto la melena.<\/p>\n<p>Descubrir\u00e1s c\u00f3mo puedes potencializar los tratamientos capilares para mayor aporte de nutrientes, combinando la ciencia con la naturaleza para que logres mayor efectividad en la recuperaci\u00f3n de tu cabello.<\/p>\n<p>Recuperaras, restaurar un cabello que est\u00e1 sufriendo de ca\u00edda y deshidrataci\u00f3n a causa de haber pasado por alguna enfermedad.<\/p>\n<p>Miraras una posibilidad de negocio como RESTAURADOR CAPILAR. Te dar\u00e1s cuenta que no se requiere ser estilista, ni tampoco una gran inversi\u00f3n.<\/p>\n<p>Reconocer\u00e1s los errores que puedes estar cometiendo en el cuidado de tu cabello y a decidir tomar acciones de valor, cambiando h\u00e1bitos que no te est\u00e1n aportando en mejorar la calidad de tu cabello.<\/p>\n<p>Acceder\u00e1s al certificado avalado por Hotmart y Seminarios Online.<\/p>\n<p>\u00bfC\u00d3MO LO VAS A LOGRAR?<\/p>\n<p>A trav\u00e9s del siguiente contenido, estructurado paso a paso:<\/p>\n<p>MODULO 1 \u2013 RESTAURA TU CABELLO DESPU\u00c9S DE LA ENFERMEDAD<\/p>\n<p>Bienvenida e introducci\u00f3n.<br \/>\nAcerca del productor.<\/p>\n<p>MODULO 2 \u2013 INTRODUCCI\u00d3N.<\/p>\n<p>Importancia de este curso.<br \/>\nTendencia.<br \/>\nModelo de negocio.<br \/>\nHerramientas parte 1.<br \/>\nHerramientas parte 2.<br \/>\nHerramientas parte 3.<br \/>\nHerramientas parte 4.<br \/>\nResumen.<\/p>\n<p>MODULO 3 \u2013 DIAGN\u00d3STICO CAPILAR.<\/p>\n<p>Haciendo un buen diagn\u00f3stico capilar.<br \/>\nReconozco mi cabello.<br \/>\nErrores en el lavado del cabello.<br \/>\nUna buena limpieza paso a paso.<br \/>\nResumen.<\/p>\n<p>MODULO 4 \u2013 USO DEL ACONDICIONADOR.<\/p>\n<p>\u00bfPara qu\u00e9 el acondicionador?<br \/>\nAplicaci\u00f3n correcta del acondicionador.<br \/>\nResumen.<\/p>\n<p>MODULO 5 &#8211; LOS TRATAMIENTOS CAPILARES.<\/p>\n<p>La magia de los tratamientos capilares.<br \/>\nAplicaci\u00f3n del tratamiento capilar.<br \/>\nResumen.<\/p>\n<p>MODULO 6 \u2013 AMPOLLETAS Y LOCIONES CAPILARES.<\/p>\n<p>Ampolletas y lociones capilares.<br \/>\nMostrando como se utilizan las ampolletas y las lociones capilares.<br \/>\nResumen.<\/p>\n<p>MODULO 7 \u2013 CUIDADO DEL CABELLO.<\/p>\n<p>El cabello despu\u00e9s de la enfermedad.<br \/>\nComo se realiza un masaje capilar estimulante.<br \/>\nMasaje capilar estimulante de irrigaci\u00f3n sangu\u00ednea.<br \/>\nResumen.<\/p>\n<p>MODULO 8 \u2013 HIDRATACI\u00d3N CAPILAR.<\/p>\n<p>Deshidrataci\u00f3n de la hebra capilar.<br \/>\nQue es la porosidad en el cabello.<br \/>\nNiveles de porosidad del cabello.<br \/>\nPrueba de porosidad del cabello.<br \/>\nRecomendaciones para restaurar la porosidad normal.<br \/>\nResumen.<\/p>\n<p>MODULO 9 \u2013 INFUSIONES PARA LA PIEL CABELLUDA.<\/p>\n<p>Preparaci\u00f3n de infusiones y t\u00f3nicos para la piel cabelluda.<br \/>\nPreparaci\u00f3n de las infusiones naturales.<br \/>\nRitual de aplicaci\u00f3n de infusi\u00f3n 100% natural.<br \/>\nResumen.<\/p>\n<p>MODULO 10 \u2013 TRATAMIENTOS POTENCIALIZADOS.<\/p>\n<p>Potencializando los tratamientos capilares paso a paso.<br \/>\nC\u00f3mo podemos medir el PH de los productos capilares.<br \/>\nPreparando el tratamiento potencializado.<br \/>\nMidiendo el PH de los tratamientos.<br \/>\nRitual de aplicaci\u00f3n del tratamiento potencializado.<br \/>\nPreparaci\u00f3n de coctel casero de leche de avena y crema de arroz.<br \/>\nRitual de aplicaci\u00f3n del SPA casero de leche de avena y crema de arroz.<br \/>\nResumen.<\/p>\n<p>MODULO 11 \u2013 RESULTADOS.<\/p>\n<p>Antes y despu\u00e9s de la restauraci\u00f3n capilar.<br \/>\nPreparaci\u00f3n del coctel de brillo para el cabello con aloe vera.<br \/>\nAplicaci\u00f3n del ritual de brillo para el cabello.<br \/>\nRitual capilar con crema de peinar.<br \/>\nResultado del cabello de las bellas modelos.<br \/>\nResumen.<\/p>\n<p>BONOS<\/p>\n<p>Bonos<br \/>\nC\u00f3mo hacer un champ\u00fa en seco en casa, paso a paso.<br \/>\nC\u00f3mo aplicar el champ\u00fa en seco.<br \/>\nRitual SPA capilar d\u00e9tox purificante para piel cabelluda muy grasa y puntas secas.<br \/>\nTutorial &#8211; Como hacer un correcto lavado de cabello rizado tipo 4 A.<br \/>\nDespedida.<\/p>\n<p>PREGUNTAS FRECUENTES<\/p>\n<p>ACERCA DE LA PRODUCTORA<\/p>\n<p>Desarrollado por CLAUDIA VICTORIA CALERO RUIZ, estilista y cosmet\u00f3loga desde el a\u00f1o 1980, egresada de la Academia de Belleza Carrusel de Cali Colombia.<\/p>\n<p>En los a\u00f1os 90 fue campeona regional y subcampeona nacional en Colorimetr\u00eda y esto la llevo a tener un amplio reconocimiento en el medio de la belleza.<\/p>\n<p>Ha apoyado a varias empresas de la ciudad de Cali, asesorando el personal en su imagen laboral y cuidado capilar.<\/p>\n<p>Participa en una obra social en la cl\u00ednica Imbanaco de la ciudad de Cali, apoyando pacientes que inician procesos de quimioterapia, cortando su cabello de forma profesional para conservarlos y realizar con ellos sus propias pelucas.<\/p>\n<p>En el a\u00f1o 2019 se hizo T\u00e9cnico en maquillaje social, transformaci\u00f3n y fotograf\u00eda, esta especializaci\u00f3n complement\u00f3 sus habilidades en asesor\u00eda de imagen.<\/p>\n<p>Desde hace cinco a\u00f1os su pasi\u00f3n por el cuidado capilar ha sido muy marcado, su dedicaci\u00f3n se ha enfocado m\u00e1s en la restauraci\u00f3n y recuperaci\u00f3n del cabello y la piel cabelluda.<\/p>\n<p>En el a\u00f1o 2019 hizo un curso avanzado en el SENA sobre la preparaci\u00f3n de hidrolatos y aceites esenciales. Conocimiento que aplica para potencializar las mascarillas y tratamientos capilares, seg\u00fan la necesidad de cada melena.<\/p>\n","protected":false},"excerpt":{"rendered":"<p>\u00bfSab\u00edas que tu cabello cambia notablemente cuando tienes una afecci\u00f3n en la salud?<\/p>\n<p>Con el master class RESTAURA TU CABELLO DESPUES DE UNA ENFERMEDAD conoceras todo lo que debes saber sobre la limpieza y cuidado del cabello<br \/>\ny aprender\u00e1s a estar preparado para cuando se presente la enfermedad fisiol\u00f3gica y como prevenir el posible deterioro del cabello.<\/p>\n","protected":false},"featured_media":3260,"template":"","meta":{"_joinchat":[]},"product_brand":[],"product_cat":[317,344],"product_tag":[],"class_list":{"0":"post-11431","1":"product","2":"type-product","3":"status-publish","4":"has-post-thumbnail","6":"product_cat-belleza-y-moda","7":"product_cat-todos","9":"first","10":"instock","11":"sale","12":"shipping-taxable","13":"product-type-external"},"_links":{"self":[{"href":"https:\/\/cursos.talentup.cl\/index.php?rest_route=\/wp\/v2\/product\/11431","targetHints":{"allow":["GET"]}}],"collection":[{"href":"https:\/\/cursos.talentup.cl\/index.php?rest_route=\/wp\/v2\/product"}],"about":[{"href":"https:\/\/cursos.talentup.cl\/index.php?rest_route=\/wp\/v2\/types\/product"}],"version-history":[{"count":2,"href":"https:\/\/cursos.talentup.cl\/index.php?rest_route=\/wp\/v2\/product\/11431\/revisions"}],"predecessor-version":[{"id":13976,"href":"https:\/\/cursos.talentup.cl\/index.php?rest_route=\/wp\/v2\/product\/11431\/revisions\/13976"}],"wp:featuredmedia":[{"embeddable":true,"href":"https:\/\/cursos.talentup.cl\/index.php?rest_route=\/wp\/v2\/media\/3260"}],"wp:attachment":[{"href":"https:\/\/cursos.talentup.cl\/index.php?rest_route=%2Fwp%2Fv2%2Fmedia&parent=11431"}],"wp:term":[{"taxonomy":"product_brand","embeddable":true,"href":"https:\/\/cursos.talentup.cl\/index.php?rest_route=%2Fwp%2Fv2%2Fproduct_brand&post=11431"},{"taxonomy":"product_cat","embeddable":true,"href":"https:\/\/cursos.talentup.cl\/index.php?rest_route=%2Fwp%2Fv2%2Fproduct_cat&post=11431"},{"taxonomy":"product_tag","embeddable":true,"href":"https:\/\/cursos.talentup.cl\/index.php?rest_route=%2Fwp%2Fv2%2Fproduct_tag&post=11431"}],"curies":[{"name":"wp","href":"https:\/\/api.w.org\/{rel}","templated":true}]}}