{"id":11432,"date":"2023-01-10T04:38:57","date_gmt":"2023-01-10T07:38:57","guid":{"rendered":"https:\/\/cursos.talentup.cl\/?post_type=product&#038;p=11432"},"modified":"2024-02-07T23:36:41","modified_gmt":"2024-02-08T02:36:41","slug":"tintes-rojos-para-mujeres-sensuales","status":"publish","type":"product","link":"https:\/\/cursos.talentup.cl\/?product=tintes-rojos-para-mujeres-sensuales","title":{"rendered":"TINTES ROJOS PARA MUJERES SENSUALES"},"content":{"rendered":"<p>\u00a1Una rubia est\u00e1 a la moda, pero una pelirroja es sensual por siempre!<\/p>\n<p>Si eres amante de los colores intensos y buscas crear una imagen sensual y femenina de alta impacto, el MASTER CLASS TINTES ROJOS PARA MUJERES SENSUALES es para ti.<\/p>\n<p>Aqu\u00ed conocer\u00e1s diferentes t\u00e9cnicas o aplicaciones de rojos, las mezclas, los productos y las marcas ideales.<\/p>\n<p>\u00bfQU\u00c9 VAS A LOGRAR?<\/p>\n<p>Aprender\u00e1s que siempre hay un tono rojo ideal para cada mujer.<\/p>\n<p>Lograr\u00e1s dar una asesor\u00eda profesional a tus clientes.<\/p>\n<p>Conocer\u00e1s diferentes t\u00e9cnicas o aplicaciones de rojos y mezclas.<\/p>\n<p>Conocer\u00e1s los productos y las marcas ideales.<\/p>\n<p>Aprender\u00e1s a diagnosticar los tipos de piel para saber los tonos correctos a aplicar.<\/p>\n<p>T\u00e9cnicas auxiliares para mayor duraci\u00f3n de los pigmentos.<\/p>\n<p>Cantidades correctas de intensificadores, entender\u00e1s el por qu\u00e9 se salen tan r\u00e1pido los pigmentos y cu\u00e1l es el mantenimiento \u00f3ptimo en casa.<\/p>\n<p>Acceder\u00e1s al certificado avalado por Hotmart y Seminarios Online.<\/p>\n<p>\u00bfC\u00d3MO LO VAS A LOGRAR?<\/p>\n<p>A trav\u00e9s del siguiente contenido estructurado paso a paso:<\/p>\n<p>M\u00d3DULO 1 BIENVENIDA<\/p>\n<p>Lecci\u00f3n 1: Quien soy.<\/p>\n<p>Lecci\u00f3n 2: Sobre el curso.<\/p>\n<p>Lecci\u00f3n 3: Recomendaciones.<\/p>\n<p>M\u00d3DULO 2 C\u00d3MO LO VAS A LOGRAR<\/p>\n<p>Lecci\u00f3n No. 1: Historia de los rojos y por qu\u00e9 son los tonos m\u00e1s sensuales.<\/p>\n<p>Lecci\u00f3n No. 2: Conoce la estructura del cabello.<\/p>\n<p>Lecci\u00f3n No. 3: Que define el color del cabello.<\/p>\n<p>Lecci\u00f3n No. 4: C\u00f3mo lograr tonos de cabello exactos.<\/p>\n<p>Lecci\u00f3n No. 5: C\u00f3mo se usa la estrella crom\u00e1tica.<\/p>\n<p>Lecci\u00f3n No. 6: Conozcamos los Tipos de aclaraciones.<\/p>\n<p>Lecci\u00f3n No. 7: Componentes de una coloraci\u00f3n.<\/p>\n<p>Lecci\u00f3n No. 8: Herramientas, equipos y materiales indispensables.<\/p>\n<p>Lecci\u00f3n No. 9: Tipos y Marcas de productos ideales.<\/p>\n<p>Lecci\u00f3n No. 10: C\u00f3mo diagnosticar el tipo de piel.<\/p>\n<p>Lecci\u00f3n No. 11: C\u00f3mo analizar para cu\u00e1l tipo de coloraci\u00f3n roja est\u00e1 listo el cabello.<\/p>\n<p>Lecci\u00f3n No. 12: Como preparar el cabello para una coloraci\u00f3n perfecta.<\/p>\n<p>Lecci\u00f3n No. 13: Selecci\u00f3n de tonos fr\u00edos.<\/p>\n<p>Lecci\u00f3n No. 14: Selecci\u00f3n de tonos c\u00e1lidos.<\/p>\n<p>M\u00d3DULO 3 PR\u00c1CTICA <\/p>\n<p>Lecci\u00f3n No. 1: Modelo 1 Diagn\u00f3stico de color y t\u00e9cnica a realizar.<\/p>\n<p>Lecci\u00f3n No. 2: Modelo 1 Preparaci\u00f3n de la clienta para la aplicaci\u00f3n del color.<\/p>\n<p>Lecci\u00f3n No. 3: Modelo 1 Preparaci\u00f3n de los materiales y la f\u00f3rmula.<\/p>\n<p>Lecci\u00f3n No. 4: Modelo 1 Aplicando el color.<\/p>\n<p>Lecci\u00f3n No. 5: Modelo 1 Lavado y resultado final.<\/p>\n<p>Lecci\u00f3n No. 6: Modelo 2 Diagn\u00f3stico de color y t\u00e9cnica a realizar.<\/p>\n<p>Lecci\u00f3n No. 7 Modelo 2 Preparaci\u00f3n de la clienta para la aplicaci\u00f3n del color.<\/p>\n<p>Lecci\u00f3n No. 8: Modelo 2 Preparaci\u00f3n de los materiales y la f\u00f3rmula.<\/p>\n<p>Lecci\u00f3n No. 9: Modelo 2 Aplicando el color.<\/p>\n<p>Lecci\u00f3n No. 10: Modelo 2 Lavado y resultado final.<\/p>\n<p>M\u00d3DULO 4 PR\u00c1CTICA T\u00c9CNICAS COMPLEMENTARIAS <\/p>\n<p>Lecci\u00f3n No. 1: C\u00f3mo hacer un Contouring m\u00e1s intenso \u201cDIAGN\u00d3STICO Y T\u00c9CNICA\u201d.<\/p>\n<p>Lecci\u00f3n No. 2: C\u00f3mo hacer un Contouring m\u00e1s intenso \u201cF\u00d3RMULA Y MATERIALES\u201d.<\/p>\n<p>Lecci\u00f3n No. 3: C\u00f3mo hacer un Contouring m\u00e1s intenso \u201cAPLICANDO EL COLOR Y EXPLICANDO LA T\u00c9CNICA\u201d.<\/p>\n<p>Lecci\u00f3n No. 4 C\u00f3mo hacer un Contouring m\u00e1s intenso \u201cLAVADO Y RESULTADO FINAL\u201d.<\/p>\n<p>Lecci\u00f3n No. 5: Aplicaci\u00f3n de pigmento Fantas\u00eda \u201cDIAGN\u00d3STICO Y T\u00c9CNICA\u201d.<\/p>\n<p>Lecci\u00f3n No. 6: Aplicaci\u00f3n de pigmento Fantas\u00eda \u201cF\u00d3RMULA Y MATERIALES\u201d.<\/p>\n<p>Lecci\u00f3n No. 7: Aplicaci\u00f3n de pigmento Fantas\u00eda \u201cAPLICANDO EL COLOR Y EXPLICANDO LA T\u00c9CNICA\u201d.<\/p>\n<p>Lecci\u00f3n No. 8: Aplicaci\u00f3n de pigmento Fantas\u00eda \u201cLAVADO Y RESULTADO FINAL\u201d.<\/p>\n<p>Lecci\u00f3n No. 9: Diagn\u00f3sticos y c\u00f3mo se logran diferentes tonos en TENDENCIA.<\/p>\n<p>Lecci\u00f3n No. 10: Agradecimiento.<\/p>\n<p>M\u00d3DULO 5 INFORMACI\u00d3N ADICIONAL Y COMPLEMENTARIA \u201cBONOS\u201d<\/p>\n<p>Lecci\u00f3n No. 1: C\u00f3mo lograr que tu imagen se vea 100% profesional.<\/p>\n<p>Lecci\u00f3n No. 2: Atenci\u00f3n al cliente EFECTIVA.<\/p>\n<p>Lecci\u00f3n No. 3: Pr\u00e1ctica Personal.<\/p>\n<p>PDF \/ BONOS<\/p>\n<p>1. Ficha Pr\u00e1ctica para estudiar Alturas de Tonos y Fondos de Aclaraci\u00f3n.<\/p>\n<p>2. Estrella crom\u00e1tica.<\/p>\n<p>3. Hoja de diagn\u00f3stico y dise\u00f1o de color.<\/p>\n<p>4. Gu\u00eda de aplicaci\u00f3n.<\/p>\n<p>5. C\u00f3mo definir los precios de mis servicios.<\/p>\n<p>6. Tabla de aclaraciones de oxidantes.<\/p>\n<p>ACERCA DE LA PRODUCTORA<\/p>\n<p>Desarrollado por REBECA GUILLEN, estilista profesional desde el a\u00f1o 2005. <\/p>\n<p>Ha realizado diferentes cursos, Master Class y seminarios con diferentes marcas como Wella Profesional, L\u2019Or\u00e9al professionnel y Truss.<\/p>\n<p>Lleva m\u00e1s de 15 a\u00f1os dedicada con amor y pasi\u00f3n a la peluquer\u00eda, especializada en Colorimetria y cortes de cabello para Dama descubriendo lo hermoso que es transformar a una persona, conectando con sus sentimientos, la sensualidad viene del \u00f3rgano que por instinto natural lo asociamos al color rojo, este es nuestro coraz\u00f3n.<\/p>\n<p>Desde que inicio descubri\u00f3 que hab\u00eda una facilidad para combinar tonos y desde ese momento empez\u00f3 a potenciar sus habilidades dentro de la rama de la colorimetr\u00eda y decidi\u00f3 volverse una Colorista Profesional.<\/p>\n","protected":false},"excerpt":{"rendered":"<p>\u00a1Una rubia est\u00e1 a la moda, pero una pelirroja es sensual por siempre!<\/p>\n<p>Si eres amante de los colores intensos y buscas crear una imagen sensual y femenina de alta impacto, el MASTER CLASS TINTES ROJOS PARA MUJERES SENSUALES es para ti.<\/p>\n<p>Aqu\u00ed conocer\u00e1s diferentes t\u00e9cnicas o aplicaciones de rojos, las mezclas, los productos y las marcas ideales.<\/p>\n","protected":false},"featured_media":3261,"template":"","meta":{"_joinchat":[]},"product_brand":[],"product_cat":[317,344],"product_tag":[],"class_list":{"0":"post-11432","1":"product","2":"type-product","3":"status-publish","4":"has-post-thumbnail","6":"product_cat-belleza-y-moda","7":"product_cat-todos","9":"first","10":"instock","11":"sale","12":"shipping-taxable","13":"product-type-external"},"_links":{"self":[{"href":"https:\/\/cursos.talentup.cl\/index.php?rest_route=\/wp\/v2\/product\/11432","targetHints":{"allow":["GET"]}}],"collection":[{"href":"https:\/\/cursos.talentup.cl\/index.php?rest_route=\/wp\/v2\/product"}],"about":[{"href":"https:\/\/cursos.talentup.cl\/index.php?rest_route=\/wp\/v2\/types\/product"}],"version-history":[{"count":2,"href":"https:\/\/cursos.talentup.cl\/index.php?rest_route=\/wp\/v2\/product\/11432\/revisions"}],"predecessor-version":[{"id":13977,"href":"https:\/\/cursos.talentup.cl\/index.php?rest_route=\/wp\/v2\/product\/11432\/revisions\/13977"}],"wp:featuredmedia":[{"embeddable":true,"href":"https:\/\/cursos.talentup.cl\/index.php?rest_route=\/wp\/v2\/media\/3261"}],"wp:attachment":[{"href":"https:\/\/cursos.talentup.cl\/index.php?rest_route=%2Fwp%2Fv2%2Fmedia&parent=11432"}],"wp:term":[{"taxonomy":"product_brand","embeddable":true,"href":"https:\/\/cursos.talentup.cl\/index.php?rest_route=%2Fwp%2Fv2%2Fproduct_brand&post=11432"},{"taxonomy":"product_cat","embeddable":true,"href":"https:\/\/cursos.talentup.cl\/index.php?rest_route=%2Fwp%2Fv2%2Fproduct_cat&post=11432"},{"taxonomy":"product_tag","embeddable":true,"href":"https:\/\/cursos.talentup.cl\/index.php?rest_route=%2Fwp%2Fv2%2Fproduct_tag&post=11432"}],"curies":[{"name":"wp","href":"https:\/\/api.w.org\/{rel}","templated":true}]}}