{"id":11433,"date":"2023-01-10T04:38:57","date_gmt":"2023-01-10T07:38:57","guid":{"rendered":"https:\/\/cursos.talentup.cl\/?post_type=product&#038;p=11433"},"modified":"2024-02-07T23:36:41","modified_gmt":"2024-02-08T02:36:41","slug":"decoracion-de-prendas-de-vestir","status":"publish","type":"product","link":"https:\/\/cursos.talentup.cl\/?product=decoracion-de-prendas-de-vestir","title":{"rendered":"DECORACI\u00d3N DE PRENDAS DE VESTIR"},"content":{"rendered":"<p>\u00bfTe gustar\u00eda aprender a decorar tus prendas, las de tus familiares y amigos como toda una profesional, e incluso desarrollar tu propio negocio desde casa?<\/p>\n<p>Con el MASTER CLASS DECORACION DE PRENDAS DE VESTIR COMO NEGOCIO, aprender\u00e1s paso a paso, de forma pr\u00e1ctica y desde cero diferentes t\u00e9cnicas de bordado y de trabajo sobre tela con las que podr\u00e1s decorar t\u00fa misma cualquier tipo de prenda de vestir.<\/p>\n<p>Aqu\u00ed, desarrollar\u00e1s la idea que quieres plasmar en tu prenda, crear tus moldes, tus apliques, en que materiales hacerlo y c\u00f3mo hacerlo.<\/p>\n<p>\u00bfQU\u00c9 VAS A LOGRAR?<\/p>\n<p>Aprender\u00e1s de qu\u00e9 manera dise\u00f1ar lo que quieres hacer en tu prenda, de una manera sencilla y econ\u00f3mica.<\/p>\n<p>Crear\u00e1s tus propios moldes ya sea para trabajarlos directamente sobre la prenda o para crear tus apliques.<\/p>\n<p>Crear\u00e1s tus apliques en pa\u00f1o lenci y te mostrar\u00e9 tambi\u00e9n como trabajar apliques con entretela.<\/p>\n<p>Aprender\u00e1s a trabajar tres tipos de puntadas (sencilla, cadeneta y cord\u00f3n) para bordear nuestros dise\u00f1os con lana o con hilo grueso.<\/p>\n<p>Aprender\u00e1s a trabajar con pintura sobre tela como toda una profesional de una manera 100% pr\u00e1ctica.<\/p>\n<p>Aprender\u00e1s la t\u00e9cnica para trabajar escarcha sobre tela, de qu\u00e9 manera hacerlo paso a paso y qu\u00e9 debes hacer para que la escarcha no se caiga con las lavadas.<\/p>\n<p>Aprender\u00e1s a hacer hermosos bordados utilizando mostacilla, lentejuelas y canutillo.<\/p>\n<p>Conocer\u00e1s los costos de los materiales y te mostrar\u00e9 de qu\u00e9 manera puedes manejar tus costos para crear un negocio rentable desde casa.<\/p>\n<p>Acceder\u00e1s al certificado avalado por Hotmart y Seminarios Online.<\/p>\n<p>\u00bfC\u00d3MO LO VAS A LOGRAR?<\/p>\n<p>A trav\u00e9s del siguiente contenido estructurado paso a paso:<\/p>\n<p>Video 1 \u2013 Bienvenida.<br \/>\nVideo 2 &#8211; Moldes para nuestros proyectos.<br \/>\nVideo 3 &#8211; Hagamos nuestros moldes.<br \/>\nVideo 4 &#8211; Dise\u00f1o y creatividad.<br \/>\nVideo 5 &#8211; Comencemos a dise\u00f1ar.<br \/>\nVideo 6 &#8211; Materiales que vamos a utilizar.<br \/>\nVideo 7 &#8211; Antes de comenzar practiquemos algunas puntadas.<br \/>\nVideo 8 &#8211; Preparemos el tambor para practicar nuestras puntadas.<br \/>\nVideo 9 &#8211; Puntada sencilla y puntada de cadeneta.<br \/>\nVideo 10 &#8211; Empecemos con nuestro primer proyecto.<br \/>\nVideo 11 &#8211; Materiales para nuestro primer proyecto.<br \/>\nVideo 12 &#8211; Creando nuestros apliques con pa\u00f1o lenci.<br \/>\nVideo 13 &#8211; Colocando los apliques en nuestra prenda.<br \/>\nVideo 14 &#8211; Puntadas, bordados y finalizaci\u00f3n de nuestra primera prenda.<br \/>\nVideo 15 &#8211; Ahora pasemos a nuestro segundo proyecto.<br \/>\nVideo 16 &#8211; Apliquemos la t\u00e9cnica de pintura sobre tela.<br \/>\nVideo 17 &#8211; Ahora veamos la t\u00e9cnica de escarcha sobre tela.<br \/>\nVideo 18 &#8211; Completemos el proceso con la t\u00e9cnica de escarcha sobre tela.<br \/>\nVideo 19 &#8211; Continuemos con nuestro dise\u00f1o.<br \/>\nVideo 20 &#8211; Ahora vamos a delinear con glitter.<br \/>\nVideo 21 &#8211; Bordado con puntada cord\u00f3n.<br \/>\nVideo 22 &#8211; Ahora decoremos con mostacilla, lentejuelas y canutillo.<br \/>\nVideo 23 &#8211; Y terminamos nuestro segundo proyecto.<br \/>\nVideo 24 &#8211; Ahora pasemos a nuestro tercer proyecto.<br \/>\nVideo 25 &#8211; Materiales para nuestro tercer proyecto.<br \/>\nVideo 26 &#8211; Creando nuestro aplique con entretela.<br \/>\nVideo 27 &#8211; Continuemos con nuestro aplique.<br \/>\nVideo 28 &#8211; Hagamos un segundo aplique con entretela.<br \/>\nVideo 29 &#8211; Ahora utilizaremos lana y pa\u00f1o lenci.<br \/>\nVideo 30 &#8211; Bordemos con lana.<br \/>\nVideo 31 &#8211; Decoremos nuestros apliques con lentejuelas y mostacilla.<br \/>\nVideo 32 &#8211; Coloquemos los Apliques en Nuestra Prenda.<br \/>\nVideo 33 &#8211; Cociendo la Cabeza de la mu\u00f1eca en nuestra prenda.<br \/>\nVideo 34 &#8211; Ahora hagamos una estrella con glitter.<br \/>\nVideo 35 &#8211; Completemos nuestra estrella con escarcha.<br \/>\nVideo 36 &#8211; Finalmente completamos nuestro tercer proyecto.<br \/>\nVideo 37 &#8211; BONO &#8211; Manejo de costos.<br \/>\nVideo 38 &#8211; Conclusiones y finalizaci\u00f3n del curso.<\/p>\n<p>ACERCA DE LA PRODUCTORA<\/p>\n<p>Desarrollado por YANETH MART\u00cdNEZ, quien desde peque\u00f1a ha vivido apasionada por el dise\u00f1o, la confecci\u00f3n y las manualidades, y aprovechaba cada momento libre para prender y desarrollar diferentes proyectos relacionados con esto.<\/p>\n<p>Con el paso del tiempo ha combinado el aprendizaje autodidacta con diferentes cursos libres que ha tomado para mejorar y perfeccionar su t\u00e9cnica y as\u00ed hacer las cosas cada vez m\u00e1s hermosas y profesionales.<\/p>\n<p>Hoy en d\u00eda lleva m\u00e1s de 30 a\u00f1os desarrollando proyectos personales con sus propias prendas de vestir (camisetas, blusas, pantalones, abrigos, y dem\u00e1s) y como t\u00eda consentidora tambi\u00e9n es fan\u00e1tica de decorar y personalizar las prendas de sus sobrinitas.<\/p>\n","protected":false},"excerpt":{"rendered":"<p>\u00bfTe gustar\u00eda aprender a decorar tus prendas, las de tus familiares y amigos como toda una profesional, e incluso desarrollar tu propio negocio desde casa?<\/p>\n<p>Con el MASTER CLASS DECORACION DE PRENDAS DE VESTIR COMO NEGOCIO, aprender\u00e1s paso a paso, de forma pr\u00e1ctica y desde cero diferentes t\u00e9cnicas de bordado y de trabajo sobre tela con las que podr\u00e1s decorar t\u00fa misma cualquier tipo de prenda de vestir.<\/p>\n<p>Aqu\u00ed, desarrollar\u00e1s la idea que quieres plasmar en tu prenda, crear tus moldes, tus apliques, en que materiales hacerlo y c\u00f3mo hacerlo.<\/p>\n","protected":false},"featured_media":3262,"template":"","meta":{"_joinchat":[]},"product_brand":[],"product_cat":[317,344],"product_tag":[],"class_list":{"0":"post-11433","1":"product","2":"type-product","3":"status-publish","4":"has-post-thumbnail","6":"product_cat-belleza-y-moda","7":"product_cat-todos","9":"first","10":"instock","11":"sale","12":"shipping-taxable","13":"product-type-external"},"_links":{"self":[{"href":"https:\/\/cursos.talentup.cl\/index.php?rest_route=\/wp\/v2\/product\/11433","targetHints":{"allow":["GET"]}}],"collection":[{"href":"https:\/\/cursos.talentup.cl\/index.php?rest_route=\/wp\/v2\/product"}],"about":[{"href":"https:\/\/cursos.talentup.cl\/index.php?rest_route=\/wp\/v2\/types\/product"}],"version-history":[{"count":2,"href":"https:\/\/cursos.talentup.cl\/index.php?rest_route=\/wp\/v2\/product\/11433\/revisions"}],"predecessor-version":[{"id":13978,"href":"https:\/\/cursos.talentup.cl\/index.php?rest_route=\/wp\/v2\/product\/11433\/revisions\/13978"}],"wp:featuredmedia":[{"embeddable":true,"href":"https:\/\/cursos.talentup.cl\/index.php?rest_route=\/wp\/v2\/media\/3262"}],"wp:attachment":[{"href":"https:\/\/cursos.talentup.cl\/index.php?rest_route=%2Fwp%2Fv2%2Fmedia&parent=11433"}],"wp:term":[{"taxonomy":"product_brand","embeddable":true,"href":"https:\/\/cursos.talentup.cl\/index.php?rest_route=%2Fwp%2Fv2%2Fproduct_brand&post=11433"},{"taxonomy":"product_cat","embeddable":true,"href":"https:\/\/cursos.talentup.cl\/index.php?rest_route=%2Fwp%2Fv2%2Fproduct_cat&post=11433"},{"taxonomy":"product_tag","embeddable":true,"href":"https:\/\/cursos.talentup.cl\/index.php?rest_route=%2Fwp%2Fv2%2Fproduct_tag&post=11433"}],"curies":[{"name":"wp","href":"https:\/\/api.w.org\/{rel}","templated":true}]}}