{"id":11440,"date":"2023-01-10T04:38:58","date_gmt":"2023-01-10T07:38:58","guid":{"rendered":"https:\/\/cursos.talentup.cl\/?post_type=product&#038;p=11440"},"modified":"2024-02-07T23:36:42","modified_gmt":"2024-02-08T02:36:42","slug":"cuidado-del-cabello-afro","status":"publish","type":"product","link":"https:\/\/cursos.talentup.cl\/?product=cuidado-del-cabello-afro","title":{"rendered":"CUIDADO DEL CABELLO AFRO"},"content":{"rendered":"<p>\u00bfSab\u00edas que el 100% de las personas con cabellos afros o rizados tienen problemas para cuidar y manejar la fibra capilar?<\/p>\n<p>\u00bfEres de los que piensas que a pesar de utilizar m\u00faltiples productos no encuentras una soluci\u00f3n para que tu cabello se vea sano y vibrante?<\/p>\n<p>Con el MASTER CLASS CUIDADO DEL CABELLO AFRO, aprender\u00e1s como lavar, nutrir e hidratar el cabello afro de manera r\u00e1pida y sencilla.<\/p>\n<p>Crear\u00e1s tus propias f\u00f3rmulas caseras de shampoo, acondicionador, mascarillas, desenredantes y mucho m\u00e1s\u00a1<\/p>\n<p>\u00bfQU\u00c9 VAS A LOGRAR?<\/p>\n<p>Aprender\u00e1s como se produce el cabello y de que est\u00e1 constituido.<\/p>\n<p>Conocer\u00e1s cuales son las caracter\u00edsticas y las necesidades del cabello afro y rizado.<\/p>\n<p>Cu\u00e1les son los diferentes tipos de cabellos.<\/p>\n<p>Crear\u00e1s un nuevo r\u00e9gimen de cuidado del cabello saludable.<\/p>\n<p>Dise\u00f1ar\u00e1s tu propio calendario capilar de limpieza con vista a un a\u00f1o completo.<\/p>\n<p>Aprender\u00e1s c\u00f3mo lavar, nutrir e hidratar el cabello afro de manera r\u00e1pida y sencilla.<\/p>\n<p>Aprender\u00e1s a crear tus propias f\u00f3rmulas caseras de shampoo, acondicionador, mascarillas, sprays desenredantes y m\u00e1s.<\/p>\n<p>Aprender\u00e1s a crear un mejor estilo de vida saludable para tu cuerpo y tu cabello.<\/p>\n<p>Obtendr\u00e1s los recursos descargables de plantillas, evaluaciones, test, planeador de dieta, manual de estilo saludable, calendario capilar, recetarios de f\u00f3rmulas caseras, gu\u00eda de aceites para tratar el cabello y workbook del curso-gu\u00eda.<\/p>\n<p>Acceder\u00e1s al certificado avalado por Hotmart y Seminarios Online.<\/p>\n<p>\u00bfC\u00d3MO LO VAS A LOGRAR?<\/p>\n<p>A trav\u00e9s del siguiente contenido estructurado paso a paso:<\/p>\n<p>Video 1 Bienvenida.<br \/>\nVideo 2 Tricolog\u00eda y sus m\u00f3dulos.<br \/>\nVideo 3 Cambia de mentalidad.<br \/>\nVideo 4 Fisiolog\u00eda del cabello documental parte I.<br \/>\nVideo 5 Fisiolog\u00eda del cabello documental parte II.<br \/>\nVideo 6 Caracter\u00edsticas del pelo afro- forma.<br \/>\nVideo 7 Contracci\u00f3n y elasticidad.<br \/>\nVideo 8 Densidad.<br \/>\nVideo 9 Brillo y resequedad.<br \/>\nVideo 10 Porosidad.<br \/>\nVideo 11 Grosor.<br \/>\nVideo 12 PH.<br \/>\nVideo 13 Sebo.<br \/>\nVideo 14 Velocidad de crecimiento.<br \/>\nVideo 15 Tipos de cabello.<br \/>\nVideo 16 Necesidades del cabello afro.<br \/>\nVideo 17 Fases del cuidado- hidrataci\u00f3n.<br \/>\nVideo 18 Nutrici\u00f3n.<br \/>\nVideo 19 Reconstrucci\u00f3n.<br \/>\nVideo 20 M\u00f3dulo 2- cambiar.<br \/>\nVideo 21 Cambiar r\u00e9gimen.<br \/>\nVideo 22 Nuevo r\u00e9gimen del cuidado del cabello.<br \/>\nVideo 23 R\u00e9gimen de limpieza.<br \/>\nVideo 24 Pre shampoo.<br \/>\nVideo 25 Ingredientes del shampoo.<br \/>\nVideo 26 Shampoo.<br \/>\nVideo 27 Mascarilla.<br \/>\nVideo 28 Acondicionador.<br \/>\nVideo 29 Serum.<br \/>\nVideo 30 Calendario capilar.<br \/>\nVideo 31 C\u00f3mo hidratar el cabello afro.<br \/>\nVideo 32 C\u00f3mo nutrir el cabello afro.<br \/>\nVideo 33 C\u00f3mo reconstruir el cabello afro.<br \/>\nVideo 34 Control del freez.<br \/>\nVideo 35 Desintoxicaci\u00f3n def.<br \/>\nVideo 36 M\u00f3dulo 3- reconstruir.<br \/>\nVideo 37 Estilo de vida saludable.<br \/>\nVideo 38 Prote\u00ednas.<br \/>\nVideo 39 Minerales.<br \/>\nVideo 40 Carbohidratos.<br \/>\nVideo 41 L\u00edpidos.<br \/>\nVideo 42 Vitaminas.<br \/>\nVideo 43 Agua y dieta equilibrada.<br \/>\nVideo 44 Manejo del estr\u00e9s.<br \/>\nVideo 45 Crea tus propias f\u00f3rmulas.<br \/>\nVideo 46 Aceites naturales.<br \/>\nVideo 47 Productos capilares comerciales.<br \/>\nVideo 48 Pr\u00e1ctica pre shampoo.<br \/>\nVideo 49 Pr\u00e1ctica de lavado.<br \/>\nVideo 50 Hidrataci\u00f3n.<br \/>\nVideo 51 Secado.<br \/>\nVideo 52 Aplicaci\u00f3n del serum.<br \/>\nVideo 53 Pieza publicitaria.<\/p>\n<p>ACERCA DE LA PRODUCTORA<\/p>\n<p>Desarrollado por ARLETH ISABEL L\u00d3PEZ BERM\u00daDEZ, Tric\u00f3loga y Dise\u00f1adora Industrial.<\/p>\n<p>Especialista en el tratamiento y manejo del cabello afro desde 2019. <\/p>\n<p>Estudiante permanente de la Fito cosm\u00e9tica capilar (elaboraci\u00f3n de cosm\u00e9ticos a partir de principios activos vegetales).<\/p>\n","protected":false},"excerpt":{"rendered":"<p>\u00bfSab\u00edas que el 100% de las personas con cabellos afros o rizados tienen problemas para cuidar y manejar la fibra capilar?<\/p>\n<p>\u00bfEres de los que piensas que a pesar de utilizar m\u00faltiples productos no encuentras una soluci\u00f3n para que tu cabello se vea sano y vibrante?<\/p>\n<p>Con el MASTER CLASS CUIDADO DEL CABELLO AFRO, aprender\u00e1s como lavar, nutrir e hidratar el cabello afro de manera r\u00e1pida y sencilla.<\/p>\n<p>Crear\u00e1s tus propias f\u00f3rmulas caseras de shampoo, acondicionador, mascarillas, desenredantes y mucho m\u00e1s\u00a1<\/p>\n","protected":false},"featured_media":3269,"template":"","meta":{"_joinchat":[]},"product_brand":[],"product_cat":[317,344],"product_tag":[],"class_list":{"0":"post-11440","1":"product","2":"type-product","3":"status-publish","4":"has-post-thumbnail","6":"product_cat-belleza-y-moda","7":"product_cat-todos","9":"first","10":"instock","11":"sale","12":"shipping-taxable","13":"product-type-external"},"_links":{"self":[{"href":"https:\/\/cursos.talentup.cl\/index.php?rest_route=\/wp\/v2\/product\/11440","targetHints":{"allow":["GET"]}}],"collection":[{"href":"https:\/\/cursos.talentup.cl\/index.php?rest_route=\/wp\/v2\/product"}],"about":[{"href":"https:\/\/cursos.talentup.cl\/index.php?rest_route=\/wp\/v2\/types\/product"}],"version-history":[{"count":2,"href":"https:\/\/cursos.talentup.cl\/index.php?rest_route=\/wp\/v2\/product\/11440\/revisions"}],"predecessor-version":[{"id":13985,"href":"https:\/\/cursos.talentup.cl\/index.php?rest_route=\/wp\/v2\/product\/11440\/revisions\/13985"}],"wp:featuredmedia":[{"embeddable":true,"href":"https:\/\/cursos.talentup.cl\/index.php?rest_route=\/wp\/v2\/media\/3269"}],"wp:attachment":[{"href":"https:\/\/cursos.talentup.cl\/index.php?rest_route=%2Fwp%2Fv2%2Fmedia&parent=11440"}],"wp:term":[{"taxonomy":"product_brand","embeddable":true,"href":"https:\/\/cursos.talentup.cl\/index.php?rest_route=%2Fwp%2Fv2%2Fproduct_brand&post=11440"},{"taxonomy":"product_cat","embeddable":true,"href":"https:\/\/cursos.talentup.cl\/index.php?rest_route=%2Fwp%2Fv2%2Fproduct_cat&post=11440"},{"taxonomy":"product_tag","embeddable":true,"href":"https:\/\/cursos.talentup.cl\/index.php?rest_route=%2Fwp%2Fv2%2Fproduct_tag&post=11440"}],"curies":[{"name":"wp","href":"https:\/\/api.w.org\/{rel}","templated":true}]}}