{"id":11441,"date":"2023-01-10T04:38:58","date_gmt":"2023-01-10T07:38:58","guid":{"rendered":"https:\/\/cursos.talentup.cl\/?post_type=product&#038;p=11441"},"modified":"2024-02-07T23:36:42","modified_gmt":"2024-02-08T02:36:42","slug":"rubios-y-platinados-master","status":"publish","type":"product","link":"https:\/\/cursos.talentup.cl\/?product=rubios-y-platinados-master","title":{"rendered":"RUBIOS Y PLATINADOS MASTER"},"content":{"rendered":"<p>Muchas de nosotras hemos tenido problemas para lograr un RUBIO PLATINADO que dure y no se oxide tan r\u00e1pido. Cuando esto pasa, no nos sentimos bonitas.<\/p>\n<p>Con el Master Class RUBIOS Y PLATINADOS MASTER, Aprende los secretos de una coloraci\u00f3n correcta para que luzcas radiante.<\/p>\n<p>Domina la t\u00e9cnica del Decapage, Balayage, Babylight y muchas m\u00e1s con un cabello que atrape todas las miradas.                                            <\/p>\n<p>Incluso, puedes transformar este conocimiento en un negocio altamente rentable.<\/p>\n<p>\u00bfQU\u00c9 VAS A LOGRAR?<\/p>\n<p>Aprender\u00e1s distintas t\u00e9cnicas de mechas con modelos reales.<\/p>\n<p>Elaborar\u00e1s esos looks que tanto te piden en el sal\u00f3n.<\/p>\n<p>Conocer\u00e1s mi m\u00e9todo para lograr Rubios y Platinados con resultados de primera calidad.<\/p>\n<p>Aprender\u00e1s cu\u00e1l es el cuidado que debes tener para no da\u00f1ar el cabello y que tu clienta quede realmente contenta no solo al salir de la peluquer\u00eda.<\/p>\n<p>Aprender\u00e1s todos los secretos para comprender la coloraci\u00f3n correcta.<\/p>\n<p>Conocer\u00e1s como diagnosticar un cabello y definir la t\u00e9cnica que vas a realizar de acuerdo al tipo y color de cabello con el que llega tu clienta.<\/p>\n<p>Elaborar\u00e1s tus propios estilos de Rubios y Platinados cuidando siempre el cabello de tu cliente, logrando resultados maravillosos.<\/p>\n<p>Generar\u00e1s un nuevo negocio con el que manejar\u00e1s tu propio horario de trabajo.<\/p>\n<p>Acceder\u00e1s al certificado avalado por Hotmart y Seminarios Online.<\/p>\n<p>\u00bfC\u00d3MO LO VAS A LOGRAR?<\/p>\n<p>A trav\u00e9s del siguiente contenido estructurado paso a paso:<\/p>\n<p>Bienvenida.<br \/>\nIntroducci\u00f3n a los Rubios.<br \/>\nPrincipios B\u00e1sicos para llegar a Rubios.<br \/>\nDiagn\u00f3stico Capilar.<br \/>\nT\u00e9cnica Decapage.<br \/>\nT\u00e9cnica Balayage con Contorno.<br \/>\nT\u00e9cnica de Babylights.<br \/>\nT\u00e9cnica de Iluminaci\u00f3n.<br \/>\nT\u00e9cnica Decapage Varones (1).<br \/>\nT\u00e9cnica Decapage Varones (2).<br \/>\nT\u00e9cnica Balayage en Cabello Te\u00f1ido.<br \/>\nVendiendo Productos para el cuidado de los Rubios.<br \/>\nProductos que no te deben faltar.<br \/>\nHerramientas Necesarias para Rubios.<br \/>\nImportancia de las Fotos.<br \/>\nGu\u00eda Descargable del C\u00edrculo Crom\u00e1tico.<br \/>\nAcceder\u00e1s a un Grupo Exclusivo de Expertos en Rubios y Platinados.<br \/>\nTendr\u00e1s acceso a todas las actualizaciones que se incrementan de manera constante.<\/p>\n<p>ACERCA DE LA PRODUCTORA<\/p>\n<p>Este programa est\u00e1 creado por LIDIA DIAZ, estilista con m\u00e1s de 40 a\u00f1os de experiencia, especialista en servicios de cabello.<\/p>\n<p>Trabaja en este sector desde los 17 a\u00f1os de edad, ha colaborado en distintos salones de renombre y hoy cuenta con su propia peluquer\u00eda en la que brinda servicios exclusivos de cabello.<\/p>\n<p>Se ha preparado en las mejores escuelas, asistiendo a distintas ferias para siempre estar actualizada, en este programa Lidia te muestra su mejor y m\u00e1s cotizado m\u00e9todo para lograr un Rubio y un Platinado Perfecto.<\/p>\n","protected":false},"excerpt":{"rendered":"<p>Muchas de nosotras hemos tenido problemas para lograr un RUBIO PLATINADO que dure y no se oxide tan r\u00e1pido. Cuando esto pasa, no nos sentimos bonitas.<\/p>\n<p>Con el Master Class RUBIOS Y PLATINADOS MASTER, Aprende los secretos de una coloraci\u00f3n correcta para que luzcas radiante.<\/p>\n<p>Domina la t\u00e9cnica del Decapage, Balayage, Babylight y muchas m\u00e1s con un cabello que atrape todas las miradas.                                            <\/p>\n<p>Incluso, puedes transformar este conocimiento en un negocio altamente rentable.<\/p>\n","protected":false},"featured_media":3270,"template":"","meta":{"_joinchat":[]},"product_brand":[],"product_cat":[317,344],"product_tag":[],"class_list":{"0":"post-11441","1":"product","2":"type-product","3":"status-publish","4":"has-post-thumbnail","6":"product_cat-belleza-y-moda","7":"product_cat-todos","9":"first","10":"instock","11":"sale","12":"shipping-taxable","13":"product-type-external"},"_links":{"self":[{"href":"https:\/\/cursos.talentup.cl\/index.php?rest_route=\/wp\/v2\/product\/11441","targetHints":{"allow":["GET"]}}],"collection":[{"href":"https:\/\/cursos.talentup.cl\/index.php?rest_route=\/wp\/v2\/product"}],"about":[{"href":"https:\/\/cursos.talentup.cl\/index.php?rest_route=\/wp\/v2\/types\/product"}],"version-history":[{"count":2,"href":"https:\/\/cursos.talentup.cl\/index.php?rest_route=\/wp\/v2\/product\/11441\/revisions"}],"predecessor-version":[{"id":13986,"href":"https:\/\/cursos.talentup.cl\/index.php?rest_route=\/wp\/v2\/product\/11441\/revisions\/13986"}],"wp:featuredmedia":[{"embeddable":true,"href":"https:\/\/cursos.talentup.cl\/index.php?rest_route=\/wp\/v2\/media\/3270"}],"wp:attachment":[{"href":"https:\/\/cursos.talentup.cl\/index.php?rest_route=%2Fwp%2Fv2%2Fmedia&parent=11441"}],"wp:term":[{"taxonomy":"product_brand","embeddable":true,"href":"https:\/\/cursos.talentup.cl\/index.php?rest_route=%2Fwp%2Fv2%2Fproduct_brand&post=11441"},{"taxonomy":"product_cat","embeddable":true,"href":"https:\/\/cursos.talentup.cl\/index.php?rest_route=%2Fwp%2Fv2%2Fproduct_cat&post=11441"},{"taxonomy":"product_tag","embeddable":true,"href":"https:\/\/cursos.talentup.cl\/index.php?rest_route=%2Fwp%2Fv2%2Fproduct_tag&post=11441"}],"curies":[{"name":"wp","href":"https:\/\/api.w.org\/{rel}","templated":true}]}}