{"id":11442,"date":"2023-01-10T04:38:58","date_gmt":"2023-01-10T07:38:58","guid":{"rendered":"https:\/\/cursos.talentup.cl\/?post_type=product&#038;p=11442"},"modified":"2024-02-07T23:36:42","modified_gmt":"2024-02-08T02:36:42","slug":"el-negocio-de-la-moda","status":"publish","type":"product","link":"https:\/\/cursos.talentup.cl\/?product=el-negocio-de-la-moda","title":{"rendered":"EL NEGOCIO DE LA MODA"},"content":{"rendered":"<p>\u00bfTe apasiona la moda? y \u00bfTe encantar\u00eda aprender a confeccionar tus propias prendas de vestir?<\/p>\n<p>Si crees que coser es muy dif\u00edcil y costoso d\u00e9jame contarte que es m\u00e1s f\u00e1cil de lo que crees.<\/p>\n<p>Con el MasterClass EL NEGOCIO DE LA MODA, accede a los secretos que guardamos los profesionales de la moda para crear hermosas prendas de calidad de forma sencilla y a bajo costo.<\/p>\n<p>Aprende a crear 6 diferentes blusas con un m\u00e9todo de confecci\u00f3n comprobado para que montes tu propio negocio en el mundo de la moda y la confecci\u00f3n.<\/p>\n<p>\u00bfQU\u00c9 VAS A LOGRAR?<\/p>\n<p>Aprender\u00e1s todo desde cero, y no solo aprender\u00e1s a confeccionar sino a dise\u00f1ar tu propia ropa. no necesitas conocimientos previos.<\/p>\n<p>Crear\u00e1s 6 blusas diferentes a partir de un solo molde.<\/p>\n<p>Crear\u00e1s prendas de calidad con t\u00e9cnicas r\u00e1pidas de patronaje y confecci\u00f3n.<\/p>\n<p>Tomar\u00e1s tus propias medidas y las de tus modelos de forma correcta.<\/p>\n<p>Calcular\u00e1s la cantidad adecuada de tela para producir a m\u00e1s bajo costo.<\/p>\n<p>Conocer\u00e1s las t\u00e9cnicas utilizadas en alta costura para que la prenda tenga los acabados internos correctos.<\/p>\n<p>Aprender\u00e1s a desarrollar moda con taller industrial.<\/p>\n<p>Realizar\u00e1s prendas a la medida con la seguridad de que tendr\u00e1s \u00e9xito al terminar la prenda.<\/p>\n<p>Aplicar\u00e1s un nuevo m\u00e9todo de confecci\u00f3n que he perfeccionado por m\u00e1s de 20 a\u00f1os.<\/p>\n<p>Aprender\u00e1s c\u00f3mo consentirte a ti misma creando tus propias prendas.<\/p>\n<p>Alcanzar\u00e1s tu independencia generando ingresos desde casa y ser tu propio jefe.<\/p>\n<p>Acceder\u00e1s al certificado avalado por Hotmart y Seminarios Online.<\/p>\n<p>\u00bfC\u00d3MO LO VAS A LOGRAR?<\/p>\n<p>A trav\u00e9s del siguiente contenido estructurado paso a paso:<\/p>\n<p>VIDEO 1: Introducci\u00f3n.<br \/>\nVIDEO 2: Patronaje Blusa B\u00e1sica.<br \/>\nVIDEO 3: Patronaje Blusa B\u00e1sica.<br \/>\nVIDEO 4: Patronaje Blusa B\u00e1sica.<br \/>\nVIDEO 5: Patronaje Blusa Basica.<br \/>\nVIDEO 6: Toma de medidas.<br \/>\nVIDEO 7: Patronaje Blusa Personalizada.<br \/>\nVIDEO 8: Patronaje Blusa Personalizada.<br \/>\nVIDEO 9: Patronaje Blusa Personalizada.<br \/>\nVIDEO 10: Patronaje Blusa manga fruncida.<br \/>\nVIDEO 11: Patronaje Blusa manga fruncida.<br \/>\nVIDEO 12: Patronaje Blusa manga fruncida.<br \/>\nVIDEO 13: Confecci\u00f3n Blusa manga fruncida.<br \/>\nVIDEO 14: Confecci\u00f3n Blusa manga fruncida.<br \/>\nVIDEO 15: Confecci\u00f3n Blusa manga fruncida.<br \/>\nVIDEO 16: Confecci\u00f3n Blusa manga fruncida.<br \/>\nVIDEO 17: Confecci\u00f3n Blusa manga fruncida.<br \/>\nVIDEO 18: Confecci\u00f3n Blusa manga fruncida.<br \/>\nVIDEO 19: Confecci\u00f3n Blusa manga fruncida.<br \/>\nVIDEO 20: Patronaje Blusa de Tiras.<br \/>\nVIDEO 21: Patronaje Blusa de Tiras.<br \/>\nVIDEO 22: Confecci\u00f3n Blusa de Tiras.<br \/>\nVIDEO 23: Confecci\u00f3n Blusa de Tiras.<br \/>\nVIDEO 24: Confecci\u00f3n Blusa de Tiras.<br \/>\nVIDEO 25: Confecci\u00f3n Blusa de Tiras.<br \/>\nVIDEO 26: Patronaje Crop Top.<br \/>\nVIDEO 27: Patronaje Crop Top.<br \/>\nVIDEO 28: Patronaje Blusa Cruzada.<br \/>\nVIDEO 29: Patronaje Blusa Cruzada.<br \/>\nVIDEO 30: Patronaje Blusa Cruzada.<br \/>\nVIDEO 31: Patronaje Blusa Cruzada.<br \/>\nVIDEO 32: Patronaje Crop Top.<br \/>\nVIDEO 33: Patronaje Crop Top.<br \/>\nVIDEO 34: Patronaje Crop Top.<br \/>\nVIDEO 35: Patronaje Crop Top.<\/p>\n<p>ACERCA DE LA PRODUCTORA<\/p>\n<p>Desarrollado por ARACELLY HERRERA, colombiana, mujer emprendedora y con deseos de ense\u00f1ar a otros. <\/p>\n<p>Apasionada por el dise\u00f1o de modas y el emprendimiento. <\/p>\n<p>Es confeccionista profesional con m\u00e1s de 20 a\u00f1os de experiencia en el sector de la moda. <\/p>\n<p>Ha trabajado como emprendedora con su propio taller independiente de confecci\u00f3n. <\/p>\n<p>Desde sus inicios en la industria de modas, ha sido asesora de confecci\u00f3n de prendas a la medida y ha capacitado a aprendices y profesionales en diversas ciudades de Colombia para la elaboraci\u00f3n de diversos tipos de prendas. <\/p>\n","protected":false},"excerpt":{"rendered":"<p>\u00bfTe apasiona la moda? y \u00bfTe encantar\u00eda aprender a confeccionar tus propias prendas de vestir?<\/p>\n<p>Si crees que coser es muy dif\u00edcil y costoso d\u00e9jame contarte que es m\u00e1s f\u00e1cil de lo que crees.<\/p>\n<p>Con el MasterClass EL NEGOCIO DE LA MODA, accede a los secretos que guardamos los profesionales de la moda para crear hermosas prendas de calidad de forma sencilla y a bajo costo.<\/p>\n<p>Aprende a crear 6 diferentes blusas con un m\u00e9todo de confecci\u00f3n comprobado para que montes tu propio negocio en el mundo de la moda y la confecci\u00f3n.<\/p>\n","protected":false},"featured_media":3271,"template":"","meta":{"_joinchat":[]},"product_brand":[],"product_cat":[317,344],"product_tag":[],"class_list":{"0":"post-11442","1":"product","2":"type-product","3":"status-publish","4":"has-post-thumbnail","6":"product_cat-belleza-y-moda","7":"product_cat-todos","9":"first","10":"instock","11":"sale","12":"shipping-taxable","13":"product-type-external"},"_links":{"self":[{"href":"https:\/\/cursos.talentup.cl\/index.php?rest_route=\/wp\/v2\/product\/11442","targetHints":{"allow":["GET"]}}],"collection":[{"href":"https:\/\/cursos.talentup.cl\/index.php?rest_route=\/wp\/v2\/product"}],"about":[{"href":"https:\/\/cursos.talentup.cl\/index.php?rest_route=\/wp\/v2\/types\/product"}],"version-history":[{"count":2,"href":"https:\/\/cursos.talentup.cl\/index.php?rest_route=\/wp\/v2\/product\/11442\/revisions"}],"predecessor-version":[{"id":13987,"href":"https:\/\/cursos.talentup.cl\/index.php?rest_route=\/wp\/v2\/product\/11442\/revisions\/13987"}],"wp:featuredmedia":[{"embeddable":true,"href":"https:\/\/cursos.talentup.cl\/index.php?rest_route=\/wp\/v2\/media\/3271"}],"wp:attachment":[{"href":"https:\/\/cursos.talentup.cl\/index.php?rest_route=%2Fwp%2Fv2%2Fmedia&parent=11442"}],"wp:term":[{"taxonomy":"product_brand","embeddable":true,"href":"https:\/\/cursos.talentup.cl\/index.php?rest_route=%2Fwp%2Fv2%2Fproduct_brand&post=11442"},{"taxonomy":"product_cat","embeddable":true,"href":"https:\/\/cursos.talentup.cl\/index.php?rest_route=%2Fwp%2Fv2%2Fproduct_cat&post=11442"},{"taxonomy":"product_tag","embeddable":true,"href":"https:\/\/cursos.talentup.cl\/index.php?rest_route=%2Fwp%2Fv2%2Fproduct_tag&post=11442"}],"curies":[{"name":"wp","href":"https:\/\/api.w.org\/{rel}","templated":true}]}}