{"id":11443,"date":"2023-01-10T04:38:58","date_gmt":"2023-01-10T07:38:58","guid":{"rendered":"https:\/\/cursos.talentup.cl\/?post_type=product&#038;p=11443"},"modified":"2024-02-07T23:36:42","modified_gmt":"2024-02-08T02:36:42","slug":"adelgaza-1-kilo-por-semana","status":"publish","type":"product","link":"https:\/\/cursos.talentup.cl\/?product=adelgaza-1-kilo-por-semana","title":{"rendered":"ADELGAZA 1 KILO POR SEMANA"},"content":{"rendered":"<p>Es agotador consumir alimentos que no nos gusten para bajar de peso.  <\/p>\n<p>Nos sentimos frustrados y sin resultados. Perdemos tiempo y dinero.<\/p>\n<p>Con el MasterClass ADELGAZA 1 KILO POR SEMANA, aprende una estrategia comprobada para lograrlo SIN DEJAR DE COMER.<\/p>\n<p>\u00a1No te castigues en el gimnasio! aqu\u00ed tienes un programa completo para aprovechar las reacciones qu\u00edmicas propias de tu cuerpo y quemar la grasa.<\/p>\n<p>Personas de todo el mundo ya han bajado hasta tres tallas, disfrutan de un vientre plano y de unos muslos y caderas sin grasa en solo 14 d\u00edas.<\/p>\n<p>\u00bfQU\u00c9 VAS A LOGRAR?<\/p>\n<p>Adelgazar\u00e1s de una forma segura y sin riesgos para la salud, sin dietas tan restrictivas y sin dejar de comer lo que te gusta. <\/p>\n<p>Tendr\u00e1s dominio absoluto de su enfermedad.  <\/p>\n<p>Aprender\u00e1s \u00bfPor qu\u00e9 es tan dif\u00edcil perder peso?, las razones m\u00e1s comunes por las que no logras perder peso a pesar de las dietas utilizadas y c\u00f3mo solucionarlo. <\/p>\n<p>Aprender\u00e1s \u00bfPor qu\u00e9 se produce el efecto de rebote o \u00abyo-yo\u00bb o Re ganancia de peso?, \u00bfPor qu\u00e9 recuperas el peso? \u00bfc\u00f3mo solucionarlas?  <\/p>\n<p>Conocer\u00e1s las causas por las que las dietas restrictivas no funcionan.  <\/p>\n<p>Utilizar\u00e1s t\u00e9cnicas para acelerar el metabolismo, adelgazar r\u00e1pidamente y mantener el peso para siempre. <\/p>\n<p>Aprender\u00e1s \u00bfPor qu\u00e9 las personas con obesidad tienen incremento del apetito y el deseo de comer? y \u00bfC\u00f3mo controlarlas?  <\/p>\n<p>Identificar\u00e1s el grado de obesidad en que te encuentras y cu\u00e1l es el objetivo conocerlo. <\/p>\n<p>Conocer\u00e1s las manifestaciones cl\u00ednicas por enfermedad de masa grasa y cu\u00e1l es la reducci\u00f3n de peso m\u00ednima necesaria para lograr una mejor\u00eda en las enfermedades asociadas. <\/p>\n<p>Aprender\u00e1s c\u00f3mo influye la Microbiota o flora intestinales en el sobre peso y la obesidad. <\/p>\n<p>Aprender\u00e1s qu\u00e9 hacer para mantener el microbiota intestinal saludable.  <\/p>\n<p>Aprender\u00e1s c\u00f3mo controlar los picos de insulina.<\/p>\n<p>Aprender\u00e1s a utilizar el programa de comidas que recomendamos para adelgazar sin dejar de comer lo que te gusta.  <\/p>\n<p>Utilizar\u00e1s la dieta inversa como una opci\u00f3n para despu\u00e9s de adelgazar y evitar el efecto rebote o \u201cyo-yo\u201d. <\/p>\n<p>Conocer\u00e1s el secreto de las personas que bajan de peso y no lo vuelven a recuperar.  <\/p>\n<p>Aprender\u00e1s Qu\u00e9 hacer para mantener la fuerza de voluntad y poder cumplir con las dietas para adelgazar <\/p>\n<p>Conocer\u00e1s la hora correcta en la que debemos hacer ejercicio f\u00edsico, as\u00ed como el tipo, la intensidad y frecuencia adecuada para perder peso  <\/p>\n<p>Conocer\u00e1s en qu\u00e9 personas se considera la farmacoterapia y\/o la cirug\u00eda bari\u00e1trica como una opci\u00f3n de tratamiento, conocer los riesgos de la cirug\u00eda bari\u00e1trica.  <\/p>\n<p>Acceder\u00e1s al certificado avalado por Hotmart y Seminarios Online.<\/p>\n<p>\u00bfC\u00d3MO LO VAS A LOGRAR?<\/p>\n<p>VIDEO 1 Introducci\u00f3n.<\/p>\n<p>VIDEO 2 M\u00f3dulo 1 Los genes, las hormonas, la dieta y la obesidad.<\/p>\n<p> \u00bfPor qu\u00e9 se produce la obesidad? (el incremento en el consumo de alimentos no es la \u00fanica causa).<br \/>\n \u00bfC\u00f3mo y por qu\u00e9 se rompe el equilibrio neuro hormonal en la regulaci\u00f3n del apetito \u00bfcu\u00e1l es la causa?<br \/>\n \u00bfPor qu\u00e9 se produce el efecto de rebote o \u00abyo-yo\u00bb o reganancia de peso?<br \/>\n \u00bfPor qu\u00e9 es tan dif\u00edcil perder peso?<br \/>\n \u00bfPor qu\u00e9 recuperas el peso? \u00bfc\u00f3mo solucionarlas?<br \/>\n\u00bfPor qu\u00e9 las personas con obesidad tienen incremento del apetito y el deseo de comer? \u00bfC\u00f3mo controlarlas? <\/p>\n<p>VIDEO 3 M\u00f3dulo 2  Enfermedad de la Masa grasa.<\/p>\n<p> Clasificar el grado de obesidad en que te encuentras.<br \/>\n Esperanza de vida seg\u00fan el grado de obesidad.<br \/>\n Manifestaciones cl\u00ednicas por enfermedad de masa grasa.<br \/>\n Reducci\u00f3n de peso m\u00ednima necesaria para lograr una mejor\u00eda en las enfermedades asociadas. <\/p>\n<p>VIDEO 4 M\u00f3dulo 3  Patrones diet\u00e9ticos.<\/p>\n<p> Patrones diet\u00e9ticos m\u00e1s utilizados.<br \/>\n \u00bfCu\u00e1l es la dieta ideal en sobrepeso y obesidad?<br \/>\n Causas por las que las dietas restrictivas no funcionan.<br \/>\n Claves principales para evitar la Re ganancia de peso.<br \/>\n \u00bfQu\u00e9 es el ayuno intermitente?<br \/>\n Errores durante el Ayuno intermitente.<br \/>\n Efectos secundarios del Ayuno Intermitente.<br \/>\n Plato del buen comer y Jarra del buen beber.<\/p>\n<p>VIDEO 5\tM\u00f3dulo 4 Descifrando el Ayuno intermitente.<\/p>\n<p>VIDEO 6 M\u00f3dulo 5  Patrones diet\u00e9ticos y Ayuno Intermitente<\/p>\n<p> Ayuno Intermitente y plato del buen comer.<br \/>\n Ayuno Intermitente y Dieta Mediterr\u00e1nea.<br \/>\n Ayuno Intermitente y Dieta Cetog\u00e9nica.<\/p>\n<p>VIDEO 7 M\u00f3dulo 6 Dieta de los 13 d\u00edas.<\/p>\n<p>VIDEO 8\tM\u00f3dulo 7 Dieta Inversa.<\/p>\n<p>VIDEO 9\tM\u00f3dulo 8 Densidad cal\u00f3rica de los alimentos.<\/p>\n<p> El consumo de alimentos con baja densidad cal\u00f3rica es la piedra angular para bajar de peso, evitar o disminuir el hambre y mantener el peso perdido.<\/p>\n<p>VIDEO 10 M\u00f3dulo 9 Acelerar el metabolismo, disminuir el hambre y alimentar nuestra flora intestinal.<\/p>\n<p> Claves para el control del sobrepeso y la obesidad y evitar la Re ganancia de peso.<br \/>\n \u00bfC\u00f3mo influye la Microbiota o flora intestinales en el sobre peso y la obesidad? \u00bfQu\u00e9 hacer para mantener el microbiota intestinal saludable?<br \/>\n Alimentos que disminuyen el hambre y aceleran el apetito.<br \/>\n \u00bfQu\u00e9 hacer para mantener la fuerza de voluntad y poder cumplir con las dietas para adelgazar? <\/p>\n<p>VIDEO 11 M\u00f3dulo 10 Gu\u00eda definitiva para Mantener el peso perdido despu\u00e9s de haberlo logrado por alg\u00fan programa de p\u00e9rdida de peso.<\/p>\n<p> \u00bfC\u00f3mo evitar el efecto rebote o \u00abyoyo\u00bb?<\/p>\n<p>VIDEO 12 M\u00f3dulo 11 La farmacoterapia y\/o la cirug\u00eda bari\u00e1trica como una opci\u00f3n de tratamiento.<\/p>\n<p> \u00bfCu\u00e1ndo se considera la farmacoterapia y\/o la cirug\u00eda bari\u00e1trica como una opci\u00f3n de tratamiento.<br \/>\n Riesgos de la cirug\u00eda bari\u00e1trica.<br \/>\n Tipos de cirug\u00eda. <\/p>\n<p>VIDEO 13 M\u00f3dulo 12 Ejercicio f\u00edsico y obesidad.<\/p>\n<p> Cantidad, Tiempo y Tipo de ejercicios f\u00edsicos recomendados en sobre peso y obesidad.<br \/>\n Conocer la hora correcta en la que debemos hacer ejercicio f\u00edsico para perder peso.<br \/>\n Enfermedades que deben evaluarse antes de prescribir ejercicios f\u00edsicos.<\/p>\n<p>ACERCA DEL PRODUCTOR <\/p>\n<p>Desarrollado por LUIS ANTONIO CABRERA V\u00c1ZQUEZ, de nacionalidad cubana residente en Colombia por m\u00e1s de 20 a\u00f1os, m\u00e9dico Especialista en Medicina Familiar egresado de la Universidad de la Habana Cuba y Especialista en Administraci\u00f3n de Salud con \u00c9nfasis en Seguridad Social egresado de la Universidad Javeriana en Bogot\u00e1 Colombia.<\/p>\n<p>Con m\u00e1s de 30 a\u00f1os de experiencia en el campo de la medicina.<\/p>\n<p>Emprendedor y con deseos de ense\u00f1ar y ayudar a otros en la recuperaci\u00f3n de su salud.  <\/p>\n","protected":false},"excerpt":{"rendered":"<p>Es agotador consumir alimentos que no nos gusten para bajar de peso.  <\/p>\n<p>Nos sentimos frustrados y sin resultados. Perdemos tiempo y dinero.<\/p>\n<p>Con el MasterClass ADELGAZA 1 KILO POR SEMANA, aprende una estrategia comprobada para lograrlo SIN DEJAR DE COMER.<\/p>\n<p>\u00a1No te castigues en el gimnasio! aqu\u00ed tienes un programa completo para aprovechar las reacciones qu\u00edmicas propias de tu cuerpo y quemar la grasa.<\/p>\n<p>Personas de todo el mundo ya han bajado hasta tres tallas, disfrutan de un vientre plano y de unos muslos y caderas sin grasa en solo 14 d\u00edas.<\/p>\n","protected":false},"featured_media":3272,"template":"","meta":{"_joinchat":[]},"product_brand":[],"product_cat":[317,344],"product_tag":[],"class_list":{"0":"post-11443","1":"product","2":"type-product","3":"status-publish","4":"has-post-thumbnail","6":"product_cat-belleza-y-moda","7":"product_cat-todos","9":"first","10":"instock","11":"sale","12":"shipping-taxable","13":"product-type-external"},"_links":{"self":[{"href":"https:\/\/cursos.talentup.cl\/index.php?rest_route=\/wp\/v2\/product\/11443","targetHints":{"allow":["GET"]}}],"collection":[{"href":"https:\/\/cursos.talentup.cl\/index.php?rest_route=\/wp\/v2\/product"}],"about":[{"href":"https:\/\/cursos.talentup.cl\/index.php?rest_route=\/wp\/v2\/types\/product"}],"version-history":[{"count":2,"href":"https:\/\/cursos.talentup.cl\/index.php?rest_route=\/wp\/v2\/product\/11443\/revisions"}],"predecessor-version":[{"id":13988,"href":"https:\/\/cursos.talentup.cl\/index.php?rest_route=\/wp\/v2\/product\/11443\/revisions\/13988"}],"wp:featuredmedia":[{"embeddable":true,"href":"https:\/\/cursos.talentup.cl\/index.php?rest_route=\/wp\/v2\/media\/3272"}],"wp:attachment":[{"href":"https:\/\/cursos.talentup.cl\/index.php?rest_route=%2Fwp%2Fv2%2Fmedia&parent=11443"}],"wp:term":[{"taxonomy":"product_brand","embeddable":true,"href":"https:\/\/cursos.talentup.cl\/index.php?rest_route=%2Fwp%2Fv2%2Fproduct_brand&post=11443"},{"taxonomy":"product_cat","embeddable":true,"href":"https:\/\/cursos.talentup.cl\/index.php?rest_route=%2Fwp%2Fv2%2Fproduct_cat&post=11443"},{"taxonomy":"product_tag","embeddable":true,"href":"https:\/\/cursos.talentup.cl\/index.php?rest_route=%2Fwp%2Fv2%2Fproduct_tag&post=11443"}],"curies":[{"name":"wp","href":"https:\/\/api.w.org\/{rel}","templated":true}]}}