{"id":11444,"date":"2023-01-10T04:38:58","date_gmt":"2023-01-10T07:38:58","guid":{"rendered":"https:\/\/cursos.talentup.cl\/?post_type=product&#038;p=11444"},"modified":"2024-02-07T23:36:42","modified_gmt":"2024-02-08T02:36:42","slug":"masaje-moldeador-pro","status":"publish","type":"product","link":"https:\/\/cursos.talentup.cl\/?product=masaje-moldeador-pro","title":{"rendered":"MASAJE MOLDEADOR PRO"},"content":{"rendered":"<p>\u00bfQuieres ser un experto en la mejor t\u00e9cnica de masajes moldeadores, montando una empresa con excelentes resultados?<\/p>\n<p>Conoce el MasterClas MASAJE MOLDEADOR PRO y aprende una forma para combatir la retenci\u00f3n de l\u00edquidos o la molesta inflamaci\u00f3n.<\/p>\n<p>Aqu\u00ed tienes el paso a paso para hacer un buen masaje y un drenaje linf\u00e1tico con las posturas adecuadas.<\/p>\n<p>Este es un programa pr\u00e1ctico donde recibes todas las herramientas para crear y fortalecer tu emprendimiento.<\/p>\n<p>Tus pacientes disfrutar\u00e1n la sesi\u00f3n y lo mejor de todo, \u00a1Sin dolor!<\/p>\n<p>\u00bfQU\u00c9 VAS A LOGRAR?<\/p>\n<p>Conocer\u00e1s el detalle pr\u00e1ctico y t\u00e9cnico de la t\u00e9cnica moldeadora sin dolor.<\/p>\n<p>Te volver\u00e1s un experto en todos los conceptos relacionados al masaje y al drenaje linf\u00e1tico.<\/p>\n<p>Sabr\u00e1s c\u00f3mo cuidarte con posturas, estiramientos con el fin de prevenir y garantizar el bienestar tuyo y de tu equipo.<\/p>\n<p>Conocer\u00e1s el paso a paso que te guiar\u00e1 para crear tu propia marca.<\/p>\n<p>Aprender\u00e1s las recomendaciones necesarias para garantizar que tus tratamientos tengan los resultados esperados para tus pacientes.<\/p>\n<p>Aprender\u00e1s herramientas gratuitas que son claves para el manejo de tu publicidad como la creaci\u00f3n de una p\u00e1gina en Facebook y realizar piezas publicitarias en Canva.<\/p>\n<p>Acceder\u00e1s al certificado avalado por Hotmart y Seminarios Online. <\/p>\n<p>\u00bfC\u00d3MO LO VAS A LOGRAR?<\/p>\n<p>A trav\u00e9s del siguiente contenido estructurado paso a paso:<\/p>\n<p>M\u00f3dulo 1 Introducci\u00f3n y objetivos.<br \/>\nM\u00f3dulo 2 Conceptos b\u00e1sicos.<br \/>\nM\u00f3dulo 3 Introducci\u00f3n a la t\u00e9cnica.<br \/>\nM\u00f3dulo 4 Herramientas para un buen masaje.<br \/>\nM\u00f3dulo 5 Estiramiento y pausas.<br \/>\nM\u00f3dulo 6 Pies.<br \/>\nM\u00f3dulo 7 Piernas.<br \/>\nM\u00f3dulo 8 Abdomen.<br \/>\nM\u00f3dulo 9 Laterales.<br \/>\nM\u00f3dulo 10 Gl\u00fateos.<br \/>\nM\u00f3dulo 11 Espalda.<br \/>\nM\u00f3dulo 12 Brazos.<br \/>\nM\u00f3dulo 13 Recomendaciones a los clientes para mejores Resultados Parte 1.<br \/>\nM\u00f3dulo 14 Recomendaciones a los clientes para mejores Resultados Parte 2.<br \/>\nM\u00f3dulo 15 Manejo de marcas y fidelizaci\u00f3n de clientes.<br \/>\nM\u00f3dulo 16 C\u00f3mo usar Canva.<br \/>\nM\u00f3dulo 17 Crea tu p\u00e1gina en Facebook.<br \/>\nM\u00f3dulo 18 Conclusiones y agradecimientos.<\/p>\n<p>BONUS<\/p>\n<p>1. Ejemplos jugos verdes.<br \/>\n2. Ejemplos desayunos.<br \/>\n3. Ejemplo Factura de venta y seguimiento.<br \/>\n4. Tiempo de masaje.<br \/>\n5. Planilla control de gastos. <\/p>\n<p>ACERCA DE LA PRODUCTORA<\/p>\n<p>Desarrollado por M\u00d3NICA PINEDA, esteticista, profesional en mercadeo y certificada en la t\u00e9cnica de masaje moldeador sin dolor. <\/p>\n<p>Vive en la ciudad de Medell\u00edn, Colombia y tiene una empresa de belleza muy rentable desde hace m\u00e1s de 4 a\u00f1os, con uno de sus productos principales los masajes moldeadores sin dolor.<\/p>\n","protected":false},"excerpt":{"rendered":"<p>\u00bfQuieres ser un experto en la mejor t\u00e9cnica de masajes moldeadores, montando una empresa con excelentes resultados?<\/p>\n<p>Conoce el MasterClas MASAJE MOLDEADOR PRO y aprende una forma para combatir la retenci\u00f3n de l\u00edquidos o la molesta inflamaci\u00f3n.<\/p>\n<p>Aqu\u00ed tienes el paso a paso para hacer un buen masaje y un drenaje linf\u00e1tico con las posturas adecuadas.<\/p>\n<p>Este es un programa pr\u00e1ctico donde recibes todas las herramientas para crear y fortalecer tu emprendimiento.<\/p>\n<p>Tus pacientes disfrutar\u00e1n la sesi\u00f3n y lo mejor de todo, \u00a1Sin dolor!<\/p>\n","protected":false},"featured_media":3273,"template":"","meta":{"_joinchat":[]},"product_brand":[],"product_cat":[317,344],"product_tag":[],"class_list":{"0":"post-11444","1":"product","2":"type-product","3":"status-publish","4":"has-post-thumbnail","6":"product_cat-belleza-y-moda","7":"product_cat-todos","9":"first","10":"instock","11":"sale","12":"shipping-taxable","13":"product-type-external"},"_links":{"self":[{"href":"https:\/\/cursos.talentup.cl\/index.php?rest_route=\/wp\/v2\/product\/11444","targetHints":{"allow":["GET"]}}],"collection":[{"href":"https:\/\/cursos.talentup.cl\/index.php?rest_route=\/wp\/v2\/product"}],"about":[{"href":"https:\/\/cursos.talentup.cl\/index.php?rest_route=\/wp\/v2\/types\/product"}],"version-history":[{"count":2,"href":"https:\/\/cursos.talentup.cl\/index.php?rest_route=\/wp\/v2\/product\/11444\/revisions"}],"predecessor-version":[{"id":13989,"href":"https:\/\/cursos.talentup.cl\/index.php?rest_route=\/wp\/v2\/product\/11444\/revisions\/13989"}],"wp:featuredmedia":[{"embeddable":true,"href":"https:\/\/cursos.talentup.cl\/index.php?rest_route=\/wp\/v2\/media\/3273"}],"wp:attachment":[{"href":"https:\/\/cursos.talentup.cl\/index.php?rest_route=%2Fwp%2Fv2%2Fmedia&parent=11444"}],"wp:term":[{"taxonomy":"product_brand","embeddable":true,"href":"https:\/\/cursos.talentup.cl\/index.php?rest_route=%2Fwp%2Fv2%2Fproduct_brand&post=11444"},{"taxonomy":"product_cat","embeddable":true,"href":"https:\/\/cursos.talentup.cl\/index.php?rest_route=%2Fwp%2Fv2%2Fproduct_cat&post=11444"},{"taxonomy":"product_tag","embeddable":true,"href":"https:\/\/cursos.talentup.cl\/index.php?rest_route=%2Fwp%2Fv2%2Fproduct_tag&post=11444"}],"curies":[{"name":"wp","href":"https:\/\/api.w.org\/{rel}","templated":true}]}}