{"id":11445,"date":"2023-01-10T04:38:58","date_gmt":"2023-01-10T07:38:58","guid":{"rendered":"https:\/\/cursos.talentup.cl\/?post_type=product&#038;p=11445"},"modified":"2024-02-07T23:36:42","modified_gmt":"2024-02-08T02:36:42","slug":"el-negocio-de-las-blusas","status":"publish","type":"product","link":"https:\/\/cursos.talentup.cl\/?product=el-negocio-de-las-blusas","title":{"rendered":"EL NEGOCIO DE LAS BLUSAS"},"content":{"rendered":"<p>Un gran porcentaje de dise\u00f1adores de moda y expertos en patronaje y confecci\u00f3n no saben desarrollar sus proyectos para que sean rentables.<\/p>\n<p>Con el MasterClass, EL NEGOCIO DE LAS BLUSAS, aprende los secretos y las estrategias de la industria de las blusas sobre medida, desde cero.<\/p>\n<p>Conoce 12 opciones de blusas con patrones exclusivos y aprende a tomar medidas de la forma correcta.<\/p>\n<p>Domina, las telas, los materiales, los tejidos y todo lo que necesitas saber para que tengas un negocio ganador. <\/p>\n<p>\u00bfQU\u00c9 VAS A LOGRAR? <\/p>\n<p>Desarrollar\u00e1s una blusa de una forma adecuada y cuidadosa, pero a la vez con buena t\u00e9cnica. \u00c9sta determina el \u00e9xito o el fracaso que puedas tener con tus clientes. <\/p>\n<p>Tendr\u00e1s m\u00e1s seguridad a la hora de desarrollar tus productos, en este caso espec\u00edfico, dise\u00f1o y confecci\u00f3n de diferentes blusas camiseras. <\/p>\n<p>Perder\u00e1s el miedo a los clientes. A veces, no transmitimos seguridad y esto pone en duda a un potencial comprador o cliente. <\/p>\n<p>Desarrollar\u00e1s diferentes interpretaciones de dise\u00f1o de blusas camiseras a partir de un dise\u00f1o base. <\/p>\n<p>Desarrollar\u00e1s patrones exclusivos de tus proyectos.<\/p>\n<p>Aprender\u00e1s a tomar medidas de una forma correcta. <\/p>\n<p>Identificar\u00e1s diferentes tipos de materiales y telas que pueden ser utilizados para la elaboraci\u00f3n de tu blusa. <\/p>\n<p>Aprender\u00e1s a patronar una blusa camisera y hacerle diferentes variaciones en silueta, pu\u00f1os, mangas y cuello. A su vez, al combinarlas podr\u00e1s lograr hasta 12 blusas diferentes. <\/p>\n<p>Aprender\u00e1s a cortar la blusa o blusas y fusionar o entretelar las piezas que lo exijan. <\/p>\n<p>Tendr\u00e1s la oportunidad de hacer una prueba de volumetr\u00eda a la persona para quien se confeccionar\u00e1 la blusa.<\/p>\n<p>Conocer\u00e1s c\u00f3mo coser o ensamblar la blusa, de acuerdo con una explicaci\u00f3n detallada de cada pieza que la conforma. <\/p>\n<p>Aprender\u00e1s a hacer los acabados respectivos como ojales, botones y un correcto planchado para posteriormente hacer la entrega de tu proyecto.<\/p>\n<p>Aprender\u00e1s los diferentes materiales y tejidos que puedes usar para tu proyecto. <\/p>\n<p>Aprender\u00e1s a ubicar los moldes sobre la tela para que tu blusa quede correctamente cortada. <\/p>\n<p>Acceder\u00e1s al certificado avalado por Hotmart y Seminarios Online.<\/p>\n<p>\u00bfC\u00d3MO LO VAS A LOGRAR? <\/p>\n<p>01- Presentaci\u00f3n.<br \/>\n02- Presentaci\u00f3n de tejidos para tu blusa.<br \/>\n03- Materiales y herramientas.<br \/>\n04- C\u00f3mo tomar medidas.<\/p>\n<p>PATRONAJE<\/p>\n<p>05- Contornos y largos.<br \/>\n06- Sisas y costados.<br \/>\n07- Pinzas y pechera.<br \/>\n08- Variaciones de silueta sobre plano.<\/p>\n<p>DESPIECE DE SILUETA NUMERO 1 O SILUETA BASE<\/p>\n<p>09- Despiece de almilla.<br \/>\n10- Despiece de espalda.<br \/>\n11- Despiece delantero.<br \/>\n12- Variaci\u00f3n de silueta 2 desde molde silueta 1 o silueta base.<br \/>\n13- Variaci\u00f3n de silueta 3 desde molde silueta 1 o silueta base.<br \/>\n14- Patronaje de manga base.<br \/>\n15- Patronaje y variaci\u00f3n de pu\u00f1os.<br \/>\n16- Mangas- variaci\u00f3n 2 desde molde base.<br \/>\n17- Mangas variaci\u00f3n 3 desde molde base. <\/p>\n<p>PATRONAJE Y DESPIECE DE CUELLOS<\/p>\n<p>18- Cuellos parte 1.<br \/>\n19- Cuellos parte 2.<br \/>\n20- Cuellos parte 3. <\/p>\n<p>COMO CORTAR TU BLUSA<\/p>\n<p>21- Tendido de tela.<br \/>\n22- Trazo de moldes.<br \/>\n23- Tela y entretela.<br \/>\n24- Entretelado o fusionado.<\/p>\n<p>CONFECCI\u00d3N DE PRUEBA  <\/p>\n<p>25- Preparaci\u00f3n de piezas.<br \/>\n26- Cerrado de pu\u00f1os cuello parte 1 y sesgo de manga.<br \/>\n27- Cerrado de pinzas.<br \/>\n28- Cerrado de espalda y almilla.<br \/>\n29- Manga y costados.<br \/>\n30- Cerrado de pu\u00f1os y cuello parte 2.<br \/>\n31- Prueba de volumetr\u00eda.<\/p>\n<p>ARMADO FINAL <\/p>\n<p>32- Correcciones.<br \/>\n33- Dobladillos.<br \/>\n34- Pegado de mangas.<br \/>\n35- Cierre de costados.<br \/>\n36- Alistar cuello y pu\u00f1os para ensamble.<br \/>\n37- Pegado de pu\u00f1os.<br \/>\n38- Pegado de cuello. <\/p>\n<p>ACABADOS <\/p>\n<p>39- Planchado.<br \/>\n40- Marcado de ojales y botones.<br \/>\n41- Graduaci\u00f3n de m\u00e1quina para ojales.<br \/>\n42- Ojales.<br \/>\n43- Graduaci\u00f3n de m\u00e1quina para botones.<br \/>\n44- Pegado de botones.<br \/>\n45- Pulido de ojales y botones.<\/p>\n<p>VARIACI\u00d3N DE PU\u00d1OS, CUELLOS Y MANGAS. <\/p>\n<p>46- Confecci\u00f3n de cuellos mangas y pu\u00f1os restantes.<br \/>\n47- Presentaci\u00f3n final de cuellos mangas y pu\u00f1os restantes.<br \/>\n48- Entrega final. <\/p>\n<p>ACERCA DEL PRODUCTOR<\/p>\n<p>Desarrollado por JAIVER ZARAZA, colombiano, joven emprendedor con la capacidad y el gusto por transmitir su conocimiento adquirido en m\u00e1s de 20 a\u00f1os de carrera profesional como dise\u00f1ador, patronista y emprendedor de la moda.<\/p>\n<p>Ha trabajado con importantes dise\u00f1adores de moda colombiana como Ricardo Pava, Giovanni L\u00f3pez, Manuela Triana, Juan\u2122, algunas celebridades en el \u00e1mbito de la m\u00fasica como Alex Campos (Ganador de cinco Premios Grammy Latinos) Adriana Lucia, Martina la Peligrosa, mostrando as\u00ed la calidad y el desarrollo de prendas de vestir novedosas, personalizadas y sobre medida.<\/p>\n","protected":false},"excerpt":{"rendered":"<p>Un gran porcentaje de dise\u00f1adores de moda y expertos en patronaje y confecci\u00f3n no saben desarrollar sus proyectos para que sean rentables.<\/p>\n<p>Con el MasterClass, EL NEGOCIO DE LAS BLUSAS, aprende los secretos y las estrategias de la industria de las blusas sobre medida, desde cero.<\/p>\n<p>Conoce 12 opciones de blusas con patrones exclusivos y aprende a tomar medidas de la forma correcta.<\/p>\n<p>Domina, las telas, los materiales, los tejidos y todo lo que necesitas saber para que tengas un negocio ganador. <\/p>\n","protected":false},"featured_media":3274,"template":"","meta":{"_joinchat":[]},"product_brand":[],"product_cat":[317,344],"product_tag":[],"class_list":{"0":"post-11445","1":"product","2":"type-product","3":"status-publish","4":"has-post-thumbnail","6":"product_cat-belleza-y-moda","7":"product_cat-todos","9":"first","10":"instock","11":"sale","12":"shipping-taxable","13":"product-type-external"},"_links":{"self":[{"href":"https:\/\/cursos.talentup.cl\/index.php?rest_route=\/wp\/v2\/product\/11445","targetHints":{"allow":["GET"]}}],"collection":[{"href":"https:\/\/cursos.talentup.cl\/index.php?rest_route=\/wp\/v2\/product"}],"about":[{"href":"https:\/\/cursos.talentup.cl\/index.php?rest_route=\/wp\/v2\/types\/product"}],"version-history":[{"count":2,"href":"https:\/\/cursos.talentup.cl\/index.php?rest_route=\/wp\/v2\/product\/11445\/revisions"}],"predecessor-version":[{"id":13990,"href":"https:\/\/cursos.talentup.cl\/index.php?rest_route=\/wp\/v2\/product\/11445\/revisions\/13990"}],"wp:featuredmedia":[{"embeddable":true,"href":"https:\/\/cursos.talentup.cl\/index.php?rest_route=\/wp\/v2\/media\/3274"}],"wp:attachment":[{"href":"https:\/\/cursos.talentup.cl\/index.php?rest_route=%2Fwp%2Fv2%2Fmedia&parent=11445"}],"wp:term":[{"taxonomy":"product_brand","embeddable":true,"href":"https:\/\/cursos.talentup.cl\/index.php?rest_route=%2Fwp%2Fv2%2Fproduct_brand&post=11445"},{"taxonomy":"product_cat","embeddable":true,"href":"https:\/\/cursos.talentup.cl\/index.php?rest_route=%2Fwp%2Fv2%2Fproduct_cat&post=11445"},{"taxonomy":"product_tag","embeddable":true,"href":"https:\/\/cursos.talentup.cl\/index.php?rest_route=%2Fwp%2Fv2%2Fproduct_tag&post=11445"}],"curies":[{"name":"wp","href":"https:\/\/api.w.org\/{rel}","templated":true}]}}