{"id":11446,"date":"2023-01-10T04:38:58","date_gmt":"2023-01-10T07:38:58","guid":{"rendered":"https:\/\/cursos.talentup.cl\/?post_type=product&#038;p=11446"},"modified":"2024-02-07T23:36:42","modified_gmt":"2024-02-08T02:36:42","slug":"yoga-facial-con-aromaterapia","status":"publish","type":"product","link":"https:\/\/cursos.talentup.cl\/?product=yoga-facial-con-aromaterapia","title":{"rendered":"YOGA FACIAL CON AROMATERAPIA"},"content":{"rendered":"<p>El paso del tiempo se nos nota y sobre todo en la cara. <\/p>\n<p>\u00bfSer\u00e1 que nuestra \u00fanica alternativa son las cirug\u00edas?<br \/>\n\u00bfHabr\u00e1 una alternativa no invasiva, f\u00e1cil y divertida para mejorar mi piel y reducir l\u00edneas de expresi\u00f3n?<br \/>\nLa respuesta es s\u00ed.<\/p>\n<p>El Yoga Facial trabaja sobre un principio b\u00e1sico: cualquier m\u00fasculo del cuerpo si no se ejercita se vuelve fl\u00e1cido y d\u00e9bil. Los m\u00fasculos de la cara no son diferentes a los del resto del cuerpo, simplemente son m\u00e1s peque\u00f1os.  Es una t\u00e9cnica efectiva para rejuvenecer sin bistur\u00ed. Mejora la irrigaci\u00f3n sangu\u00ednea del rostro y fortalece los m\u00fasculos faciales aumentando la oxigenaci\u00f3n y devolvi\u00e9ndoles el tono, la fuerza y el volumen. Se realiza con las manos y con la ayuda de herramientas como GuaSha y Roller Facial.<\/p>\n<p>Por otro lado es bien conocido el poder antioxidante de la aromaterapia y los beneficios para la piel de los aceites esenciales. Los productos para el cuidado del rostro elaborados con ingredientes naturales y que contengan aceites esenciales de calidad certificada, promueven una piel bella y saludable libre de t\u00f3xicos.<\/p>\n<p>De la combinaci\u00f3n de estos dos mundos surge este maravilloso curso que te dar\u00e1 herramientas para detener el paso del tiempo sobre tu rostro por medio de ejercicios f\u00e1ciles de incorporar a tu rutina diaria y consejos sobre los aceites esenciales favorables para cada tipo de piel.  <\/p>\n<p>Tu piel mejorar\u00e1 notablemente reduciendo las l\u00edneas de expresi\u00f3n, manchas, arrugas y podr\u00e1s verte hasta 10 a\u00f1os menos!!<\/p>\n<p>\u00bfQU\u00c9 VAS A LOGRAR?<\/p>\n<p>Aprender\u00e1s las bases de la aromaterapia y el uso correcto de los aceites esenciales.<\/p>\n<p>Aprender\u00e1s cu\u00e1les son los aceites esenciales adecuados para cada tipo de piel.<\/p>\n<p>Aprender\u00e1s a preparar tu misma productos a base de aceites esenciales para el cuidado de tu rostro.<\/p>\n<p>Aprender\u00e1s cu\u00e1les aceites portadores usar de acuerdo con tu tipo de piel para hacer tus preparaciones con aceites esenciales.<\/p>\n<p>Aprender\u00e1s ejercicios pr\u00e1cticos para realizar diariamente y as\u00ed disminuir y prevenir arrugas y mejorar la apariencia de la piel.<\/p>\n<p>Aprender\u00e1s el uso de GuaSha y Roller Facial para mejorar tu irrigaci\u00f3n sangu\u00ednea, mejorar el tono y falcidez.<\/p>\n<p>Al final del taller tendr\u00e1s las herramientas para ejercitar los m\u00fasculos del rostro utilizando los aceites esenciales adecuados y as\u00ed tendr\u00e1s una piel linda, fresca y lozana.<\/p>\n<p>Acceder al certificado de finalizaci\u00f3n descargable avalado por HOTMART y SEMINARIOSONLINE.<\/p>\n<p>\u00bfC\u00d3MO LO VAS A LOGRAR?<\/p>\n<p>Con una estructura sencilla y f\u00e1cil donde aprender\u00e1s la teor\u00eda de yoga facial, junto con las bases de la aromaterapia por medio de clases en video con materiales de apoyo en PDF descargables para que puedas consultarlo cuando quieras.<\/p>\n<p>Adem\u00e1s tendr\u00e1s todas las rutinas en video para que puedas realizar los ejercicios junto la instructora mientras los memorizas.<\/p>\n<p>Estas estrategias est\u00e1n desarrolladas de la siguiente forma:<\/p>\n<p>M\u00d3DULO 1: YOGA FACIAL CON AROMATERAPIA<\/p>\n<p>Introducci\u00f3n<br \/>\nPor qu\u00e9 debes ver este curso hasta el final<\/p>\n<p>M\u00d3DULO 2: CONCEPTOS TE\u00d3RICOS<\/p>\n<p>VIDEO 1: INTRODUCCI\u00d3N AL M\u00d3DULO<\/p>\n<p>VIDEO 2: POR QU\u00c9 YOGA FACIAL CON AROMATERAPIA<\/p>\n<p>VIDEO 3: PRINCIPIOS B\u00c1SICOS DE AROMATERAPIA<\/p>\n<p>Qu\u00e9 es la aromaterapia<br \/>\nQu\u00e9 son los aceites esenciales<br \/>\nC\u00f3mo entran los aceites esenciales en el cuerpo<br \/>\nPrecauciones al usar aceites esenciales<\/p>\n<p>VIDEO 4: CUIDADO DEL ROSTRO CON ACEITES ESENCIALES <\/p>\n<p>Qu\u00e9 representa mi rostro<br \/>\nIngredientes t\u00f3xicos para la piel<br \/>\nPir\u00e1mide de bienestar<\/p>\n<p>VIDEO 5: ACEITES ESENCIALES Y TIPOS DE PIEL<\/p>\n<p>\u00bfQu\u00e9 tipo de piel tengo?<br \/>\nAceites esenciales para cada tipo de piel<br \/>\nVIDEO 6: SOLUCI\u00d3N DE LOS PROBLEMAS COMUNES DE LA PIEL CON ACEITES ESENCIALES<\/p>\n<p>Enrojecimiento<br \/>\nCicatrices<br \/>\nGranos<br \/>\nManchas oscuras<br \/>\nEnvejecimiento<\/p>\n<p>VIDEO 7: PASOS PARA TENER UNA PIEL SALUDABLE EN ROSTRO Y CUELLO <\/p>\n<p>Exfoliar<br \/>\nLimpiar<br \/>\nTonificar<br \/>\nNutrir<br \/>\nHumectar<\/p>\n<p>VIDEO 7: BENEFICIOS DEL YOGA FACIAL<\/p>\n<p>M\u00d3DULO 3: ACEITES VEGETALES O PORTADORES<\/p>\n<p>VIDEO 1: Introducci\u00f3n a los aceites vegetales<br \/>\nPDF: Aceites vegetales o portadores, aprende a usarlos seg\u00fan tu tipo de piel<\/p>\n<p>M\u00d3DULO 4: EJERCICIOS PR\u00c1CTICOS<\/p>\n<p>Introducci\u00f3n al m\u00f3dulo<br \/>\n50 videos explicativos de cada ejercicio <\/p>\n<p>M\u00d3DULO 5: GUASHA Y ROLLER FACIAL<\/p>\n<p>VIDEO 1: Qu\u00e9 son GuaSha y Roller y sus beneficios<br \/>\nVIDEO 2: GuaSha o Roller? Cu\u00e1l de los dos usar?<br \/>\nVIDEO 3: Pasos para el uso de las herramientas GuaSha y Roller<br \/>\nVIDEO 4: Masaje en el cuello con GuaSha<br \/>\nVIDEO 5: Perfilar contorno manidbular con GuaSha<br \/>\nVIDEO 6: Mejillas y p\u00f3mulos con GuaSha<br \/>\nVIDEO 7: Contorno de ojos con Roller Facial<br \/>\nVIDEO 8: Masaje de entrecejo y frente con GuaSha<br \/>\nVIDEO 9: Masaje en surco nasogeniano y labios con GuaSha<br \/>\nVIDEO 10: Masaje para p\u00e1rpados ca\u00eddos con GuaSha<br \/>\nVIDEO 11: Drenaje linf\u00e1tico con GuaSha y Roller<\/p>\n<p>M\u00d3DULO 6: Despedida<\/p>\n<p>M\u00d3DULO 7: BONOS<br \/>\nBONO 1: RUTINAS SUGERIDAS PARA CADA D\u00cdA DE LA SEMANA <\/p>\n<p>Video Rutina Lunes<br \/>\nVideo Rutina Martes<br \/>\nVideo Rutina Mi\u00e9rcoles<br \/>\nVideo Rutina Jueves<br \/>\nVideo Rutina Viernes<br \/>\nVideo Rutina S\u00e1bado<br \/>\nVideo Rutina Domingo<br \/>\nBONO2: RETO DE 21 D\u00cdAS<\/p>\n<p>Video introducci\u00f3n<br \/>\nVideo d\u00eda 1<br \/>\nVideo d\u00eda 2<br \/>\nVideo d\u00eda 3<br \/>\nVideo d\u00eda 4<br \/>\nVideo d\u00eda 5<br \/>\nVideo d\u00eda 6<br \/>\nVideo d\u00eda 7<br \/>\nVideo d\u00eda 8<br \/>\nVideo d\u00eda 9<br \/>\nVideo d\u00eda 10<br \/>\nVideo d\u00eda 11<br \/>\nVideo d\u00eda 12<br \/>\nVideo d\u00eda 13<br \/>\nVideo d\u00eda 14<br \/>\nVideo d\u00eda 15<br \/>\nVideo d\u00eda 16<br \/>\nVideo d\u00eda 17<br \/>\nVideo d\u00eda 18<br \/>\nVideo d\u00eda 19<br \/>\nVideo d\u00eda 20<br \/>\nVideo d\u00eda 21<\/p>\n<p>BONO 3: LIBROS DE AROMATERAPIA<\/p>\n<p>4 Ebook<\/p>\n<p>BONO 4: ACCESO A GRUPOS EXCLUSIVOS DE ALUMNOS<\/p>\n<p>M\u00d3DULO 8: PREGUNTAS Y RESPUESTAS<\/p>\n<p>ACERCA DEL PRODUCTOR <\/p>\n<p>Desarrollado por CLAUDIA CARRE\u00d1O: Licenciada en Aromaterapia y Eneagrama.<br \/>\n\u201cSoy una persona que a trav\u00e9s del Eneagrama y la aromaterapia como acompa\u00f1ante de cualquier proceso de transformaci\u00f3n he tenido resultados extraordinarios logrando el equilibrio emocional y f\u00edsico, cumplir mis sue\u00f1os, tener armon\u00eda y bienestar en mi vida y mi entorno. Ahora quiero compartir todo lo que he aprendido con ustedes\u201d.<\/p>\n<p>Soy aromaterapeuta hace mas de 8 a\u00f1os y siempre he tenido muy buena piel debido al cuidado que le brindo por medio de los productos de rutina facial elaborados a base de aceites esenciales y comenc\u00e9 a estudiar Yoga Facial para mi, para ralentizar el paso del tiempo en mi rostro y vi que los resultados eran maravillosos, por eso desarroll\u00e9 este curso pues se que a muchos va a ayudarle a mantener su piel joven y lozana\u201d<\/p>\n<p>Estudios realizados: <\/p>\n<p>Ingeniera electr\u00f3nica con especializaci\u00f3n en Gerencia para Ingenieros<br \/>\nT\u00e9cnico Superior en Psicoaromaterapia Transpersonal. Instituto ESB \u2013 Barcelona<br \/>\nYoga Facial: Escuela Colombiana y Rusa<br \/>\nAcupuntura y MTC. Escuela Europea de terapias naturales y bienestar<br \/>\nCoach Esencial \u2013 Certificaci\u00f3n Internacional de la ICF. Coherencia Esencial<br \/>\nM\u00e1ster en Alimentaci\u00f3n Energ\u00e9tica &#8211; Diana L\u00f3pez Iriarte, Escuela de alimentaci\u00f3n macrobi\u00f3tica, Madrid Espa\u00f1a<br \/>\nEneagrama &#8211; Roberto P\u00e9rez<br \/>\nDestreza emocional \u2013 Hwman<br \/>\nMasaje de desintoxicaci\u00f3n emocional. Hern\u00e1n Blair \u2013 Psicoterapeuta, aromat\u00f3logo<br \/>\nMaestra Reiki. Isabel Cristina Arenas \u2013 Maestra Reiki<br \/>\nGemoterapia y manejo de cristales \u2013 Patricia Vel\u00e1squez, Lili P\u00e9rez<\/p>\n<p>Especialidades:<\/p>\n<p>Formadora de eneagrama y aromaterapia<br \/>\nCreadora del curso online Yoga Facial con Aromaterapia<br \/>\nCofundadora de la marca de cosm\u00e9ticos naturales Biocai<\/p>\n","protected":false},"excerpt":{"rendered":"<p>El paso del tiempo se nos nota y sobre todo en la cara. <\/p>\n<p>\u00bfSer\u00e1 que nuestra \u00fanica alternativa son las cirug\u00edas?<br \/>\n\u00bfHabr\u00e1 una alternativa no invasiva, f\u00e1cil y divertida para mejorar mi piel y reducir l\u00edneas de expresi\u00f3n?<br \/>\nLa respuesta es s\u00ed.<\/p>\n<p>El Yoga Facial trabaja sobre un principio b\u00e1sico: cualquier m\u00fasculo del cuerpo si no se ejercita se vuelve fl\u00e1cido y d\u00e9bil. Los m\u00fasculos de la cara no son diferentes a los del resto del cuerpo, simplemente son m\u00e1s peque\u00f1os.  Es una t\u00e9cnica efectiva para rejuvenecer sin bistur\u00ed. Mejora la irrigaci\u00f3n sangu\u00ednea del rostro y fortalece los m\u00fasculos faciales aumentando la oxigenaci\u00f3n y devolvi\u00e9ndoles el tono, la fuerza y el volumen. Se realiza con las manos y con la ayuda de herramientas como GuaSha y Roller Facial.<\/p>\n<p>Por otro lado es bien conocido el poder antioxidante de la aromaterapia y los beneficios para la piel de los aceites esenciales. Los productos para el cuidado del rostro elaborados con ingredientes naturales y que contengan aceites esenciales de calidad certificada, promueven una piel bella y saludable libre de t\u00f3xicos.<\/p>\n<p>De la combinaci\u00f3n de estos dos mundos surge este maravilloso curso que te dar\u00e1 herramientas para detener el paso del tiempo sobre tu rostro por medio de ejercicios f\u00e1ciles de incorporar a tu rutina diaria y consejos sobre los aceites esenciales favorables para cada tipo de piel.  <\/p>\n<p>Tu piel mejorar\u00e1 notablemente reduciendo las l\u00edneas de expresi\u00f3n, manchas, arrugas y podr\u00e1s verte hasta 10 a\u00f1os menos!!<\/p>\n","protected":false},"featured_media":3276,"template":"","meta":{"_joinchat":[]},"product_brand":[],"product_cat":[317,344],"product_tag":[],"class_list":{"0":"post-11446","1":"product","2":"type-product","3":"status-publish","4":"has-post-thumbnail","6":"product_cat-belleza-y-moda","7":"product_cat-todos","9":"first","10":"instock","11":"sale","12":"shipping-taxable","13":"product-type-external"},"_links":{"self":[{"href":"https:\/\/cursos.talentup.cl\/index.php?rest_route=\/wp\/v2\/product\/11446","targetHints":{"allow":["GET"]}}],"collection":[{"href":"https:\/\/cursos.talentup.cl\/index.php?rest_route=\/wp\/v2\/product"}],"about":[{"href":"https:\/\/cursos.talentup.cl\/index.php?rest_route=\/wp\/v2\/types\/product"}],"version-history":[{"count":2,"href":"https:\/\/cursos.talentup.cl\/index.php?rest_route=\/wp\/v2\/product\/11446\/revisions"}],"predecessor-version":[{"id":13991,"href":"https:\/\/cursos.talentup.cl\/index.php?rest_route=\/wp\/v2\/product\/11446\/revisions\/13991"}],"wp:featuredmedia":[{"embeddable":true,"href":"https:\/\/cursos.talentup.cl\/index.php?rest_route=\/wp\/v2\/media\/3276"}],"wp:attachment":[{"href":"https:\/\/cursos.talentup.cl\/index.php?rest_route=%2Fwp%2Fv2%2Fmedia&parent=11446"}],"wp:term":[{"taxonomy":"product_brand","embeddable":true,"href":"https:\/\/cursos.talentup.cl\/index.php?rest_route=%2Fwp%2Fv2%2Fproduct_brand&post=11446"},{"taxonomy":"product_cat","embeddable":true,"href":"https:\/\/cursos.talentup.cl\/index.php?rest_route=%2Fwp%2Fv2%2Fproduct_cat&post=11446"},{"taxonomy":"product_tag","embeddable":true,"href":"https:\/\/cursos.talentup.cl\/index.php?rest_route=%2Fwp%2Fv2%2Fproduct_tag&post=11446"}],"curies":[{"name":"wp","href":"https:\/\/api.w.org\/{rel}","templated":true}]}}