{"id":11448,"date":"2023-01-10T04:38:58","date_gmt":"2023-01-10T07:38:58","guid":{"rendered":"https:\/\/cursos.talentup.cl\/?post_type=product&#038;p=11448"},"modified":"2024-02-07T23:36:42","modified_gmt":"2024-02-08T02:36:42","slug":"maderoterapia-xpert","status":"publish","type":"product","link":"https:\/\/cursos.talentup.cl\/?product=maderoterapia-xpert","title":{"rendered":"MADEROTERAPIA XPERT"},"content":{"rendered":"<p>Un masaje no solo requiere de buenas manos, sino tambi\u00e9n de la t\u00e9cnica adecuada para llevarlo a cabo.<\/p>\n<p>No puedes perderte el programa MADEROTERAPIA XPERT, donde aprender\u00e1s una t\u00e9cnica milenaria de masajes localizados.<\/p>\n<p>Emplea diferentes utensilios de madera especialmente dise\u00f1ados para equilibrar la energ\u00eda del paciente, reafirmar, tonificar su cuerpo y combatir la celulitis, entre otros.<\/p>\n<p>Crea tu propio emprendimiento a muy bajo costo y transforma un buen masaje en una terapia efectiva y lucrativa.<\/p>\n<p>\u00bfQU\u00c9 VAS A LOGRAR?<\/p>\n<p>Aprender\u00e1s a realizar de manera profesional una variedad de masajes reductores, drenaje linf\u00e1tico, lifting facial y malaxaci\u00f3n col\u00f3nica entre otros.<\/p>\n<p>Aprender\u00e1s hacer cada masaje sin dejar dolor o ocasionar enrojecimiento en la piel, equimosis hematomas o el mal llamado moret\u00f3n.<\/p>\n<p>Conocer\u00e1s los elementos bases para realizar alg\u00fan tipo de tratamiento facial o corporal.<\/p>\n<p>Aprender\u00e1s a realizar los masajes de manera correcta sin generar da\u00f1os al usuario.<\/p>\n<p>Conocer\u00e1s el uso adecuado de cada elemento de la Maderoterapia.<\/p>\n<p>Aprender\u00e1s la preparaci\u00f3n correcta de la zona a trabajar.<\/p>\n<p>Conocer\u00e1s los materiales, consejos y principales errores que se cometen en el momento de la preparaci\u00f3n.<\/p>\n<p>Aprender\u00e1s el manejo y posturas adecuadas para la realizaci\u00f3n del procedimiento.<\/p>\n<p>Conocer\u00e1s c\u00f3mo se deben realizar los tratamientos de gl\u00fateos. <\/p>\n<p>Aprender\u00e1s a realizar la reducci\u00f3n corporal y manejo de PEFE o celulitis.<\/p>\n<p>Acceder\u00e1s al certificado avalado por Hotmart y Seminarios Online.<\/p>\n<p>\u00bfC\u00d3MO LO VAS A LOGRAR?<\/p>\n<p>Esta es un masterclass completo con 19 videos distribuidos en 11 m\u00f3dulos, as\u00ed:<\/p>\n<p>Modulo 1: INTRODUCCI\u00d3N<\/p>\n<p> Parte 1: Introducci\u00f3n y bienvenida al programa.<\/p>\n<p>M\u00f3dulo 2: MADEROTERAPIA FACIAL<\/p>\n<p>Parte 2: Teor\u00eda facial.<br \/>\nParte 3: Limpieza facial y alistamiento del rostro.<br \/>\nParte 4: Maderoterapia ANTI AGE rodillo.<br \/>\nParte 5: Maderoterapia ANTI AGE copa sueca.<br \/>\nParte 6: Maderoterapia ANTI AGE tabla facial.<br \/>\nParte 7: Maderoterapia ANTI AGE Champi\u00f1ones.<br \/>\nParte 8: Maderoterapia ANTI AGE rodillo punta diamante.<\/p>\n<p>M\u00f3dulo 3: MADEROTERAPIA CORPORAL<\/p>\n<p>  Parte 9: Teor\u00eda corporal.<br \/>\nParte 10: Procedimiento de reducci\u00f3n.<br \/>\nParte 11: Procedimiento de reducci\u00f3n rodillo punta diamante.<br \/>\nParte 12: procedimiento de reducci\u00f3n malaxaci\u00f3n col\u00f3nica.<br \/>\nParte 13: procedimiento de reducci\u00f3n moldeado.<br \/>\nParte 14: procedimiento de reducci\u00f3n finalizaci\u00f3n moldeado.<br \/>\nParte 15: Maderoterapia corporal reglas de oro.<\/p>\n<p>M\u00f3dulo 4: MADEROTERAPIA &#8211; TRATAMIENTO DE GLUTEOS<\/p>\n<p>Parte 16: Maderoterapia en gl\u00fateos.<br \/>\nParte 17: Maderoterapia en gl\u00fateos PEFE o celulitis.<br \/>\nParte 18: Maderoterapia en gl\u00fateos PEFE recto femoral.<\/p>\n<p>M\u00f3dulo 5: MADEROTERAPIA T\u00c9CNICA DE MIORRELAJACI\u00d3N.<\/p>\n<p>Parte 19: Elementos de Miorrelajaci\u00f3n.<br \/>\nParte 20: Manejo correcto de los elementos.<br \/>\nParte 21: Elementos de tablas.<br \/>\nParte 22: Elementos terap\u00e9uticos.<\/p>\n<p>ACERCA DE LA PRODUCTORA<\/p>\n<p>Desarrollado por la licenciada LIZ CAROLINA BUITRAGO S; directora y coaching de &#038; flor de liz estetic academy &#038;; Enfermera, Jefe Profesional FUAA de la FUNDACI\u00d3N UNIVERSITARIA \u00c1REA ANDINA Nurse Senior.<\/p>\n<p>Con Especializaci\u00f3n en Auditoria en salud E.F FUAA Directora del PROGRAMA MEDICAL ASSISTANT. Miembro Activo de la OCE &#8211; ORGANIZACI\u00d3N COLEGIAL DE ENFERMER\u00cdA.<\/p>\n<p>Esteticista &#8211; Cosmiatra Docente y Disertante Nacional e Internacional.<\/p>\n<p>Actualmente, dicta conferencias internacionales a otros profesionales en la industria de la est\u00e9tica. Hoy es una de las personalidades con mayor experiencia y autoridad en el campo de la est\u00e9tica corporal y facial.<\/p>\n","protected":false},"excerpt":{"rendered":"<p>Un masaje no solo requiere de buenas manos, sino tambi\u00e9n de la t\u00e9cnica adecuada para llevarlo a cabo.<\/p>\n<p>No puedes perderte el programa MADEROTERAPIA XPERT, donde aprender\u00e1s una t\u00e9cnica milenaria de masajes localizados.<\/p>\n<p>Emplea diferentes utensilios de madera especialmente dise\u00f1ados para equilibrar la energ\u00eda del paciente, reafirmar, tonificar su cuerpo y combatir la celulitis, entre otros.<\/p>\n<p>Crea tu propio emprendimiento a muy bajo costo y transforma un buen masaje en una terapia efectiva y lucrativa.<\/p>\n","protected":false},"featured_media":3278,"template":"","meta":{"_joinchat":[]},"product_brand":[],"product_cat":[317,344],"product_tag":[],"class_list":{"0":"post-11448","1":"product","2":"type-product","3":"status-publish","4":"has-post-thumbnail","6":"product_cat-belleza-y-moda","7":"product_cat-todos","9":"first","10":"instock","11":"sale","12":"shipping-taxable","13":"product-type-external"},"_links":{"self":[{"href":"https:\/\/cursos.talentup.cl\/index.php?rest_route=\/wp\/v2\/product\/11448","targetHints":{"allow":["GET"]}}],"collection":[{"href":"https:\/\/cursos.talentup.cl\/index.php?rest_route=\/wp\/v2\/product"}],"about":[{"href":"https:\/\/cursos.talentup.cl\/index.php?rest_route=\/wp\/v2\/types\/product"}],"version-history":[{"count":2,"href":"https:\/\/cursos.talentup.cl\/index.php?rest_route=\/wp\/v2\/product\/11448\/revisions"}],"predecessor-version":[{"id":13993,"href":"https:\/\/cursos.talentup.cl\/index.php?rest_route=\/wp\/v2\/product\/11448\/revisions\/13993"}],"wp:featuredmedia":[{"embeddable":true,"href":"https:\/\/cursos.talentup.cl\/index.php?rest_route=\/wp\/v2\/media\/3278"}],"wp:attachment":[{"href":"https:\/\/cursos.talentup.cl\/index.php?rest_route=%2Fwp%2Fv2%2Fmedia&parent=11448"}],"wp:term":[{"taxonomy":"product_brand","embeddable":true,"href":"https:\/\/cursos.talentup.cl\/index.php?rest_route=%2Fwp%2Fv2%2Fproduct_brand&post=11448"},{"taxonomy":"product_cat","embeddable":true,"href":"https:\/\/cursos.talentup.cl\/index.php?rest_route=%2Fwp%2Fv2%2Fproduct_cat&post=11448"},{"taxonomy":"product_tag","embeddable":true,"href":"https:\/\/cursos.talentup.cl\/index.php?rest_route=%2Fwp%2Fv2%2Fproduct_tag&post=11448"}],"curies":[{"name":"wp","href":"https:\/\/api.w.org\/{rel}","templated":true}]}}