{"id":11491,"date":"2023-01-10T04:39:02","date_gmt":"2023-01-10T07:39:02","guid":{"rendered":"https:\/\/cursos.talentup.cl\/?post_type=product&#038;p=11491"},"modified":"2024-02-07T23:36:45","modified_gmt":"2024-02-08T02:36:45","slug":"piel-radiante-con-bbglow","status":"publish","type":"product","link":"https:\/\/cursos.talentup.cl\/?product=piel-radiante-con-bbglow","title":{"rendered":"PIEL RADIANTE CON BBGLOW"},"content":{"rendered":"<p>Un rostro impecable y bien cuidado, es tu mejor carta de presentaci\u00f3n.<\/p>\n<p>Dise\u00f1amos el MasterClass PIEL RADIANTE CON BB GLOW.<\/p>\n<p>Convi\u00e9rtete en un profesional del mundo de la belleza con esta innovadora t\u00e9cnica.<\/p>\n<p>Puedes tratar las manchas producidas por el acn\u00e9, el sol y las l\u00edneas expresi\u00f3n que salen con el pasar del tiempo.<\/p>\n<p>Esta adem\u00e1s es una industria de amplio crecimiento.<\/p>\n<p>\u00bfQU\u00c9 VAS A LOGRAR?<\/p>\n<p>Tener todos los conocimientos para que comiences o incrementes tu negocio de est\u00e9tica y Spa.<\/p>\n<p>Podr\u00e1s empezar desde cero sin una experiencia previa, ni t\u00edtulos o cursos adicionales.<\/p>\n<p>Tendr\u00e1s la soluci\u00f3n a muchos problemas de la piel que las mujeres y hombres buscan solucionar.<\/p>\n<p>Empezar\u00e1s desde cero a convertirte en una profesional en la t\u00e9cnica de Piel Radiante con BB GLOW.<\/p>\n<p>Captar\u00e1s nuevos clientes por Facebook e Instagram de manera que nunca te faltar\u00e1n.<\/p>\n<p>Te convertir\u00e1s en una profesional independiente.<\/p>\n<p>Generar\u00e1s ingresos adicionales para mejorar tu calidad de vida y la de tu familia.<\/p>\n<p>Te capacitar\u00e1s desde la comodidad de tu casa, a tu propio ritmo y tiempo.<\/p>\n<p>Desarrollar\u00e1s un negocio rentable desde la comodidad de tu Spa.<\/p>\n<p>\u00bfC\u00d3MO LO VAS A LOGRAR?<\/p>\n<p>M\u00d3DULO 1 &#8211; INTRODUCCI\u00d3N A LA PIEL RADIANTE BB GLOW Con una popularidad y alta demanda.<br \/>\nM\u00d3DULO 2 &#8211; Medidas de Seguridad e Higiene<br \/>\nM\u00d3DULO 3 \u2013 \u00bfQu\u00e9 es Piel Radiante con BB Glow?<br \/>\nM\u00d3DULO 4 \u2013 \u00bfD\u00f3nde se origina el BB Glow?<br \/>\nM\u00d3DULO 5 \u2013 \u00bfCu\u00e1les son los beneficios que nos otorga BB Glow? Cu\u00e1les son los beneficios de la piel?<br \/>\nM\u00d3DULO 6 \u2013 \u00bfA que tipo de personas NO se recomienda BB Glow?<br \/>\nM\u00d3DULO 7 \u2013 Equipos Necesarios para el BB Glow.<br \/>\nM\u00d3DULO 8 \u2013 \u00bfC\u00f3mo realizar el BB Glow Paso a Paso? (parte 1).<br \/>\nM\u00d3DULO 9 \u2013 \u00bfC\u00f3mo realizar el BB Glow Paso a Paso? (parte 2).<br \/>\nM\u00d3DULO 10 \u2013 Cuidados despu\u00e9s de realizar el BB Glow.<br \/>\nM\u00d3DULO 11 Soporte y asesor\u00eda BB Glow.<br \/>\nM\u00d3DULO 12 \u2013 La pr\u00e1ctica del Paso a Paso con el BB Glow.<br \/>\nM\u00d3DULO 13 Pr\u00e1ctica 1 \u2013 Empezamos con el procedimiento del BB Glow.<br \/>\nM\u00d3DULO 14 Pr\u00e1ctica 2 \u2013 Retiro de la mascarilla.<br \/>\nM\u00d3DULO 15 Pr\u00e1ctica 3 \u2013 Colocaci\u00f3n de vitaminas en la piel.<br \/>\nM\u00d3DULO 16 Pr\u00e1ctica 4 \u2013 Procedimiento para aplicar el BB Glow.<br \/>\nM\u00d3DULO 17 Pr\u00e1ctica 5 \u2013 Distribuci\u00f3n del BB Glow.<br \/>\nM\u00d3DULO 18 Pr\u00e1ctica 6 \u2013 Explicaci\u00f3n de las cabinas led y sus colores.<br \/>\nM\u00d3DULO 19 Pr\u00e1ctica 7-8-9 Limpieza, colocar crema y finalizar el tratamiento Piel Radiante BB Glow.<br \/>\nM\u00d3DULO 20 Equipo que se necesita para trabajar.<br \/>\nM\u00d3DULO 21 Despedida y agradecimiento del curso Piel Radiante con BB Glow.<br \/>\nM\u00d3DULO 22 Productos recomendados para el BB Glow.<br \/>\nM\u00d3DULO 23 Parte 1 Asesor\u00eda ZOOM BB Lips (Preguntas y Respuestas para BB Glow y BB Lips).<br \/>\nM\u00d3DULO 24 Parte 2 Asesor\u00eda ZOOM BB Lips (Preguntas y Respuestas para BB Glow y BB Lips).<\/p>\n<p>ACERCA DE LA PRODUCTORA:<\/p>\n<p>Desarrollado por BeautySpabyZulma, uno de los m\u00e1s grandes negocios de est\u00e9tica y belleza a nivel latino con m\u00e1s de 500 alumnas y con capacitaciones a nivel nacional con altos est\u00e1ndares de calidad. <\/p>\n<p>Su sede en Toronto Canad\u00e1, imparte cursos y atiende con m\u00e1s de 10 procedimientos est\u00e9ticos.<\/p>\n<p>Dictado por Zulma Hoyos, esteticista de profesi\u00f3n, experta en BB Glow, dermapen, BB Lips, camuflaje est\u00e9tico de estr\u00edas y cicatrices, lifting, camuflaje de ojeras, camuflaje de cicatrices entre otras. <\/p>\n<p>Con m\u00e1s de 5 a\u00f1os de experiencia en procedimientos y capacitaciones a nivel mundial.<\/p>\n","protected":false},"excerpt":{"rendered":"<p>Un rostro impecable y bien cuidado, es tu mejor carta de presentaci\u00f3n.<\/p>\n<p>Dise\u00f1amos el MasterClass PIEL RADIANTE CON BB GLOW.<\/p>\n<p>Convi\u00e9rtete en un profesional del mundo de la belleza con esta innovadora t\u00e9cnica.<\/p>\n<p>Puedes tratar las manchas producidas por el acn\u00e9, el sol y las l\u00edneas expresi\u00f3n que salen con el pasar del tiempo.<\/p>\n<p>Esta adem\u00e1s es una industria de amplio crecimiento.<\/p>\n","protected":false},"featured_media":3290,"template":"","meta":{"_joinchat":[]},"product_brand":[],"product_cat":[317,344],"product_tag":[],"class_list":{"0":"post-11491","1":"product","2":"type-product","3":"status-publish","4":"has-post-thumbnail","6":"product_cat-belleza-y-moda","7":"product_cat-todos","9":"first","10":"instock","11":"sale","12":"shipping-taxable","13":"product-type-external"},"_links":{"self":[{"href":"https:\/\/cursos.talentup.cl\/index.php?rest_route=\/wp\/v2\/product\/11491","targetHints":{"allow":["GET"]}}],"collection":[{"href":"https:\/\/cursos.talentup.cl\/index.php?rest_route=\/wp\/v2\/product"}],"about":[{"href":"https:\/\/cursos.talentup.cl\/index.php?rest_route=\/wp\/v2\/types\/product"}],"version-history":[{"count":2,"href":"https:\/\/cursos.talentup.cl\/index.php?rest_route=\/wp\/v2\/product\/11491\/revisions"}],"predecessor-version":[{"id":14006,"href":"https:\/\/cursos.talentup.cl\/index.php?rest_route=\/wp\/v2\/product\/11491\/revisions\/14006"}],"wp:featuredmedia":[{"embeddable":true,"href":"https:\/\/cursos.talentup.cl\/index.php?rest_route=\/wp\/v2\/media\/3290"}],"wp:attachment":[{"href":"https:\/\/cursos.talentup.cl\/index.php?rest_route=%2Fwp%2Fv2%2Fmedia&parent=11491"}],"wp:term":[{"taxonomy":"product_brand","embeddable":true,"href":"https:\/\/cursos.talentup.cl\/index.php?rest_route=%2Fwp%2Fv2%2Fproduct_brand&post=11491"},{"taxonomy":"product_cat","embeddable":true,"href":"https:\/\/cursos.talentup.cl\/index.php?rest_route=%2Fwp%2Fv2%2Fproduct_cat&post=11491"},{"taxonomy":"product_tag","embeddable":true,"href":"https:\/\/cursos.talentup.cl\/index.php?rest_route=%2Fwp%2Fv2%2Fproduct_tag&post=11491"}],"curies":[{"name":"wp","href":"https:\/\/api.w.org\/{rel}","templated":true}]}}