{"id":11492,"date":"2023-01-10T04:39:02","date_gmt":"2023-01-10T07:39:02","guid":{"rendered":"https:\/\/cursos.talentup.cl\/?post_type=product&#038;p=11492"},"modified":"2024-02-07T23:36:45","modified_gmt":"2024-02-08T02:36:45","slug":"costura-creativa","status":"publish","type":"product","link":"https:\/\/cursos.talentup.cl\/?product=costura-creativa","title":{"rendered":"COSTURA CREATIVA"},"content":{"rendered":"<p>La costura es uno de los negocios de mayor crecimiento.<\/p>\n<p>Aprende con el MasterClass de COSTURA CREATIVA, como confeccionar cortinas, ropa de cama, tapicer\u00eda, manteler\u00eda y muchos m\u00e1s.<\/p>\n<p>Estimula tu cerebro al ver todo lo que puedes lograr.<\/p>\n<p>Con COSTURA CREATIVA, Convierte tu m\u00e1quina de coser en una mina de oro.<\/p>\n<p>\u00bfQU\u00c9 VAS A LOGRAR?<\/p>\n<p>Transformar este conocimiento sobre COSTURA CREATIVA en la principal fuente de dinero, haciendo uso de una m\u00e1quina de coser.<\/p>\n<p>Aprender un arte y una t\u00e9cnica que puedes dominar sin necesidad de tener conocimientos previos.<\/p>\n<p>Ahorrar dinero en el arreglo de prendas da\u00f1adas e imprimirles tu propio \u201ctoque personal\u201d.<\/p>\n<p>Reciclar ropa que has tenido guardada durante mucho tiempo y darle un nuevo uso.<\/p>\n<p>Crear lindos regalos para las personas y generar altos niveles de recordaci\u00f3n.<\/p>\n<p>Crear tu propio vestuario con prendas \u00fanicas.<\/p>\n<p>Generar ingresos adicionales en un negocio que tiene una alta demanda.<\/p>\n<p>Aprender a conocer tu m\u00e1quina de coser para que deje de ser \u201cun simple adorno en la sala de la casa\u201d y sacarle el m\u00e1ximo provecho.<\/p>\n<p>Mejorar tu autoestima, al ver todo lo que puedes lograr con un conocimiento invaluable que puede cambiar tu vida.<\/p>\n<p>Estimular tu cerebro y mantener tu mente ocupada para desarrollar prendas con un alto nivel de creatividad.<\/p>\n<p>Usar tu m\u00e1quina de coser y reconocer las herramientas m\u00e1s importes dentro del trabajo diario.<\/p>\n<p>Crear todo tipo de cosas, desde un simple individual, el arreglo de una prenda, hasta pegar un sesgo, un bot\u00f3n, una guata y much\u00edsimas cosas m\u00e1s.<\/p>\n<p>Iniciarte en el mundo de la costura, sin saber muy poco.<\/p>\n<p>Actualizaciones futuras del producto acordes a las nuevas tendencias del mercado.<\/p>\n<p>Acceder al certificado avalado por Hotmart y SeminariosOnline.<\/p>\n<p>\u00bfC\u00d3MO LO VA A LOGRAR?<\/p>\n<p>Esta MasterClass est\u00e1 desarrollada, combinando la teor\u00eda con la pr\u00e1ctica a partir de ejercicios y herramientas din\u00e1micas y f\u00e1ciles de entender, que llevan paso a paso a las personas a estudiar a trav\u00e9s de ejemplos muy simples, pero totalmente claros a partir de las siguientes tem\u00e1ticas:<\/p>\n<p>BIENVENIDA<\/p>\n<p>Parte No. 01. Bienvenida.<\/p>\n<p>LO QUE NECESITAS SABER, HACER Y TENER<\/p>\n<p>Parte No. 02. Partes b\u00e1sicas de una maquina de coser.<br \/>\nParte No. 03. Como funciona una maquina de coser.<br \/>\nParte No. 04. Como usar una maquina de coser.<br \/>\nParte No. 05. Como retirar una costura.<br \/>\nParte No. 06. Herramientas b\u00e1sicas en la costura.<br \/>\nParte No. 07. Materiales mas usados en la costura.<br \/>\nParte No. 08. Terminolog\u00eda de la costura.<br \/>\nParte No. 09. Algunas recomendaciones.<br \/>\nParte No. 10. Ingresos con la costura creativa.<\/p>\n<p>LO QUE DEBES ENTENDER<\/p>\n<p>Parte No. 11. Como pegar un cierre.<br \/>\nParte No. 12. Como pegar un cierre adhesivo.<br \/>\nParte No. 13. Como hacer un remate al borde para un buen acabado con sisa.<br \/>\nParte No. 14. Como pegar un encaje.<br \/>\nParte No. 15. Como coger un dobladillo.<br \/>\nParte No. 16. Como pegar un bot\u00f3n.<br \/>\nParte No. 17. Como pegar un sesgo.<br \/>\nParte No. 18. Como adherir un interlon.<br \/>\nParte No. 19. Como pegar una guata.<br \/>\nParte No. 20. Como hacer y que es una sobremedida.<\/p>\n<p>CREACIONES<\/p>\n<p>Parte No. 21. Creaci\u00f3n cartuchera.<br \/>\nParte No. 22. Creaci\u00f3n vestido arrocera.<br \/>\nParte No. 23. Creaci\u00f3n porta papel higi\u00e9nico 1.<br \/>\nParte No. 24. Creaci\u00f3n porta papel higi\u00e9nico 2.<br \/>\nParte No. 25. Creaci\u00f3n porta papel higi\u00e9nico 3.<br \/>\nParte No. 26. Creaci\u00f3n cartucher\u00edta.<br \/>\nParte No. 27. Creaci\u00f3n coge ollas.<br \/>\nParte No. 28. Creaci\u00f3n protector asiento.<br \/>\nParte No. 29. Creaci\u00f3n bolso ropa interior 1.<br \/>\nParte No. 30. Creaci\u00f3n bolso ropa interior 2.<br \/>\nParte No. 31. Creaci\u00f3n guarda chiros.<br \/>\nParte No. 32. Creaci\u00f3n almohadilla alfileres.<br \/>\nParte No. 33. Creaci\u00f3n vestido licuadora.<\/p>\n<p>ACERCA DE LA PRODUCTORA:<\/p>\n<p>Desarrollado por LIBIA MONCADA, experta en Costura. Dedicada a esta industria por tiempo completo. Con amplia trayectoria en diferentes campos de acci\u00f3n dentro de esta gran industria. <\/p>\n<p>Con experiencia de m\u00e1s de 30 a\u00f1os a nivel laboral, empresarial y personal; logrando as\u00ed generar un negocio pr\u00f3spero y rentable. Explica desde cero y lleva a las personas a usar su m\u00e1quina de coser como la herramienta ideal para crear todo tipo de proyectos.<\/p>\n","protected":false},"excerpt":{"rendered":"<p>La costura es uno de los negocios de mayor crecimiento.<\/p>\n<p>Aprende con el MasterClass de COSTURA CREATIVA, como confeccionar cortinas, ropa de cama, tapicer\u00eda, manteler\u00eda y muchos m\u00e1s.<\/p>\n<p>Estimula tu cerebro al ver todo lo que puedes lograr.<\/p>\n<p>Con COSTURA CREATIVA, Convierte tu m\u00e1quina de coser en una mina de oro.<\/p>\n","protected":false},"featured_media":3291,"template":"","meta":{"_joinchat":[]},"product_brand":[],"product_cat":[317,344],"product_tag":[],"class_list":{"0":"post-11492","1":"product","2":"type-product","3":"status-publish","4":"has-post-thumbnail","6":"product_cat-belleza-y-moda","7":"product_cat-todos","9":"first","10":"instock","11":"sale","12":"shipping-taxable","13":"product-type-external"},"_links":{"self":[{"href":"https:\/\/cursos.talentup.cl\/index.php?rest_route=\/wp\/v2\/product\/11492","targetHints":{"allow":["GET"]}}],"collection":[{"href":"https:\/\/cursos.talentup.cl\/index.php?rest_route=\/wp\/v2\/product"}],"about":[{"href":"https:\/\/cursos.talentup.cl\/index.php?rest_route=\/wp\/v2\/types\/product"}],"version-history":[{"count":2,"href":"https:\/\/cursos.talentup.cl\/index.php?rest_route=\/wp\/v2\/product\/11492\/revisions"}],"predecessor-version":[{"id":14007,"href":"https:\/\/cursos.talentup.cl\/index.php?rest_route=\/wp\/v2\/product\/11492\/revisions\/14007"}],"wp:featuredmedia":[{"embeddable":true,"href":"https:\/\/cursos.talentup.cl\/index.php?rest_route=\/wp\/v2\/media\/3291"}],"wp:attachment":[{"href":"https:\/\/cursos.talentup.cl\/index.php?rest_route=%2Fwp%2Fv2%2Fmedia&parent=11492"}],"wp:term":[{"taxonomy":"product_brand","embeddable":true,"href":"https:\/\/cursos.talentup.cl\/index.php?rest_route=%2Fwp%2Fv2%2Fproduct_brand&post=11492"},{"taxonomy":"product_cat","embeddable":true,"href":"https:\/\/cursos.talentup.cl\/index.php?rest_route=%2Fwp%2Fv2%2Fproduct_cat&post=11492"},{"taxonomy":"product_tag","embeddable":true,"href":"https:\/\/cursos.talentup.cl\/index.php?rest_route=%2Fwp%2Fv2%2Fproduct_tag&post=11492"}],"curies":[{"name":"wp","href":"https:\/\/api.w.org\/{rel}","templated":true}]}}