{"id":11493,"date":"2023-01-10T04:39:03","date_gmt":"2023-01-10T07:39:03","guid":{"rendered":"https:\/\/cursos.talentup.cl\/?post_type=product&#038;p=11493"},"modified":"2024-02-07T23:36:45","modified_gmt":"2024-02-08T02:36:45","slug":"patronaje-de-ropa-interior","status":"publish","type":"product","link":"https:\/\/cursos.talentup.cl\/?product=patronaje-de-ropa-interior","title":{"rendered":"PATRONAJE DE ROPA INTERIOR"},"content":{"rendered":"<p>Atenci\u00f3n dise\u00f1adores de modas, amas de casa y personas que quieren emprender:<\/p>\n<p>No te pierdas el Master Class PATRONAJE DE ROPA INTERIOR.<\/p>\n<p>El patronaje es la estructura de la prenda. Arma trazos y moldes para crear una prenda con las especificaciones necesarias para pantys y boxers. <\/p>\n<p>Gana dinero creando tu propia empresa de ropa interior.<\/p>\n<p>\u00bfQU\u00c9 VAS LOGRAR?<\/p>\n<p>Desarrollar bases firmes y estructuras s\u00f3lidas para la confecci\u00f3n de ropa interior.<\/p>\n<p>Elaborar y desarrollar los trazos y moldes para crear una prenda de acuerdo con las especificaciones necesarias.<\/p>\n<p>Dise\u00f1ar una buena horma para realzar las curvas y generar una sensaci\u00f3n de comodidad.<\/p>\n<p>Evitar desperdicios innecesarios en la tela que generen p\u00e9rdidas que ponen en riesgo las utilidades de tu negocio.<\/p>\n<p>Desarrollar desde cero una idea con la finalidad de reflejarla en la obra o dise\u00f1o que so\u00f1aste.<\/p>\n<p>Contar con un conocimiento invaluable para que tu proyecto de emprendimiento tenga bases pr\u00e1cticas y \u00fatiles.<\/p>\n<p>Desarrollar patrones b\u00e1sicos de panty femenino para interpretar variaciones de dise\u00f1os.<\/p>\n<p>Dominar la informaci\u00f3n t\u00e9cnica necesaria para implementar en un producto de ropa interior (medidas anat\u00f3micas, reducciones de materiales con elongaci\u00f3n, etc.).<\/p>\n<p>Conocer las herramientas utilizadas para lograr desarrollar el patronaje (escuadras \u2013 curvigrafos \u2013 tipos de papel \u2013 rodaja, etc.).<\/p>\n<p>Ejercitar habilidades pr\u00e1cticas en el desarrollo de los planos (construir las prendas en volumen, cerrarlas en papel y visualizar sus proporciones).<\/p>\n<p>Desarrollar la capacidad de construir y patronar el dise\u00f1o de la prenda so\u00f1ada.<\/p>\n<p>Construir un proyecto de emprendimiento a trav\u00e9s de la consolidaci\u00f3n de los conocimientos adquiridos.<\/p>\n<p>Acceder al certificado avalado por Hotmart y SeminariosOnline.<\/p>\n<p>\u00bfC\u00d3MO LO VAS A LOGRAR?<\/p>\n<p>A partir de un MasterClass donde aprender\u00e1s los conocimientos pr\u00e1cticos, analizando, interpretando y aplicando las t\u00e9cnicas y procesos necesarios para la realizaci\u00f3n del producto final. <\/p>\n<p>Desarrolla tus productos de ropa interior (Pantys) desde cero, explorando tu imaginaci\u00f3n y creatividad, plasm\u00e1ndola a la realidad y encamina el conocimiento en la creaci\u00f3n de tu emprendimiento con las siguientes tem\u00e1ticas:<\/p>\n<p>1 Bienvenida al programa.<\/p>\n<p>2 Pre &#8211; Patronaje.<\/p>\n<p>3 Proceso de Patronaje.<\/p>\n<p>4 Materiales.<\/p>\n<p>5 Panty B\u00e1sico parte 1.<\/p>\n<p>6 Panty B\u00e1sico parte 2.<\/p>\n<p>7 Tanga B\u00e1sica.<\/p>\n<p>8 Tanga con encaje.<\/p>\n<p>9 Boxer Encaje.<\/p>\n<p>10 Hipster parte 1.<\/p>\n<p>11 Hipster parte 2.<\/p>\n<p>12 Panty Faja Cintura Alta parte 1.<\/p>\n<p>13 Panty Faja Cintura Alta parte 2.<\/p>\n<p>14 Escalado de tallas.<\/p>\n<p>15 Bonus &#8211; Boxer Anat\u00f3mico Masculino.<\/p>\n<p>16 Despedida del programa.<\/p>\n<p>ACERCA DE LA PRODUCTORA<\/p>\n<p>Desarrollado por CLAUDIA LUQUE, profesional en Dise\u00f1o de Modas, experta en ropa Interior, Desarrolladora de producto y Docente con m\u00e1s de 20 a\u00f1os de experiencia en el sector industrial en la corseter\u00eda colombiana.<\/p>\n<p>Claudia, ha sido una docente enfocada al Dise\u00f1o y Patronaje de ropa interior generando influencia en un sinn\u00famero de estudiantes que han seguido su ejemplo.<\/p>\n","protected":false},"excerpt":{"rendered":"<p>Atenci\u00f3n dise\u00f1adores de modas, amas de casa y personas que quieren emprender:<\/p>\n<p>No te pierdas el Master Class PATRONAJE DE ROPA INTERIOR.<\/p>\n<p>El patronaje es la estructura de la prenda. Arma trazos y moldes para crear una prenda con las especificaciones necesarias para pantys y boxers. <\/p>\n<p>Gana dinero creando tu propia empresa de ropa interior.<\/p>\n","protected":false},"featured_media":3293,"template":"","meta":{"_joinchat":[]},"product_brand":[],"product_cat":[317,344],"product_tag":[],"class_list":{"0":"post-11493","1":"product","2":"type-product","3":"status-publish","4":"has-post-thumbnail","6":"product_cat-belleza-y-moda","7":"product_cat-todos","9":"first","10":"instock","11":"sale","12":"shipping-taxable","13":"product-type-external"},"_links":{"self":[{"href":"https:\/\/cursos.talentup.cl\/index.php?rest_route=\/wp\/v2\/product\/11493","targetHints":{"allow":["GET"]}}],"collection":[{"href":"https:\/\/cursos.talentup.cl\/index.php?rest_route=\/wp\/v2\/product"}],"about":[{"href":"https:\/\/cursos.talentup.cl\/index.php?rest_route=\/wp\/v2\/types\/product"}],"version-history":[{"count":2,"href":"https:\/\/cursos.talentup.cl\/index.php?rest_route=\/wp\/v2\/product\/11493\/revisions"}],"predecessor-version":[{"id":14008,"href":"https:\/\/cursos.talentup.cl\/index.php?rest_route=\/wp\/v2\/product\/11493\/revisions\/14008"}],"wp:featuredmedia":[{"embeddable":true,"href":"https:\/\/cursos.talentup.cl\/index.php?rest_route=\/wp\/v2\/media\/3293"}],"wp:attachment":[{"href":"https:\/\/cursos.talentup.cl\/index.php?rest_route=%2Fwp%2Fv2%2Fmedia&parent=11493"}],"wp:term":[{"taxonomy":"product_brand","embeddable":true,"href":"https:\/\/cursos.talentup.cl\/index.php?rest_route=%2Fwp%2Fv2%2Fproduct_brand&post=11493"},{"taxonomy":"product_cat","embeddable":true,"href":"https:\/\/cursos.talentup.cl\/index.php?rest_route=%2Fwp%2Fv2%2Fproduct_cat&post=11493"},{"taxonomy":"product_tag","embeddable":true,"href":"https:\/\/cursos.talentup.cl\/index.php?rest_route=%2Fwp%2Fv2%2Fproduct_tag&post=11493"}],"curies":[{"name":"wp","href":"https:\/\/api.w.org\/{rel}","templated":true}]}}