{"id":11495,"date":"2023-01-10T04:39:03","date_gmt":"2023-01-10T07:39:03","guid":{"rendered":"https:\/\/cursos.talentup.cl\/?post_type=product&#038;p=11495"},"modified":"2024-02-07T23:36:45","modified_gmt":"2024-02-08T02:36:45","slug":"imagen-personal-styling","status":"publish","type":"product","link":"https:\/\/cursos.talentup.cl\/?product=imagen-personal-styling","title":{"rendered":"IMAGEN PERSONAL STYLING"},"content":{"rendered":"<p>La imagen personal es nuestra carta de presentaci\u00f3n. Refleja la manera en que queremos relacionarnos con el mundo y las personas.<\/p>\n<p>Aprende a impactar con el MasterClass IMAGEN PERSONAL STYLING, donde podr\u00e1s combinar los colores para vestirte mejor de acuerdo a la ocasi\u00f3n y a tu personalidad. <\/p>\n<p>Sabr\u00e1s que ponerte, el maquillaje ideal y la magia visual para que te veas m\u00e1s estilizada. <\/p>\n<p>Con IMAGEN PERSONAL STYLING, \u201cNo hay una segunda oportunidad para una primera impresi\u00f3n\u201d<\/p>\n<p>\u00bfQU\u00c9 VAS A LOGRAR?<\/p>\n<p>Descubrir el estilo que mejor se ajusta a tu esencia; al ADN de tu marca personal.  <\/p>\n<p>Resolver r\u00e1pidamente el \u201c\u00bfqu\u00e9 me pongo?\u201d y no perder m\u00e1s tiempo frente al espejo.<\/p>\n<p>Combinar los colores y \u201cprobarte cosas\u201d para que realmente sientas que te quedan bien. <\/p>\n<p>Reflejar la manera en que quieres relacionarnos con el mundo y con los dem\u00e1s.<\/p>\n<p>Lograr la coherencia entre tu cuerpo y las palabras para sentirte m\u00e1s aut\u00e9ntica.<\/p>\n<p>Desarrollar un Outfit\/vestimenta, acorde a tu estilo de vida y la imagen que proyectas.<\/p>\n<p>Activar tu vida social y de negocios con un estilo original, elegante y con buen gusto.  <\/p>\n<p>Descubrir los secretos para disimular aquello que no te gusta o que quieres ocultar.  <\/p>\n<p>Verte m\u00e1s alta, delgada, fit o estilizada \u201ccomo por arte de magia\u201d si as\u00ed lo deseas.  <\/p>\n<p>Descubrir peinados y el maquillaje adecuado que se ajuste al dise\u00f1o de tu rostro. <\/p>\n<p>Vestirte seg\u00fan la ocasi\u00f3n: fiesta, reuni\u00f3n social, de negocios o cita rom\u00e1ntica.  <\/p>\n<p>Ver el paso a paso para que, desde un cambio externo, logres una transformaci\u00f3n interna.<\/p>\n<p>Dar tus primeros pasos para ser una Personal Shopper como oportunidad de negocio.<\/p>\n<p>Acceder al certificado descargable avalado por HOTMART y SEMINARIOSONLINE.<\/p>\n<p>\u00bfC\u00d3MO LO VAS A LOGRAR?<\/p>\n<p>Con una estructura sencilla y f\u00e1cil donde aprender\u00e1s conceptos te\u00f3rico-pr\u00e1cticos a trav\u00e9s de clases en video para que puedas generar resultados.<\/p>\n<p>Estas estrategias est\u00e1n desarrolladas de la siguiente forma:<\/p>\n<p>VIDEO 1: Bienvenida de la asesor\u00eda de imagen.<\/p>\n<p>VIDEO 2: Introducci\u00f3n.<\/p>\n<p>VIDEO 3: Ilusi\u00f3n \u00f3ptica.<\/p>\n<p>VIDEO 4: Tipos de cuerpo.<\/p>\n<p>VIDEO 5: Tipos de rostro.<\/p>\n<p>VIDEO 6: Colorimetr\u00eda.<\/p>\n<p>VIDEO 7: Estilo personal.<\/p>\n<p>VIDEO 8: Combinaciones.<\/p>\n<p>VIDEO 8: Combinaciones (Recomendaciones).<\/p>\n<p>VIDEO 8: Combinaciones (Como organizar tu guardarropas).<\/p>\n<p>VIDEO 8: Combinaciones (Prendas inferiores).<\/p>\n<p>VIDEO 9: Despedida.<\/p>\n","protected":false},"excerpt":{"rendered":"<p>La imagen personal es nuestra carta de presentaci\u00f3n. Refleja la manera en que queremos relacionarnos con el mundo y las personas.<\/p>\n<p>Aprende a impactar con el MasterClass IMAGEN PERSONAL STYLING, donde podr\u00e1s combinar los colores para vestirte mejor de acuerdo a la ocasi\u00f3n y a tu personalidad. <\/p>\n<p>Sabr\u00e1s que ponerte, el maquillaje ideal y la magia visual para que te veas m\u00e1s estilizada. <\/p>\n<p>Con IMAGEN PERSONAL STYLING, \u201cNo hay una segunda oportunidad para una primera impresi\u00f3n\u201d<\/p>\n","protected":false},"featured_media":3295,"template":"","meta":{"_joinchat":[]},"product_brand":[],"product_cat":[317,344],"product_tag":[],"class_list":{"0":"post-11495","1":"product","2":"type-product","3":"status-publish","4":"has-post-thumbnail","6":"product_cat-belleza-y-moda","7":"product_cat-todos","9":"first","10":"instock","11":"sale","12":"shipping-taxable","13":"product-type-external"},"_links":{"self":[{"href":"https:\/\/cursos.talentup.cl\/index.php?rest_route=\/wp\/v2\/product\/11495","targetHints":{"allow":["GET"]}}],"collection":[{"href":"https:\/\/cursos.talentup.cl\/index.php?rest_route=\/wp\/v2\/product"}],"about":[{"href":"https:\/\/cursos.talentup.cl\/index.php?rest_route=\/wp\/v2\/types\/product"}],"version-history":[{"count":2,"href":"https:\/\/cursos.talentup.cl\/index.php?rest_route=\/wp\/v2\/product\/11495\/revisions"}],"predecessor-version":[{"id":14010,"href":"https:\/\/cursos.talentup.cl\/index.php?rest_route=\/wp\/v2\/product\/11495\/revisions\/14010"}],"wp:featuredmedia":[{"embeddable":true,"href":"https:\/\/cursos.talentup.cl\/index.php?rest_route=\/wp\/v2\/media\/3295"}],"wp:attachment":[{"href":"https:\/\/cursos.talentup.cl\/index.php?rest_route=%2Fwp%2Fv2%2Fmedia&parent=11495"}],"wp:term":[{"taxonomy":"product_brand","embeddable":true,"href":"https:\/\/cursos.talentup.cl\/index.php?rest_route=%2Fwp%2Fv2%2Fproduct_brand&post=11495"},{"taxonomy":"product_cat","embeddable":true,"href":"https:\/\/cursos.talentup.cl\/index.php?rest_route=%2Fwp%2Fv2%2Fproduct_cat&post=11495"},{"taxonomy":"product_tag","embeddable":true,"href":"https:\/\/cursos.talentup.cl\/index.php?rest_route=%2Fwp%2Fv2%2Fproduct_tag&post=11495"}],"curies":[{"name":"wp","href":"https:\/\/api.w.org\/{rel}","templated":true}]}}